{"id":79,"date":"2014-02-24T16:51:20","date_gmt":"2014-02-24T18:51:20","guid":{"rendered":"http:\/\/sites.usp.br\/raroseineditos\/?page_id=79"},"modified":"2024-12-20T21:11:16","modified_gmt":"2024-12-21T00:11:16","slug":"pagina-inicial","status":"publish","type":"page","link":"https:\/\/sites.usp.br\/raroseineditos\/","title":{"rendered":"RAROS E IN\u00c9DITOS &#8211; DRAMATURGIA BRASILEIRA DO S\u00c9CULO XIX"},"content":{"rendered":"\t\t<div data-elementor-type=\"wp-post\" data-elementor-id=\"79\" class=\"elementor elementor-79\" data-elementor-post-type=\"page\">\n\t\t\t\t\t\t<section class=\"elementor-section elementor-top-section elementor-element elementor-element-1a0774e8 elementor-section-stretched elementor-section-boxed elementor-section-height-default elementor-section-height-default\" data-id=\"1a0774e8\" data-element_type=\"section\" data-settings=\"{&quot;stretch_section&quot;:&quot;section-stretched&quot;}\">\n\t\t\t\t\t\t<div class=\"elementor-container elementor-column-gap-default\">\n\t\t\t\t\t<div class=\"elementor-column elementor-col-50 elementor-top-column elementor-element elementor-element-707ab61b\" data-id=\"707ab61b\" data-element_type=\"column\">\n\t\t\t<div class=\"elementor-widget-wrap elementor-element-populated\">\n\t\t\t\t\t\t<div class=\"elementor-element elementor-element-7620264 elementor-widget elementor-widget-text-editor\" data-id=\"7620264\" data-element_type=\"widget\" data-widget_type=\"text-editor.default\">\n\t\t\t\t<div class=\"elementor-widget-container\">\n\t\t\t\t\t\t\t<p><em>Raros e In\u00e9ditos<\/em> \u00e9 um projeto realizado no Centro de Documenta\u00e7\u00e3o Teatral da ECA\/USP.\u00a0<span style=\"font-family: var( --e-global-typography-text-font-family ), Sans-serif; font-weight: var( --e-global-typography-text-font-weight );\">O objetivo do trabalho \u00e9 disponibilizar pe\u00e7as de teatro escritas no Brasil\u00a0 durante o s\u00e9culo XIX. As obras podem ter sido publicadas ou estarem em forma de manuscritos. Dada a inten\u00e7\u00e3o de reunir um conjunto de obras raras, principalmente\u00a0 1\u00aas edi\u00e7\u00f5es, n\u00e3o foram inclu\u00eddas aqui as pe\u00e7as teatrais reeditadas nos s\u00e9culos XX e XXI.<\/span><\/p><p>Os nomes que comp\u00f5em o rol de autores\u00a0 identificados n\u00e3o s\u00e3o, necessariamente, brasileiros natos, mas de homens e mulheres que viveram no pa\u00eds e desenvolveram seu trabalho aqui, para o palco brasileiro. Da\u00ed a inclus\u00e3o de algumas pe\u00e7as de autores portugueses que aqui foram representadas.<\/p><p>Para tanto, foram reunidas obras de cole\u00e7\u00f5es particulares e p\u00fablicas de diversas institui\u00e7\u00f5es do Brasil e do exterior.\u00a0<\/p><p>A coordena\u00e7\u00e3o do projeto \u00e9 feita pelos professores Jo\u00e3o Roberto Faria (FFLCH) e Elizabeth Ribeiro Azevedo (ECA).<\/p><p>\u00a0<\/p>\t\t\t\t\t\t<\/div>\n\t\t\t\t<\/div>\n\t\t\t\t<div class=\"elementor-element elementor-element-6d5cee1 elementor-align-left elementor-widget elementor-widget-button\" data-id=\"6d5cee1\" data-element_type=\"widget\" data-widget_type=\"button.default\">\n\t\t\t\t<div class=\"elementor-widget-container\">\n\t\t\t\t\t\t\t<div class=\"elementor-button-wrapper\">\n\t\t\t\t\t<a class=\"elementor-button elementor-button-link elementor-size-sm\" href=\"https:\/\/sites.usp.br\/raroseineditos\/lista-de-obras\/\">\n\t\t\t\t\t\t<span class=\"elementor-button-content-wrapper\">\n\t\t\t\t\t\t\t\t\t<span class=\"elementor-button-text\">Lista de Obras<\/span>\n\t\t\t\t\t<\/span>\n\t\t\t\t\t<\/a>\n\t\t\t\t<\/div>\n\t\t\t\t\t\t<\/div>\n\t\t\t\t<\/div>\n\t\t\t\t\t<\/div>\n\t\t<\/div>\n\t\t\t\t<div class=\"elementor-column elementor-col-50 elementor-top-column elementor-element elementor-element-ff8800c\" data-id=\"ff8800c\" data-element_type=\"column\">\n\t\t\t<div class=\"elementor-widget-wrap elementor-element-populated\">\n\t\t\t\t\t\t<div class=\"elementor-element elementor-element-a3928cb elementor-widget elementor-widget-heading\" data-id=\"a3928cb\" data-element_type=\"widget\" data-widget_type=\"heading.default\">\n\t\t\t\t<div class=\"elementor-widget-container\">\n\t\t\t<h2 class=\"elementor-heading-title elementor-size-medium\">Sobre<\/h2>\t\t<\/div>\n\t\t\t\t<\/div>\n\t\t\t\t<div class=\"elementor-element elementor-element-4611e83 elementor-widget elementor-widget-text-editor\" data-id=\"4611e83\" data-element_type=\"widget\" data-widget_type=\"text-editor.default\">\n\t\t\t\t<div class=\"elementor-widget-container\">\n\t\t\t\t\t\t\t<p>O site do projeto Raros e in\u00e9ditos re\u00fane e disponibiliza textos de pe\u00e7as teatrais brasileiras do s\u00e9culo XIX.<\/p>\t\t\t\t\t\t<\/div>\n\t\t\t\t<\/div>\n\t\t\t\t\t<\/div>\n\t\t<\/div>\n\t\t\t\t\t<\/div>\n\t\t<\/section>\n\t\t\t\t<section class=\"elementor-section elementor-top-section elementor-element elementor-element-0b8ce8c elementor-section-boxed elementor-section-height-default elementor-section-height-default\" data-id=\"0b8ce8c\" data-element_type=\"section\">\n\t\t\t\t\t\t<div class=\"elementor-container elementor-column-gap-default\">\n\t\t\t\t\t<div class=\"elementor-column elementor-col-100 elementor-top-column elementor-element elementor-element-833e2a0\" data-id=\"833e2a0\" data-element_type=\"column\">\n\t\t\t<div class=\"elementor-widget-wrap elementor-element-populated\">\n\t\t\t\t\t\t\t<\/div>\n\t\t<\/div>\n\t\t\t\t\t<\/div>\n\t\t<\/section>\n\t\t\t\t<\/div>\n\t\t","protected":false},"excerpt":{"rendered":"<p>Raros e In\u00e9ditos \u00e9 um projeto realizado no Centro de Documenta\u00e7\u00e3o Teatral da ECA\/USP.\u00a0O objetivo do trabalho \u00e9 disponibilizar pe\u00e7as de teatro escritas no Brasil\u00a0 durante o s\u00e9culo XIX. As obras podem ter sido publicadas ou estarem em forma de manuscritos. Dada a inten\u00e7\u00e3o de reunir um conjunto de obras raras, principalmente\u00a0 1\u00aas edi\u00e7\u00f5es, n\u00e3o [&hellip;]<\/p>\n","protected":false},"author":1,"featured_media":0,"parent":0,"menu_order":0,"comment_status":"closed","ping_status":"closed","template":"","meta":{"footnotes":"","_links_to":"","_links_to_target":""},"class_list":["post-79","page","type-page","status-publish","hentry"],"_links":{"self":[{"href":"https:\/\/sites.usp.br\/raroseineditos\/wp-json\/wp\/v2\/pages\/79","targetHints":{"allow":["GET"]}}],"collection":[{"href":"https:\/\/sites.usp.br\/raroseineditos\/wp-json\/wp\/v2\/pages"}],"about":[{"href":"https:\/\/sites.usp.br\/raroseineditos\/wp-json\/wp\/v2\/types\/page"}],"author":[{"embeddable":true,"href":"https:\/\/sites.usp.br\/raroseineditos\/wp-json\/wp\/v2\/users\/1"}],"replies":[{"embeddable":true,"href":"https:\/\/sites.usp.br\/raroseineditos\/wp-json\/wp\/v2\/comments?post=79"}],"version-history":[{"count":4,"href":"https:\/\/sites.usp.br\/raroseineditos\/wp-json\/wp\/v2\/pages\/79\/revisions"}],"predecessor-version":[{"id":2150,"href":"https:\/\/sites.usp.br\/raroseineditos\/wp-json\/wp\/v2\/pages\/79\/revisions\/2150"}],"wp:attachment":[{"href":"https:\/\/sites.usp.br\/raroseineditos\/wp-json\/wp\/v2\/media?parent=79"}],"curies":[{"name":"wp","href":"https:\/\/api.w.org\/{rel}","templated":true}]}}