{"id":115,"date":"2014-04-28T16:28:49","date_gmt":"2014-04-28T19:28:49","guid":{"rendered":"http:\/\/sites.usp.brprp\/?page_id=115"},"modified":"2026-02-27T14:03:01","modified_gmt":"2026-02-27T17:03:01","slug":"contato","status":"publish","type":"page","link":"https:\/\/sites.usp.br\/rastreia\/contato\/","title":{"rendered":"Contato"},"content":{"rendered":"<p>Aqui voc\u00ea pode entrar em contato com o RastreIA. Envie suas cr\u00edticas, elogios e sugest\u00f5es.<\/p>\n\n<div class=\"wpcf7 no-js\" id=\"wpcf7-f117-o1\" lang=\"pt-BR\" dir=\"ltr\" data-wpcf7-id=\"117\">\n<div class=\"screen-reader-response\"><p role=\"status\" aria-live=\"polite\" aria-atomic=\"true\"><\/p> <ul><\/ul><\/div>\n<form action=\"\/rastreia\/wp-json\/wp\/v2\/pages\/115#wpcf7-f117-o1\" method=\"post\" class=\"wpcf7-form init\" aria-label=\"Formul\u00e1rios de contato\" novalidate=\"novalidate\" data-status=\"init\">\n<fieldset class=\"hidden-fields-container\"><input type=\"hidden\" name=\"_wpcf7\" value=\"117\" \/><input type=\"hidden\" name=\"_wpcf7_version\" value=\"6.1.5\" \/><input type=\"hidden\" name=\"_wpcf7_locale\" value=\"pt_BR\" \/><input type=\"hidden\" name=\"_wpcf7_unit_tag\" value=\"wpcf7-f117-o1\" \/><input type=\"hidden\" name=\"_wpcf7_container_post\" value=\"0\" \/><input type=\"hidden\" name=\"_wpcf7_posted_data_hash\" value=\"\" \/><input type=\"hidden\" name=\"_wpcf7_recaptcha_response\" value=\"\" \/>\n<\/fieldset>\n<p>Seu nome (obrigat\u00f3rio)\n<\/p>\n<p><span class=\"wpcf7-form-control-wrap\" data-name=\"your-name\"><input size=\"40\" maxlength=\"400\" class=\"wpcf7-form-control wpcf7-text wpcf7-validates-as-required\" aria-required=\"true\" aria-invalid=\"false\" value=\"\" type=\"text\" name=\"your-name\" \/><\/span>\n<\/p>\n<p>Seu e-mail (obrigat\u00f3rio)\n<\/p>\n<p><span class=\"wpcf7-form-control-wrap\" data-name=\"your-email\"><input size=\"40\" maxlength=\"400\" class=\"wpcf7-form-control wpcf7-email wpcf7-validates-as-required wpcf7-text wpcf7-validates-as-email\" aria-required=\"true\" aria-invalid=\"false\" value=\"\" type=\"email\" name=\"your-email\" \/><\/span>\n<\/p>\n<p>Assunto\n<\/p>\n<p><span class=\"wpcf7-form-control-wrap\" data-name=\"your-subject\"><input size=\"40\" maxlength=\"400\" class=\"wpcf7-form-control wpcf7-text\" aria-invalid=\"false\" value=\"\" type=\"text\" name=\"your-subject\" \/><\/span>\n<\/p>\n<p>Sua mensagem\n<\/p>\n<p><span class=\"wpcf7-form-control-wrap\" data-name=\"your-message\"><textarea cols=\"40\" rows=\"10\" maxlength=\"2000\" class=\"wpcf7-form-control wpcf7-textarea\" aria-invalid=\"false\" name=\"your-message\"><\/textarea><\/span>\n<\/p>\n<p><input class=\"wpcf7-form-control wpcf7-submit has-spinner\" type=\"submit\" value=\"Enviar\" \/>\n<\/p><p style=\"display: none !important;\" class=\"akismet-fields-container\" data-prefix=\"_wpcf7_ak_\"><label>&#916;<textarea name=\"_wpcf7_ak_hp_textarea\" cols=\"45\" rows=\"8\" maxlength=\"100\"><\/textarea><\/label><input type=\"hidden\" id=\"ak_js_1\" name=\"_wpcf7_ak_js\" value=\"10\"\/><script type=\"text\/javascript\">\n\/* <![CDATA[ *\/\ndocument.getElementById( \"ak_js_1\" ).setAttribute( \"value\", ( new Date() ).getTime() );\n\/* ]]> *\/\n<\/script>\n<\/p><input type='hidden' class='wpcf7-pum' value='{\"closepopup\":false,\"closedelay\":0,\"openpopup\":false,\"openpopup_id\":0}' \/><div class=\"wpcf7-response-output\" aria-hidden=\"true\"><\/div>\n<\/form>\n<\/div>\n\n","protected":false},"excerpt":{"rendered":"<p>Aqui voc\u00ea pode entrar em contato com o RastreIA. Envie suas cr\u00edticas, elogios e sugest\u00f5es. Seu nome (obrigat\u00f3rio) Seu e-mail (obrigat\u00f3rio) Assunto Sua mensagem &#916;<\/p>\n","protected":false},"author":13,"featured_media":0,"parent":0,"menu_order":0,"comment_status":"closed","ping_status":"closed","template":"","meta":{"_monsterinsights_skip_tracking":false,"_monsterinsights_sitenote_active":false,"_monsterinsights_sitenote_note":"","_monsterinsights_sitenote_category":0,"footnotes":"","_links_to":"","_links_to_target":""},"categories":[],"tags":[],"class_list":["post-115","page","type-page","status-publish","hentry"],"yoast_head":"<!-- This site is optimized with the Yoast SEO plugin v27.5 - https:\/\/yoast.com\/product\/yoast-seo-wordpress\/ -->\n<title>Contato - RastreIA<\/title>\n<meta name=\"description\" content=\"Entre em contato com a equipe do N\u00facleo de Divulga\u00e7\u00e3o Cient\u00edfica da USP, respons\u00e1vel pelo site e pelo programa Ci\u00eancia USP, que vai ao ar pela R\u00e1dio USP.\" \/>\n<meta name=\"robots\" content=\"index, follow, max-snippet:-1, max-image-preview:large, max-video-preview:-1\" \/>\n<link rel=\"canonical\" href=\"https:\/\/sites.usp.br\/rastreia\/contato\/\" \/>\n<script type=\"application\/ld+json\" class=\"yoast-schema-graph\">{\"@context\":\"https:\\\/\\\/schema.org\",\"@graph\":[{\"@type\":\"WebPage\",\"@id\":\"https:\\\/\\\/sites.usp.br\\\/rastreia\\\/contato\\\/\",\"url\":\"https:\\\/\\\/sites.usp.br\\\/rastreia\\\/contato\\\/\",\"name\":\"Contato - RastreIA\",\"isPartOf\":{\"@id\":\"https:\\\/\\\/sites.usp.br\\\/rastreia\\\/#website\"},\"datePublished\":\"2014-04-28T19:28:49+00:00\",\"dateModified\":\"2026-02-27T17:03:01+00:00\",\"description\":\"Entre em contato com a equipe do N\u00facleo de Divulga\u00e7\u00e3o Cient\u00edfica da USP, respons\u00e1vel pelo site e pelo programa Ci\u00eancia USP, que vai ao ar pela R\u00e1dio USP.\",\"inLanguage\":\"pt-BR\",\"potentialAction\":[{\"@type\":\"ReadAction\",\"target\":[\"https:\\\/\\\/sites.usp.br\\\/rastreia\\\/contato\\\/\"]}]},{\"@type\":\"WebSite\",\"@id\":\"https:\\\/\\\/sites.usp.br\\\/rastreia\\\/#website\",\"url\":\"https:\\\/\\\/sites.usp.br\\\/rastreia\\\/\",\"name\":\"RastreIA\",\"description\":\"\",\"publisher\":{\"@id\":\"https:\\\/\\\/sites.usp.br\\\/rastreia\\\/#organization\"},\"potentialAction\":[{\"@type\":\"SearchAction\",\"target\":{\"@type\":\"EntryPoint\",\"urlTemplate\":\"https:\\\/\\\/sites.usp.br\\\/rastreia\\\/?s={search_term_string}\"},\"query-input\":{\"@type\":\"PropertyValueSpecification\",\"valueRequired\":true,\"valueName\":\"search_term_string\"}}],\"inLanguage\":\"pt-BR\"},{\"@type\":\"Organization\",\"@id\":\"https:\\\/\\\/sites.usp.br\\\/rastreia\\\/#organization\",\"name\":\"RastreIA\",\"url\":\"https:\\\/\\\/sites.usp.br\\\/rastreia\\\/\",\"logo\":{\"@type\":\"ImageObject\",\"inLanguage\":\"pt-BR\",\"@id\":\"https:\\\/\\\/sites.usp.br\\\/rastreia\\\/#\\\/schema\\\/logo\\\/image\\\/\",\"url\":\"https:\\\/\\\/sites.usp.br\\\/rastreia\\\/wp-content\\\/uploads\\\/sites\\\/1800\\\/2026\\\/02\\\/cropped-rastreIA-2.png\",\"contentUrl\":\"https:\\\/\\\/sites.usp.br\\\/rastreia\\\/wp-content\\\/uploads\\\/sites\\\/1800\\\/2026\\\/02\\\/cropped-rastreIA-2.png\",\"width\":512,\"height\":512,\"caption\":\"RastreIA\"},\"image\":{\"@id\":\"https:\\\/\\\/sites.usp.br\\\/rastreia\\\/#\\\/schema\\\/logo\\\/image\\\/\"},\"sameAs\":[\"https:\\\/\\\/www.facebook.com\\\/people\\\/Projeto-Rastreia\\\/61584891961357\\\/?notif_id=1773411096158967&notif_t=page_user_activity&ref=notif\"]}]}<\/script>\n<!-- \/ Yoast SEO plugin. -->","yoast_head_json":{"title":"Contato - RastreIA","description":"Entre em contato com a equipe do N\u00facleo de Divulga\u00e7\u00e3o Cient\u00edfica da USP, respons\u00e1vel pelo site e pelo programa Ci\u00eancia USP, que vai ao ar pela R\u00e1dio USP.","robots":{"index":"index","follow":"follow","max-snippet":"max-snippet:-1","max-image-preview":"max-image-preview:large","max-video-preview":"max-video-preview:-1"},"canonical":"https:\/\/sites.usp.br\/rastreia\/contato\/","schema":{"@context":"https:\/\/schema.org","@graph":[{"@type":"WebPage","@id":"https:\/\/sites.usp.br\/rastreia\/contato\/","url":"https:\/\/sites.usp.br\/rastreia\/contato\/","name":"Contato - RastreIA","isPartOf":{"@id":"https:\/\/sites.usp.br\/rastreia\/#website"},"datePublished":"2014-04-28T19:28:49+00:00","dateModified":"2026-02-27T17:03:01+00:00","description":"Entre em contato com a equipe do N\u00facleo de Divulga\u00e7\u00e3o Cient\u00edfica da USP, respons\u00e1vel pelo site e pelo programa Ci\u00eancia USP, que vai ao ar pela R\u00e1dio USP.","inLanguage":"pt-BR","potentialAction":[{"@type":"ReadAction","target":["https:\/\/sites.usp.br\/rastreia\/contato\/"]}]},{"@type":"WebSite","@id":"https:\/\/sites.usp.br\/rastreia\/#website","url":"https:\/\/sites.usp.br\/rastreia\/","name":"RastreIA","description":"","publisher":{"@id":"https:\/\/sites.usp.br\/rastreia\/#organization"},"potentialAction":[{"@type":"SearchAction","target":{"@type":"EntryPoint","urlTemplate":"https:\/\/sites.usp.br\/rastreia\/?s={search_term_string}"},"query-input":{"@type":"PropertyValueSpecification","valueRequired":true,"valueName":"search_term_string"}}],"inLanguage":"pt-BR"},{"@type":"Organization","@id":"https:\/\/sites.usp.br\/rastreia\/#organization","name":"RastreIA","url":"https:\/\/sites.usp.br\/rastreia\/","logo":{"@type":"ImageObject","inLanguage":"pt-BR","@id":"https:\/\/sites.usp.br\/rastreia\/#\/schema\/logo\/image\/","url":"https:\/\/sites.usp.br\/rastreia\/wp-content\/uploads\/sites\/1800\/2026\/02\/cropped-rastreIA-2.png","contentUrl":"https:\/\/sites.usp.br\/rastreia\/wp-content\/uploads\/sites\/1800\/2026\/02\/cropped-rastreIA-2.png","width":512,"height":512,"caption":"RastreIA"},"image":{"@id":"https:\/\/sites.usp.br\/rastreia\/#\/schema\/logo\/image\/"},"sameAs":["https:\/\/www.facebook.com\/people\/Projeto-Rastreia\/61584891961357\/?notif_id=1773411096158967&notif_t=page_user_activity&ref=notif"]}]}},"_links":{"self":[{"href":"https:\/\/sites.usp.br\/rastreia\/wp-json\/wp\/v2\/pages\/115","targetHints":{"allow":["GET"]}}],"collection":[{"href":"https:\/\/sites.usp.br\/rastreia\/wp-json\/wp\/v2\/pages"}],"about":[{"href":"https:\/\/sites.usp.br\/rastreia\/wp-json\/wp\/v2\/types\/page"}],"author":[{"embeddable":true,"href":"https:\/\/sites.usp.br\/rastreia\/wp-json\/wp\/v2\/users\/13"}],"replies":[{"embeddable":true,"href":"https:\/\/sites.usp.br\/rastreia\/wp-json\/wp\/v2\/comments?post=115"}],"version-history":[{"count":4,"href":"https:\/\/sites.usp.br\/rastreia\/wp-json\/wp\/v2\/pages\/115\/revisions"}],"predecessor-version":[{"id":856,"href":"https:\/\/sites.usp.br\/rastreia\/wp-json\/wp\/v2\/pages\/115\/revisions\/856"}],"wp:attachment":[{"href":"https:\/\/sites.usp.br\/rastreia\/wp-json\/wp\/v2\/media?parent=115"}],"wp:term":[{"taxonomy":"category","embeddable":true,"href":"https:\/\/sites.usp.br\/rastreia\/wp-json\/wp\/v2\/categories?post=115"},{"taxonomy":"post_tag","embeddable":true,"href":"https:\/\/sites.usp.br\/rastreia\/wp-json\/wp\/v2\/tags?post=115"}],"curies":[{"name":"wp","href":"https:\/\/api.w.org\/{rel}","templated":true}]}}