{"id":898,"date":"2026-02-27T19:14:17","date_gmt":"2026-02-27T22:14:17","guid":{"rendered":"https:\/\/sites.usp.br\/rastreia\/?page_id=898"},"modified":"2026-02-27T19:25:38","modified_gmt":"2026-02-27T22:25:38","slug":"o-grupo","status":"publish","type":"page","link":"https:\/\/sites.usp.br\/rastreia\/o-grupo\/","title":{"rendered":"O Grupo"},"content":{"rendered":"<p>Consolidado em 2023, o RastreIA \u00e9 um projeto de pesquisa sediado no Centro de Energia Nuclear na Agricultura da Universidade de S\u00e3o Paulo (Cena\/USP), desenvolvido em parceria com pesquisadores da Escola Superior de Agricultura Luiz de Queiroz (Esalq\/USP), do Instituto de Pesquisas Energ\u00e9ticas e Nucleares (Ipen) da Comiss\u00e3o Nacional de Energia Nuclear (CNEN) e da Empresa Brasileira de Pesquisa Agropecu\u00e1ria (Embrapa), com apoio da Funda\u00e7\u00e3o de Amparo \u00e0 Pesquisa do Estado de S\u00e3o Paulo (FAPESP).<\/p>\n<p>O projeto tem como objetivo validar m\u00e9todos para a rastreabilidade cient\u00edfica de commodities brasileiras, com foco na carne bovina, na madeira e na soja produzidas nos diferentes biomas do pa\u00eds, gerando informa\u00e7\u00f5es sobre a origem geogr\u00e1fica e a autenticidade desses produtos e fortalecendo a transpar\u00eancia nas cadeias produtivas.<\/p>\n<p>Coordenado pela professora e pesquisadora do Cena\/USP, Dra. Elisabete Aparecida de Nadai Fernandes, o RastreIA re\u00fane pesquisadores e pesquisadoras, bolsistas e profissionais de diversas \u00e1reas que desenvolvem an\u00e1lises laboratoriais avan\u00e7adas, integrando ci\u00eancia nuclear, estat\u00edstica e intelig\u00eancia artificial (IA).<\/p>\n","protected":false},"excerpt":{"rendered":"<p>Consolidado em 2023, o RastreIA \u00e9 um projeto de pesquisa sediado no Centro de Energia Nuclear na Agricultura da Universidade de S\u00e3o Paulo (Cena\/USP), desenvolvido em parceria com pesquisadores da Escola Superior de Agricultura Luiz de Queiroz (Esalq\/USP), do Instituto de Pesquisas Energ\u00e9ticas e Nucleares (Ipen) da Comiss\u00e3o Nacional de Energia Nuclear (CNEN) e da Empresa Brasileira de Pesquisa Agropecu\u00e1ria (Embrapa), com apoio da Funda\u00e7\u00e3o de Amparo \u00e0 Pesquisa do Estado de S\u00e3o Paulo (FAPESP). O projeto tem como objetivo validar m\u00e9todos para a rastreabilidade cient\u00edfica de commodities brasileiras, com foco na carne bovina, na madeira e na soja produzidas nos diferentes biomas do pa\u00eds, gerando informa\u00e7\u00f5es sobre a origem geogr\u00e1fica e a autenticidade desses produtos e fortalecendo a transpar\u00eancia nas cadeias produtivas. Coordenado pela professora e pesquisadora do Cena\/USP, Dra. Elisabete Aparecida de Nadai Fernandes, o RastreIA re\u00fane pesquisadores e pesquisadoras, bolsistas e profissionais de diversas \u00e1reas que desenvolvem an\u00e1lises laboratoriais avan\u00e7adas, integrando ci\u00eancia nuclear, estat\u00edstica e intelig\u00eancia artificial (IA).<\/p>\n","protected":false},"author":25144,"featured_media":0,"parent":0,"menu_order":0,"comment_status":"closed","ping_status":"closed","template":"","meta":{"_monsterinsights_skip_tracking":false,"_monsterinsights_sitenote_active":false,"_monsterinsights_sitenote_note":"","_monsterinsights_sitenote_category":0,"footnotes":"","_links_to":"","_links_to_target":""},"categories":[],"tags":[],"class_list":["post-898","page","type-page","status-publish","hentry"],"yoast_head":"<!-- This site is optimized with the Yoast SEO plugin v27.5 - https:\/\/yoast.com\/product\/yoast-seo-wordpress\/ -->\n<title>O Grupo - RastreIA<\/title>\n<meta name=\"robots\" content=\"index, follow, max-snippet:-1, max-image-preview:large, max-video-preview:-1\" \/>\n<link rel=\"canonical\" href=\"https:\/\/sites.usp.br\/rastreia\/o-grupo\/\" \/>\n<meta name=\"twitter:label1\" content=\"Est. tempo de leitura\" \/>\n\t<meta name=\"twitter:data1\" content=\"1 minuto\" \/>\n<script type=\"application\/ld+json\" class=\"yoast-schema-graph\">{\"@context\":\"https:\\\/\\\/schema.org\",\"@graph\":[{\"@type\":\"WebPage\",\"@id\":\"https:\\\/\\\/sites.usp.br\\\/rastreia\\\/o-grupo\\\/\",\"url\":\"https:\\\/\\\/sites.usp.br\\\/rastreia\\\/o-grupo\\\/\",\"name\":\"O Grupo - RastreIA\",\"isPartOf\":{\"@id\":\"https:\\\/\\\/sites.usp.br\\\/rastreia\\\/#website\"},\"datePublished\":\"2026-02-27T22:14:17+00:00\",\"dateModified\":\"2026-02-27T22:25:38+00:00\",\"inLanguage\":\"pt-BR\",\"potentialAction\":[{\"@type\":\"ReadAction\",\"target\":[\"https:\\\/\\\/sites.usp.br\\\/rastreia\\\/o-grupo\\\/\"]}]},{\"@type\":\"WebSite\",\"@id\":\"https:\\\/\\\/sites.usp.br\\\/rastreia\\\/#website\",\"url\":\"https:\\\/\\\/sites.usp.br\\\/rastreia\\\/\",\"name\":\"RastreIA\",\"description\":\"\",\"publisher\":{\"@id\":\"https:\\\/\\\/sites.usp.br\\\/rastreia\\\/#organization\"},\"potentialAction\":[{\"@type\":\"SearchAction\",\"target\":{\"@type\":\"EntryPoint\",\"urlTemplate\":\"https:\\\/\\\/sites.usp.br\\\/rastreia\\\/?s={search_term_string}\"},\"query-input\":{\"@type\":\"PropertyValueSpecification\",\"valueRequired\":true,\"valueName\":\"search_term_string\"}}],\"inLanguage\":\"pt-BR\"},{\"@type\":\"Organization\",\"@id\":\"https:\\\/\\\/sites.usp.br\\\/rastreia\\\/#organization\",\"name\":\"RastreIA\",\"url\":\"https:\\\/\\\/sites.usp.br\\\/rastreia\\\/\",\"logo\":{\"@type\":\"ImageObject\",\"inLanguage\":\"pt-BR\",\"@id\":\"https:\\\/\\\/sites.usp.br\\\/rastreia\\\/#\\\/schema\\\/logo\\\/image\\\/\",\"url\":\"https:\\\/\\\/sites.usp.br\\\/rastreia\\\/wp-content\\\/uploads\\\/sites\\\/1800\\\/2026\\\/02\\\/cropped-rastreIA-2.png\",\"contentUrl\":\"https:\\\/\\\/sites.usp.br\\\/rastreia\\\/wp-content\\\/uploads\\\/sites\\\/1800\\\/2026\\\/02\\\/cropped-rastreIA-2.png\",\"width\":512,\"height\":512,\"caption\":\"RastreIA\"},\"image\":{\"@id\":\"https:\\\/\\\/sites.usp.br\\\/rastreia\\\/#\\\/schema\\\/logo\\\/image\\\/\"},\"sameAs\":[\"https:\\\/\\\/www.facebook.com\\\/people\\\/Projeto-Rastreia\\\/61584891961357\\\/?notif_id=1773411096158967&notif_t=page_user_activity&ref=notif\"]}]}<\/script>\n<!-- \/ Yoast SEO plugin. -->","yoast_head_json":{"title":"O Grupo - RastreIA","robots":{"index":"index","follow":"follow","max-snippet":"max-snippet:-1","max-image-preview":"max-image-preview:large","max-video-preview":"max-video-preview:-1"},"canonical":"https:\/\/sites.usp.br\/rastreia\/o-grupo\/","twitter_misc":{"Est. tempo de leitura":"1 minuto"},"schema":{"@context":"https:\/\/schema.org","@graph":[{"@type":"WebPage","@id":"https:\/\/sites.usp.br\/rastreia\/o-grupo\/","url":"https:\/\/sites.usp.br\/rastreia\/o-grupo\/","name":"O Grupo - RastreIA","isPartOf":{"@id":"https:\/\/sites.usp.br\/rastreia\/#website"},"datePublished":"2026-02-27T22:14:17+00:00","dateModified":"2026-02-27T22:25:38+00:00","inLanguage":"pt-BR","potentialAction":[{"@type":"ReadAction","target":["https:\/\/sites.usp.br\/rastreia\/o-grupo\/"]}]},{"@type":"WebSite","@id":"https:\/\/sites.usp.br\/rastreia\/#website","url":"https:\/\/sites.usp.br\/rastreia\/","name":"RastreIA","description":"","publisher":{"@id":"https:\/\/sites.usp.br\/rastreia\/#organization"},"potentialAction":[{"@type":"SearchAction","target":{"@type":"EntryPoint","urlTemplate":"https:\/\/sites.usp.br\/rastreia\/?s={search_term_string}"},"query-input":{"@type":"PropertyValueSpecification","valueRequired":true,"valueName":"search_term_string"}}],"inLanguage":"pt-BR"},{"@type":"Organization","@id":"https:\/\/sites.usp.br\/rastreia\/#organization","name":"RastreIA","url":"https:\/\/sites.usp.br\/rastreia\/","logo":{"@type":"ImageObject","inLanguage":"pt-BR","@id":"https:\/\/sites.usp.br\/rastreia\/#\/schema\/logo\/image\/","url":"https:\/\/sites.usp.br\/rastreia\/wp-content\/uploads\/sites\/1800\/2026\/02\/cropped-rastreIA-2.png","contentUrl":"https:\/\/sites.usp.br\/rastreia\/wp-content\/uploads\/sites\/1800\/2026\/02\/cropped-rastreIA-2.png","width":512,"height":512,"caption":"RastreIA"},"image":{"@id":"https:\/\/sites.usp.br\/rastreia\/#\/schema\/logo\/image\/"},"sameAs":["https:\/\/www.facebook.com\/people\/Projeto-Rastreia\/61584891961357\/?notif_id=1773411096158967&notif_t=page_user_activity&ref=notif"]}]}},"_links":{"self":[{"href":"https:\/\/sites.usp.br\/rastreia\/wp-json\/wp\/v2\/pages\/898","targetHints":{"allow":["GET"]}}],"collection":[{"href":"https:\/\/sites.usp.br\/rastreia\/wp-json\/wp\/v2\/pages"}],"about":[{"href":"https:\/\/sites.usp.br\/rastreia\/wp-json\/wp\/v2\/types\/page"}],"author":[{"embeddable":true,"href":"https:\/\/sites.usp.br\/rastreia\/wp-json\/wp\/v2\/users\/25144"}],"replies":[{"embeddable":true,"href":"https:\/\/sites.usp.br\/rastreia\/wp-json\/wp\/v2\/comments?post=898"}],"version-history":[{"count":2,"href":"https:\/\/sites.usp.br\/rastreia\/wp-json\/wp\/v2\/pages\/898\/revisions"}],"predecessor-version":[{"id":913,"href":"https:\/\/sites.usp.br\/rastreia\/wp-json\/wp\/v2\/pages\/898\/revisions\/913"}],"wp:attachment":[{"href":"https:\/\/sites.usp.br\/rastreia\/wp-json\/wp\/v2\/media?parent=898"}],"wp:term":[{"taxonomy":"category","embeddable":true,"href":"https:\/\/sites.usp.br\/rastreia\/wp-json\/wp\/v2\/categories?post=898"},{"taxonomy":"post_tag","embeddable":true,"href":"https:\/\/sites.usp.br\/rastreia\/wp-json\/wp\/v2\/tags?post=898"}],"curies":[{"name":"wp","href":"https:\/\/api.w.org\/{rel}","templated":true}]}}