{"id":900,"date":"2026-02-27T19:14:41","date_gmt":"2026-02-27T22:14:41","guid":{"rendered":"https:\/\/sites.usp.br\/rastreia\/?page_id=900"},"modified":"2026-03-05T10:48:17","modified_gmt":"2026-03-05T13:48:17","slug":"equipe","status":"publish","type":"page","link":"https:\/\/sites.usp.br\/rastreia\/equipe\/","title":{"rendered":"Equipe"},"content":{"rendered":"<p><span style=\"color: #3366ff; font-size: 18pt;\"><strong>Pesquisadores Principais<\/strong><\/span><\/p>\n<p><a href=\"https:\/\/lattes.cnpq.br\/1091109705617885\" target=\"_blank\" rel=\"noopener\">Dra. Elisabete A. De Nadai Fernandes<\/a><\/p>\n<p style=\"text-align: left;\">Coodenadora do RastreIA, \u00e9 pesquisadora e Professora Titular do Centro de Energia Nuclear na Agricultura da Universidade de S\u00e3o Paulo (CENA\/USP), onde \u00e9 respons\u00e1vel pelo Laborat\u00f3rio de Radiois\u00f3topos (LRi).<\/p>\n<p><a href=\"https:\/\/lattes.cnpq.br\/5738608742598468\" target=\"_blank\" rel=\"noopener\">Dra. Cibele Bugno Zamboni<\/a><\/p>\n<p>Pesquisadora e professora do Instituto de Psquisas Energ\u00e9ticas e Nucleares (IPEN), trabalha com an\u00e1lise por fluoresc\u00eancia de raios X por dispers\u00e3o de energia, espectroscopia infravermelha e Raman.<\/p>\n<p><a href=\"ttps:\/\/lattes.cnpq.br\/2223288359945590\" target=\"_blank\" rel=\"noopener\">Dr. Paulo S\u00e9rgio Cardoso da Silva<\/a><\/p>\n<p>Pesquisador do Instituto de Psquisas Energ\u00e9ticas e Nucleares (IPEN), tem experi\u00eancia na \u00e1rea de Qu\u00edmica Anal\u00edtica, com \u00eanfase em Radioqu\u00edmica, An\u00e1lise por Ativa\u00e7\u00e3o Neutr\u00f4nica, Espectrometria Alfa, Espectrometria Gama.<\/p>\n<p><span style=\"color: #3366ff; font-size: 18pt;\"><strong>Pesquisadores Associados<\/strong><\/span><\/p>\n<p><a href=\"http:\/\/lattes.cnpq.br\/1524196108704680\" target=\"_blank\" rel=\"noopener\">Dr. M\u00e1rcio Arruda Bacchi<\/a><\/p>\n<p>Pesquisador do Laborat\u00f3rio de Radiois\u00f3topos do CENA\/USP, trabalha com an\u00e1lises de carne bovina, madeira e soja.<\/p>\n<p><a href=\"https:\/\/lattes.cnpq.br\/9756268059359899\" target=\"_blank\" rel=\"noopener\">Dr. Gabriel Adri\u00e1n Sarri\u00e9s<\/a><\/p>\n<p>Pesquisador e professor da Escola Superior de Agricultura Luiz de Queiroz da Universidade de S\u00e3o Paulo (Esalq\/USP), desenvolve atividades de ensino e de pesquisa nas \u00e1reas de Intelig\u00eancia Artificial, Rob\u00f3tica, Ci\u00eancia de Dados e Gest\u00e3o 4.0.<\/p>\n<p><a href=\"https:\/\/lattes.cnpq.br\/7868115035277497\" target=\"_blank\" rel=\"noopener\">Dr. Cristian Marcelo Villegas Lobos<\/a><\/p>\n<p>Pesquisador e professor da Escola Superior de Agricultura Luiz de Queiroz da Universidade de S\u00e3o Paulo (Esalq\/USP), atua \u00a0na pesquisa e no ensino da estat\u00edstica usando o Shiny, Infer\u00eancia Bayesiana, Modelos Semiparam\u00e9tricos usando B-Splines e P-Splines.<\/p>\n<p><a href=\"https:\/\/lattes.cnpq.br\/5179535565063558\" target=\"_blank\" rel=\"noopener\">Dr. Edson Gon\u00e7alves Moreira<\/a><\/p>\n<p>Pesquisador e professor do Instituto de Psquisas Energ\u00e9ticas e Nucleares (IPEN), desenvolve projetos relacionados \u00e0 determina\u00e7\u00e3o de elementos qu\u00edmicos por INAA e AAS em estudos ambientais e na \u00e1rea da sa\u00fade. Trabalha com as commodities de carne bovina, madeira e soja.<\/p>\n<p><a href=\"https:\/\/lattes.cnpq.br\/7034773971317045\" target=\"_blank\" rel=\"noopener\">Dra. Ana Rita de Araujo Nogueira<\/a><\/p>\n<p>Doutora em Qu\u00edmica pela\u00a0<span class=\"hover:entity-accent entity-underline inline cursor-pointer align-baseline\"><span class=\"whitespace-normal\">Universidade de S\u00e3o Paulo (USP)<\/span><\/span>, com est\u00e1gios na <span class=\"hover:entity-accent entity-underline inline cursor-pointer align-baseline\"><span class=\"whitespace-normal\">Universidade do Porto<\/span><\/span> e na <span class=\"hover:entity-accent entity-underline inline cursor-pointer align-baseline\"><span class=\"whitespace-normal\">Universidade Aut\u00f4noma de Barcelona<\/span><\/span>, \u00e9 pesquisadora da <span class=\"hover:entity-accent entity-underline inline cursor-pointer align-baseline\"><span class=\"whitespace-normal\">Empresa Brasileira de Pesquisa Agropecu\u00e1ria (Embrapa)<\/span><\/span>.<\/p>\n<p><a href=\"https:\/\/lattes.cnpq.br\/2551610411171836\" target=\"_blank\" rel=\"noopener\">Dr. Adriano Jos\u00e9 Nogueira Lima<\/a><\/p>\n<p>Doutor em Ci\u00eancias de Florestas Tropicais, \u00e9 pesquisador do Instituto Nacional de Pesquisas da Amaz\u00f4nia (INPA), com experi\u00eancia na \u00e1rea de Recursos Florestais e Engenharia Florestal, com \u00eanfase em Manejo Florestal.<\/p>\n<p><a href=\"https:\/\/lattes.cnpq.br\/8811301615320915\" target=\"_blank\" rel=\"noopener\">Dr. Antonio Nilson Zamun\u00e9r Filho<\/a><\/p>\n<p>Doutor em Engenharia Agron\u00f4mica pela Universidade Federal de Lavras (UFLA), \u00e9 professor e pesquisador da Universidade Federal de Catal\u00e3o (UFCAT).<\/p>\n<p><a href=\"https:\/\/www.tuwien.at\/tch\/tch-personen-und-gruppen\/habilitierte\/georg-steinhauser\" target=\"_blank\" rel=\"noopener\">Dr. Georg Steinhauser<\/a><\/p>\n<p>Professor e pesquisador de Radioqu\u00edmica Aplicada na Technische Universit\u00e4t Wien (TUWIEN), na \u00c1ustria, tem experi\u00eancia em radioatividade ambiental de radionucl\u00eddeos antropog\u00eanicos e em quest\u00f5es nucleares forenses.<\/p>\n<p><a href=\"https:\/\/lattes.cnpq.br\/1942240469321696\" target=\"_blank\" rel=\"noopener\">Dr. Jan Kucera<\/a><\/p>\n<p>Doutor em Qu\u00edmica Nuclear pela Nuclear Research Institute, \u00e9 pesquisador da Academy Of Sciences Of The Czech Republic, na Rep\u00fablica Checa.<\/p>\n<p><a title=\"Visualizar Luiz Antonio Martinelli\" href=\"https:\/\/lattes.cnpq.br\/0765261301478183\" target=\"_blank\" rel=\"noopener\">Dr. Luiz Antonio Martinelli<\/a><\/p>\n<p>Doutor em Solo e Nutri\u00e7\u00e3o de Plantas pela Universidade de S\u00e3o Paulo (USP), \u00e9 professor e pesquisador do Centro de Energia Nuclear na Agricultura da Universidade de S\u00e3o Paulo (CENA\/USP).<\/p>\n<p><a title=\"Visualizar Niro Higuchi\" href=\"https:\/\/lattes.cnpq.br\/5725047439189958\" target=\"_blank\" rel=\"noopener\">Dr. Niro Higuchi<\/a><\/p>\n<p>Doutor em Engenharia Florestal pela Michigan State University (MSU), Estados Unidos, \u00e9 pesquisador do Instituto Nacional de Pesquisas da Amaz\u00f4nia (INPA).<\/p>\n<p><a href=\"https:\/\/lattes.cnpq.br\/9079570473987885\" target=\"_blank\" rel=\"noopener\">Dra. Patricia Grinberg<\/a><\/p>\n<p>Doutora em Qu\u00edmica Anal\u00edtica Inorg\u00e2nica pela Pontif\u00edcia Universidade Cat\u00f3lica do Rio de Janeiro (PUCRJ), \u00e9 pesquisadora do National Research Council Canada, em Ottawa, Canad\u00e1.<\/p>\n<p><a href=\"https:\/\/lattes.cnpq.br\/1267943690168455\" target=\"_blank\" rel=\"noopener\">Dr. Peter Bode<\/a><\/p>\n<p>Doutor em Nuclear Analytical Methods, \u00e9 professor da Delft University of Technology.<\/p>\n<p><a href=\"https:\/\/www.researchgate.net\/profile\/Stefaan-Pomme\" target=\"_blank\" rel=\"noopener\">Dr. Stefaan Pomm\u00e9<\/a><\/p>\n<p>Doutor em Qu\u00edmica, \u00e9 pesquisador s\u00eanior da European Commission&#8217;s Joint Research Centre in Geel (JRC).<\/p>\n<p><strong><span style=\"font-size: 18pt; color: #3366ff;\">Bolsistas de P\u00f3s-Doutorado<\/span><\/strong><\/p>\n<p><a href=\"http:\/\/lattes.cnpq.br\/0001074831861726\" target=\"_blank\" rel=\"noopener\">Dr. Marcelo Miyada Red\u00edgolo<\/a><\/p>\n<p>Atua na pesquisa de rastreabilidade da madeira e nas \u00e1reas de espectrometria de fluoresc\u00eancia de raios x (XRF), an\u00e1lise por ativa\u00e7\u00e3o com n\u00eautrons (NAA), espectroscopia no infravermelho com transformada de Fourier (FTIR), entre outras.<\/p>\n<p><strong><span style=\"font-size: 18pt; color: #3366ff;\">Bolsistas de Treinamento T\u00e9cnico<\/span><\/strong><\/p>\n<p><a href=\"http:\/\/lattes.cnpq.br\/0126056023264346\" target=\"_blank\" rel=\"noopener\">Ma. Silvana Regina Vicino Sarri\u00e9s<\/a><\/p>\n<p>Bi\u00f3loga e Mestra em Ci\u00eancias, desenvolve atividades nas \u00e1reas de Gest\u00e3o da Qualidade, produ\u00e7\u00e3o de Materiais de Refer\u00eancia e Compara\u00e7\u00f5es Interlaboratoriais no Laborat\u00f3rio de Radiois\u00f3topos do CENA\/USP.<\/p>\n<p><a href=\"https:\/\/lattes.cnpq.br\/2002853916487586\" target=\"_blank\" rel=\"noopener\">Dra. Vivian Montes de Oca Carioni<\/a><\/p>\n<p>Doutora e Mestra em Qu\u00edmica (\u00eanfase em Qu\u00edmica Anal\u00edtica) pela Universidade Federal do ABC (UFABC), atua na \u00e1rea de caracteriza\u00e7\u00e3o de Material de Refer\u00eancia brasileiro de carne bovina.<\/p>\n<p><a href=\"https:\/\/lattes.cnpq.br\/3688491554579877\" target=\"_blank\" rel=\"noopener\">Ma. Katiusse Soares de Souza<\/a><\/p>\n<p>Licenciada em F\u00edsica pela Universidade Federal do Par\u00e1 (UFPA) e mestra em Tecnologia Nuclear pela USP, desenvolve pesquisa voltada \u00e0 determina\u00e7\u00e3o da composi\u00e7\u00e3o elementar da carne bovina brasileira, com \u00eanfase na rastreabilidade e certifica\u00e7\u00e3o de proced\u00eancia.<\/p>\n<p><a href=\"http:\/\/lattes.cnpq.br\/1248850834900404\" target=\"_blank\" rel=\"noopener\">Dr. Fabio Vitorio Sussa<\/a><\/p>\n<p>Atua na pesquisa de rastreabilidade de carne bovina com t\u00e9cnicas de caracteriza\u00e7\u00e3o elementar.<\/p>\n<p><span style=\"color: #3366ff; font-size: 18pt;\"><b>Alunos de P\u00f3s-Gradua\u00e7\u00e3o\u00a0<\/b><\/span><\/p>\n<p><a href=\"http:\/\/lattes.cnpq.br\/8909094492267377\" target=\"_blank\" rel=\"noopener\">Ma. Gabriele Rossini Moreira<\/a><\/p>\n<p>Estudante de Doutorado em Qu\u00edmica no CENA\/USP, desenvolve pesquisa de rastreabilidade de madeira da Amaz\u00f4nia, com est\u00e1gio no exterior junto ao Departamento de Qu\u00edmica Anal\u00edtica da Ghent University, na B\u00e9lgica.<\/p>\n<p><a href=\"http:\/\/lattes.cnpq.br\/3745137564119965\" target=\"_blank\" rel=\"noopener\">Me. Thales Zanin dos Santos de Oliveira<\/a><\/p>\n<p>Estudante de Doutorado no Ipen, atua na \u00e1rea de Aplica\u00e7\u00f5es da Tecnologia Nuclear, com estudos voltados \u00e0 an\u00e1lise de madeiras nativas da Amaz\u00f4nia.<\/p>\n<p><a href=\"https:\/\/lattes.cnpq.br\/4413673613528681\" target=\"_blank\" rel=\"noopener\">Otavio Gabriel Pontes Vieira<\/a><\/p>\n<p>Formado Qu\u00edmica pelo Instituto de Qu\u00edmica da Universidade de S\u00e3o Paulo (IQ-USP), \u00e9 mestrando no Ipen e trabalha com an\u00e1lise das cinzas da madeira por meio da t\u00e9cnica de Ativa\u00e7\u00e3o Neutr\u00f4nica Instrumental (INAA).<\/p>\n<p><span style=\"font-size: 18pt; color: #3366ff;\"><b>Aluno de Gradua\u00e7\u00e3o<\/b><\/span><\/p>\n<p><a href=\"http:\/\/lattes.cnpq.br\/2131068612689580\" target=\"_blank\" rel=\"noopener\">Filipe Borges Mendes<\/a><\/p>\n<p>Estudante do curso de Ci\u00eancias Econ\u00f4micas na Esalq\/USP, \u00e9 bolsista de Inicia\u00e7\u00e3o Cient\u00edfica e atua com indicadores de desempenho e gest\u00e3o de projeto.<\/p>\n<p><span style=\"color: #3366ff; font-size: 18pt;\"><strong>Apoio T\u00e9cnico<\/strong><\/span><\/p>\n<p><a href=\"https:\/\/lattes.cnpq.br\/0432884021391621\" target=\"_blank\" rel=\"noopener\">Me. Carlos Eduardo Kolb Maynardes<\/a><\/p>\n<p>Mestre em Engenharia Qu\u00edmica pela Universidade de S\u00e3o Paulo (USP), \u00e9 Analista de Gest\u00e3o de Laborat\u00f3rios da <span class=\"hover:entity-accent entity-underline inline cursor-pointer align-baseline\"><span class=\"whitespace-normal\">Empresa Brasileira de Pesquisa Agropecu\u00e1ria (Embrapa)<\/span><\/span>.<\/p>\n<p><a href=\"https:\/\/lattes.cnpq.br\/8412902640509950\" target=\"_blank\" rel=\"noopener\">Me. M\u00e1rcio Dias Rabelo<\/a><\/p>\n<p>Mestre em Agroqu\u00edmica, \u00e9 Analista da a <span class=\"hover:entity-accent entity-underline inline cursor-pointer align-baseline\"><span class=\"whitespace-normal\">Empresa Brasileira de Pesquisa Agropecu\u00e1ria (Embrapa).<\/span><\/span><\/p>\n<p><a title=\"Visualizar Claudio Luis Gonzaga\" href=\"https:\/\/lattes.cnpq.br\/3381004804686555\" target=\"_blank\" rel=\"noopener\">Claudio Luis Gonzaga<\/a><\/p>\n<p>Formado em Qu\u00edmica, \u00e9 T\u00e9cnico Especializado de Apoio ao Ensino e Pesquisa do Laborat\u00f3rio de Radiois\u00f3topos (LRi) do Centro de Energia Nuclear na Agricultura\u00a0 (CENA\/USP).<\/p>\n<p>&nbsp;<\/p>\n","protected":false},"excerpt":{"rendered":"<p>Pesquisadores Principais Dra. Elisabete A. De Nadai Fernandes Coodenadora do RastreIA, \u00e9 pesquisadora e Professora Titular do Centro de Energia Nuclear na Agricultura da Universidade de S\u00e3o Paulo (CENA\/USP), onde \u00e9 respons\u00e1vel pelo Laborat\u00f3rio de Radiois\u00f3topos (LRi). Dra. Cibele Bugno Zamboni Pesquisadora e professora do Instituto de Psquisas Energ\u00e9ticas e Nucleares (IPEN), trabalha com an\u00e1lise por fluoresc\u00eancia de raios X por dispers\u00e3o de energia, espectroscopia infravermelha e Raman. Dr. Paulo S\u00e9rgio Cardoso da Silva Pesquisador do Instituto de Psquisas Energ\u00e9ticas e Nucleares (IPEN), tem experi\u00eancia na \u00e1rea de Qu\u00edmica Anal\u00edtica, com \u00eanfase em Radioqu\u00edmica, An\u00e1lise por Ativa\u00e7\u00e3o Neutr\u00f4nica, Espectrometria Alfa, Espectrometria Gama. Pesquisadores Associados Dr. M\u00e1rcio Arruda Bacchi Pesquisador do Laborat\u00f3rio de Radiois\u00f3topos do CENA\/USP, trabalha com an\u00e1lises de carne bovina, madeira e soja. Dr. Gabriel Adri\u00e1n Sarri\u00e9s Pesquisador e professor da Escola Superior de Agricultura Luiz de Queiroz da Universidade de S\u00e3o Paulo (Esalq\/USP), desenvolve atividades de ensino e de pesquisa nas \u00e1reas de Intelig\u00eancia Artificial, Rob\u00f3tica, Ci\u00eancia de Dados e Gest\u00e3o 4.0. Dr. Cristian Marcelo Villegas Lobos Pesquisador e professor da Escola Superior de Agricultura Luiz de Queiroz da Universidade de S\u00e3o Paulo (Esalq\/USP), atua \u00a0na pesquisa e no ensino da estat\u00edstica usando o Shiny, Infer\u00eancia Bayesiana, Modelos [&#8230;]<\/p>\n","protected":false},"author":25144,"featured_media":0,"parent":0,"menu_order":0,"comment_status":"closed","ping_status":"closed","template":"","meta":{"_monsterinsights_skip_tracking":false,"_monsterinsights_sitenote_active":false,"_monsterinsights_sitenote_note":"","_monsterinsights_sitenote_category":0,"footnotes":"","_links_to":"","_links_to_target":""},"categories":[],"tags":[],"class_list":["post-900","page","type-page","status-publish","hentry"],"yoast_head":"<!-- This site is optimized with the Yoast SEO plugin v27.5 - https:\/\/yoast.com\/product\/yoast-seo-wordpress\/ -->\n<title>Equipe - RastreIA<\/title>\n<meta name=\"robots\" content=\"index, follow, max-snippet:-1, max-image-preview:large, max-video-preview:-1\" \/>\n<link rel=\"canonical\" href=\"https:\/\/sites.usp.br\/rastreia\/equipe\/\" \/>\n<meta name=\"twitter:label1\" content=\"Est. tempo de leitura\" \/>\n\t<meta name=\"twitter:data1\" content=\"5 minutos\" \/>\n<script type=\"application\/ld+json\" class=\"yoast-schema-graph\">{\"@context\":\"https:\\\/\\\/schema.org\",\"@graph\":[{\"@type\":\"WebPage\",\"@id\":\"https:\\\/\\\/sites.usp.br\\\/rastreia\\\/equipe\\\/\",\"url\":\"https:\\\/\\\/sites.usp.br\\\/rastreia\\\/equipe\\\/\",\"name\":\"Equipe - RastreIA\",\"isPartOf\":{\"@id\":\"https:\\\/\\\/sites.usp.br\\\/rastreia\\\/#website\"},\"datePublished\":\"2026-02-27T22:14:41+00:00\",\"dateModified\":\"2026-03-05T13:48:17+00:00\",\"inLanguage\":\"pt-BR\",\"potentialAction\":[{\"@type\":\"ReadAction\",\"target\":[\"https:\\\/\\\/sites.usp.br\\\/rastreia\\\/equipe\\\/\"]}]},{\"@type\":\"WebSite\",\"@id\":\"https:\\\/\\\/sites.usp.br\\\/rastreia\\\/#website\",\"url\":\"https:\\\/\\\/sites.usp.br\\\/rastreia\\\/\",\"name\":\"RastreIA\",\"description\":\"\",\"publisher\":{\"@id\":\"https:\\\/\\\/sites.usp.br\\\/rastreia\\\/#organization\"},\"potentialAction\":[{\"@type\":\"SearchAction\",\"target\":{\"@type\":\"EntryPoint\",\"urlTemplate\":\"https:\\\/\\\/sites.usp.br\\\/rastreia\\\/?s={search_term_string}\"},\"query-input\":{\"@type\":\"PropertyValueSpecification\",\"valueRequired\":true,\"valueName\":\"search_term_string\"}}],\"inLanguage\":\"pt-BR\"},{\"@type\":\"Organization\",\"@id\":\"https:\\\/\\\/sites.usp.br\\\/rastreia\\\/#organization\",\"name\":\"RastreIA\",\"url\":\"https:\\\/\\\/sites.usp.br\\\/rastreia\\\/\",\"logo\":{\"@type\":\"ImageObject\",\"inLanguage\":\"pt-BR\",\"@id\":\"https:\\\/\\\/sites.usp.br\\\/rastreia\\\/#\\\/schema\\\/logo\\\/image\\\/\",\"url\":\"https:\\\/\\\/sites.usp.br\\\/rastreia\\\/wp-content\\\/uploads\\\/sites\\\/1800\\\/2026\\\/02\\\/cropped-rastreIA-2.png\",\"contentUrl\":\"https:\\\/\\\/sites.usp.br\\\/rastreia\\\/wp-content\\\/uploads\\\/sites\\\/1800\\\/2026\\\/02\\\/cropped-rastreIA-2.png\",\"width\":512,\"height\":512,\"caption\":\"RastreIA\"},\"image\":{\"@id\":\"https:\\\/\\\/sites.usp.br\\\/rastreia\\\/#\\\/schema\\\/logo\\\/image\\\/\"},\"sameAs\":[\"https:\\\/\\\/www.facebook.com\\\/people\\\/Projeto-Rastreia\\\/61584891961357\\\/?notif_id=1773411096158967&notif_t=page_user_activity&ref=notif\"]}]}<\/script>\n<!-- \/ Yoast SEO plugin. -->","yoast_head_json":{"title":"Equipe - RastreIA","robots":{"index":"index","follow":"follow","max-snippet":"max-snippet:-1","max-image-preview":"max-image-preview:large","max-video-preview":"max-video-preview:-1"},"canonical":"https:\/\/sites.usp.br\/rastreia\/equipe\/","twitter_misc":{"Est. tempo de leitura":"5 minutos"},"schema":{"@context":"https:\/\/schema.org","@graph":[{"@type":"WebPage","@id":"https:\/\/sites.usp.br\/rastreia\/equipe\/","url":"https:\/\/sites.usp.br\/rastreia\/equipe\/","name":"Equipe - RastreIA","isPartOf":{"@id":"https:\/\/sites.usp.br\/rastreia\/#website"},"datePublished":"2026-02-27T22:14:41+00:00","dateModified":"2026-03-05T13:48:17+00:00","inLanguage":"pt-BR","potentialAction":[{"@type":"ReadAction","target":["https:\/\/sites.usp.br\/rastreia\/equipe\/"]}]},{"@type":"WebSite","@id":"https:\/\/sites.usp.br\/rastreia\/#website","url":"https:\/\/sites.usp.br\/rastreia\/","name":"RastreIA","description":"","publisher":{"@id":"https:\/\/sites.usp.br\/rastreia\/#organization"},"potentialAction":[{"@type":"SearchAction","target":{"@type":"EntryPoint","urlTemplate":"https:\/\/sites.usp.br\/rastreia\/?s={search_term_string}"},"query-input":{"@type":"PropertyValueSpecification","valueRequired":true,"valueName":"search_term_string"}}],"inLanguage":"pt-BR"},{"@type":"Organization","@id":"https:\/\/sites.usp.br\/rastreia\/#organization","name":"RastreIA","url":"https:\/\/sites.usp.br\/rastreia\/","logo":{"@type":"ImageObject","inLanguage":"pt-BR","@id":"https:\/\/sites.usp.br\/rastreia\/#\/schema\/logo\/image\/","url":"https:\/\/sites.usp.br\/rastreia\/wp-content\/uploads\/sites\/1800\/2026\/02\/cropped-rastreIA-2.png","contentUrl":"https:\/\/sites.usp.br\/rastreia\/wp-content\/uploads\/sites\/1800\/2026\/02\/cropped-rastreIA-2.png","width":512,"height":512,"caption":"RastreIA"},"image":{"@id":"https:\/\/sites.usp.br\/rastreia\/#\/schema\/logo\/image\/"},"sameAs":["https:\/\/www.facebook.com\/people\/Projeto-Rastreia\/61584891961357\/?notif_id=1773411096158967&notif_t=page_user_activity&ref=notif"]}]}},"_links":{"self":[{"href":"https:\/\/sites.usp.br\/rastreia\/wp-json\/wp\/v2\/pages\/900","targetHints":{"allow":["GET"]}}],"collection":[{"href":"https:\/\/sites.usp.br\/rastreia\/wp-json\/wp\/v2\/pages"}],"about":[{"href":"https:\/\/sites.usp.br\/rastreia\/wp-json\/wp\/v2\/types\/page"}],"author":[{"embeddable":true,"href":"https:\/\/sites.usp.br\/rastreia\/wp-json\/wp\/v2\/users\/25144"}],"replies":[{"embeddable":true,"href":"https:\/\/sites.usp.br\/rastreia\/wp-json\/wp\/v2\/comments?post=900"}],"version-history":[{"count":5,"href":"https:\/\/sites.usp.br\/rastreia\/wp-json\/wp\/v2\/pages\/900\/revisions"}],"predecessor-version":[{"id":1048,"href":"https:\/\/sites.usp.br\/rastreia\/wp-json\/wp\/v2\/pages\/900\/revisions\/1048"}],"wp:attachment":[{"href":"https:\/\/sites.usp.br\/rastreia\/wp-json\/wp\/v2\/media?parent=900"}],"wp:term":[{"taxonomy":"category","embeddable":true,"href":"https:\/\/sites.usp.br\/rastreia\/wp-json\/wp\/v2\/categories?post=900"},{"taxonomy":"post_tag","embeddable":true,"href":"https:\/\/sites.usp.br\/rastreia\/wp-json\/wp\/v2\/tags?post=900"}],"curies":[{"name":"wp","href":"https:\/\/api.w.org\/{rel}","templated":true}]}}