{"id":303,"date":"2020-12-02T19:46:16","date_gmt":"2020-12-02T21:46:16","guid":{"rendered":"https:\/\/sites.usp.br\/rbcienciacidada\/?page_id=303"},"modified":"2022-05-05T12:40:58","modified_gmt":"2022-05-05T15:40:58","slug":"a-rbcc","status":"publish","type":"page","link":"https:\/\/sites.usp.br\/rbcienciacidada\/a-rbcc\/","title":{"rendered":"Quem faz parte da RBCC?"},"content":{"rendered":"<p>Somos um grupo de cientistas e de interessados em ci\u00eancias, entusiastas e praticantes da ci\u00eancia cidad\u00e3.<\/p>\n<p>&nbsp;<\/p>\n<p>Atualmente a RBCC \u00e9 constitu\u00edda de membros fundadores e membros participantes, conforme segue:<\/p>\n<p>&nbsp;<\/p>\n<p><strong>Membros fundadores (em ordem alfab\u00e9tica)<\/strong><\/p>\n<p>Antonio Mauro Saraiva (USP)<\/p>\n<p>Blandina Viana (UFBA)<\/p>\n<p>Caren Souza (UFBA)<\/p>\n<p>Eduardo Roberto Alexandrino (INMA)<\/p>\n<p>Juliana Fran\u00e7a (UVV)<\/p>\n<p>Larissa Kawabe (UFABC)<\/p>\n<p>Natalia Pirani Ghilardi-Lopes (UFABC)<\/p>\n<p>Sheina Koffler (USP)<\/p>\n<p>&nbsp;<\/p>\n<p><strong>Membros participantes<\/strong> (aqueles que responderam ao question\u00e1rio de inten\u00e7\u00e3o de fazer parte da rede):<\/p>\n<p><iframe loading=\"lazy\" src=\"https:\/\/docs.google.com\/spreadsheets\/d\/e\/2PACX-1vRG8b-TS6vIsh4jg4YvfKphHchVYAqJ0FQRL5CgEP0ee4VmYH1EIn0Kyoagjj0xHoIXUodk5jCWYBCb\/pubhtml?gid=0&amp;single=true&amp;widget=true&amp;headers=false\" width=\"900\" height=\"900\"><\/iframe><\/p>\n","protected":false},"excerpt":{"rendered":"<p>Somos um grupo de cientistas e de interessados em ci\u00eancias, entusiastas e praticantes da ci\u00eancia cidad\u00e3. &nbsp; Atualmente a RBCC \u00e9 constitu\u00edda de membros fundadores e membros participantes, conforme segue: &nbsp; Membros fundadores (em ordem alfab\u00e9tica) Antonio Mauro Saraiva (USP) Blandina Viana (UFBA) Caren Souza (UFBA) Eduardo Roberto Alexandrino (INMA) Juliana Fran\u00e7a (UVV) Larissa Kawabe<a href=\"https:\/\/sites.usp.br\/rbcienciacidada\/a-rbcc\/\">[&#8230;]<\/a><\/p>\n","protected":false},"author":22174,"featured_media":0,"parent":0,"menu_order":0,"comment_status":"closed","ping_status":"closed","template":"","meta":{"footnotes":"","_links_to":"","_links_to_target":""},"class_list":["post-303","page","type-page","status-publish","hentry"],"_links":{"self":[{"href":"https:\/\/sites.usp.br\/rbcienciacidada\/wp-json\/wp\/v2\/pages\/303","targetHints":{"allow":["GET"]}}],"collection":[{"href":"https:\/\/sites.usp.br\/rbcienciacidada\/wp-json\/wp\/v2\/pages"}],"about":[{"href":"https:\/\/sites.usp.br\/rbcienciacidada\/wp-json\/wp\/v2\/types\/page"}],"author":[{"embeddable":true,"href":"https:\/\/sites.usp.br\/rbcienciacidada\/wp-json\/wp\/v2\/users\/22174"}],"replies":[{"embeddable":true,"href":"https:\/\/sites.usp.br\/rbcienciacidada\/wp-json\/wp\/v2\/comments?post=303"}],"version-history":[{"count":5,"href":"https:\/\/sites.usp.br\/rbcienciacidada\/wp-json\/wp\/v2\/pages\/303\/revisions"}],"predecessor-version":[{"id":576,"href":"https:\/\/sites.usp.br\/rbcienciacidada\/wp-json\/wp\/v2\/pages\/303\/revisions\/576"}],"wp:attachment":[{"href":"https:\/\/sites.usp.br\/rbcienciacidada\/wp-json\/wp\/v2\/media?parent=303"}],"curies":[{"name":"wp","href":"https:\/\/api.w.org\/{rel}","templated":true}]}}