{"id":322,"date":"2020-12-02T19:54:00","date_gmt":"2020-12-02T21:54:00","guid":{"rendered":"https:\/\/sites.usp.br\/rbcienciacidada\/?page_id=322"},"modified":"2021-05-04T12:02:03","modified_gmt":"2021-05-04T15:02:03","slug":"grupos-de-trabalho","status":"publish","type":"page","link":"https:\/\/sites.usp.br\/rbcienciacidada\/grupos-de-trabalho\/","title":{"rendered":"Grupos de trabalho"},"content":{"rendered":"<p>Os grupos de trabalho da RBCC, definidos a partir das discuss\u00f5es posteriores ao I Workshop da Rede Brasileira de Ci\u00eancia Cidad\u00e3 e da enquete realizada em 2020, s\u00e3o os seguintes:<\/p>\n<p><b>GT 1 \u2013 Articula\u00e7\u00e3o e sustentabilidade<\/b><\/p>\n<p><span style=\"font-weight: 400;\">Esse grupo busca identificar, caracterizar\u00a0 e\u00a0 estabelecer rela\u00e7\u00f5es com potenciais parceiros e ag\u00eancias de fomento, p\u00fablicas, privadas e\/ou terceiro setor,\u00a0 visando garantir a sustentabilidade das iniciativas de ci\u00eancia cidad\u00e3, em termos de recursos humanos, tecnol\u00f3gicos e financeiros. Caber\u00e1 tamb\u00e9m ao grupo informar as partes interessadas sobre as oportunidades de fomento dispon\u00edveis, dentro e fora do pa\u00eds.<\/span><\/p>\n<p><b>GT 2 &#8211; Engajamento de participantes<\/b><\/p>\n<p><span style=\"font-weight: 400;\">Esse grupo visa refletir sobre estrat\u00e9gias e o estabelecimento de pr\u00e1ticas emergentes de engajamento de participantes em processos de ci\u00eancia cidad\u00e3 e sobre as motiva\u00e7\u00f5es e interesses relacionados com a participa\u00e7\u00e3o inicial e continuada de cientistas e cientistas cidad\u00e3os em projetos de ci\u00eancia cidad\u00e3.\u00a0<\/span><\/p>\n<p><b>GT 3 &#8211; Capacita\u00e7\u00e3o e produ\u00e7\u00e3o de materiais educativos<\/b><\/p>\n<p><span style=\"font-weight: 400;\">Esse grupo tem por objetivo aumentar a compreens\u00e3o acerca dos conceitos, terminologias, tipologias e pr\u00e1ticas da ci\u00eancia cidad\u00e3 e formar capacidades para execu\u00e7\u00e3o de projetos, no Brasil. Especificamente, o grupo ir\u00e1 incentivar reflex\u00f5es sobre processos de forma\u00e7\u00e3o inicial e continuada em ci\u00eancia cidad\u00e3, promover e\/ou articular parcerias para oferta de oficinas e\/ou cursos\u00a0 formativos, elaborar e\/ou adaptar e\/ou traduzir para o portugu\u00eas, materiais educativos e de apoio \u00e0s iniciativas de ci\u00eancia cidad\u00e3 e examinar e propor indicadores de avalia\u00e7\u00e3o dessas atividades.<\/span><\/p>\n<p><b>GT 4 &#8211; Comunica\u00e7\u00e3o estrat\u00e9gica e eventos<\/b><\/p>\n<p><span style=\"font-weight: 400;\">Este grupo de trabalho tem como objetivo produzir, organizar e disseminar conte\u00fados sobre iniciativas de ci\u00eancia cidad\u00e3, bem como, organizar e promover eventos visando a consolida\u00e7\u00e3o da ci\u00eancia cidad\u00e3 no Brasil. Caber\u00e1 ao grupo atuar como elo entre os demais GTs da RBCC, pesquisadores e cientistas cidad\u00e3os\/interessados em ci\u00eancia, sendo respons\u00e1vel pela cria\u00e7\u00e3o e gest\u00e3o de: m\u00eddias sociais, website e base de dados sobre iniciativas de ci\u00eancia cidad\u00e3 brasileiras.\u00a0<\/span><\/p>\n<p><b>GT 5 &#8211; Pesquisa e monitoramento<\/b><\/p>\n<p><span style=\"font-weight: 400;\">Este grupo de trabalho tem como objetivo produzir conhecimento cient\u00edfico te\u00f3rico e emp\u00edrico sobre ci\u00eancia cidad\u00e3, incluindo quest\u00f5es sobre rigor de pesquisa, \u00e9tica e boas pr\u00e1ticas, entre outras, de acordo com as demandas e interesses dos membros. O grupo ir\u00e1 buscar articula\u00e7\u00f5es com grupos de pesquisa dentro e fora do pa\u00eds e publicar os resultados das investiga\u00e7\u00f5es em peri\u00f3dicos de alto impacto nacionais e internacionais, bem como, livros e manuais em Portugu\u00eas.\u00a0<\/span><\/p>\n<p><b>GT 6 &#8211; Tecnologia e uso de dados<\/b><\/p>\n<p><span style=\"font-weight: 400;\">Este grupo de trabalho busca discutir formas de promover a ocorr\u00eancia de diferentes iniciativas de ci\u00eancia cidad\u00e3 no Brasil por meio do uso de tecnologias, em especial para a reuni\u00e3o de dados e dissemina\u00e7\u00e3o de conhecimento cient\u00edfico. Para isso, o grupo pretende: identificar ajustes necess\u00e1rios em tecnologias j\u00e1 existentes, de modo a elevar sua operabilidade e usabilidade dos dados pelos brasileiros; discutir formas de promover estes ajustes; compartilhar experi\u00eancias e conhecimento sobre desenvolvimento de tecnologias. A rede incentiva a participa\u00e7\u00e3o de diferentes atores neste grupo de trabalho, desde usu\u00e1rios de tecnologias, profissionais de tecnologia da informa\u00e7\u00e3o, l\u00edderes de projetos, cientistas formais, etc.\u00a0<\/span><\/p>\n<p>&nbsp;<\/p>\n<p>Quer fazer parte de um grupo de trabalho? Ent\u00e3o, preencha a enquete dispon\u00edvel <a href=\"https:\/\/forms.gle\/q3xF4CTc35ogVqDW6\">AQUI<\/a>.<\/p>\n","protected":false},"excerpt":{"rendered":"<p>Os grupos de trabalho da RBCC, definidos a partir das discuss\u00f5es posteriores ao I Workshop da Rede Brasileira de Ci\u00eancia Cidad\u00e3 e da enquete realizada em 2020, s\u00e3o os seguintes: GT 1 \u2013 Articula\u00e7\u00e3o e sustentabilidade Esse grupo busca identificar, caracterizar\u00a0 e\u00a0 estabelecer rela\u00e7\u00f5es com potenciais parceiros e ag\u00eancias de fomento, p\u00fablicas, privadas e\/ou terceiro<a href=\"https:\/\/sites.usp.br\/rbcienciacidada\/grupos-de-trabalho\/\">[&#8230;]<\/a><\/p>\n","protected":false},"author":22174,"featured_media":0,"parent":0,"menu_order":0,"comment_status":"closed","ping_status":"closed","template":"","meta":{"footnotes":"","_links_to":"","_links_to_target":""},"class_list":["post-322","page","type-page","status-publish","hentry"],"_links":{"self":[{"href":"https:\/\/sites.usp.br\/rbcienciacidada\/wp-json\/wp\/v2\/pages\/322","targetHints":{"allow":["GET"]}}],"collection":[{"href":"https:\/\/sites.usp.br\/rbcienciacidada\/wp-json\/wp\/v2\/pages"}],"about":[{"href":"https:\/\/sites.usp.br\/rbcienciacidada\/wp-json\/wp\/v2\/types\/page"}],"author":[{"embeddable":true,"href":"https:\/\/sites.usp.br\/rbcienciacidada\/wp-json\/wp\/v2\/users\/22174"}],"replies":[{"embeddable":true,"href":"https:\/\/sites.usp.br\/rbcienciacidada\/wp-json\/wp\/v2\/comments?post=322"}],"version-history":[{"count":4,"href":"https:\/\/sites.usp.br\/rbcienciacidada\/wp-json\/wp\/v2\/pages\/322\/revisions"}],"predecessor-version":[{"id":466,"href":"https:\/\/sites.usp.br\/rbcienciacidada\/wp-json\/wp\/v2\/pages\/322\/revisions\/466"}],"wp:attachment":[{"href":"https:\/\/sites.usp.br\/rbcienciacidada\/wp-json\/wp\/v2\/media?parent=322"}],"curies":[{"name":"wp","href":"https:\/\/api.w.org\/{rel}","templated":true}]}}