{"id":378,"date":"2021-03-05T13:16:03","date_gmt":"2021-03-05T15:16:03","guid":{"rendered":"https:\/\/sites.usp.br\/rbcienciacidada\/?page_id=378"},"modified":"2021-03-05T13:17:14","modified_gmt":"2021-03-05T15:17:14","slug":"missao","status":"publish","type":"page","link":"https:\/\/sites.usp.br\/rbcienciacidada\/missao\/","title":{"rendered":"Miss\u00e3o"},"content":{"rendered":"<p><span style=\"font-weight: 400;\">1) Promover iniciativas de ci\u00eancia cidad\u00e3 no Brasil;<\/span><\/p>\n<p><span style=\"font-weight: 400;\">2) Apoiar e incentivar a cria\u00e7\u00e3o de novas parcerias e iniciativas;<\/span><\/p>\n<p><span style=\"font-weight: 400;\">3) Ampliar a pr\u00e1tica da ci\u00eancia cidad\u00e3 como abordagem de pesquisa colaborativa\/participativa no Brasil<\/span><\/p>\n<p><span style=\"font-weight: 400;\">4) Promover o debate sobre quest\u00f5es te\u00f3ricas (p.ex. defini\u00e7\u00e3o do termo ci\u00eancia cidad\u00e3, tipos de ci\u00eancia cidad\u00e3, qualidade de dados, avalia\u00e7\u00e3o, \u00e9tica em ci\u00eancia cidad\u00e3, entre outras) relacionadas \u00e0 pr\u00e1tica e \u00e0 pesquisa com ci\u00eancia cidad\u00e3 no Brasil;<\/span><\/p>\n<p><span style=\"font-weight: 400;\">5) Promover o debate sobre prioridades e estrat\u00e9gias de fortalecimento da ci\u00eancia cidad\u00e3 no Brasil;<\/span><\/p>\n<p><span style=\"font-weight: 400;\">6) Estabelecer diretrizes (p.ex. boas pr\u00e1ticas, \u00e9tica) para a ci\u00eancia cidad\u00e3 no Brasil;<\/span><\/p>\n<p><span style=\"font-weight: 400;\">7) Democratizar o acesso \u00e0 ci\u00eancia por meio da ci\u00eancia cidad\u00e3;<\/span><\/p>\n<p><span style=\"font-weight: 400;\">8) Comunicar amplamente a ci\u00eancia cidad\u00e3 para a sociedade brasileira;<\/span><\/p>\n<p><span style=\"font-weight: 400;\">9) Gerar conhecimento socialmente referenciado, que seja \u00fatil e us\u00e1vel para gest\u00e3o e tomada de decis\u00e3o individual e coletiva;<\/span><\/p>\n<p><span style=\"font-weight: 400;\">10) Estimular a articula\u00e7\u00e3o das iniciativas brasileiras com iniciativas internacionais e outras redes existentes de ci\u00eancia cidad\u00e3.<\/span><\/p>\n","protected":false},"excerpt":{"rendered":"<p>1) Promover iniciativas de ci\u00eancia cidad\u00e3 no Brasil; 2) Apoiar e incentivar a cria\u00e7\u00e3o de novas parcerias e iniciativas; 3) Ampliar a pr\u00e1tica da ci\u00eancia cidad\u00e3 como abordagem de pesquisa colaborativa\/participativa no Brasil 4) Promover o debate sobre quest\u00f5es te\u00f3ricas (p.ex. defini\u00e7\u00e3o do termo ci\u00eancia cidad\u00e3, tipos de ci\u00eancia cidad\u00e3, qualidade de dados, avalia\u00e7\u00e3o, \u00e9tica<a href=\"https:\/\/sites.usp.br\/rbcienciacidada\/missao\/\">[&#8230;]<\/a><\/p>\n","protected":false},"author":22174,"featured_media":0,"parent":0,"menu_order":0,"comment_status":"closed","ping_status":"closed","template":"","meta":{"footnotes":"","_links_to":"","_links_to_target":""},"class_list":["post-378","page","type-page","status-publish","hentry"],"_links":{"self":[{"href":"https:\/\/sites.usp.br\/rbcienciacidada\/wp-json\/wp\/v2\/pages\/378","targetHints":{"allow":["GET"]}}],"collection":[{"href":"https:\/\/sites.usp.br\/rbcienciacidada\/wp-json\/wp\/v2\/pages"}],"about":[{"href":"https:\/\/sites.usp.br\/rbcienciacidada\/wp-json\/wp\/v2\/types\/page"}],"author":[{"embeddable":true,"href":"https:\/\/sites.usp.br\/rbcienciacidada\/wp-json\/wp\/v2\/users\/22174"}],"replies":[{"embeddable":true,"href":"https:\/\/sites.usp.br\/rbcienciacidada\/wp-json\/wp\/v2\/comments?post=378"}],"version-history":[{"count":2,"href":"https:\/\/sites.usp.br\/rbcienciacidada\/wp-json\/wp\/v2\/pages\/378\/revisions"}],"predecessor-version":[{"id":382,"href":"https:\/\/sites.usp.br\/rbcienciacidada\/wp-json\/wp\/v2\/pages\/378\/revisions\/382"}],"wp:attachment":[{"href":"https:\/\/sites.usp.br\/rbcienciacidada\/wp-json\/wp\/v2\/media?parent=378"}],"curies":[{"name":"wp","href":"https:\/\/api.w.org\/{rel}","templated":true}]}}