{"id":14110,"date":"2017-10-04T14:23:18","date_gmt":"2017-10-04T17:23:18","guid":{"rendered":"http:\/\/www.rcgi.poli.usp.br\/?page_id=14110\/"},"modified":"2017-10-04T14:23:18","modified_gmt":"2017-10-04T17:23:18","slug":"programa-de-abatimento-de-co2","status":"publish","type":"page","link":"https:\/\/sites.usp.br\/rcgi\/programa-de-abatimento-de-co2\/","title":{"rendered":"Programa de Abatimento de CO2"},"content":{"rendered":"<p>[vc_row][vc_column][vc_product_feature title=&#8221;PROGRAMA DE ABATIMENTO DE CO2&#8243; font_size=&#8221;18&#8243; title_color=&#8221;#444444&#8243; icon_type=&#8221;entypo&#8221; icon_color=&#8221;#318740&#8243; icon_entypo=&#8221;entypo-icon entypo-icon-leaf&#8221;][\/vc_product_feature][vc_column_text]<\/p>\n<p style=\"text-align: justify\">RCGI inclui projetos que investigam\u00a0 a gest\u00e3o, transporte, armazenamento e uso de CO2 em escala global.<\/p>\n<p>[\/vc_column_text][vc_empty_space][vc_separator color=&#8221;grey&#8221;][vc_empty_space][vc_custom_heading text=&#8221;Clique no projeto desejado para saber mais detalhes&#8221; font_container=&#8221;tag:h3|font_size:25|text_align:left|color:%233f3f3f&#8221; use_theme_fonts=&#8221;yes&#8221;][vc_empty_space height=&#8221;5px&#8221;][vc_custom_heading text=&#8221;Projeto 30 &#8211; Processos inovadores para a convers\u00e3o de CO2 em produtos qu\u00edmicos de alto valor agregado e combust\u00edveis baseado em catalisadores h\u00edbridos&#8221; font_container=&#8221;tag:h5|text_align:left|color:%2305a0c0&#8243; google_fonts=&#8221;font_family:Raleway%3A100%2C200%2C300%2Cregular%2C500%2C600%2C700%2C800%2C900|font_style:500%20bold%20regular%3A500%3Anormal&#8221; link=&#8221;url:https%3A%2F%2Fwww.rcgi.poli.usp.br%2Fpt-br%2Fprogramas-e-projetos%2Fprograma-de-abatimento-de-co2%2Fprojeto-30%2F|||&#8221;][vc_separator color=&#8221;&#8221; padding_top=&#8221;10&#8243; padding_bottom=&#8221;10&#8243;][vc_custom_heading text=&#8221;Projeto 31 &#8211; Produ\u00e7\u00e3o de Mol\u00e9culas Org\u00e2nicas a partir de CO2 e H2O por Fotocat\u00e1lise em Nano-\u00f3xidos&#8221; font_container=&#8221;tag:h5|text_align:left|color:%2305a0c0&#8243; google_fonts=&#8221;font_family:Raleway%3A100%2C200%2C300%2Cregular%2C500%2C600%2C700%2C800%2C900|font_style:500%20bold%20regular%3A500%3Anormal&#8221; link=&#8221;url:https%3A%2F%2Fwww.rcgi.poli.usp.br%2Fpt-br%2Fprogramas-e-projetos%2Fprograma-de-abatimento-de-co2%2Fprojeto-31%2F|||&#8221;][vc_separator color=&#8221;&#8221; padding_top=&#8221;10&#8243; padding_bottom=&#8221;10&#8243;][vc_custom_heading text=&#8221;Projeto 32 &#8211; Estudos de modelagem, simula\u00e7\u00e3o e otimiza\u00e7\u00e3o de tecnologias inovadoras de convers\u00e3o de CO2&#8243; font_container=&#8221;tag:h5|text_align:left|color:%2305a0c0&#8243; google_fonts=&#8221;font_family:Raleway%3A100%2C200%2C300%2Cregular%2C500%2C600%2C700%2C800%2C900|font_style:500%20bold%20regular%3A500%3Anormal&#8221; link=&#8221;url:https%3A%2F%2Fwww.rcgi.poli.usp.br%2Fpt-br%2Fprogramas-e-projetos%2Fprograma-de-abatimento-de-co2%2Fprojeto-32%2F|||&#8221;][vc_custom_heading text=&#8221;PROJETO CONCLU\u00cdDO EM 08 DE JULHO DE 2020&#8243; font_container=&#8221;tag:h5|text_align:left|color:%23f4c907&#8243; google_fonts=&#8221;font_family:Raleway%3A100%2C200%2C300%2Cregular%2C500%2C600%2C700%2C800%2C900|font_style:500%20bold%20regular%3A500%3Anormal&#8221; link=&#8221;url:https%3A%2F%2Fwww.rcgi.poli.usp.br%2Fpt-br%2Fprogramas-e-projetos%2Fprograma-de-abatimento-de-co2%2Fprojeto-32%2F|||&#8221;][vc_separator color=&#8221;&#8221; padding_top=&#8221;10&#8243; padding_bottom=&#8221;10&#8243;][vc_custom_heading text=&#8221;Projeto 33 &#8211; Sistema de monitoramento ac\u00fastico passivo para detec\u00e7\u00e3o de vazamento de CO2&#8243; font_container=&#8221;tag:h5|text_align:left|color:%2305a0c0&#8243; google_fonts=&#8221;font_family:Raleway%3A100%2C200%2C300%2Cregular%2C500%2C600%2C700%2C800%2C900|font_style:500%20bold%20regular%3A500%3Anormal&#8221; link=&#8221;url:https%3A%2F%2Fwww.rcgi.poli.usp.br%2Fpt-br%2Fprogramas-e-projetos%2Fprograma-de-abatimento-de-co2%2Fprojeto-33%2F|||&#8221;][vc_custom_heading text=&#8221;PROJETO CONCLU\u00cdDO EM 08 DE JULHO DE 2020&#8243; font_container=&#8221;tag:h5|text_align:left|color:%23f4c907&#8243; google_fonts=&#8221;font_family:Raleway%3A100%2C200%2C300%2Cregular%2C500%2C600%2C700%2C800%2C900|font_style:500%20bold%20regular%3A500%3Anormal&#8221; link=&#8221;url:https%3A%2F%2Fwww.rcgi.poli.usp.br%2Fpt-br%2Fprogramas-e-projetos%2Fprograma-de-abatimento-de-co2%2Fprojeto-33%2F|||&#8221;][vc_separator color=&#8221;&#8221; padding_top=&#8221;10&#8243; padding_bottom=&#8221;10&#8243;][vc_custom_heading text=&#8221;Projeto 34 &#8211; Desenvolvimento de estudos sobre constru\u00e7\u00e3o de cavernas de sal para estocagem e separa\u00e7\u00e3o de CO2 e CH4 na regi\u00e3o do pr\u00e9-sal&#8221; font_container=&#8221;tag:h5|text_align:left|color:%2305a0c0&#8243; google_fonts=&#8221;font_family:Raleway%3A100%2C200%2C300%2Cregular%2C500%2C600%2C700%2C800%2C900|font_style:500%20bold%20regular%3A500%3Anormal&#8221; link=&#8221;url:https%3A%2F%2Fwww.rcgi.poli.usp.br%2Fpt-br%2Fprogramas-e-projetos%2Fprograma-de-abatimento-de-co2%2Fprojeto-34%2F|||&#8221;][vc_custom_heading text=&#8221;PROJETO CONCLU\u00cdDO EM 08 DE JULHO DE 2020&#8243; font_container=&#8221;tag:h5|text_align:left|color:%23f4c907&#8243; google_fonts=&#8221;font_family:Raleway%3A100%2C200%2C300%2Cregular%2C500%2C600%2C700%2C800%2C900|font_style:500%20bold%20regular%3A500%3Anormal&#8221; link=&#8221;url:https%3A%2F%2Fwww.rcgi.poli.usp.br%2Fpt-br%2Fprogramas-e-projetos%2Fprograma-de-abatimento-de-co2%2Fprojeto-34%2F|||&#8221;][vc_separator color=&#8221;&#8221; padding_top=&#8221;10&#8243; padding_bottom=&#8221;10&#8243;][vc_custom_heading text=&#8221;Projeto 35 &#8211; Detec\u00e7\u00e3o de vazamento dos gases CH4 e CO2 no fundo do mar utilizando imagens de ultrassom com m\u00faltiplos elementos&#8221; font_container=&#8221;tag:h5|text_align:left|color:%2305a0c0&#8243; google_fonts=&#8221;font_family:Raleway%3A100%2C200%2C300%2Cregular%2C500%2C600%2C700%2C800%2C900|font_style:500%20bold%20regular%3A500%3Anormal&#8221; link=&#8221;url:https%3A%2F%2Fwww.rcgi.poli.usp.br%2Fpt-br%2Fprogramas-e-projetos%2Fprograma-de-abatimento-de-co2%2Fprojeto-35%2F|||&#8221;][vc_separator color=&#8221;&#8221; padding_top=&#8221;10&#8243; padding_bottom=&#8221;10&#8243;][vc_custom_heading text=&#8221;Projeto 36 &#8211; Armazenamento de Carbono em Reservat\u00f3rios Geol\u00f3gicos no Brasil: Perspectivas para CCS em Reservat\u00f3rios de Petr\u00f3leo N\u00e3o Convencionais \u201conshore\u201d e de Bacias Sedimentares \u201coffshore\u201d do Sudeste do Brasil&#8221; font_container=&#8221;tag:h5|text_align:left|color:%2305a0c0&#8243; google_fonts=&#8221;font_family:Raleway%3A100%2C200%2C300%2Cregular%2C500%2C600%2C700%2C800%2C900|font_style:500%20bold%20regular%3A500%3Anormal&#8221; link=&#8221;url:https%3A%2F%2Fwww.rcgi.poli.usp.br%2Fpt-br%2Fprogramas-e-projetos%2Fprograma-de-abatimento-de-co2%2Fprojeto-36%2F|||&#8221;][vc_separator color=&#8221;&#8221; padding_top=&#8221;10&#8243; padding_bottom=&#8221;10&#8243;][vc_custom_heading text=&#8221;Projeto 37 &#8211; Simula\u00e7\u00e3o e Otimiza\u00e7\u00e3o de Compressores de CO2 e Mistura de CO2 e CH4 na Condi\u00e7\u00e3o Supercr\u00edtica&#8221; font_container=&#8221;tag:h5|text_align:left|color:%2305a0c0&#8243; google_fonts=&#8221;font_family:Raleway%3A100%2C200%2C300%2Cregular%2C500%2C600%2C700%2C800%2C900|font_style:500%20bold%20regular%3A500%3Anormal&#8221; link=&#8221;url:https%3A%2F%2Fwww.rcgi.poli.usp.br%2Fpt-br%2Fprogramas-e-projetos%2Fprograma-de-abatimento-de-co2%2Fprojeto-37%2F|||&#8221;][vc_separator color=&#8221;&#8221; padding_top=&#8221;10&#8243; padding_bottom=&#8221;10&#8243;][vc_custom_heading text=&#8221;Projeto 38 &#8211; Ejetor de alta efici\u00eancia para compress\u00e3o de g\u00e1s&#8221; font_container=&#8221;tag:h5|text_align:left|color:%2305a0c0&#8243; google_fonts=&#8221;font_family:Raleway%3A100%2C200%2C300%2Cregular%2C500%2C600%2C700%2C800%2C900|font_style:500%20bold%20regular%3A500%3Anormal&#8221; link=&#8221;url:https%3A%2F%2Fwww.rcgi.poli.usp.br%2Fpt-br%2Fprogramas-e-projetos%2Fprograma-de-abatimento-de-co2%2Fprojeto-38%2F|||&#8221;][vc_separator color=&#8221;&#8221; padding_top=&#8221;10&#8243; padding_bottom=&#8221;10&#8243;][vc_custom_heading text=&#8221;Projeto 39 &#8211; Desenvolvimento de Separadores Supersonicos de Gases &#8211; Otimiza\u00e7\u00e3o, Simula\u00e7\u00e3o Num\u00e9rica e Ensaios&#8221; font_container=&#8221;tag:h5|text_align:left|color:%2305a0c0&#8243; google_fonts=&#8221;font_family:Raleway%3A100%2C200%2C300%2Cregular%2C500%2C600%2C700%2C800%2C900|font_style:500%20bold%20regular%3A500%3Anormal&#8221; link=&#8221;url:https%3A%2F%2Fwww.rcgi.poli.usp.br%2Fpt-br%2Fprogramas-e-projetos%2Fprograma-de-abatimento-de-co2%2Fprojeto-39%2F|||&#8221;][vc_separator color=&#8221;&#8221; padding_top=&#8221;10&#8243; padding_bottom=&#8221;10&#8243;][vc_custom_heading text=&#8221;Projeto 40 &#8211; Estudo do comportamento de corros\u00e3o e\/ou degrada\u00e7\u00e3o em solu\u00e7\u00e3o aquosa saturada com CO2 na aus\u00eancia e presen\u00e7a de contaminantes (NOx, SOx e H2S) de materiais utilizados no transporte de CO2 Supercr\u00edtico (SCCO2)&#8221; font_container=&#8221;tag:h5|text_align:left|color:%2305a0c0&#8243; google_fonts=&#8221;font_family:Raleway%3A100%2C200%2C300%2Cregular%2C500%2C600%2C700%2C800%2C900|font_style:500%20bold%20regular%3A500%3Anormal&#8221; link=&#8221;url:https%3A%2F%2Fwww.rcgi.poli.usp.br%2Fpt-br%2Fprogramas-e-projetos%2Fprograma-de-abatimento-de-co2%2Fprojeto-40%2F|||&#8221;][vc_custom_heading text=&#8221;PROJETO CONCLU\u00cdDO EM 08 DE JULHO DE 2020&#8243; font_container=&#8221;tag:h5|text_align:left|color:%23f4c907&#8243; google_fonts=&#8221;font_family:Raleway%3A100%2C200%2C300%2Cregular%2C500%2C600%2C700%2C800%2C900|font_style:500%20bold%20regular%3A500%3Anormal&#8221; link=&#8221;url:https%3A%2F%2Fwww.rcgi.poli.usp.br%2Fpt-br%2Fprogramas-e-projetos%2Fprograma-de-abatimento-de-co2%2Fprojeto-40%2F|||&#8221;][vc_separator color=&#8221;&#8221; padding_top=&#8221;10&#8243; padding_bottom=&#8221;10&#8243;][vc_custom_heading text=&#8221;Projeto 41 &#8211; Simula\u00e7\u00e3o de escoamentos internos com din\u00e2mica molecular para reduzir perdas de carga em dutos para transporte de CO2, CH4 e \u00d3leo&#8221; font_container=&#8221;tag:h5|text_align:left|color:%2305a0c0&#8243; google_fonts=&#8221;font_family:Raleway%3A100%2C200%2C300%2Cregular%2C500%2C600%2C700%2C800%2C900|font_style:500%20bold%20regular%3A500%3Anormal&#8221; link=&#8221;url:https%3A%2F%2Fwww.rcgi.poli.usp.br%2Fpt-br%2Fprogramas-e-projetos%2Fprograma-de-abatimento-de-co2%2Fprojeto-41%2F|||&#8221;][vc_separator color=&#8221;&#8221; padding_top=&#8221;10&#8243; padding_bottom=&#8221;10&#8243;][vc_custom_heading text=&#8221;Projeto 42 &#8211; Avalia\u00e7\u00e3o de Impacto Ambiental de Atividades de CCS no Brasil e Aspectos Legais&#8221; font_container=&#8221;tag:h5|text_align:left|color:%2305a0c0&#8243; google_fonts=&#8221;font_family:Raleway%3A100%2C200%2C300%2Cregular%2C500%2C600%2C700%2C800%2C900|font_style:500%20bold%20regular%3A500%3Anormal&#8221; link=&#8221;url:https%3A%2F%2Fwww.rcgi.poli.usp.br%2Fpt-br%2Fprogramas-e-projetos%2Fprograma-de-abatimento-de-co2%2Fprojeto-42%2F|||&#8221;][vc_separator color=&#8221;&#8221; padding_top=&#8221;10&#8243; padding_bottom=&#8221;10&#8243;][vc_custom_heading text=&#8221;Projeto 43 &#8211; Determina\u00e7\u00e3o de propriedades fundamentais de misturas gasosas de interesse da ind\u00fastria de petr\u00f3leo e g\u00e1s natural na presen\u00e7a de fluidos complexos (Laborat\u00f3rio de Pesquisa e Desenvolvimento em Fluidos Supercr\u00edticos, Petr\u00f3leo e G\u00e1s Natural)&#8221; font_container=&#8221;tag:h5|text_align:left|color:%2305a0c0&#8243; google_fonts=&#8221;font_family:Raleway%3A100%2C200%2C300%2Cregular%2C500%2C600%2C700%2C800%2C900|font_style:500%20bold%20regular%3A500%3Anormal&#8221; link=&#8221;url:https%3A%2F%2Fwww.rcgi.poli.usp.br%2Fpt-br%2Fprogramas-e-projetos%2Fprograma-de-abatimento-de-co2%2Fprojeto-43%2F|||&#8221;][vc_separator color=&#8221;&#8221; padding_top=&#8221;10&#8243; padding_bottom=&#8221;10&#8243;][vc_custom_heading text=&#8221;Projeto 44 &#8211; Laborat\u00f3rio para Ensaios de Separadores Supers\u00f4nicos de Gases \u2013 Infraestrutura&#8221; font_container=&#8221;tag:h5|text_align:left|color:%2305a0c0&#8243; google_fonts=&#8221;font_family:Raleway%3A100%2C200%2C300%2Cregular%2C500%2C600%2C700%2C800%2C900|font_style:500%20bold%20regular%3A500%3Anormal&#8221; link=&#8221;url:https%3A%2F%2Fwww.rcgi.poli.usp.br%2Fpt-br%2Fprogramas-e-projetos%2Fprograma-de-abatimento-de-co2%2Fprojeto-44%2F|||&#8221;][vc_separator color=&#8221;&#8221; padding_top=&#8221;10&#8243; padding_bottom=&#8221;10&#8243;][vc_custom_heading text=&#8221;Projeto 45 &#8211; Laborat\u00f3rio de caracteriza\u00e7\u00e3o de propriedades f\u00edsico-qu\u00edmicas de CO2, petr\u00f3leo e g\u00e1s natural em condi\u00e7\u00f5es sub e supercr\u00edticas &#8211; Infraestrutura&#8221; font_container=&#8221;tag:h5|text_align:left|color:%2305a0c0&#8243; google_fonts=&#8221;font_family:Raleway%3A100%2C200%2C300%2Cregular%2C500%2C600%2C700%2C800%2C900|font_style:500%20bold%20regular%3A500%3Anormal&#8221; link=&#8221;url:https%3A%2F%2Fwww.rcgi.poli.usp.br%2Fpt-br%2Fprogramas-e-projetos%2Fprograma-de-abatimento-de-co2%2Fprojeto-45%2F|||&#8221;][\/vc_column][\/vc_row]<\/p>\n","protected":false},"excerpt":{"rendered":"<p>[vc_row][vc_column][vc_product_feature title=&#8221;PROGRAMA DE ABATIMENTO DE CO2&#8243; font_size=&#8221;18&#8243; title_color=&#8221;#444444&#8243; icon_type=&#8221;entypo&#8221; icon_color=&#8221;#318740&#8243; icon_entypo=&#8221;entypo-icon entypo-icon-leaf&#8221;][\/vc_product_feature][vc_column_text] RCGI inclui projetos que investigam\u00a0 a gest\u00e3o, transporte, armazenamento e uso de CO2 em escala global. [\/vc_column_text][vc_empty_space][vc_separator color=&#8221;grey&#8221;][vc_empty_space][vc_custom_heading &hellip; <\/p>\n<p class=\"link-more\"><a href=\"https:\/\/sites.usp.br\/rcgi\/programa-de-abatimento-de-co2\/\" class=\"more-link\">Continue lendo<span class=\"screen-reader-text\"> &#8220;Programa de Abatimento de CO2&#8221;<\/span><\/a><\/p>\n","protected":false},"author":23409,"featured_media":0,"parent":0,"menu_order":6,"comment_status":"closed","ping_status":"closed","template":"","meta":{"_acf_changed":false,"_EventAllDay":false,"_EventTimezone":"","_EventStartDate":"","_EventEndDate":"","_EventStartDateUTC":"","_EventEndDateUTC":"","_EventShowMap":false,"_EventShowMapLink":false,"_EventURL":"","_EventCost":"","_EventCostDescription":"","_EventCurrencySymbol":"","_EventCurrencyCode":"","_EventCurrencyPosition":"","_EventDateTimeSeparator":"","_EventTimeRangeSeparator":"","_EventOrganizerID":[],"_EventVenueID":[],"_OrganizerEmail":"","_OrganizerPhone":"","_OrganizerWebsite":"","_VenueAddress":"","_VenueCity":"","_VenueCountry":"","_VenueProvince":"","_VenueState":"","_VenueZip":"","_VenuePhone":"","_VenueURL":"","_VenueStateProvince":"","_VenueLat":"","_VenueLng":"","_VenueShowMap":false,"_VenueShowMapLink":false,"footnotes":"","_links_to":"","_links_to_target":""},"class_list":["post-14110","page","type-page","status-publish","hentry"],"acf":[],"jetpack_sharing_enabled":true,"_links":{"self":[{"href":"https:\/\/sites.usp.br\/rcgi\/wp-json\/wp\/v2\/pages\/14110","targetHints":{"allow":["GET"]}}],"collection":[{"href":"https:\/\/sites.usp.br\/rcgi\/wp-json\/wp\/v2\/pages"}],"about":[{"href":"https:\/\/sites.usp.br\/rcgi\/wp-json\/wp\/v2\/types\/page"}],"author":[{"embeddable":true,"href":"https:\/\/sites.usp.br\/rcgi\/wp-json\/wp\/v2\/users\/23409"}],"replies":[{"embeddable":true,"href":"https:\/\/sites.usp.br\/rcgi\/wp-json\/wp\/v2\/comments?post=14110"}],"version-history":[{"count":0,"href":"https:\/\/sites.usp.br\/rcgi\/wp-json\/wp\/v2\/pages\/14110\/revisions"}],"wp:attachment":[{"href":"https:\/\/sites.usp.br\/rcgi\/wp-json\/wp\/v2\/media?parent=14110"}],"curies":[{"name":"wp","href":"https:\/\/api.w.org\/{rel}","templated":true}]}}