{"id":17092,"date":"2018-04-03T14:35:10","date_gmt":"2018-04-03T17:35:10","guid":{"rendered":"http:\/\/www.rcgi.poli.usp.br\/?page_id=17092\/"},"modified":"2018-04-03T14:35:10","modified_gmt":"2018-04-03T17:35:10","slug":"reinaldo-giudici","status":"publish","type":"page","link":"https:\/\/sites.usp.br\/rcgi\/about-rcgi\/team\/reinaldo-giudici\/","title":{"rendered":"Reinaldo Giudici"},"content":{"rendered":"<p>[vc_row][vc_column width=&#8221;1\/4&#8243;][vc_single_image image=&#8221;17849&#8243; img_size=&#8221;full&#8221; add_caption=&#8221;yes&#8221;][\/vc_column][vc_column width=&#8221;3\/4&#8243;][vc_custom_heading text=&#8221;Reinaldo Giudici&#8221; font_container=&#8221;tag:h2|text_align:left|line_height:1&#8243; google_fonts=&#8221;font_family:Raleway%3A100%2C200%2C300%2Cregular%2C500%2C600%2C700%2C800%2C900|font_style:700%20bold%20regular%3A700%3Anormal&#8221;][vc_custom_heading text=&#8221;Full Professor \/ PhD&#8221; font_container=&#8221;tag:h4|text_align:left|line_height:1&#8243; google_fonts=&#8221;font_family:Raleway%3A100%2C200%2C300%2Cregular%2C500%2C600%2C700%2C800%2C900|font_style:400%20regular%3A400%3Anormal&#8221;][vc_empty_space height=&#8221;10px&#8221;][vc_custom_heading text=&#8221;RCGI Director of the Physical Chemistry Programme&#8221; font_container=&#8221;tag:h4|text_align:left|line_height:1&#8243; google_fonts=&#8221;font_family:Raleway%3A100%2C200%2C300%2Cregular%2C500%2C600%2C700%2C800%2C900|font_style:400%20regular%3A400%3Anormal&#8221;][vc_custom_heading text=&#8221;University of S\u00e3o Paulo \/ Escola Polit\u00e9cnica \/ Dept. Chemical Engineering&#8221; font_container=&#8221;tag:h4|text_align:left|line_height:1&#8243; google_fonts=&#8221;font_family:Raleway%3A100%2C200%2C300%2Cregular%2C500%2C600%2C700%2C800%2C900|font_style:400%20regular%3A400%3Anormal&#8221;][vc_empty_space height=&#8221;10px&#8221;][vc_column_text]<img decoding=\"async\" class=\"alignnone size-full wp-image-20937\" src=\"https:\/\/www.rcgi.poli.usp.br\/wp-content\/uploads\/2019\/07\/Email_ProfessorReinadoGiudici_RCGI.png\" alt=\"\" width=\"118\" height=\"17\" \/>[\/vc_column_text][vc_empty_space height=&#8221;12px&#8221;][vc_column_text]<a href=\"http:\/\/buscatextual.cnpq.br\/buscatextual\/visualizacv.do?id=K4780764A1\" target=\"_blank\" rel=\"noopener noreferrer\"> <img decoding=\"async\" class=\"alignnone size-full wp-image-3682\" src=\"\/wp-content\/uploads\/2016\/02\/plataforma-lattes.jpg\" alt=\"plataforma-lattes\" width=\"15\" height=\"18\" \/> CV Lattes<\/a>\u00a0 \u00a0 \u00a0<a href=\"http:\/\/www.researcherid.com\/rid\/C-3467-2012\" target=\"_blank\" rel=\"noopener noreferrer\"><img decoding=\"async\" class=\"alignnone size-full wp-image-3685\" src=\"\/wp-content\/uploads\/2016\/02\/researcherid.gif\" alt=\"researcherid\" width=\"16\" height=\"16\" \/> ResearcherID<\/a>\u00a0 \u00a0 \u00a0<a href=\"https:\/\/scholar.google.com.br\/citations?user=OxFVx8oAAAAJ\" target=\"_blank\" rel=\"noopener noreferrer\"><img loading=\"lazy\" decoding=\"async\" class=\"alignnone size-full wp-image-3686\" src=\"\/wp-content\/uploads\/2016\/02\/google.jpg\" alt=\"google\" width=\"16\" height=\"16\" \/> GoogleMyCitations <\/a>[\/vc_column_text][\/vc_column][\/vc_row][vc_row][vc_column][vc_separator color=&#8221;#545454&#8243; padding_top=&#8221;32&#8243; padding_bottom=&#8221;22&#8243;][\/vc_column][\/vc_row][vc_row][vc_column][vc_custom_heading text=&#8221;Biography&#8221; font_container=&#8221;tag:h3|text_align:left|line_height:1&#8243; google_fonts=&#8221;font_family:Raleway%3A100%2C200%2C300%2Cregular%2C500%2C600%2C700%2C800%2C900|font_style:600%20bold%20regular%3A600%3Anormal&#8221;][vc_empty_space height=&#8221;10px&#8221;][vc_column_text]Reinaldo Giudici has a B.Sc. degree in Chemical Engineering (1983, University of S\u00e3o Paulo), M.Sc. (1986) and D.Sc. (1990) in Chemical Engineering (University of S\u00e3o Paulo) and developed Post-Doctoral activities as a visiting researcher at McMaster University, Canad\u00e1 (1992-1993). Since 1999 he is a Full Professor of Chemical Engineering at the Polytechnic School of the University of S\u00e3o Paulo (EPUSP). He holds a Senior Researcher Fellowship (level 1A) of the National Council of Technological and Scientific Development (CNPq). Currently, he is the coordinator of the Committee of Engineering II of CAPES (since 2014) and member of the Engineering Area Panel of FAPESP (since 2016).<\/p>\n<p>Since 2008, he is the Editor-in-Chief of the Brazilian Journal of Chemical Engineering. His main research interests are: mathematical modeling, simulation and optimization of chemical processes, chemical reaction engineering, polymer reaction engineering, online monitoring of chemical processes. He is enrolled on the RCGI-Research Centre for Gas Innovation (Shell-FAPESP) as Director of the Physical-Chemistry Programme and is the Brazilian Principal Investigator of the Project \u201cSustainable gas pathways for Brazil; from microcosm to macrocosm\u201c (NERC-FAPESP).[\/vc_column_text][\/vc_column][\/vc_row]<\/p>\n","protected":false},"excerpt":{"rendered":"<p>[vc_row][vc_column width=&#8221;1\/4&#8243;][vc_single_image image=&#8221;17849&#8243; img_size=&#8221;full&#8221; add_caption=&#8221;yes&#8221;][\/vc_column][vc_column width=&#8221;3\/4&#8243;][vc_custom_heading text=&#8221;Reinaldo Giudici&#8221; font_container=&#8221;tag:h2|text_align:left|line_height:1&#8243; google_fonts=&#8221;font_family:Raleway%3A100%2C200%2C300%2Cregular%2C500%2C600%2C700%2C800%2C900|font_style:700%20bold%20regular%3A700%3Anormal&#8221;][vc_custom_heading text=&#8221;Full Professor \/ PhD&#8221; font_container=&#8221;tag:h4|text_align:left|line_height:1&#8243; google_fonts=&#8221;font_family:Raleway%3A100%2C200%2C300%2Cregular%2C500%2C600%2C700%2C800%2C900|font_style:400%20regular%3A400%3Anormal&#8221;][vc_empty_space height=&#8221;10px&#8221;][vc_custom_heading text=&#8221;RCGI Director of the Physical Chemistry Programme&#8221; font_container=&#8221;tag:h4|text_align:left|line_height:1&#8243; google_fonts=&#8221;font_family:Raleway%3A100%2C200%2C300%2Cregular%2C500%2C600%2C700%2C800%2C900|font_style:400%20regular%3A400%3Anormal&#8221;][vc_custom_heading text=&#8221;University of S\u00e3o Paulo &hellip; <\/p>\n<p class=\"link-more\"><a href=\"https:\/\/sites.usp.br\/rcgi\/about-rcgi\/team\/reinaldo-giudici\/\" class=\"more-link\">Continue lendo<span class=\"screen-reader-text\"> &#8220;Reinaldo Giudici&#8221;<\/span><\/a><\/p>\n","protected":false},"author":23409,"featured_media":0,"parent":11470,"menu_order":0,"comment_status":"closed","ping_status":"closed","template":"","meta":{"_acf_changed":false,"_EventAllDay":false,"_EventTimezone":"","_EventStartDate":"","_EventEndDate":"","_EventStartDateUTC":"","_EventEndDateUTC":"","_EventShowMap":false,"_EventShowMapLink":false,"_EventURL":"","_EventCost":"","_EventCostDescription":"","_EventCurrencySymbol":"","_EventCurrencyCode":"","_EventCurrencyPosition":"","_EventDateTimeSeparator":"","_EventTimeRangeSeparator":"","_EventOrganizerID":[],"_EventVenueID":[],"_OrganizerEmail":"","_OrganizerPhone":"","_OrganizerWebsite":"","_VenueAddress":"","_VenueCity":"","_VenueCountry":"","_VenueProvince":"","_VenueState":"","_VenueZip":"","_VenuePhone":"","_VenueURL":"","_VenueStateProvince":"","_VenueLat":"","_VenueLng":"","_VenueShowMap":false,"_VenueShowMapLink":false,"footnotes":"","_links_to":"","_links_to_target":""},"class_list":["post-17092","page","type-page","status-publish","hentry"],"acf":[],"jetpack_sharing_enabled":true,"_links":{"self":[{"href":"https:\/\/sites.usp.br\/rcgi\/wp-json\/wp\/v2\/pages\/17092","targetHints":{"allow":["GET"]}}],"collection":[{"href":"https:\/\/sites.usp.br\/rcgi\/wp-json\/wp\/v2\/pages"}],"about":[{"href":"https:\/\/sites.usp.br\/rcgi\/wp-json\/wp\/v2\/types\/page"}],"author":[{"embeddable":true,"href":"https:\/\/sites.usp.br\/rcgi\/wp-json\/wp\/v2\/users\/23409"}],"replies":[{"embeddable":true,"href":"https:\/\/sites.usp.br\/rcgi\/wp-json\/wp\/v2\/comments?post=17092"}],"version-history":[{"count":0,"href":"https:\/\/sites.usp.br\/rcgi\/wp-json\/wp\/v2\/pages\/17092\/revisions"}],"up":[{"embeddable":true,"href":"https:\/\/sites.usp.br\/rcgi\/wp-json\/wp\/v2\/pages\/11470"}],"wp:attachment":[{"href":"https:\/\/sites.usp.br\/rcgi\/wp-json\/wp\/v2\/media?parent=17092"}],"curies":[{"name":"wp","href":"https:\/\/api.w.org\/{rel}","templated":true}]}}