{"id":21074,"date":"2019-07-26T12:35:15","date_gmt":"2019-07-26T15:35:15","guid":{"rendered":"https:\/\/www.rcgi.poli.usp.br\/?page_id=21074"},"modified":"2023-07-03T11:56:35","modified_gmt":"2023-07-03T14:56:35","slug":"multipurpose_equipment","status":"publish","type":"page","link":"https:\/\/sites.usp.br\/rcgi\/about-rcgi\/resources\/multipurpose_equipment\/","title":{"rendered":"Multipurpose Equipment"},"content":{"rendered":"\t\t<div data-elementor-type=\"wp-page\" data-elementor-id=\"21074\" class=\"elementor elementor-21074\" data-elementor-post-type=\"page\">\n\t\t\t\t\t\t<section class=\"elementor-section elementor-top-section elementor-element elementor-element-9993889 elementor-section-full_width elementor-section-stretched elementor-section-height-default elementor-section-height-default\" data-id=\"9993889\" data-element_type=\"section\" data-settings=\"{&quot;stretch_section&quot;:&quot;section-stretched&quot;}\">\n\t\t\t\t\t\t<div class=\"elementor-container elementor-column-gap-default\">\n\t\t\t\t\t<div class=\"elementor-column elementor-col-100 elementor-top-column elementor-element elementor-element-19c7ef9\" data-id=\"19c7ef9\" data-element_type=\"column\">\n\t\t\t<div class=\"elementor-widget-wrap elementor-element-populated\">\n\t\t\t\t\t\t<div class=\"elementor-element elementor-element-e02b44c elementor-widget elementor-widget-heading\" data-id=\"e02b44c\" data-element_type=\"widget\" data-widget_type=\"heading.default\">\n\t\t\t\t<div class=\"elementor-widget-container\">\n\t\t\t<p class=\"elementor-heading-title elementor-size-default\">RESOURCES<\/p>\t\t<\/div>\n\t\t\t\t<\/div>\n\t\t\t\t<div class=\"elementor-element elementor-element-f00a481 elementor-widget elementor-widget-heading\" data-id=\"f00a481\" data-element_type=\"widget\" data-widget_type=\"heading.default\">\n\t\t\t\t<div class=\"elementor-widget-container\">\n\t\t\t<h2 class=\"elementor-heading-title elementor-size-default\">Multipurpose Equipament<\/h2>\t\t<\/div>\n\t\t\t\t<\/div>\n\t\t\t\t<div class=\"elementor-element elementor-element-284a8e7 elementor-widget-divider--view-line elementor-widget elementor-widget-divider\" data-id=\"284a8e7\" data-element_type=\"widget\" data-widget_type=\"divider.default\">\n\t\t\t\t<div class=\"elementor-widget-container\">\n\t\t\t\t\t<div class=\"elementor-divider\">\n\t\t\t<span class=\"elementor-divider-separator\">\n\t\t\t\t\t\t<\/span>\n\t\t<\/div>\n\t\t\t\t<\/div>\n\t\t\t\t<\/div>\n\t\t\t\t<div class=\"elementor-element elementor-element-caba862 elementor-widget elementor-widget-accordion\" data-id=\"caba862\" data-element_type=\"widget\" data-widget_type=\"accordion.default\">\n\t\t\t\t<div class=\"elementor-widget-container\">\n\t\t\t\t\t<div class=\"elementor-accordion\">\n\t\t\t\t\t\t\t<div class=\"elementor-accordion-item\">\n\t\t\t\t\t<div id=\"elementor-tab-title-2121\" class=\"elementor-tab-title\" data-tab=\"1\" role=\"button\" aria-controls=\"elementor-tab-content-2121\" aria-expanded=\"false\">\n\t\t\t\t\t\t\t\t\t\t\t\t\t<span class=\"elementor-accordion-icon elementor-accordion-icon-left\" aria-hidden=\"true\">\n\t\t\t\t\t\t\t\t\t\t\t\t\t\t\t<span class=\"elementor-accordion-icon-closed\"><i class=\"fas fa-chevron-down\"><\/i><\/span>\n\t\t\t\t\t\t\t\t<span class=\"elementor-accordion-icon-opened\"><i class=\"fas fa-chevron-up\"><\/i><\/span>\n\t\t\t\t\t\t\t\t\t\t\t\t\t\t<\/span>\n\t\t\t\t\t\t\t\t\t\t\t\t<a class=\"elementor-accordion-title\" tabindex=\"0\">Optical Access Internal Combustion Engine<\/a>\n\t\t\t\t\t<\/div>\n\t\t\t\t\t<div id=\"elementor-tab-content-2121\" class=\"elementor-tab-content elementor-clearfix\" data-tab=\"1\" role=\"region\" aria-labelledby=\"elementor-tab-title-2121\"><p><strong>Name<br \/><\/strong>Optical Access Internal Combustion Engine<br \/><strong><br \/>Origin<br \/><\/strong>FAPESP<br \/><strong><br \/>Presentation<br \/><\/strong>The monocylinder internal combustion engine with lateral and lower optical access (under piston) is an excellent research and development tool for combustion concepts, hardware parts, injection probes, engine management systems, etc.<br \/><strong><br \/>Manufacturer<br \/><\/strong>AVL<br \/><strong><br \/>Year of acquisition<br \/><\/strong>2016<\/p><p><strong>Responsible Researcher and Equipment Administrator<br \/><\/strong>Unit: Polytechnic School \/ Department of Mechanical Engineering \u2013 EPUSP \/ PME<br \/>Name: Guenther Carlos Krieger Filho<br \/>Email: guenther@usp.br<br \/><strong><em>To access the equipment, contact the researcher in charge.<\/em><\/strong><\/p><div id=\"z6maec\" class=\"tw-ta-container tw-nfl\"><pre id=\"tw-target-rmn\" class=\"tw-data-placeholder tw-text-small tw-ta\" dir=\"ltr\" data-placeholder=\"\">\u00a0<\/pre><\/div><p><strong>Location<\/strong><br \/>Unit: Polytechnic School (EPUSP)<br \/>Department: Mechanical Engineering<br \/>Address: Av. Mello Moraes, 2231 \u2013 Cidade Universit\u00e1ria, S\u00e3o Paulo<br \/><strong><br \/>Description<br \/><\/strong>The engine allows the application of optical diagnostics to study the air movement in the cylinder, mixing and combustion processes. There are two optical accesses: lateral of the cylinder and below the piston, thus allowing the visualization \/ measurement of the quantities associated with the combustion and expansion of the gases in more than one direction.The engine also allows assembling in all metal parts (without optical access) for longer lasting testing (conventional thermodynamic studies).<br \/><strong><br \/>Offered services<br \/><\/strong>Measurements of quantities associated with velocity, temperature, droplet size, characterization of combustible sprays, OH radicals. These quantities are measured by using the EMUs described on Laser Systems for Combustion Diagnostics.<\/p><\/div>\n\t\t\t\t<\/div>\n\t\t\t\t\t\t\t<div class=\"elementor-accordion-item\">\n\t\t\t\t\t<div id=\"elementor-tab-title-2122\" class=\"elementor-tab-title\" data-tab=\"2\" role=\"button\" aria-controls=\"elementor-tab-content-2122\" aria-expanded=\"false\">\n\t\t\t\t\t\t\t\t\t\t\t\t\t<span class=\"elementor-accordion-icon elementor-accordion-icon-left\" aria-hidden=\"true\">\n\t\t\t\t\t\t\t\t\t\t\t\t\t\t\t<span class=\"elementor-accordion-icon-closed\"><i class=\"fas fa-chevron-down\"><\/i><\/span>\n\t\t\t\t\t\t\t\t<span class=\"elementor-accordion-icon-opened\"><i class=\"fas fa-chevron-up\"><\/i><\/span>\n\t\t\t\t\t\t\t\t\t\t\t\t\t\t<\/span>\n\t\t\t\t\t\t\t\t\t\t\t\t<a class=\"elementor-accordion-title\" tabindex=\"0\">Laser Systems for Combustion Diagnostics<\/a>\n\t\t\t\t\t<\/div>\n\t\t\t\t\t<div id=\"elementor-tab-content-2122\" class=\"elementor-tab-content elementor-clearfix\" data-tab=\"2\" role=\"region\" aria-labelledby=\"elementor-tab-title-2122\"><p><strong>Name<br \/><\/strong>Laser Systems for Combustion Diagnostics<\/p><p><strong>Origin<br \/><\/strong>FAPESP<\/p><p><strong>Presentation<br \/><\/strong>Laser measurement systems that allow velocity field characterization (PIV \u2013 Particle Image Velocimetry); OH radical (LIF \u2013 Laser Induced Fluorescence); Temperature (LIP \u2013 Laser Induced Phosphorescence) in confined flames; and spray characterization (LDA \u2013 Laser Doppler Anemometer and PDPA \u00a0\u2013 Phase Doppler Particle Analyzer).<\/p><p><strong>Manufacturer<br \/><\/strong>Dantec Dynamics<\/p><p><strong>Year of acquisition<br \/><\/strong>2013 (PIV), 2013 (LIF), 2016 (LIP)<\/p><p><strong>Responsible Researcher and Equipment Administrator<\/strong><br \/>Unit: Polytechnic School \/ Department of Mechanical Engineering \u2013 EPUSP \/ PME<br \/>Name: Guenther Carlos Krieger Filho<br \/>Email: guenther@usp.br<br \/><strong><em>To access the equipment, contact the researcher in charge.<\/em><\/strong><\/p><p><strong>Location<\/strong><br \/>Unit: Polytechnic School (EPUSP)<br \/>Department: Mechanical Engineering<br \/>Address: Av. Mello Moraes, 2231 \u2013 Cidade Universit\u00e1ria, S\u00e3o Paulo<\/p><p><strong>Description<br \/><\/strong>These instruments allow excellent flow characterization, reactive or not, providing measurements at high sampling rates that allow knowledge of turbulent fluctuations in velocity, temperature, OH radical concentration and sprays characterization (distributions and droplet sizes).<\/p><p><strong>Offered services<br \/><\/strong>Mapping of mean and instantaneous fields of velocity, temperature, OH radical in translucent or non-reactive translucent flows and measurement of droplet sizes (and distribution) in sprays.<\/p><\/div>\n\t\t\t\t<\/div>\n\t\t\t\t\t\t\t<div class=\"elementor-accordion-item\">\n\t\t\t\t\t<div id=\"elementor-tab-title-2123\" class=\"elementor-tab-title\" data-tab=\"3\" role=\"button\" aria-controls=\"elementor-tab-content-2123\" aria-expanded=\"false\">\n\t\t\t\t\t\t\t\t\t\t\t\t\t<span class=\"elementor-accordion-icon elementor-accordion-icon-left\" aria-hidden=\"true\">\n\t\t\t\t\t\t\t\t\t\t\t\t\t\t\t<span class=\"elementor-accordion-icon-closed\"><i class=\"fas fa-chevron-down\"><\/i><\/span>\n\t\t\t\t\t\t\t\t<span class=\"elementor-accordion-icon-opened\"><i class=\"fas fa-chevron-up\"><\/i><\/span>\n\t\t\t\t\t\t\t\t\t\t\t\t\t\t<\/span>\n\t\t\t\t\t\t\t\t\t\t\t\t<a class=\"elementor-accordion-title\" tabindex=\"0\">Analysis of microbial metabolites by mass spectrometry <\/a>\n\t\t\t\t\t<\/div>\n\t\t\t\t\t<div id=\"elementor-tab-content-2123\" class=\"elementor-tab-content elementor-clearfix\" data-tab=\"3\" role=\"region\" aria-labelledby=\"elementor-tab-title-2123\"><p><strong>Name<br \/><\/strong>Analysis of microbial metabolites by mass spectrometry<\/p><p><strong>Origin<br \/><\/strong>FAPESP<\/p><p><strong>Presentation<br \/><\/strong>Multi-user Equipament approved in grant 2014-50279-4: Massspectrometerwith triple-typeanalyzerQuadrupole \u2013<\/p><p><strong>Manufacturer<br \/><\/strong>Shimadzu, model LCMS-8040<\/p><p><strong>Year of acquisition<br \/><\/strong>2019<\/p><p><strong>Responsible Researcher<br \/><\/strong>Unidade: Escola Polit\u00e9cnica \/ Departamento de Engenharia Mec\u00e2nica \u2013 EPUSP \/PME<br \/>Nome: Julio Romano Meneghini<br \/>E-mail:\u00a0<a href=\"mailto:jmeneg@usp.br\">jmeneg@usp.br<\/a><\/p><p><strong>Equipment Administrator<br \/><\/strong>Prof. Claudio Oller do Nascimento<br \/>E-mail:\u00a0<a href=\"mailto:oller@usp.br\">oller@usp.br<\/a><\/p><p>Prof\u00aa. Elen Aquino Perpetuo<br \/>E-mail: perpetuoe@usp.br<br \/><em><strong><span lang=\"en\" tabindex=\"0\">To access the equipment, contact the administrators.<\/span><\/strong><\/em><\/p><p><strong>Location<br \/><\/strong>Unit: Polytechnic School (EPUSP)<br \/>Department: Chemical Engineeiring ( CEPEMA )<br \/>Address: \u00a0Rodovia C\u00f4nego Dom\u00eanico Rangoni, Km 270 \u2013 Cubat\u00e3o (SP) \u2013 CEP: 11573-000<br \/>Fone: (13) 3362.9369\u00a0\u2013\u00a0(13) 3362.9358<\/p><p><strong>Description<br \/><\/strong>This equipment (LC \/ MS) combines the separation power of high performance liquid chromatography (HPLC) from high molecular weight compounds with the ability of the mass spectrometer (MS) to selectively detect and confirm molecular identity. The main applications are in pharmaceutical research, environmental analysis, food analysis and forensic medicine.<\/p><p><strong>Offered services<br \/><\/strong>Identification of molecules of interest by measuring their mass and characterizing their chemical structure.<\/p><\/div>\n\t\t\t\t<\/div>\n\t\t\t\t\t\t\t<div class=\"elementor-accordion-item\">\n\t\t\t\t\t<div id=\"elementor-tab-title-2124\" class=\"elementor-tab-title\" data-tab=\"4\" role=\"button\" aria-controls=\"elementor-tab-content-2124\" aria-expanded=\"false\">\n\t\t\t\t\t\t\t\t\t\t\t\t\t<span class=\"elementor-accordion-icon elementor-accordion-icon-left\" aria-hidden=\"true\">\n\t\t\t\t\t\t\t\t\t\t\t\t\t\t\t<span class=\"elementor-accordion-icon-closed\"><i class=\"fas fa-chevron-down\"><\/i><\/span>\n\t\t\t\t\t\t\t\t<span class=\"elementor-accordion-icon-opened\"><i class=\"fas fa-chevron-up\"><\/i><\/span>\n\t\t\t\t\t\t\t\t\t\t\t\t\t\t<\/span>\n\t\t\t\t\t\t\t\t\t\t\t\t<a class=\"elementor-accordion-title\" tabindex=\"0\">Autochem II 2920-Micromeritics<\/a>\n\t\t\t\t\t<\/div>\n\t\t\t\t\t<div id=\"elementor-tab-content-2124\" class=\"elementor-tab-content elementor-clearfix\" data-tab=\"4\" role=\"region\" aria-labelledby=\"elementor-tab-title-2124\"><p><strong>Name<br \/><\/strong>Autochem II 2920-Micromeritics.<\/p><p><strong>Origin<br \/><\/strong>FAPESP<\/p><p><strong>Presentation<br \/><\/strong>Multi-user Equipament approved in grant 2014-50279-4<\/p><p><strong>Manufacturer<br \/><\/strong>Micromeritics \u2013 Autochem 2920<\/p><p><strong>Year of acquisition<br \/><\/strong>2019<\/p><p><strong>Responsible Researcher<br \/><\/strong>Unidade: Escola Polit\u00e9cnica \/ Departamento de Engenharia Mec\u00e2nica \u2013 EPUSP \/PME<br \/>Nome: Julio Romano Meneghini<br \/>E-mail:\u00a0<u><a href=\"mailto:jmeneg@usp.br\">jmeneg@usp.br<\/a><\/u><\/p><p><strong>Equipment Administrator<br \/><\/strong>Profa. Rita Maria de Brito Alves<br \/>E-mail:\u00a0<u><a href=\"mailto:oller@usp.br\">rmbalves@usp.br<\/a><\/u><\/p><p><strong><em>To access the equipment, contact the administrator.<\/em><\/strong><\/p><p><strong>Location<br \/><\/strong>Unit: Polytechnic School (EPUSP)<br \/>Department: Chemical Engineering<br \/>Rua do Lago, 250; Pr\u00e9dio Semi-Industrial, Bloco B, T\u00e9rreo<\/p><p>LaPCat \u2013 Laborat\u00f3rio de Pesquisas e Inova\u00e7\u00e3o em Processos Catal\u00edticos<br \/>Fone: (11) 3091 2265\u00a0 (provis\u00f3rio)<\/p><p><strong>Description<br \/><\/strong>The chemisortion equipment (AutoChem II 2920, Micromeritics) is a fully automated chemisorption analyzer that can conduct a comprehensive array of highly precise studies of chemical adsorption and temperature- programmed reactions. The AutoChem II 2920 performs pulse chemisorptions, temperature-programmed reduction (TPR), desorption (TPD), oxidation (TPO).The products of the reactions are automatically analyzed by a TCD detector. From these analyses it is possible to obtain important information about the physical and chemical properties of catalysts, catalyst supports, or other materials. For example, it can determine catalytic properties such as percent of metal dispersion, active metal surface area, acid strength, surface acidity, distribution of strength of active sites, BET surface area, and more.<\/p><p><strong>Offered services<br \/><\/strong>Typical applications for the AutoChem II 2920 include: surface metals; dispersion of the metal; average crystallite size; oxidation at programmed temperature (TPO); reduction to the programmed temperature (TPR); desorption at programmed temperature (TPD); pulsed chemisorption; oxygen desorption heat; oxygen dissociating heat; ammonia chemisorption; ammonia desorption at the programmed temperature.<\/p><\/div>\n\t\t\t\t<\/div>\n\t\t\t\t\t\t\t\t<\/div>\n\t\t\t\t<\/div>\n\t\t\t\t<\/div>\n\t\t\t\t\t<\/div>\n\t\t<\/div>\n\t\t\t\t\t<\/div>\n\t\t<\/section>\n\t\t\t\t<\/div>\n\t\t","protected":false},"excerpt":{"rendered":"<p>RESOURCES Multipurpose Equipament Optical Access Internal Combustion Engine NameOptical Access Internal Combustion EngineOriginFAPESPPresentationThe monocylinder internal combustion engine with lateral and lower optical access (under piston) is an excellent research and &hellip; <\/p>\n<p class=\"link-more\"><a href=\"https:\/\/sites.usp.br\/rcgi\/about-rcgi\/resources\/multipurpose_equipment\/\" class=\"more-link\">Continue lendo<span class=\"screen-reader-text\"> &#8220;Multipurpose Equipment&#8221;<\/span><\/a><\/p>\n","protected":false},"author":23409,"featured_media":0,"parent":36666,"menu_order":38,"comment_status":"closed","ping_status":"closed","template":"elementor_header_footer","meta":{"_acf_changed":false,"_EventAllDay":false,"_EventTimezone":"","_EventStartDate":"","_EventEndDate":"","_EventStartDateUTC":"","_EventEndDateUTC":"","_EventShowMap":false,"_EventShowMapLink":false,"_EventURL":"","_EventCost":"","_EventCostDescription":"","_EventCurrencySymbol":"","_EventCurrencyCode":"","_EventCurrencyPosition":"","_EventDateTimeSeparator":"","_EventTimeRangeSeparator":"","_EventOrganizerID":[],"_EventVenueID":[],"_OrganizerEmail":"","_OrganizerPhone":"","_OrganizerWebsite":"","_VenueAddress":"","_VenueCity":"","_VenueCountry":"","_VenueProvince":"","_VenueState":"","_VenueZip":"","_VenuePhone":"","_VenueURL":"","_VenueStateProvince":"","_VenueLat":"","_VenueLng":"","_VenueShowMap":false,"_VenueShowMapLink":false,"footnotes":"","_links_to":"","_links_to_target":""},"class_list":["post-21074","page","type-page","status-publish","hentry"],"acf":[],"jetpack_sharing_enabled":true,"_links":{"self":[{"href":"https:\/\/sites.usp.br\/rcgi\/wp-json\/wp\/v2\/pages\/21074","targetHints":{"allow":["GET"]}}],"collection":[{"href":"https:\/\/sites.usp.br\/rcgi\/wp-json\/wp\/v2\/pages"}],"about":[{"href":"https:\/\/sites.usp.br\/rcgi\/wp-json\/wp\/v2\/types\/page"}],"author":[{"embeddable":true,"href":"https:\/\/sites.usp.br\/rcgi\/wp-json\/wp\/v2\/users\/23409"}],"replies":[{"embeddable":true,"href":"https:\/\/sites.usp.br\/rcgi\/wp-json\/wp\/v2\/comments?post=21074"}],"version-history":[{"count":4,"href":"https:\/\/sites.usp.br\/rcgi\/wp-json\/wp\/v2\/pages\/21074\/revisions"}],"predecessor-version":[{"id":36728,"href":"https:\/\/sites.usp.br\/rcgi\/wp-json\/wp\/v2\/pages\/21074\/revisions\/36728"}],"up":[{"embeddable":true,"href":"https:\/\/sites.usp.br\/rcgi\/wp-json\/wp\/v2\/pages\/36666"}],"wp:attachment":[{"href":"https:\/\/sites.usp.br\/rcgi\/wp-json\/wp\/v2\/media?parent=21074"}],"curies":[{"name":"wp","href":"https:\/\/api.w.org\/{rel}","templated":true}]}}