{"id":21227,"date":"2019-08-02T14:48:23","date_gmt":"2019-08-02T17:48:23","guid":{"rendered":"https:\/\/www.rcgi.poli.usp.br\/?page_id=21227"},"modified":"2019-08-02T14:48:23","modified_gmt":"2019-08-02T17:48:23","slug":"programa-de-geofisica","status":"publish","type":"page","link":"https:\/\/sites.usp.br\/rcgi\/programa-de-geofisica\/","title":{"rendered":"Programa de Geof\u00edsica"},"content":{"rendered":"<p>[vc_row][vc_column][vc_product_feature title=&#8221;PROGRAMA DE GEOF\u00cdSICA&#8221; font_size=&#8221;18&#8243; title_color=&#8221;#444444&#8243; icon=&#8221;21051&#8243;][\/vc_product_feature][vc_empty_space][vc_column_text]<\/p>\n<p id=\"tw-target-text\" dir=\"ltr\" data-placeholder=\"Tradu\u00e7\u00e3o\"><span lang=\"pt\">Os projetos do Research Centre for Greenhouse Gas Innovation &#8211; RCGI investigam os aspectos tecnol\u00f3gico, cient\u00edfico e mercadol\u00f3gico para melhor utiliza\u00e7\u00e3o do g\u00e1s natural na matriz energ\u00e9tica brasileira e como combust\u00edvel para o transporte. <\/span><\/p>\n<p dir=\"ltr\" data-placeholder=\"Tradu\u00e7\u00e3o\"><span lang=\"pt\">S\u00e3o temas de interesse de pesquisa do Centro:<\/span><\/p>\n<ul>\n<li dir=\"ltr\" data-placeholder=\"Tradu\u00e7\u00e3o\"><span lang=\"pt\">as usinas t\u00e9rmicas de nova gera\u00e7\u00e3o;<\/span><\/li>\n<li dir=\"ltr\" data-placeholder=\"Tradu\u00e7\u00e3o\"><span lang=\"pt\">os problemas relativos ao transporte e armazenamento de g\u00e1s natural; e<\/span><\/li>\n<li dir=\"ltr\" data-placeholder=\"Tradu\u00e7\u00e3o\"><span lang=\"pt\">t\u00f3picos-chave para o sucesso do g\u00e1s como o grande combust\u00edvel do s\u00e9culo XXI.<\/span><\/li>\n<\/ul>\n<p>[\/vc_column_text][vc_empty_space][vc_separator][vc_empty_space][vc_custom_heading text=&#8221;Clique no projeto abaixo para mais detalhes&#8221; font_container=&#8221;tag:h3|text_align:left|color:%23444444&#8243; use_theme_fonts=&#8221;yes&#8221;][vc_empty_space][vc_custom_heading text=&#8221;Projeto 46 &#8211; Desenvolvimento de t\u00e9cnicas num\u00e9ricas e software para problemas de invers\u00e3o com aplica\u00e7\u00f5es em processamento s\u00edsmico&#8221; font_container=&#8221;tag:h5|text_align:left|color:%231e73be&#8221; use_theme_fonts=&#8221;yes&#8221; link=&#8221;url:https%3A%2F%2Fwww.rcgi.poli.usp.br%2Fpt-br%2Fprogramas-e-projetos%2Fprograma-de-geofisica%2Fprojeto-46%2F||target:%20_blank|&#8221;][vc_separator][\/vc_column][\/vc_row]<\/p>\n","protected":false},"excerpt":{"rendered":"<p>[vc_row][vc_column][vc_product_feature title=&#8221;PROGRAMA DE GEOF\u00cdSICA&#8221; font_size=&#8221;18&#8243; title_color=&#8221;#444444&#8243; icon=&#8221;21051&#8243;][\/vc_product_feature][vc_empty_space][vc_column_text] Os projetos do Research Centre for Greenhouse Gas Innovation &#8211; RCGI investigam os aspectos tecnol\u00f3gico, cient\u00edfico e mercadol\u00f3gico para melhor utiliza\u00e7\u00e3o do g\u00e1s &hellip; <\/p>\n<p class=\"link-more\"><a href=\"https:\/\/sites.usp.br\/rcgi\/programa-de-geofisica\/\" class=\"more-link\">Continue lendo<span class=\"screen-reader-text\"> &#8220;Programa de Geof\u00edsica&#8221;<\/span><\/a><\/p>\n","protected":false},"author":23409,"featured_media":0,"parent":0,"menu_order":6,"comment_status":"closed","ping_status":"closed","template":"","meta":{"_acf_changed":false,"_EventAllDay":false,"_EventTimezone":"","_EventStartDate":"","_EventEndDate":"","_EventStartDateUTC":"","_EventEndDateUTC":"","_EventShowMap":false,"_EventShowMapLink":false,"_EventURL":"","_EventCost":"","_EventCostDescription":"","_EventCurrencySymbol":"","_EventCurrencyCode":"","_EventCurrencyPosition":"","_EventDateTimeSeparator":"","_EventTimeRangeSeparator":"","_EventOrganizerID":[],"_EventVenueID":[],"_OrganizerEmail":"","_OrganizerPhone":"","_OrganizerWebsite":"","_VenueAddress":"","_VenueCity":"","_VenueCountry":"","_VenueProvince":"","_VenueState":"","_VenueZip":"","_VenuePhone":"","_VenueURL":"","_VenueStateProvince":"","_VenueLat":"","_VenueLng":"","_VenueShowMap":false,"_VenueShowMapLink":false,"footnotes":"","_links_to":"","_links_to_target":""},"class_list":["post-21227","page","type-page","status-publish","hentry"],"acf":[],"jetpack_sharing_enabled":true,"_links":{"self":[{"href":"https:\/\/sites.usp.br\/rcgi\/wp-json\/wp\/v2\/pages\/21227","targetHints":{"allow":["GET"]}}],"collection":[{"href":"https:\/\/sites.usp.br\/rcgi\/wp-json\/wp\/v2\/pages"}],"about":[{"href":"https:\/\/sites.usp.br\/rcgi\/wp-json\/wp\/v2\/types\/page"}],"author":[{"embeddable":true,"href":"https:\/\/sites.usp.br\/rcgi\/wp-json\/wp\/v2\/users\/23409"}],"replies":[{"embeddable":true,"href":"https:\/\/sites.usp.br\/rcgi\/wp-json\/wp\/v2\/comments?post=21227"}],"version-history":[{"count":0,"href":"https:\/\/sites.usp.br\/rcgi\/wp-json\/wp\/v2\/pages\/21227\/revisions"}],"wp:attachment":[{"href":"https:\/\/sites.usp.br\/rcgi\/wp-json\/wp\/v2\/media?parent=21227"}],"curies":[{"name":"wp","href":"https:\/\/api.w.org\/{rel}","templated":true}]}}