{"id":3164,"date":"2016-02-04T11:20:55","date_gmt":"2016-02-04T14:20:55","guid":{"rendered":"http:\/\/www.rcgi.poli.usp.br\/\/?page_id=3164"},"modified":"2016-02-04T11:20:55","modified_gmt":"2016-02-04T14:20:55","slug":"programa-de-engenharia","status":"publish","type":"page","link":"https:\/\/sites.usp.br\/rcgi\/programa-de-engenharia\/","title":{"rendered":"Programa de Engenharia"},"content":{"rendered":"<p>[vc_row][vc_column][vc_product_feature title=&#8221;PROGRAMA DE ENGENHARIA&#8221; font_size=&#8221;18&#8243; title_color=&#8221;#444444&#8243; icon_type=&#8221;openiconic&#8221; icon_color=&#8221;#149b9e&#8221; icon_openiconic=&#8221;vc-oi vc-oi-cog&#8221;][\/vc_product_feature][vc_column_text]<\/p>\n<p style=\"text-align: justify\">RCGI inclui projetos que investigam as barreiras tecnol\u00f3gicas, cient\u00edficas e de mercado para uma maior utiliza\u00e7\u00e3o de g\u00e1s natural na matriz energ\u00e9tica brasileira e como combust\u00edvel para transporte. Inclui o desenvolvimento de usinas t\u00e9rmicas de nova gera\u00e7\u00e3o, problemas que envolvem o transporte e o armazenamento do g\u00e1s natural, al\u00e9m de t\u00f3picos fundamentais para o sucesso final do g\u00e1s como combust\u00edvel premium do s\u00e9culo 21.<\/p>\n<p>[\/vc_column_text][vc_empty_space][vc_separator color=&#8221;grey&#8221;][vc_empty_space][vc_custom_heading text=&#8221;Clique no projeto desejado para saber mais detalhes&#8221; font_container=&#8221;tag:h3|font_size:25|text_align:left|color:%233f3f3f&#8221; use_theme_fonts=&#8221;yes&#8221;][vc_empty_space height=&#8221;5px&#8221;][vc_custom_heading text=&#8221;Projeto 1 &#8211; Desenvolvimento de um queimador avan\u00e7ado de g\u00e1s natural usando o conceito oxy-chama&#8221; font_container=&#8221;tag:h5|text_align:left|color:%2305a0c0&#8243; google_fonts=&#8221;font_family:Raleway%3A100%2C200%2C300%2Cregular%2C500%2C600%2C700%2C800%2C900|font_style:500%20bold%20regular%3A500%3Anormal&#8221; link=&#8221;url:https%3A%2F%2Fwww.rcgi.poli.usp.br%2Fpt-br%2Fprogramas-e-projetos%2Fprograma-de-engenharia%2Fprojeto-1%2F|||&#8221;][vc_custom_heading text=&#8221;PROJETO CONCLU\u00cdDO EM 30 DE NOVEMBRO DE 2020&#8243; font_container=&#8221;tag:h5|text_align:left|color:%23f4c907&#8243; google_fonts=&#8221;font_family:Raleway%3A100%2C200%2C300%2Cregular%2C500%2C600%2C700%2C800%2C900|font_style:500%20bold%20regular%3A500%3Anormal&#8221; link=&#8221;|||&#8221;][vc_separator color=&#8221;&#8221; padding_top=&#8221;10&#8243; padding_bottom=&#8221;10&#8243;][vc_custom_heading text=&#8221;Projeto 2 &#8211; Laborat\u00f3rio de diagn\u00f3stico avan\u00e7ado de combsut\u00e3o&#8221; font_container=&#8221;tag:h5|text_align:left|color:%2305a0c0&#8243; google_fonts=&#8221;font_family:Raleway%3A100%2C200%2C300%2Cregular%2C500%2C600%2C700%2C800%2C900|font_style:500%20bold%20regular%3A500%3Anormal&#8221; link=&#8221;url:https%3A%2F%2Fwww.rcgi.poli.usp.br%2Fpt-br%2Fprogramas-e-projetos%2Fprograma-de-engenharia%2Fprojeto-2%2F|||&#8221;][vc_custom_heading text=&#8221;PROJETO CONCLU\u00cdDO EM 30 DE NOVEMBRO DE 2020&#8243; font_container=&#8221;tag:h5|text_align:left|color:%23f4c907&#8243; google_fonts=&#8221;font_family:Raleway%3A100%2C200%2C300%2Cregular%2C500%2C600%2C700%2C800%2C900|font_style:500%20bold%20regular%3A500%3Anormal&#8221; link=&#8221;|||&#8221;][vc_separator color=&#8221;&#8221; padding_top=&#8221;10&#8243; padding_bottom=&#8221;10&#8243;][vc_custom_heading text=&#8221;Projeto 3 &#8211; Sistemas avan\u00e7ados de combust\u00e3o de misturas gasosas e diesel para motores de combust\u00e3o interna que minimizem emiss\u00e3o de metano&#8221; font_container=&#8221;tag:h5|text_align:left|color:%2305a0c0&#8243; google_fonts=&#8221;font_family:Raleway%3A100%2C200%2C300%2Cregular%2C500%2C600%2C700%2C800%2C900|font_style:500%20bold%20regular%3A500%3Anormal&#8221; link=&#8221;url:https%3A%2F%2Fwww.rcgi.poli.usp.br%2Fpt-br%2Fprogramas-e-projetos%2Fprograma-de-engenharia%2Fprojeto-3%2F|||&#8221;][vc_custom_heading text=&#8221;PROJETO CONCLU\u00cdDO EM 30 DE NOVEMBRO DE 2020&#8243; font_container=&#8221;tag:h5|text_align:left|color:%23f4c907&#8243; google_fonts=&#8221;font_family:Raleway%3A100%2C200%2C300%2Cregular%2C500%2C600%2C700%2C800%2C900|font_style:500%20bold%20regular%3A500%3Anormal&#8221; link=&#8221;|||&#8221;][vc_separator color=&#8221;&#8221; padding_top=&#8221;10&#8243; padding_bottom=&#8221;10&#8243;][vc_custom_heading text=&#8221;Projeto 4 &#8211; Viabilidade\/projetos conceituais de navios eficientes e ambientalmente amig\u00e1veis com o g\u00e1s natural como combust\u00edvel&#8221; font_container=&#8221;tag:h5|text_align:left|color:%2305a0c0&#8243; google_fonts=&#8221;font_family:Raleway%3A100%2C200%2C300%2Cregular%2C500%2C600%2C700%2C800%2C900|font_style:500%20bold%20regular%3A500%3Anormal&#8221; link=&#8221;url:https%3A%2F%2Fwww.rcgi.poli.usp.br%2Fpt-br%2Fprogramas-e-projetos%2Fprograma-de-engenharia%2Fprojeto-4%2F|||&#8221;][vc_custom_heading text=&#8221;PROJETO CONCLU\u00cdDO EM 30 DE NOVEMBRO DE 2020&#8243; font_container=&#8221;tag:h5|text_align:left|color:%23f4c907&#8243; google_fonts=&#8221;font_family:Raleway%3A100%2C200%2C300%2Cregular%2C500%2C600%2C700%2C800%2C900|font_style:500%20bold%20regular%3A500%3Anormal&#8221; link=&#8221;|||&#8221;][vc_separator color=&#8221;&#8221; padding_top=&#8221;10&#8243; padding_bottom=&#8221;10&#8243;][vc_custom_heading text=&#8221;Projeto 5 &#8211; Otimiza\u00e7\u00e3o de projeto de sistemas de armazenagem de g\u00e1s natural por adsor\u00e7\u00e3o&#8221; font_container=&#8221;tag:h5|text_align:left|color:%2305a0c0&#8243; google_fonts=&#8221;font_family:Raleway%3A100%2C200%2C300%2Cregular%2C500%2C600%2C700%2C800%2C900|font_style:500%20bold%20regular%3A500%3Anormal&#8221; link=&#8221;url:https%3A%2F%2Fwww.rcgi.poli.usp.br%2Fpt-br%2Fprogramas-e-projetos%2Fprograma-de-engenharia%2Fprojeto-5%2F|||&#8221;][vc_custom_heading text=&#8221;PROJETO CONCLU\u00cdDO EM 30 DE NOVEMBRO DE 2020&#8243; font_container=&#8221;tag:h5|text_align:left|color:%23f4c907&#8243; google_fonts=&#8221;font_family:Raleway%3A100%2C200%2C300%2Cregular%2C500%2C600%2C700%2C800%2C900|font_style:500%20bold%20regular%3A500%3Anormal&#8221; link=&#8221;|||&#8221;][vc_separator color=&#8221;&#8221; padding_top=&#8221;10&#8243; padding_bottom=&#8221;10&#8243;][vc_custom_heading text=&#8221;Projeto 6 &#8211; Otimiza\u00e7\u00e3o baseada no m\u00e9todo adjunto para sistemas de armazenamento de g\u00e1s natural&#8221; font_container=&#8221;tag:h5|text_align:left|color:%2305a0c0&#8243; google_fonts=&#8221;font_family:Raleway%3A100%2C200%2C300%2Cregular%2C500%2C600%2C700%2C800%2C900|font_style:500%20bold%20regular%3A500%3Anormal&#8221; link=&#8221;url:https%3A%2F%2Fwww.rcgi.poli.usp.br%2Fpt-br%2Fprogramas-e-projetos%2Fprograma-de-engenharia%2Fprojeto-6%2F|||&#8221;][vc_custom_heading text=&#8221;PROJETO CONCLU\u00cdDO EM 30 DE NOVEMBRO DE 2020&#8243; font_container=&#8221;tag:h5|text_align:left|color:%23f4c907&#8243; google_fonts=&#8221;font_family:Raleway%3A100%2C200%2C300%2Cregular%2C500%2C600%2C700%2C800%2C900|font_style:500%20bold%20regular%3A500%3Anormal&#8221; link=&#8221;|||&#8221;][vc_separator color=&#8221;&#8221; padding_top=&#8221;10&#8243; padding_bottom=&#8221;10&#8243;][vc_custom_heading text=&#8221;Projeto 7 &#8211; Sistemas h\u00edbridos de pot\u00eancia para embarca\u00e7\u00f5es&#8221; font_container=&#8221;tag:h5|text_align:left|color:%2305a0c0&#8243; google_fonts=&#8221;font_family:Raleway%3A100%2C200%2C300%2Cregular%2C500%2C600%2C700%2C800%2C900|font_style:500%20bold%20regular%3A500%3Anormal&#8221; link=&#8221;url:https%3A%2F%2Fwww.rcgi.poli.usp.br%2Fpt-br%2Fprogramas-e-projetos%2Fprograma-de-engenharia%2Fprojeto-7%2F|||&#8221;][vc_custom_heading text=&#8221;PROJETO CONCLU\u00cdDO EM 30 DE NOVEMBRO DE 2020&#8243; font_container=&#8221;tag:h5|text_align:left|color:%23f4c907&#8243; google_fonts=&#8221;font_family:Raleway%3A100%2C200%2C300%2Cregular%2C500%2C600%2C700%2C800%2C900|font_style:500%20bold%20regular%3A500%3Anormal&#8221; link=&#8221;|||&#8221;][vc_separator color=&#8221;&#8221; padding_top=&#8221;10&#8243; padding_bottom=&#8221;10&#8243;][vc_custom_heading text=&#8221;Projeto 8 &#8211; Modelagem e simula\u00e7\u00e3o num\u00e9rica&#8221; font_container=&#8221;tag:h5|text_align:left|color:%2305a0c0&#8243; google_fonts=&#8221;font_family:Raleway%3A100%2C200%2C300%2Cregular%2C500%2C600%2C700%2C800%2C900|font_style:500%20bold%20regular%3A500%3Anormal&#8221; link=&#8221;url:https%3A%2F%2Fwww.rcgi.poli.usp.br%2Fpt-br%2Fprogramas-e-projetos%2Fprograma-de-engenharia%2Fprojeto-8%2F|||&#8221;][vc_custom_heading text=&#8221;PROJETO CONCLU\u00cdDO EM 30 DE NOVEMBRO DE 2020&#8243; font_container=&#8221;tag:h5|text_align:left|color:%23f4c907&#8243; google_fonts=&#8221;font_family:Raleway%3A100%2C200%2C300%2Cregular%2C500%2C600%2C700%2C800%2C900|font_style:500%20bold%20regular%3A500%3Anormal&#8221; link=&#8221;|||&#8221;][vc_separator color=&#8221;&#8221; padding_top=&#8221;10&#8243; padding_bottom=&#8221;10&#8243;][vc_custom_heading text=&#8221;Projeto 9 &#8211; Estudos da aplica\u00e7\u00e3o do m\u00e9todo de sensoriamento remoto com laser (lidar) para medi\u00e7\u00e3o de poluentes atmosf\u00e9ricos&#8221; font_container=&#8221;tag:h5|text_align:left|color:%2305a0c0&#8243; google_fonts=&#8221;font_family:Raleway%3A100%2C200%2C300%2Cregular%2C500%2C600%2C700%2C800%2C900|font_style:500%20bold%20regular%3A500%3Anormal&#8221; link=&#8221;url:https%3A%2F%2Fwww.rcgi.poli.usp.br%2Fpt-br%2Fprogramas-e-projetos%2Fprograma-de-engenharia%2Fprojeto-9%2F|||&#8221;][vc_custom_heading text=&#8221;PROJETO CONCLU\u00cdDO EM 30 DE NOVEMBRO DE 2020&#8243; font_container=&#8221;tag:h5|text_align:left|color:%23f4c907&#8243; google_fonts=&#8221;font_family:Raleway%3A100%2C200%2C300%2Cregular%2C500%2C600%2C700%2C800%2C900|font_style:500%20bold%20regular%3A500%3Anormal&#8221; link=&#8221;|||&#8221;][vc_separator color=&#8221;&#8221; padding_top=&#8221;10&#8243; padding_bottom=&#8221;10&#8243;][vc_custom_heading text=&#8221;Projeto 10 &#8211; Otimiza\u00e7\u00e3o topol\u00f3gica de juntas labirinto&#8221; font_container=&#8221;tag:h5|text_align:left|color:%2305a0c0&#8243; google_fonts=&#8221;font_family:Raleway%3A100%2C200%2C300%2Cregular%2C500%2C600%2C700%2C800%2C900|font_style:500%20bold%20regular%3A500%3Anormal&#8221; link=&#8221;url:http%3A%2F%2Fwww.rcgi.poli.usp.br%2Fpt-br%2Fprogramas-e-projetos%2Fprograma-de-engenharia%2Fprojeto-10%2F|||&#8221;][vc_custom_heading text=&#8221;PROJETO CONCLU\u00cdDO EM 30 DE NOVEMBRO DE 2020&#8243; font_container=&#8221;tag:h5|text_align:left|color:%23f4c907&#8243; google_fonts=&#8221;font_family:Raleway%3A100%2C200%2C300%2Cregular%2C500%2C600%2C700%2C800%2C900|font_style:500%20bold%20regular%3A500%3Anormal&#8221; link=&#8221;|||&#8221;][vc_separator color=&#8221;&#8221; padding_top=&#8221;10&#8243; padding_bottom=&#8221;10&#8243;][vc_custom_heading text=&#8221;Projeto 29 &#8211; Ve\u00edculo h\u00edbrido movido a gasolina, g\u00e1s natural ou biometano&#8221; font_container=&#8221;tag:h5|text_align:left|color:%2305a0c0&#8243; google_fonts=&#8221;font_family:Raleway%3A100%2C200%2C300%2Cregular%2C500%2C600%2C700%2C800%2C900|font_style:500%20bold%20regular%3A500%3Anormal&#8221; link=&#8221;url:http%3A%2F%2Fwww.rcgi.poli.usp.br%2Fpt-br%2Fprogramas-e-projetos%2Fprograma-de-engenharia%2Fprojeto-29%2F|||&#8221;][\/vc_column][\/vc_row]<\/p>\n","protected":false},"excerpt":{"rendered":"<p>[vc_row][vc_column][vc_product_feature title=&#8221;PROGRAMA DE ENGENHARIA&#8221; font_size=&#8221;18&#8243; title_color=&#8221;#444444&#8243; icon_type=&#8221;openiconic&#8221; icon_color=&#8221;#149b9e&#8221; icon_openiconic=&#8221;vc-oi vc-oi-cog&#8221;][\/vc_product_feature][vc_column_text] RCGI inclui projetos que investigam as barreiras tecnol\u00f3gicas, cient\u00edficas e de mercado para uma maior utiliza\u00e7\u00e3o de g\u00e1s natural na &hellip; <\/p>\n<p class=\"link-more\"><a href=\"https:\/\/sites.usp.br\/rcgi\/programa-de-engenharia\/\" class=\"more-link\">Continue lendo<span class=\"screen-reader-text\"> &#8220;Programa de Engenharia&#8221;<\/span><\/a><\/p>\n","protected":false},"author":23409,"featured_media":0,"parent":0,"menu_order":6,"comment_status":"closed","ping_status":"closed","template":"","meta":{"_acf_changed":false,"_EventAllDay":false,"_EventTimezone":"","_EventStartDate":"","_EventEndDate":"","_EventStartDateUTC":"","_EventEndDateUTC":"","_EventShowMap":false,"_EventShowMapLink":false,"_EventURL":"","_EventCost":"","_EventCostDescription":"","_EventCurrencySymbol":"","_EventCurrencyCode":"","_EventCurrencyPosition":"","_EventDateTimeSeparator":"","_EventTimeRangeSeparator":"","_EventOrganizerID":[],"_EventVenueID":[],"_OrganizerEmail":"","_OrganizerPhone":"","_OrganizerWebsite":"","_VenueAddress":"","_VenueCity":"","_VenueCountry":"","_VenueProvince":"","_VenueState":"","_VenueZip":"","_VenuePhone":"","_VenueURL":"","_VenueStateProvince":"","_VenueLat":"","_VenueLng":"","_VenueShowMap":false,"_VenueShowMapLink":false,"footnotes":"","_links_to":"","_links_to_target":""},"class_list":["post-3164","page","type-page","status-publish","hentry"],"acf":[],"jetpack_sharing_enabled":true,"_links":{"self":[{"href":"https:\/\/sites.usp.br\/rcgi\/wp-json\/wp\/v2\/pages\/3164","targetHints":{"allow":["GET"]}}],"collection":[{"href":"https:\/\/sites.usp.br\/rcgi\/wp-json\/wp\/v2\/pages"}],"about":[{"href":"https:\/\/sites.usp.br\/rcgi\/wp-json\/wp\/v2\/types\/page"}],"author":[{"embeddable":true,"href":"https:\/\/sites.usp.br\/rcgi\/wp-json\/wp\/v2\/users\/23409"}],"replies":[{"embeddable":true,"href":"https:\/\/sites.usp.br\/rcgi\/wp-json\/wp\/v2\/comments?post=3164"}],"version-history":[{"count":0,"href":"https:\/\/sites.usp.br\/rcgi\/wp-json\/wp\/v2\/pages\/3164\/revisions"}],"wp:attachment":[{"href":"https:\/\/sites.usp.br\/rcgi\/wp-json\/wp\/v2\/media?parent=3164"}],"curies":[{"name":"wp","href":"https:\/\/api.w.org\/{rel}","templated":true}]}}