{"id":32675,"date":"2023-05-07T15:45:09","date_gmt":"2023-05-07T18:45:09","guid":{"rendered":"https:\/\/sites.usp.br\/rcgi\/?page_id=32675"},"modified":"2024-02-17T17:30:19","modified_gmt":"2024-02-17T20:30:19","slug":"programa-de-reducao-de-co2","status":"publish","type":"page","link":"https:\/\/sites.usp.br\/rcgi\/br\/programas-e-projetos-2\/programas-2015-2020\/programa-de-reducao-de-co2\/","title":{"rendered":"Programa de Redu\u00e7\u00e3o de CO2"},"content":{"rendered":"\t\t<div data-elementor-type=\"wp-page\" data-elementor-id=\"32675\" class=\"elementor elementor-32675\" data-elementor-post-type=\"page\">\n\t\t\t\t\t\t<section class=\"elementor-section elementor-top-section elementor-element elementor-element-fd9284c elementor-section-full_width elementor-section-stretched elementor-section-height-default elementor-section-height-default\" data-id=\"fd9284c\" data-element_type=\"section\" data-settings=\"{&quot;background_background&quot;:&quot;classic&quot;,&quot;stretch_section&quot;:&quot;section-stretched&quot;}\">\n\t\t\t\t\t\t<div class=\"elementor-container elementor-column-gap-default\">\n\t\t\t\t\t<div class=\"elementor-column elementor-col-50 elementor-top-column elementor-element elementor-element-b0cc663\" data-id=\"b0cc663\" data-element_type=\"column\">\n\t\t\t<div class=\"elementor-widget-wrap elementor-element-populated\">\n\t\t\t\t\t\t<div class=\"elementor-element elementor-element-ec3ac94 elementor-widget elementor-widget-heading\" data-id=\"ec3ac94\" data-element_type=\"widget\" data-widget_type=\"heading.default\">\n\t\t\t\t<div class=\"elementor-widget-container\">\n\t\t\t<h2 class=\"elementor-heading-title elementor-size-default\">Programas 2015 - 2020<\/h2>\t\t<\/div>\n\t\t\t\t<\/div>\n\t\t\t\t<div class=\"elementor-element elementor-element-e8411f6 elementor-widget elementor-widget-heading\" data-id=\"e8411f6\" data-element_type=\"widget\" data-widget_type=\"heading.default\">\n\t\t\t\t<div class=\"elementor-widget-container\">\n\t\t\t<h2 class=\"elementor-heading-title elementor-size-default\">Programa de Redu\u00e7\u00e3o de CO2<\/h2>\t\t<\/div>\n\t\t\t\t<\/div>\n\t\t\t\t\t<\/div>\n\t\t<\/div>\n\t\t\t\t<div class=\"elementor-column elementor-col-50 elementor-top-column elementor-element elementor-element-da34afb\" data-id=\"da34afb\" data-element_type=\"column\">\n\t\t\t<div class=\"elementor-widget-wrap elementor-element-populated\">\n\t\t\t\t\t\t<div class=\"elementor-element elementor-element-f35c2f8 elementor-view-default elementor-widget elementor-widget-icon\" data-id=\"f35c2f8\" data-element_type=\"widget\" data-widget_type=\"icon.default\">\n\t\t\t\t<div class=\"elementor-widget-container\">\n\t\t\t\t\t<div class=\"elementor-icon-wrapper\">\n\t\t\t<div class=\"elementor-icon\">\n\t\t\t<i aria-hidden=\"true\" class=\"fas fa-leaf\"><\/i>\t\t\t<\/div>\n\t\t<\/div>\n\t\t\t\t<\/div>\n\t\t\t\t<\/div>\n\t\t\t\t\t<\/div>\n\t\t<\/div>\n\t\t\t\t\t<\/div>\n\t\t<\/section>\n\t\t\t\t<section class=\"elementor-section elementor-top-section elementor-element elementor-element-902498b elementor-section-full_width elementor-section-height-default elementor-section-height-default\" data-id=\"902498b\" data-element_type=\"section\" data-settings=\"{&quot;background_background&quot;:&quot;classic&quot;}\">\n\t\t\t\t\t\t<div class=\"elementor-container elementor-column-gap-default\">\n\t\t\t\t\t<div class=\"elementor-column elementor-col-50 elementor-top-column elementor-element elementor-element-9e9aa43\" data-id=\"9e9aa43\" data-element_type=\"column\">\n\t\t\t<div class=\"elementor-widget-wrap elementor-element-populated\">\n\t\t\t\t\t\t<div class=\"elementor-element elementor-element-768e1ef elementor-widget elementor-widget-html\" data-id=\"768e1ef\" data-element_type=\"widget\" data-widget_type=\"html.default\">\n\t\t\t\t<div class=\"elementor-widget-container\">\n\t\t\t<script>\nfunction goBack() {\n    window.history.back()\n}\n<\/script>\n\n<a href=\"javascript:history.back()\"><img decoding=\"async\" src=\"https:\/\/sites.usp.br\/rcgi\/wp-content\/uploads\/sites\/1196\/2023\/10\/back_history.png\"<\/a>\t\t<\/div>\n\t\t\t\t<\/div>\n\t\t\t\t\t<\/div>\n\t\t<\/div>\n\t\t\t\t<div class=\"elementor-column elementor-col-50 elementor-top-column elementor-element elementor-element-9071baf\" data-id=\"9071baf\" data-element_type=\"column\">\n\t\t\t<div class=\"elementor-widget-wrap elementor-element-populated\">\n\t\t\t\t\t\t<div class=\"elementor-element elementor-element-1cf4e7f elementor-widget elementor-widget-breadcrumbs\" data-id=\"1cf4e7f\" data-element_type=\"widget\" data-widget_type=\"breadcrumbs.default\">\n\t\t\t\t<div class=\"elementor-widget-container\">\n\t\t\t<p id=\"breadcrumbs\"><span><span><a href=\"https:\/\/sites.usp.br\/rcgi\/\">Home<\/a><\/span><\/span><\/p>\t\t<\/div>\n\t\t\t\t<\/div>\n\t\t\t\t\t<\/div>\n\t\t<\/div>\n\t\t\t\t\t<\/div>\n\t\t<\/section>\n\t\t\t\t<section class=\"elementor-section elementor-top-section elementor-element elementor-element-6ecde18 elementor-section-full_width elementor-section-stretched elementor-section-height-default elementor-section-height-default\" data-id=\"6ecde18\" data-element_type=\"section\" data-settings=\"{&quot;stretch_section&quot;:&quot;section-stretched&quot;}\">\n\t\t\t\t\t\t<div class=\"elementor-container elementor-column-gap-default\">\n\t\t\t\t\t<div class=\"elementor-column elementor-col-50 elementor-top-column elementor-element elementor-element-bd8fbe0\" data-id=\"bd8fbe0\" data-element_type=\"column\">\n\t\t\t<div class=\"elementor-widget-wrap elementor-element-populated\">\n\t\t\t\t\t\t<div class=\"elementor-element elementor-element-3f41add elementor-widget elementor-widget-text-editor\" data-id=\"3f41add\" data-element_type=\"widget\" data-widget_type=\"text-editor.default\">\n\t\t\t\t<div class=\"elementor-widget-container\">\n\t\t\t\t\t\t\t<p><strong>O RCGI inclui projetos que investigam gest\u00e3o, transporte, armazenamento e utiliza\u00e7\u00e3o de CO2.<\/strong><\/p>\t\t\t\t\t\t<\/div>\n\t\t\t\t<\/div>\n\t\t\t\t<div class=\"elementor-element elementor-element-6f085fd elementor-widget elementor-widget-heading\" data-id=\"6f085fd\" data-element_type=\"widget\" data-widget_type=\"heading.default\">\n\t\t\t\t<div class=\"elementor-widget-container\">\n\t\t\t<h2 class=\"elementor-heading-title elementor-size-default\">Conhe\u00e7a os projetos<\/h2>\t\t<\/div>\n\t\t\t\t<\/div>\n\t\t\t\t<div class=\"elementor-element elementor-element-7feec85 elementor-widget-divider--view-line elementor-widget elementor-widget-divider\" data-id=\"7feec85\" data-element_type=\"widget\" data-widget_type=\"divider.default\">\n\t\t\t\t<div class=\"elementor-widget-container\">\n\t\t\t\t\t<div class=\"elementor-divider\">\n\t\t\t<span class=\"elementor-divider-separator\">\n\t\t\t\t\t\t<\/span>\n\t\t<\/div>\n\t\t\t\t<\/div>\n\t\t\t\t<\/div>\n\t\t\t\t<div class=\"elementor-element elementor-element-ecaa63f elementor-grid-1 elementor-posts--thumbnail-none elementor-grid-tablet-2 elementor-grid-mobile-1 elementor-widget elementor-widget-posts\" data-id=\"ecaa63f\" data-element_type=\"widget\" data-settings=\"{&quot;classic_columns&quot;:&quot;1&quot;,&quot;pagination_type&quot;:&quot;numbers&quot;,&quot;classic_columns_tablet&quot;:&quot;2&quot;,&quot;classic_columns_mobile&quot;:&quot;1&quot;,&quot;classic_row_gap&quot;:{&quot;unit&quot;:&quot;px&quot;,&quot;size&quot;:35,&quot;sizes&quot;:[]},&quot;classic_row_gap_tablet&quot;:{&quot;unit&quot;:&quot;px&quot;,&quot;size&quot;:&quot;&quot;,&quot;sizes&quot;:[]},&quot;classic_row_gap_mobile&quot;:{&quot;unit&quot;:&quot;px&quot;,&quot;size&quot;:&quot;&quot;,&quot;sizes&quot;:[]}}\" data-widget_type=\"posts.classic\">\n\t\t\t\t<div class=\"elementor-widget-container\">\n\t\t\t\t\t<div class=\"elementor-posts-container elementor-posts elementor-posts--skin-classic elementor-grid\">\n\t\t\t\t<article class=\"elementor-post elementor-grid-item post-34785 post type-post status-publish format-standard hentry category-co2-abatement-programme category-projects-en-co2-abatement-programme-en tag-co2-project tag-projects\">\n\t\t\t\t<div class=\"elementor-post__text\">\n\t\t\t\t<h3 class=\"elementor-post__title\">\n\t\t\t<a href=\"https:\/\/sites.usp.br\/rcgi\/project-45-laboratory-for-the-characterization-of-physical-chemical-properties-of-co2-oil-and-natural-gas-in-sub-and-supercritical-conditions-infrastructure\/\" >\n\t\t\t\tProject 45: LABORATORY FOR THE CHARACTERIZATION OF PHYSICAL CHEMICAL PROPERTIES OF CO2, OIL AND NATURAL GAS IN SUB AND SUPERCRITICAL CONDITIONS \u2013 INFRASTRUCTURE\t\t\t<\/a>\n\t\t<\/h3>\n\t\t\t\t<div class=\"elementor-post__excerpt\">\n\t\t\t<p>The main goal of this project is the creation of a laboratory infrastructure for the measurement of physical chemical properties<\/p>\n\t\t<\/div>\n\t\t\n\t\t<a class=\"elementor-post__read-more\" href=\"https:\/\/sites.usp.br\/rcgi\/project-45-laboratory-for-the-characterization-of-physical-chemical-properties-of-co2-oil-and-natural-gas-in-sub-and-supercritical-conditions-infrastructure\/\" aria-label=\"Read more about Project 45: LABORATORY FOR THE CHARACTERIZATION OF PHYSICAL CHEMICAL PROPERTIES OF CO2, OIL AND NATURAL GAS IN SUB AND SUPERCRITICAL CONDITIONS \u2013 INFRASTRUCTURE\" tabindex=\"-1\" >\n\t\t\tLeia mais\t\t<\/a>\n\n\t\t\t\t<\/div>\n\t\t\t\t<\/article>\n\t\t\t\t<article class=\"elementor-post elementor-grid-item post-34781 post type-post status-publish format-standard hentry category-co2-abatement-programme category-projects-en-co2-abatement-programme-en tag-co2-project tag-projects\">\n\t\t\t\t<div class=\"elementor-post__text\">\n\t\t\t\t<h3 class=\"elementor-post__title\">\n\t\t\t<a href=\"https:\/\/sites.usp.br\/rcgi\/project-44-laboratory-for-tests-of-supersonic-gas-separator-technologies-infrastructure\/\" >\n\t\t\t\tProject 44: LABORATORY FOR TESTS OF SUPERSONIC GAS SEPARATOR TECHNOLOGIES \u2013 INFRASTRUCTURE\t\t\t<\/a>\n\t\t<\/h3>\n\t\t\t\t<div class=\"elementor-post__excerpt\">\n\t\t\t<p>This laboratory has testing facilities to carry out experiments with different supersonic technologies and for physical separation of gaseous mixtures<\/p>\n\t\t<\/div>\n\t\t\n\t\t<a class=\"elementor-post__read-more\" href=\"https:\/\/sites.usp.br\/rcgi\/project-44-laboratory-for-tests-of-supersonic-gas-separator-technologies-infrastructure\/\" aria-label=\"Read more about Project 44: LABORATORY FOR TESTS OF SUPERSONIC GAS SEPARATOR TECHNOLOGIES \u2013 INFRASTRUCTURE\" tabindex=\"-1\" >\n\t\t\tLeia mais\t\t<\/a>\n\n\t\t\t\t<\/div>\n\t\t\t\t<\/article>\n\t\t\t\t<article class=\"elementor-post elementor-grid-item post-34777 post type-post status-publish format-standard hentry category-co2-abatement-programme category-projects-en-co2-abatement-programme-en tag-co2-project tag-projects\">\n\t\t\t\t<div class=\"elementor-post__text\">\n\t\t\t\t<h3 class=\"elementor-post__title\">\n\t\t\t<a href=\"https:\/\/sites.usp.br\/rcgi\/project-43-determination-of-fundamental-properties-of-gaseous-mixtures-of-interest-for-the-gas-and-oil-industry-in-the-presence-of-complex-fluids-research-and-development-laboratory-for-supercritica\/\" >\n\t\t\t\tProject 43: DETERMINATION OF FUNDAMENTAL PROPERTIES OF GASEOUS MIXTURES OF INTEREST FOR THE GAS AND OIL INDUSTRY IN THE PRESENCE OF COMPLEX FLUIDS (RESEARCH AND DEVELOPMENT LABORATORY FOR SUPERCRITICAL FLUIDS, OIL AND NATURAL GAS)\t\t\t<\/a>\n\t\t<\/h3>\n\t\t\t\t<div class=\"elementor-post__excerpt\">\n\t\t\t<p>The main goal of this project is to stablish the most adequate experimental conditions and methodologies to determine (and then<\/p>\n\t\t<\/div>\n\t\t\n\t\t<a class=\"elementor-post__read-more\" href=\"https:\/\/sites.usp.br\/rcgi\/project-43-determination-of-fundamental-properties-of-gaseous-mixtures-of-interest-for-the-gas-and-oil-industry-in-the-presence-of-complex-fluids-research-and-development-laboratory-for-supercritica\/\" aria-label=\"Read more about Project 43: DETERMINATION OF FUNDAMENTAL PROPERTIES OF GASEOUS MIXTURES OF INTEREST FOR THE GAS AND OIL INDUSTRY IN THE PRESENCE OF COMPLEX FLUIDS (RESEARCH AND DEVELOPMENT LABORATORY FOR SUPERCRITICAL FLUIDS, OIL AND NATURAL GAS)\" tabindex=\"-1\" >\n\t\t\tLeia mais\t\t<\/a>\n\n\t\t\t\t<\/div>\n\t\t\t\t<\/article>\n\t\t\t\t<article class=\"elementor-post elementor-grid-item post-34773 post type-post status-publish format-standard hentry category-co2-abatement-programme category-projects-en-co2-abatement-programme-en tag-co2-project tag-projects\">\n\t\t\t\t<div class=\"elementor-post__text\">\n\t\t\t\t<h3 class=\"elementor-post__title\">\n\t\t\t<a href=\"https:\/\/sites.usp.br\/rcgi\/project-42-environmental-impact-assessment-of-ccs-activities-in-brazil-and-legal-aspects\/\" >\n\t\t\t\tProject 42: ENVIRONMENTAL IMPACT ASSESSMENT OF CCS ACTIVITIES IN BRAZIL AND LEGAL ASPECTS\t\t\t<\/a>\n\t\t<\/h3>\n\t\t\t\t<div class=\"elementor-post__excerpt\">\n\t\t\t<p>The Environmental Impact Assessment (EIA) is a necessary support for the Environmental Licensing process of activities that cause significant environmental<\/p>\n\t\t<\/div>\n\t\t\n\t\t<a class=\"elementor-post__read-more\" href=\"https:\/\/sites.usp.br\/rcgi\/project-42-environmental-impact-assessment-of-ccs-activities-in-brazil-and-legal-aspects\/\" aria-label=\"Read more about Project 42: ENVIRONMENTAL IMPACT ASSESSMENT OF CCS ACTIVITIES IN BRAZIL AND LEGAL ASPECTS\" tabindex=\"-1\" >\n\t\t\tLeia mais\t\t<\/a>\n\n\t\t\t\t<\/div>\n\t\t\t\t<\/article>\n\t\t\t\t<article class=\"elementor-post elementor-grid-item post-34769 post type-post status-publish format-standard hentry category-co2-abatement-programme category-projects-en-co2-abatement-programme-en tag-co2-project tag-projects\">\n\t\t\t\t<div class=\"elementor-post__text\">\n\t\t\t\t<h3 class=\"elementor-post__title\">\n\t\t\t<a href=\"https:\/\/sites.usp.br\/rcgi\/project-41-numerical-simulations-of-internal-flow-in-ducts-carrying-co2-ch4-and-oil-employing-molecular-dynamics\/\" >\n\t\t\t\tProject 41: NUMERICAL SIMULATIONS OF INTERNAL FLOW IN DUCTS CARRYING CO2, CH4 AND OIL EMPLOYING MOLECULAR DYNAMICS\t\t\t<\/a>\n\t\t<\/h3>\n\t\t\t\t<div class=\"elementor-post__excerpt\">\n\t\t\t<p>The objective of this project is to develop computational tools, based on molecular dynamics methods, to simulate the flow in<\/p>\n\t\t<\/div>\n\t\t\n\t\t<a class=\"elementor-post__read-more\" href=\"https:\/\/sites.usp.br\/rcgi\/project-41-numerical-simulations-of-internal-flow-in-ducts-carrying-co2-ch4-and-oil-employing-molecular-dynamics\/\" aria-label=\"Read more about Project 41: NUMERICAL SIMULATIONS OF INTERNAL FLOW IN DUCTS CARRYING CO2, CH4 AND OIL EMPLOYING MOLECULAR DYNAMICS\" tabindex=\"-1\" >\n\t\t\tLeia mais\t\t<\/a>\n\n\t\t\t\t<\/div>\n\t\t\t\t<\/article>\n\t\t\t\t<article class=\"elementor-post elementor-grid-item post-34765 post type-post status-publish format-standard hentry category-co2-abatement-programme category-projects-en-co2-abatement-programme-en tag-co2-project tag-projects\">\n\t\t\t\t<div class=\"elementor-post__text\">\n\t\t\t\t<h3 class=\"elementor-post__title\">\n\t\t\t<a href=\"https:\/\/sites.usp.br\/rcgi\/project-40-corrosion-behavior-study-and-or-degradation-in-aquosa-solution-with-co2-in-the-absence-and-presence-of-contaminants-nox-sox-and-h2s-of-materials-used-in-the-transport-of-supercrytic-c\/\" >\n\t\t\t\tProject 40: CORROSION BEHAVIOR STUDY AND \/ OR DEGRADATION IN AQUOSA SOLUTION WITH CO2 IN THE ABSENCE AND PRESENCE OF CONTAMINANTS (NOX, SOX AND H2S) OF MATERIALS USED IN THE TRANSPORT OF SUPERCRYTIC CO2 (SCCO2)\t\t\t<\/a>\n\t\t<\/h3>\n\t\t\t\t<div class=\"elementor-post__excerpt\">\n\t\t\t<p>(Project concluded in July 08, 2020) The capture and storage of carbon dioxide (Carbon dioxide capture and storage-CCS) is a<\/p>\n\t\t<\/div>\n\t\t\n\t\t<a class=\"elementor-post__read-more\" href=\"https:\/\/sites.usp.br\/rcgi\/project-40-corrosion-behavior-study-and-or-degradation-in-aquosa-solution-with-co2-in-the-absence-and-presence-of-contaminants-nox-sox-and-h2s-of-materials-used-in-the-transport-of-supercrytic-c\/\" aria-label=\"Read more about Project 40: CORROSION BEHAVIOR STUDY AND \/ OR DEGRADATION IN AQUOSA SOLUTION WITH CO2 IN THE ABSENCE AND PRESENCE OF CONTAMINANTS (NOX, SOX AND H2S) OF MATERIALS USED IN THE TRANSPORT OF SUPERCRYTIC CO2 (SCCO2)\" tabindex=\"-1\" >\n\t\t\tLeia mais\t\t<\/a>\n\n\t\t\t\t<\/div>\n\t\t\t\t<\/article>\n\t\t\t\t<\/div>\n\t\t\n\t\t\t\t<div class=\"e-load-more-anchor\" data-page=\"1\" data-max-page=\"3\" data-next-page=\"https:\/\/sites.usp.br\/rcgi\/wp-json\/wp\/v2\/pages\/32675\/page\/2\/\"><\/div>\n\t\t\t\t<nav class=\"elementor-pagination\" aria-label=\"Pagina\u00e7\u00e3o\">\n\t\t\t<span aria-current=\"page\" class=\"page-numbers current\"><span class=\"elementor-screen-only\">P\u00e1gina<\/span>1<\/span>\n<a class=\"page-numbers\" href=\"https:\/\/sites.usp.br\/rcgi\/wp-json\/wp\/v2\/pages\/32675\/page\/2\/\"><span class=\"elementor-screen-only\">P\u00e1gina<\/span>2<\/a>\n<a class=\"page-numbers\" href=\"https:\/\/sites.usp.br\/rcgi\/wp-json\/wp\/v2\/pages\/32675\/page\/3\/\"><span class=\"elementor-screen-only\">P\u00e1gina<\/span>3<\/a>\t\t<\/nav>\n\t\t\t\t<\/div>\n\t\t\t\t<\/div>\n\t\t\t\t\t<\/div>\n\t\t<\/div>\n\t\t\t\t<div class=\"elementor-column elementor-col-50 elementor-top-column elementor-element elementor-element-5b82cf9\" data-id=\"5b82cf9\" data-element_type=\"column\" data-settings=\"{&quot;background_background&quot;:&quot;classic&quot;}\">\n\t\t\t<div class=\"elementor-widget-wrap elementor-element-populated\">\n\t\t\t\t\t\t<section class=\"elementor-section elementor-inner-section elementor-element elementor-element-15dc054 elementor-section-boxed elementor-section-height-default elementor-section-height-default\" data-id=\"15dc054\" data-element_type=\"section\" data-settings=\"{&quot;background_background&quot;:&quot;classic&quot;}\">\n\t\t\t\t\t\t<div class=\"elementor-container elementor-column-gap-default\">\n\t\t\t\t\t<div class=\"elementor-column elementor-col-100 elementor-inner-column elementor-element elementor-element-a909cdc\" data-id=\"a909cdc\" data-element_type=\"column\">\n\t\t\t<div class=\"elementor-widget-wrap elementor-element-populated\">\n\t\t\t\t\t\t<div class=\"elementor-element elementor-element-3358cf1 elementor-position-left elementor-vertical-align-top elementor-widget elementor-widget-image-box\" data-id=\"3358cf1\" data-element_type=\"widget\" data-widget_type=\"image-box.default\">\n\t\t\t\t<div class=\"elementor-widget-container\">\n\t\t\t<div class=\"elementor-image-box-wrapper\"><figure class=\"elementor-image-box-img\"><a href=\"https:\/\/sites.usp.br\/rcgi\/35658-2\/\" tabindex=\"-1\"><img fetchpriority=\"high\" decoding=\"async\" width=\"281\" height=\"306\" src=\"https:\/\/sites.usp.br\/rcgi\/wp-content\/uploads\/sites\/1196\/2023\/06\/gustavo_assi.jpeg\" class=\"attachment-full size-full wp-image-35659\" alt=\"\" srcset=\"https:\/\/sites.usp.br\/rcgi\/wp-content\/uploads\/sites\/1196\/2023\/06\/gustavo_assi.jpeg 281w, https:\/\/sites.usp.br\/rcgi\/wp-content\/uploads\/sites\/1196\/2023\/06\/gustavo_assi-275x300.jpeg 275w\" sizes=\"(max-width: 281px) 100vw, 281px\" \/><\/a><\/figure><div class=\"elementor-image-box-content\"><h3 class=\"elementor-image-box-title\"><a href=\"https:\/\/sites.usp.br\/rcgi\/35658-2\/\">Gustavo Roque da Silva Assi<\/a><\/h3><p class=\"elementor-image-box-description\">Diretor<\/p><\/div><\/div>\t\t<\/div>\n\t\t\t\t<\/div>\n\t\t\t\t<div class=\"elementor-element elementor-element-dbea128 elementor-position-left elementor-vertical-align-top elementor-widget elementor-widget-image-box\" data-id=\"dbea128\" data-element_type=\"widget\" data-widget_type=\"image-box.default\">\n\t\t\t\t<div class=\"elementor-widget-container\">\n\t\t\t<div class=\"elementor-image-box-wrapper\"><figure class=\"elementor-image-box-img\"><a href=\"https:\/\/sites.usp.br\/rcgi\/julio-romano-meneghini\/\" tabindex=\"-1\"><img decoding=\"async\" width=\"281\" height=\"306\" src=\"https:\/\/sites.usp.br\/rcgi\/wp-content\/uploads\/sites\/1196\/2023\/06\/julio_meneghini.jpeg\" class=\"attachment-full size-full wp-image-35561\" alt=\"Julio Romano Meneghini\" srcset=\"https:\/\/sites.usp.br\/rcgi\/wp-content\/uploads\/sites\/1196\/2023\/06\/julio_meneghini.jpeg 281w, https:\/\/sites.usp.br\/rcgi\/wp-content\/uploads\/sites\/1196\/2023\/06\/julio_meneghini-275x300.jpeg 275w\" sizes=\"(max-width: 281px) 100vw, 281px\" \/><\/a><\/figure><div class=\"elementor-image-box-content\"><h3 class=\"elementor-image-box-title\"><a href=\"https:\/\/sites.usp.br\/rcgi\/julio-romano-meneghini\/\">Julio Romano Meneghini<\/a><\/h3><p class=\"elementor-image-box-description\">Diretor Executivo e Cient\u00edfico<\/p><\/div><\/div>\t\t<\/div>\n\t\t\t\t<\/div>\n\t\t\t\t\t<\/div>\n\t\t<\/div>\n\t\t\t\t\t<\/div>\n\t\t<\/section>\n\t\t\t\t\t<\/div>\n\t\t<\/div>\n\t\t\t\t\t<\/div>\n\t\t<\/section>\n\t\t\t\t<\/div>\n\t\t","protected":false},"excerpt":{"rendered":"<p>Programas 2015 &#8211; 2020 Programa de Redu\u00e7\u00e3o de CO2<\/p>\n","protected":false},"author":23409,"featured_media":0,"parent":35032,"menu_order":6,"comment_status":"closed","ping_status":"closed","template":"","meta":{"_acf_changed":false,"_EventAllDay":false,"_EventTimezone":"","_EventStartDate":"","_EventEndDate":"","_EventStartDateUTC":"","_EventEndDateUTC":"","_EventShowMap":false,"_EventShowMapLink":false,"_EventURL":"","_EventCost":"","_EventCostDescription":"","_EventCurrencySymbol":"","_EventCurrencyCode":"","_EventCurrencyPosition":"","_EventDateTimeSeparator":"","_EventTimeRangeSeparator":"","_EventOrganizerID":[],"_EventVenueID":[],"_OrganizerEmail":"","_OrganizerPhone":"","_OrganizerWebsite":"","_VenueAddress":"","_VenueCity":"","_VenueCountry":"","_VenueProvince":"","_VenueState":"","_VenueZip":"","_VenuePhone":"","_VenueURL":"","_VenueStateProvince":"","_VenueLat":"","_VenueLng":"","_VenueShowMap":false,"_VenueShowMapLink":false,"footnotes":"","_links_to":"","_links_to_target":""},"class_list":["post-32675","page","type-page","status-publish","hentry"],"acf":[],"jetpack_sharing_enabled":true,"_links":{"self":[{"href":"https:\/\/sites.usp.br\/rcgi\/wp-json\/wp\/v2\/pages\/32675","targetHints":{"allow":["GET"]}}],"collection":[{"href":"https:\/\/sites.usp.br\/rcgi\/wp-json\/wp\/v2\/pages"}],"about":[{"href":"https:\/\/sites.usp.br\/rcgi\/wp-json\/wp\/v2\/types\/page"}],"author":[{"embeddable":true,"href":"https:\/\/sites.usp.br\/rcgi\/wp-json\/wp\/v2\/users\/23409"}],"replies":[{"embeddable":true,"href":"https:\/\/sites.usp.br\/rcgi\/wp-json\/wp\/v2\/comments?post=32675"}],"version-history":[{"count":4,"href":"https:\/\/sites.usp.br\/rcgi\/wp-json\/wp\/v2\/pages\/32675\/revisions"}],"predecessor-version":[{"id":44262,"href":"https:\/\/sites.usp.br\/rcgi\/wp-json\/wp\/v2\/pages\/32675\/revisions\/44262"}],"up":[{"embeddable":true,"href":"https:\/\/sites.usp.br\/rcgi\/wp-json\/wp\/v2\/pages\/35032"}],"wp:attachment":[{"href":"https:\/\/sites.usp.br\/rcgi\/wp-json\/wp\/v2\/media?parent=32675"}],"curies":[{"name":"wp","href":"https:\/\/api.w.org\/{rel}","templated":true}]}}