{"id":32688,"date":"2023-05-07T16:02:11","date_gmt":"2023-05-07T19:02:11","guid":{"rendered":"https:\/\/sites.usp.br\/rcgi\/?page_id=32688"},"modified":"2024-08-07T13:47:30","modified_gmt":"2024-08-07T16:47:30","slug":"programa-de-geofisica","status":"publish","type":"page","link":"https:\/\/sites.usp.br\/rcgi\/br\/programas-e-projetos-2\/programa-de-geofisica\/","title":{"rendered":"Programa de Geof\u00edsica"},"content":{"rendered":"\t\t<div data-elementor-type=\"wp-page\" data-elementor-id=\"32688\" class=\"elementor elementor-32688\" data-elementor-post-type=\"page\">\n\t\t\t\t\t\t<section class=\"elementor-section elementor-top-section elementor-element elementor-element-71bfe1b elementor-section-full_width elementor-section-stretched elementor-section-height-default elementor-section-height-default\" data-id=\"71bfe1b\" data-element_type=\"section\" data-settings=\"{&quot;background_background&quot;:&quot;classic&quot;,&quot;stretch_section&quot;:&quot;section-stretched&quot;}\">\n\t\t\t\t\t\t<div class=\"elementor-container elementor-column-gap-default\">\n\t\t\t\t\t<div class=\"elementor-column elementor-col-50 elementor-top-column elementor-element elementor-element-a939786\" data-id=\"a939786\" data-element_type=\"column\">\n\t\t\t<div class=\"elementor-widget-wrap elementor-element-populated\">\n\t\t\t\t\t\t<div class=\"elementor-element elementor-element-dcf6c06 elementor-widget elementor-widget-heading\" data-id=\"dcf6c06\" data-element_type=\"widget\" data-widget_type=\"heading.default\">\n\t\t\t\t<div class=\"elementor-widget-container\">\n\t\t\t<h2 class=\"elementor-heading-title elementor-size-default\">Programas 2018 - 2023<\/h2>\t\t<\/div>\n\t\t\t\t<\/div>\n\t\t\t\t<div class=\"elementor-element elementor-element-3f62557 elementor-widget elementor-widget-heading\" data-id=\"3f62557\" data-element_type=\"widget\" data-widget_type=\"heading.default\">\n\t\t\t\t<div class=\"elementor-widget-container\">\n\t\t\t<h2 class=\"elementor-heading-title elementor-size-default\">Programa de Geof\u00edsica<\/h2>\t\t<\/div>\n\t\t\t\t<\/div>\n\t\t\t\t\t<\/div>\n\t\t<\/div>\n\t\t\t\t<div class=\"elementor-column elementor-col-50 elementor-top-column elementor-element elementor-element-4331966\" data-id=\"4331966\" data-element_type=\"column\">\n\t\t\t<div class=\"elementor-widget-wrap elementor-element-populated\">\n\t\t\t\t\t\t<div class=\"elementor-element elementor-element-c643037 elementor-view-default elementor-widget elementor-widget-icon\" data-id=\"c643037\" data-element_type=\"widget\" data-widget_type=\"icon.default\">\n\t\t\t\t<div class=\"elementor-widget-container\">\n\t\t\t\t\t<div class=\"elementor-icon-wrapper\">\n\t\t\t<div class=\"elementor-icon\">\n\t\t\t<svg xmlns=\"http:\/\/www.w3.org\/2000\/svg\" id=\"Camada_1\" data-name=\"Camada 1\" viewBox=\"0 0 590 579\"><defs><style>.cls-1{opacity:0.4;}.cls-2{fill:#fff;}<\/style><\/defs><g class=\"cls-1\"><path class=\"cls-2\" d=\"M310,528c.08-2.34.23-4.67.23-7q0-216.3,0-432.59V83.37l.66-.13c.66,1.24,1.35,2.48,2,3.74q27,54.43,53.94,108.91c2,4,4.24,5.52,8.72,5.47,20.63-.22,41.28-.19,61.91,0,4.3,0,6.75-1.05,8.75-5.26,7-14.75,23-23.53,38.35-21.74a39.05,39.05,0,0,1,33.75,30.15c.63,2.67,1.16,5.36,1.73,8v.88c-.52,2.54-1,5.09-1.58,7.63-3.51,16.21-17.28,28.8-33.41,30.58A38.42,38.42,0,0,1,445.74,230c-1.56-3.28-3.42-4.52-7-4.49-17,.13-34,0-50.95.08a51.21,51.21,0,0,0-5.23.59c1,2.41,1.66,4.29,2.52,6.08q21.31,44.53,42.68,89,30.35,63.32,60.7,126.63,15.81,33,31.51,66.06v1.76a18.21,18.21,0,0,1-12.3,12.3Z\"><\/path><path class=\"cls-2\" d=\"M71.82,514q9.33-22,18.66-43.93,7.78-18.35,15.51-36.61c6.51,2.14,12.58,4.76,18.93,6.09,22.47,4.73,42.24-1.61,59.52-16.12,8.64-7.25,17.46-13.61,29.18-14.84a39.46,39.46,0,0,1,24.32,5.49,67.94,67.94,0,0,1,10.22,7.53c8.86,7.67,18.64,13.72,30,16.77,3.53.95,4.21,2.66,4.2,5.86q-.14,39.31,0,78.62c0,1.73.26,3.47.4,5.2H84.12a18.17,18.17,0,0,1-12.3-12.3Z\"><\/path><path class=\"cls-2\" d=\"M71.82,265.26c.52-2.54,1-5.09,1.58-7.63,3.53-16.2,16.67-28.15,33.51-30.52,14.71-2.07,31.2,6.44,38.15,20.6,2.48,5.07,5.4,6.57,10.73,6.4,11.71-.37,23.43-.21,35.15-.06,3.49,0,5.67-1,7.18-4.35,2.83-6.27,6.2-12.3,9.13-18.52,1.23-2.63,2.94-3.6,5.81-3.59q32.5.12,65,0c2.86,0,4.26.76,4.26,4q-.12,47.69,0,95.36c0,3-1.08,4.13-4.1,4.13Q219.38,331,160.49,331a30.55,30.55,0,0,1-3.06-.39l25.62-51.46a26,26,0,0,0-4.08-.81c-9.08-.05-18.17.07-27.24-.08-3.36-.05-4.4,2-5.62,4.5-7.28,14.87-22.11,23.06-38.89,21.63-14.51-1.24-28.34-12.51-32.78-26.86-1.07-3.44-1.76-7-2.62-10.5Z\"><\/path><path class=\"cls-2\" d=\"M71.82,159.8c.52-2.55,1-5.1,1.58-7.64C76.93,136,90.06,124,106.91,121.65c14.7-2.07,31.2,6.43,38.14,20.59,2.49,5.06,5.41,6.44,10.73,6.41,29.87-.18,59.75-.05,89.62.15,3.13,0,4-1.8,5-3.9q14.93-30.08,29.83-60.16l2.05-4.15v4.15c0,36.32-.06,72.64.08,109,0,4.13-1.05,5.62-5.38,5.57-16.26-.23-32.51-.09-48.77-.1-1.3,0-2.59-.14-4.85-.27l12.4-25.46c-2.35-.27-3.89-.6-5.42-.6-25.78,0-51.55,0-77.33-.07-3.28,0-5.27.89-6.8,4.09-7.5,15.71-24.13,24.6-40.32,21.89-17.85-3-30.55-16.11-32.94-34a16.32,16.32,0,0,0-1.15-3.22Z\"><\/path><path class=\"cls-2\" d=\"M280.72,410.46c-5.17-3.65-10.69-6.9-15.45-11-16-13.84-34.24-20.6-55.35-18.46-15.81,1.6-29.3,8.69-41,19.2-7.48,6.71-15.89,11.25-26,12.73-8.53,1.25-16.12-1.05-24-4.87.59-1.45,1-2.66,1.53-3.77,6.85-13.58,13.82-27.1,20.54-40.74,1.52-3.09,3.45-4.14,6.83-4.13q64.56.14,129.14,0c4.32,0,5.46,1.41,5.39,5.56-.23,13.32-.09,26.65-.09,40v4.29Z\"><\/path><\/g><\/svg>\t\t\t<\/div>\n\t\t<\/div>\n\t\t\t\t<\/div>\n\t\t\t\t<\/div>\n\t\t\t\t\t<\/div>\n\t\t<\/div>\n\t\t\t\t\t<\/div>\n\t\t<\/section>\n\t\t\t\t<section class=\"elementor-section elementor-top-section elementor-element elementor-element-22eef0a elementor-section-full_width elementor-section-height-default elementor-section-height-default\" data-id=\"22eef0a\" data-element_type=\"section\" data-settings=\"{&quot;background_background&quot;:&quot;classic&quot;}\">\n\t\t\t\t\t\t<div class=\"elementor-container elementor-column-gap-default\">\n\t\t\t\t\t<div class=\"elementor-column elementor-col-50 elementor-top-column elementor-element elementor-element-1c73c65\" data-id=\"1c73c65\" data-element_type=\"column\">\n\t\t\t<div class=\"elementor-widget-wrap elementor-element-populated\">\n\t\t\t\t\t\t<div class=\"elementor-element elementor-element-4ce092e elementor-widget elementor-widget-html\" data-id=\"4ce092e\" data-element_type=\"widget\" data-widget_type=\"html.default\">\n\t\t\t\t<div class=\"elementor-widget-container\">\n\t\t\t<script>\nfunction goBack() {\n    window.history.back()\n}\n<\/script>\n\n<a href=\"javascript:history.back()\"><img decoding=\"async\" src=\"https:\/\/sites.usp.br\/rcgi\/wp-content\/uploads\/sites\/1196\/2023\/10\/back_history.png\"<\/a>\t\t<\/div>\n\t\t\t\t<\/div>\n\t\t\t\t\t<\/div>\n\t\t<\/div>\n\t\t\t\t<div class=\"elementor-column elementor-col-50 elementor-top-column elementor-element elementor-element-9e5d2d9\" data-id=\"9e5d2d9\" data-element_type=\"column\">\n\t\t\t<div class=\"elementor-widget-wrap elementor-element-populated\">\n\t\t\t\t\t\t<div class=\"elementor-element elementor-element-1d64599 elementor-widget elementor-widget-breadcrumbs\" data-id=\"1d64599\" data-element_type=\"widget\" data-widget_type=\"breadcrumbs.default\">\n\t\t\t\t<div class=\"elementor-widget-container\">\n\t\t\t<p id=\"breadcrumbs\"><span><span><a href=\"https:\/\/sites.usp.br\/rcgi\/\">Home<\/a><\/span><\/span><\/p>\t\t<\/div>\n\t\t\t\t<\/div>\n\t\t\t\t\t<\/div>\n\t\t<\/div>\n\t\t\t\t\t<\/div>\n\t\t<\/section>\n\t\t\t\t<section class=\"elementor-section elementor-top-section elementor-element elementor-element-9c00c43 elementor-section-full_width elementor-section-stretched elementor-section-height-default elementor-section-height-default\" data-id=\"9c00c43\" data-element_type=\"section\" data-settings=\"{&quot;stretch_section&quot;:&quot;section-stretched&quot;}\">\n\t\t\t\t\t\t<div class=\"elementor-container elementor-column-gap-default\">\n\t\t\t\t\t<div class=\"elementor-column elementor-col-50 elementor-top-column elementor-element elementor-element-8cda54f\" data-id=\"8cda54f\" data-element_type=\"column\">\n\t\t\t<div class=\"elementor-widget-wrap elementor-element-populated\">\n\t\t\t\t\t\t<div class=\"elementor-element elementor-element-64b8d0e elementor-widget elementor-widget-text-editor\" data-id=\"64b8d0e\" data-element_type=\"widget\" data-widget_type=\"text-editor.default\">\n\t\t\t\t<div class=\"elementor-widget-container\">\n\t\t\t\t\t\t\t<p><strong>O RCGI inclui projetos que investigam as perspectivas tecnol\u00f3gicas, cient\u00edficas e mercadol\u00f3gicas para uma maior utiliza\u00e7\u00e3o do g\u00e1s natural na matriz energ\u00e9tica brasileira e como combust\u00edvel para transportes.<\/strong><\/p><p>Diz respeito ao desenvolvimento de centrais t\u00e9rmicas de nova gera\u00e7\u00e3o, aos problemas que envolvem o transporte e armazenamento de g\u00e1s natural, bem como aos temas-chave para o sucesso do g\u00e1s como combust\u00edvel premium para o s\u00e9culo XXI.<\/p>\t\t\t\t\t\t<\/div>\n\t\t\t\t<\/div>\n\t\t\t\t<div class=\"elementor-element elementor-element-59cbd76 elementor-widget elementor-widget-heading\" data-id=\"59cbd76\" data-element_type=\"widget\" data-widget_type=\"heading.default\">\n\t\t\t\t<div class=\"elementor-widget-container\">\n\t\t\t<h2 class=\"elementor-heading-title elementor-size-default\">Conhe\u00e7a os projetos<\/h2>\t\t<\/div>\n\t\t\t\t<\/div>\n\t\t\t\t<div class=\"elementor-element elementor-element-c95f05e elementor-widget-divider--view-line elementor-widget elementor-widget-divider\" data-id=\"c95f05e\" data-element_type=\"widget\" data-widget_type=\"divider.default\">\n\t\t\t\t<div class=\"elementor-widget-container\">\n\t\t\t\t\t<div class=\"elementor-divider\">\n\t\t\t<span class=\"elementor-divider-separator\">\n\t\t\t\t\t\t<\/span>\n\t\t<\/div>\n\t\t\t\t<\/div>\n\t\t\t\t<\/div>\n\t\t\t\t<div class=\"elementor-element elementor-element-1e3c7d1 elementor-grid-1 elementor-posts--thumbnail-none elementor-grid-tablet-2 elementor-grid-mobile-1 elementor-widget elementor-widget-posts\" data-id=\"1e3c7d1\" data-element_type=\"widget\" data-settings=\"{&quot;classic_columns&quot;:&quot;1&quot;,&quot;pagination_type&quot;:&quot;numbers_and_prev_next&quot;,&quot;classic_columns_tablet&quot;:&quot;2&quot;,&quot;classic_columns_mobile&quot;:&quot;1&quot;,&quot;classic_row_gap&quot;:{&quot;unit&quot;:&quot;px&quot;,&quot;size&quot;:35,&quot;sizes&quot;:[]},&quot;classic_row_gap_tablet&quot;:{&quot;unit&quot;:&quot;px&quot;,&quot;size&quot;:&quot;&quot;,&quot;sizes&quot;:[]},&quot;classic_row_gap_mobile&quot;:{&quot;unit&quot;:&quot;px&quot;,&quot;size&quot;:&quot;&quot;,&quot;sizes&quot;:[]}}\" data-widget_type=\"posts.classic\">\n\t\t\t\t<div class=\"elementor-widget-container\">\n\t\t\t\t\t<div class=\"elementor-posts-container elementor-posts elementor-posts--skin-classic elementor-grid\">\n\t\t\t\t<article class=\"elementor-post elementor-grid-item post-34639 post type-post status-publish format-standard hentry category-geophysics-programme category-projects-en-geophysics-programme tag-geo-project tag-projects\">\n\t\t\t\t<div class=\"elementor-post__text\">\n\t\t\t\t<h3 class=\"elementor-post__title\">\n\t\t\t<a href=\"https:\/\/sites.usp.br\/rcgi\/project-46-software-technologies-for-modeling-and-inversion-with-applications-in-seismic-imaging\/\" >\n\t\t\t\tProject 46: SOFTWARE TECHNOLOGIES FOR MODELING AND INVERSION, WITH APPLICATIONS IN SEISMIC IMAGING\t\t\t<\/a>\n\t\t<\/h3>\n\t\t\t\t<div class=\"elementor-post__excerpt\">\n\t\t\t<p>The main objective of the STMI project (Software Technologies for Modelling and Inversion), is to develop a set of software<\/p>\n\t\t<\/div>\n\t\t\n\t\t<a class=\"elementor-post__read-more\" href=\"https:\/\/sites.usp.br\/rcgi\/project-46-software-technologies-for-modeling-and-inversion-with-applications-in-seismic-imaging\/\" aria-label=\"Read more about Project 46: SOFTWARE TECHNOLOGIES FOR MODELING AND INVERSION, WITH APPLICATIONS IN SEISMIC IMAGING\" tabindex=\"-1\" >\n\t\t\tRead More\t\t<\/a>\n\n\t\t\t\t<\/div>\n\t\t\t\t<\/article>\n\t\t\t\t<\/div>\n\t\t\n\t\t\t\t<\/div>\n\t\t\t\t<\/div>\n\t\t\t\t\t<\/div>\n\t\t<\/div>\n\t\t\t\t<div class=\"elementor-column elementor-col-50 elementor-top-column elementor-element elementor-element-57e0770\" data-id=\"57e0770\" data-element_type=\"column\" data-settings=\"{&quot;background_background&quot;:&quot;classic&quot;}\">\n\t\t\t<div class=\"elementor-widget-wrap elementor-element-populated\">\n\t\t\t\t\t\t<section class=\"elementor-section elementor-inner-section elementor-element elementor-element-6b391a4 elementor-section-boxed elementor-section-height-default elementor-section-height-default\" data-id=\"6b391a4\" data-element_type=\"section\" data-settings=\"{&quot;background_background&quot;:&quot;classic&quot;}\">\n\t\t\t\t\t\t<div class=\"elementor-container elementor-column-gap-default\">\n\t\t\t\t\t<div class=\"elementor-column elementor-col-100 elementor-inner-column elementor-element elementor-element-268a4c3\" data-id=\"268a4c3\" data-element_type=\"column\">\n\t\t\t<div class=\"elementor-widget-wrap elementor-element-populated\">\n\t\t\t\t\t\t<div class=\"elementor-element elementor-element-22af5ad elementor-position-left elementor-vertical-align-top elementor-widget elementor-widget-image-box\" data-id=\"22af5ad\" data-element_type=\"widget\" data-widget_type=\"image-box.default\">\n\t\t\t\t<div class=\"elementor-widget-container\">\n\t\t\t<div class=\"elementor-image-box-wrapper\"><figure class=\"elementor-image-box-img\"><a href=\"https:\/\/sites.usp.br\/rcgi\/bruno-s-carmo\/\" tabindex=\"-1\"><img fetchpriority=\"high\" decoding=\"async\" width=\"281\" height=\"306\" src=\"https:\/\/sites.usp.br\/rcgi\/wp-content\/uploads\/sites\/1196\/2023\/06\/bruno_carmo.jpeg\" class=\"attachment-full size-full wp-image-35616\" alt=\"Dr Bruno Souza Carmo obtained a degree in Mechatronics from the University of S\u00e3o Paulo (2002), completed an MSc in Mechanical Engineering at the University of S\u00e3o Paulo (2005) and did his PhD in Aeronautics at Imperial College London (2009). He joined the Department of Mechanical Engineering at the University of S\u00e3o Paulo, S\u00e3o Paulo campus, in July 2010 and has been carrying out research as a member of the Centre For Dynamic and Fluids (NDF) since then. He has also been part of the Research Centre for Gas Innovation (RCGI) since its origination, working as deputy scientific director and coordinating two projects in the Engineering programme and one project in the CO2 abatement program. His areas of expertise are fluid mechanics and energy, and he is currently working on projects and supervising students in the following research lines: hydrodynamic stability, fluid-structure interaction, spectral element methods, hybrid power systems, wind energy, aeroacoustics, biological flows, CFD-based optimization and gas purification.\" srcset=\"https:\/\/sites.usp.br\/rcgi\/wp-content\/uploads\/sites\/1196\/2023\/06\/bruno_carmo.jpeg 281w, https:\/\/sites.usp.br\/rcgi\/wp-content\/uploads\/sites\/1196\/2023\/06\/bruno_carmo-275x300.jpeg 275w\" sizes=\"(max-width: 281px) 100vw, 281px\" \/><\/a><\/figure><div class=\"elementor-image-box-content\"><h3 class=\"elementor-image-box-title\"><a href=\"https:\/\/sites.usp.br\/rcgi\/bruno-s-carmo\/\">Bruno Souza Carmo<\/a><\/h3><p class=\"elementor-image-box-description\">Diretor de programa<\/p><\/div><\/div>\t\t<\/div>\n\t\t\t\t<\/div>\n\t\t\t\t\t<\/div>\n\t\t<\/div>\n\t\t\t\t\t<\/div>\n\t\t<\/section>\n\t\t\t\t\t<\/div>\n\t\t<\/div>\n\t\t\t\t\t<\/div>\n\t\t<\/section>\n\t\t\t\t<\/div>\n\t\t","protected":false},"excerpt":{"rendered":"<p>Programas 2018 &#8211; 2023 Programa de Geof\u00edsica<\/p>\n","protected":false},"author":23409,"featured_media":0,"parent":35174,"menu_order":6,"comment_status":"closed","ping_status":"closed","template":"","meta":{"_acf_changed":false,"_EventAllDay":false,"_EventTimezone":"","_EventStartDate":"","_EventEndDate":"","_EventStartDateUTC":"","_EventEndDateUTC":"","_EventShowMap":false,"_EventShowMapLink":false,"_EventURL":"","_EventCost":"","_EventCostDescription":"","_EventCurrencySymbol":"","_EventCurrencyCode":"","_EventCurrencyPosition":"","_EventDateTimeSeparator":"","_EventTimeRangeSeparator":"","_EventOrganizerID":[],"_EventVenueID":[],"_OrganizerEmail":"","_OrganizerPhone":"","_OrganizerWebsite":"","_VenueAddress":"","_VenueCity":"","_VenueCountry":"","_VenueProvince":"","_VenueState":"","_VenueZip":"","_VenuePhone":"","_VenueURL":"","_VenueStateProvince":"","_VenueLat":"","_VenueLng":"","_VenueShowMap":false,"_VenueShowMapLink":false,"footnotes":"","_links_to":"","_links_to_target":""},"class_list":["post-32688","page","type-page","status-publish","hentry"],"acf":[],"jetpack_sharing_enabled":true,"_links":{"self":[{"href":"https:\/\/sites.usp.br\/rcgi\/wp-json\/wp\/v2\/pages\/32688","targetHints":{"allow":["GET"]}}],"collection":[{"href":"https:\/\/sites.usp.br\/rcgi\/wp-json\/wp\/v2\/pages"}],"about":[{"href":"https:\/\/sites.usp.br\/rcgi\/wp-json\/wp\/v2\/types\/page"}],"author":[{"embeddable":true,"href":"https:\/\/sites.usp.br\/rcgi\/wp-json\/wp\/v2\/users\/23409"}],"replies":[{"embeddable":true,"href":"https:\/\/sites.usp.br\/rcgi\/wp-json\/wp\/v2\/comments?post=32688"}],"version-history":[{"count":4,"href":"https:\/\/sites.usp.br\/rcgi\/wp-json\/wp\/v2\/pages\/32688\/revisions"}],"predecessor-version":[{"id":47250,"href":"https:\/\/sites.usp.br\/rcgi\/wp-json\/wp\/v2\/pages\/32688\/revisions\/47250"}],"up":[{"embeddable":true,"href":"https:\/\/sites.usp.br\/rcgi\/wp-json\/wp\/v2\/pages\/35174"}],"wp:attachment":[{"href":"https:\/\/sites.usp.br\/rcgi\/wp-json\/wp\/v2\/media?parent=32688"}],"curies":[{"name":"wp","href":"https:\/\/api.w.org\/{rel}","templated":true}]}}