{"id":34928,"date":"2023-06-11T16:08:28","date_gmt":"2023-06-11T19:08:28","guid":{"rendered":"https:\/\/sites.usp.br\/rcgi\/?page_id=34928"},"modified":"2024-02-17T17:37:58","modified_gmt":"2024-02-17T20:37:58","slug":"programa-de-ingenieria","status":"publish","type":"page","link":"https:\/\/sites.usp.br\/rcgi\/es\/programa-de-ingenieria\/","title":{"rendered":"Programa de Ingenier\u00eda"},"content":{"rendered":"\t\t<div data-elementor-type=\"wp-page\" data-elementor-id=\"34928\" class=\"elementor elementor-34928\" data-elementor-post-type=\"page\">\n\t\t\t\t\t\t<section class=\"elementor-section elementor-top-section elementor-element elementor-element-b9d4f13 elementor-section-boxed elementor-section-height-default elementor-section-height-default\" data-id=\"b9d4f13\" data-element_type=\"section\" data-settings=\"{&quot;background_background&quot;:&quot;classic&quot;}\">\n\t\t\t\t\t\t<div class=\"elementor-container elementor-column-gap-default\">\n\t\t\t\t\t<div class=\"elementor-column elementor-col-50 elementor-top-column elementor-element elementor-element-9ac0698\" data-id=\"9ac0698\" data-element_type=\"column\">\n\t\t\t<div class=\"elementor-widget-wrap elementor-element-populated\">\n\t\t\t\t\t\t<div class=\"elementor-element elementor-element-ba22ab8 elementor-widget elementor-widget-heading\" data-id=\"ba22ab8\" data-element_type=\"widget\" data-widget_type=\"heading.default\">\n\t\t\t\t<div class=\"elementor-widget-container\">\n\t\t\t<h2 class=\"elementor-heading-title elementor-size-default\">Programas 2015 - 2020<\/h2>\t\t<\/div>\n\t\t\t\t<\/div>\n\t\t\t\t<div class=\"elementor-element elementor-element-95b8456 elementor-widget elementor-widget-heading\" data-id=\"95b8456\" data-element_type=\"widget\" data-widget_type=\"heading.default\">\n\t\t\t\t<div class=\"elementor-widget-container\">\n\t\t\t<h2 class=\"elementor-heading-title elementor-size-default\">Programa de Ingenier\u00eda<\/h2>\t\t<\/div>\n\t\t\t\t<\/div>\n\t\t\t\t\t<\/div>\n\t\t<\/div>\n\t\t\t\t<div class=\"elementor-column elementor-col-50 elementor-top-column elementor-element elementor-element-baced96\" data-id=\"baced96\" data-element_type=\"column\">\n\t\t\t<div class=\"elementor-widget-wrap elementor-element-populated\">\n\t\t\t\t\t\t<div class=\"elementor-element elementor-element-a65ffed elementor-view-default elementor-widget elementor-widget-icon\" data-id=\"a65ffed\" data-element_type=\"widget\" data-widget_type=\"icon.default\">\n\t\t\t\t<div class=\"elementor-widget-container\">\n\t\t\t\t\t<div class=\"elementor-icon-wrapper\">\n\t\t\t<div class=\"elementor-icon\">\n\t\t\t<i aria-hidden=\"true\" class=\"fas fa-cogs\"><\/i>\t\t\t<\/div>\n\t\t<\/div>\n\t\t\t\t<\/div>\n\t\t\t\t<\/div>\n\t\t\t\t\t<\/div>\n\t\t<\/div>\n\t\t\t\t\t<\/div>\n\t\t<\/section>\n\t\t\t\t<section class=\"elementor-section elementor-top-section elementor-element elementor-element-46d4498 elementor-section-full_width elementor-section-stretched elementor-section-height-default elementor-section-height-default\" data-id=\"46d4498\" data-element_type=\"section\" data-settings=\"{&quot;stretch_section&quot;:&quot;section-stretched&quot;}\">\n\t\t\t\t\t\t<div class=\"elementor-container elementor-column-gap-default\">\n\t\t\t\t\t<div class=\"elementor-column elementor-col-50 elementor-top-column elementor-element elementor-element-4351426\" data-id=\"4351426\" data-element_type=\"column\">\n\t\t\t<div class=\"elementor-widget-wrap elementor-element-populated\">\n\t\t\t\t\t\t<div class=\"elementor-element elementor-element-61446e7 elementor-widget elementor-widget-text-editor\" data-id=\"61446e7\" data-element_type=\"widget\" data-widget_type=\"text-editor.default\">\n\t\t\t\t<div class=\"elementor-widget-container\">\n\t\t\t\t\t\t\t<p><strong>El RCGI incluye proyectos que investigan caminos tecnol\u00f3gicos, cient\u00edficos y de mercado para un mayor uso del gas natural en la matriz energ\u00e9tica brasile\u00f1a y como combustible para el transporte.<\/strong><\/p><p>Aborda el desarrollo de centrales termoel\u00e9ctricas de nueva generaci\u00f3n, los problemas del transporte y almacenamiento del gas natural, as\u00ed como temas claves para el \u00e9xito del gas como combustible premium para el siglo XXI.<\/p>\t\t\t\t\t\t<\/div>\n\t\t\t\t<\/div>\n\t\t\t\t<div class=\"elementor-element elementor-element-bd04d2b elementor-widget elementor-widget-heading\" data-id=\"bd04d2b\" data-element_type=\"widget\" data-widget_type=\"heading.default\">\n\t\t\t\t<div class=\"elementor-widget-container\">\n\t\t\t<h2 class=\"elementor-heading-title elementor-size-default\">Descubre los proyectos<\/h2>\t\t<\/div>\n\t\t\t\t<\/div>\n\t\t\t\t<div class=\"elementor-element elementor-element-bc6696c elementor-widget-divider--view-line elementor-widget elementor-widget-divider\" data-id=\"bc6696c\" data-element_type=\"widget\" data-widget_type=\"divider.default\">\n\t\t\t\t<div class=\"elementor-widget-container\">\n\t\t\t\t\t<div class=\"elementor-divider\">\n\t\t\t<span class=\"elementor-divider-separator\">\n\t\t\t\t\t\t<\/span>\n\t\t<\/div>\n\t\t\t\t<\/div>\n\t\t\t\t<\/div>\n\t\t\t\t<div class=\"elementor-element elementor-element-7b7c3ef elementor-grid-1 elementor-posts--thumbnail-none elementor-grid-tablet-2 elementor-grid-mobile-1 elementor-widget elementor-widget-posts\" data-id=\"7b7c3ef\" data-element_type=\"widget\" data-settings=\"{&quot;classic_columns&quot;:&quot;1&quot;,&quot;pagination_type&quot;:&quot;numbers&quot;,&quot;classic_columns_tablet&quot;:&quot;2&quot;,&quot;classic_columns_mobile&quot;:&quot;1&quot;,&quot;classic_row_gap&quot;:{&quot;unit&quot;:&quot;px&quot;,&quot;size&quot;:35,&quot;sizes&quot;:[]},&quot;classic_row_gap_tablet&quot;:{&quot;unit&quot;:&quot;px&quot;,&quot;size&quot;:&quot;&quot;,&quot;sizes&quot;:[]},&quot;classic_row_gap_mobile&quot;:{&quot;unit&quot;:&quot;px&quot;,&quot;size&quot;:&quot;&quot;,&quot;sizes&quot;:[]}}\" data-widget_type=\"posts.classic\">\n\t\t\t\t<div class=\"elementor-widget-container\">\n\t\t\t\t\t<div class=\"elementor-posts-container elementor-posts elementor-posts--skin-classic elementor-grid\">\n\t\t\t\t<article class=\"elementor-post elementor-grid-item post-34587 post type-post status-publish format-standard hentry category-engineering-programme category-projects-en-engineering-programme tag-eng-project tag-projects\">\n\t\t\t\t<div class=\"elementor-post__text\">\n\t\t\t\t<h3 class=\"elementor-post__title\">\n\t\t\t<a href=\"https:\/\/sites.usp.br\/rcgi\/project-development-of-an-advanced-natural-gas-burner-using-the-oxy-fuel-concecpt\/\" >\n\t\t\t\tProject 1: DEVELOPMENT OF AN ADVANCED NATURAL GAS BURNER USING THE OXY-FUEL CONCECPT\t\t\t<\/a>\n\t\t<\/h3>\n\t\t\t\t<div class=\"elementor-post__excerpt\">\n\t\t\t<p>(Project concluded on November 30, 2020) The main objective of this project is to develop a burner for Natural Gas<\/p>\n\t\t<\/div>\n\t\t\n\t\t<a class=\"elementor-post__read-more\" href=\"https:\/\/sites.usp.br\/rcgi\/project-development-of-an-advanced-natural-gas-burner-using-the-oxy-fuel-concecpt\/\" aria-label=\"Read more about Project 1: DEVELOPMENT OF AN ADVANCED NATURAL GAS BURNER USING THE OXY-FUEL CONCECPT\" tabindex=\"-1\" >\n\t\t\tLea mas\t\t<\/a>\n\n\t\t\t\t<\/div>\n\t\t\t\t<\/article>\n\t\t\t\t<article class=\"elementor-post elementor-grid-item post-34591 post type-post status-publish format-standard hentry category-engineering-programme category-projects-en-engineering-programme tag-eng-project tag-projects\">\n\t\t\t\t<div class=\"elementor-post__text\">\n\t\t\t\t<h3 class=\"elementor-post__title\">\n\t\t\t<a href=\"https:\/\/sites.usp.br\/rcgi\/projeto-2-laboratory-of-advanced-combustion-diagnostics\/\" >\n\t\t\t\tProjeto 2: LABORATORY OF ADVANCED COMBUSTION DIAGNOSTICS\t\t\t<\/a>\n\t\t<\/h3>\n\t\t\t\t<div class=\"elementor-post__excerpt\">\n\t\t\t<p>(Project concluded on November 30, 2020) The main objective of this project is to provide the RCGI with state-of-the-art infrastructure<\/p>\n\t\t<\/div>\n\t\t\n\t\t<a class=\"elementor-post__read-more\" href=\"https:\/\/sites.usp.br\/rcgi\/projeto-2-laboratory-of-advanced-combustion-diagnostics\/\" aria-label=\"Read more about Projeto 2: LABORATORY OF ADVANCED COMBUSTION DIAGNOSTICS\" tabindex=\"-1\" >\n\t\t\tLea mas\t\t<\/a>\n\n\t\t\t\t<\/div>\n\t\t\t\t<\/article>\n\t\t\t\t<article class=\"elementor-post elementor-grid-item post-34593 post type-post status-publish format-standard hentry category-engineering-programme category-projects-en-engineering-programme tag-eng-project tag-projects\">\n\t\t\t\t<div class=\"elementor-post__text\">\n\t\t\t\t<h3 class=\"elementor-post__title\">\n\t\t\t<a href=\"https:\/\/sites.usp.br\/rcgi\/projeto-3-advanced-systems-for-the-use-of-mixed-gas-and-diesel-in-internal-combustion-engines-for-methane-emission-mitigation\/\" >\n\t\t\t\tProjeto 3: ADVANCED SYSTEMS FOR THE USE OF MIXED GAS AND DIESEL IN INTERNAL COMBUSTION ENGINES FOR METHANE EMISSION MITIGATION\t\t\t<\/a>\n\t\t<\/h3>\n\t\t\t\t<div class=\"elementor-post__excerpt\">\n\t\t\t<p>(Project concluded on November 30, 2020) This project aims the develop combustion systems using diesel and natural gas blends for<\/p>\n\t\t<\/div>\n\t\t\n\t\t<a class=\"elementor-post__read-more\" href=\"https:\/\/sites.usp.br\/rcgi\/projeto-3-advanced-systems-for-the-use-of-mixed-gas-and-diesel-in-internal-combustion-engines-for-methane-emission-mitigation\/\" aria-label=\"Read more about Projeto 3: ADVANCED SYSTEMS FOR THE USE OF MIXED GAS AND DIESEL IN INTERNAL COMBUSTION ENGINES FOR METHANE EMISSION MITIGATION\" tabindex=\"-1\" >\n\t\t\tLea mas\t\t<\/a>\n\n\t\t\t\t<\/div>\n\t\t\t\t<\/article>\n\t\t\t\t<article class=\"elementor-post elementor-grid-item post-34597 post type-post status-publish format-standard hentry category-engineering-programme category-projects-en-engineering-programme tag-eng-project tag-projects\">\n\t\t\t\t<div class=\"elementor-post__text\">\n\t\t\t\t<h3 class=\"elementor-post__title\">\n\t\t\t<a href=\"https:\/\/sites.usp.br\/rcgi\/project-4-feasibility-conceptual-designs-of-energy-efficient-and-environmentally-friendly-vessels-with-natural-gas-as-a-fuel\/\" >\n\t\t\t\tProject 4: FEASIBILITY\/CONCEPTUAL DESIGNS OF ENERGY EFFICIENT AND ENVIRONMENTALLY FRIENDLY VESSELS WITH NATURAL GAS AS A FUEL\t\t\t<\/a>\n\t\t<\/h3>\n\t\t\t\t<div class=\"elementor-post__excerpt\">\n\t\t\t<p>(Project concluded on November 30, 2020) The project proposes the conceptual studies of three vessels using liquefied natural gas (LNG)<\/p>\n\t\t<\/div>\n\t\t\n\t\t<a class=\"elementor-post__read-more\" href=\"https:\/\/sites.usp.br\/rcgi\/project-4-feasibility-conceptual-designs-of-energy-efficient-and-environmentally-friendly-vessels-with-natural-gas-as-a-fuel\/\" aria-label=\"Read more about Project 4: FEASIBILITY\/CONCEPTUAL DESIGNS OF ENERGY EFFICIENT AND ENVIRONMENTALLY FRIENDLY VESSELS WITH NATURAL GAS AS A FUEL\" tabindex=\"-1\" >\n\t\t\tLea mas\t\t<\/a>\n\n\t\t\t\t<\/div>\n\t\t\t\t<\/article>\n\t\t\t\t<article class=\"elementor-post elementor-grid-item post-34604 post type-post status-publish format-standard hentry category-engineering-programme category-projects-en-engineering-programme tag-eng-project tag-projects\">\n\t\t\t\t<div class=\"elementor-post__text\">\n\t\t\t\t<h3 class=\"elementor-post__title\">\n\t\t\t<a href=\"https:\/\/sites.usp.br\/rcgi\/project-5-design-and-optimization-of-storage-systems-by-adsorption-for-natural-gas\/\" >\n\t\t\t\tProject 5: DESIGN AND OPTIMIZATION OF STORAGE SYSTEMS BY ADSORPTION FOR NATURAL GAS\t\t\t<\/a>\n\t\t<\/h3>\n\t\t\t\t<div class=\"elementor-post__excerpt\">\n\t\t\t<p>(Project concluded on November 30, 2020) Adsorption consists in the molecular adhesion into surfaces by van der Waals forces and<\/p>\n\t\t<\/div>\n\t\t\n\t\t<a class=\"elementor-post__read-more\" href=\"https:\/\/sites.usp.br\/rcgi\/project-5-design-and-optimization-of-storage-systems-by-adsorption-for-natural-gas\/\" aria-label=\"Read more about Project 5: DESIGN AND OPTIMIZATION OF STORAGE SYSTEMS BY ADSORPTION FOR NATURAL GAS\" tabindex=\"-1\" >\n\t\t\tLea mas\t\t<\/a>\n\n\t\t\t\t<\/div>\n\t\t\t\t<\/article>\n\t\t\t\t<article class=\"elementor-post elementor-grid-item post-34608 post type-post status-publish format-standard hentry category-engineering-programme category-projects-en-engineering-programme tag-eng-project tag-projects\">\n\t\t\t\t<div class=\"elementor-post__text\">\n\t\t\t\t<h3 class=\"elementor-post__title\">\n\t\t\t<a href=\"https:\/\/sites.usp.br\/rcgi\/project-6-optimization-based-on-the-adjoint-method-for-natural-gas-storage-systems\/\" >\n\t\t\t\tProject 6: OPTIMIZATION BASED ON THE ADJOINT METHOD FOR NATURAL GAS STORAGE SYSTEMS\t\t\t<\/a>\n\t\t<\/h3>\n\t\t\t\t<div class=\"elementor-post__excerpt\">\n\t\t\t<p>(Project concluded on November 30, 2020) Worldwide, the energy market is going through a phase of intense research and development<\/p>\n\t\t<\/div>\n\t\t\n\t\t<a class=\"elementor-post__read-more\" href=\"https:\/\/sites.usp.br\/rcgi\/project-6-optimization-based-on-the-adjoint-method-for-natural-gas-storage-systems\/\" aria-label=\"Read more about Project 6: OPTIMIZATION BASED ON THE ADJOINT METHOD FOR NATURAL GAS STORAGE SYSTEMS\" tabindex=\"-1\" >\n\t\t\tLea mas\t\t<\/a>\n\n\t\t\t\t<\/div>\n\t\t\t\t<\/article>\n\t\t\t\t<article class=\"elementor-post elementor-grid-item post-34612 post type-post status-publish format-standard hentry category-engineering-programme category-projects-en-engineering-programme tag-eng-project tag-projects\">\n\t\t\t\t<div class=\"elementor-post__text\">\n\t\t\t\t<h3 class=\"elementor-post__title\">\n\t\t\t<a href=\"https:\/\/sites.usp.br\/rcgi\/project-7-hybrid-power-systems-for-ships\/\" >\n\t\t\t\tProject 7: HYBRID POWER SYSTEMS FOR SHIPS\t\t\t<\/a>\n\t\t<\/h3>\n\t\t\t\t<div class=\"elementor-post__excerpt\">\n\t\t\t<p>(Project concluded on November 30, 2020) Nowadays, there is a growing concern about decreasing pollutant emissions from marine vessels in<\/p>\n\t\t<\/div>\n\t\t\n\t\t<a class=\"elementor-post__read-more\" href=\"https:\/\/sites.usp.br\/rcgi\/project-7-hybrid-power-systems-for-ships\/\" aria-label=\"Read more about Project 7: HYBRID POWER SYSTEMS FOR SHIPS\" tabindex=\"-1\" >\n\t\t\tLea mas\t\t<\/a>\n\n\t\t\t\t<\/div>\n\t\t\t\t<\/article>\n\t\t\t\t<article class=\"elementor-post elementor-grid-item post-34616 post type-post status-publish format-standard hentry category-engineering-programme category-projects-en-engineering-programme tag-eng-project tag-projects\">\n\t\t\t\t<div class=\"elementor-post__text\">\n\t\t\t\t<h3 class=\"elementor-post__title\">\n\t\t\t<a href=\"https:\/\/sites.usp.br\/rcgi\/project-8-modeling-and-numerical-simulation\/\" >\n\t\t\t\tProject 8: MODELING AND NUMERICAL SIMULATION\t\t\t<\/a>\n\t\t<\/h3>\n\t\t\t\t<div class=\"elementor-post__excerpt\">\n\t\t\t<p>(Project concluded on November 30, 2020) In the last decades, numerical modelling and simulation techniques have become vital in many<\/p>\n\t\t<\/div>\n\t\t\n\t\t<a class=\"elementor-post__read-more\" href=\"https:\/\/sites.usp.br\/rcgi\/project-8-modeling-and-numerical-simulation\/\" aria-label=\"Read more about Project 8: MODELING AND NUMERICAL SIMULATION\" tabindex=\"-1\" >\n\t\t\tLea mas\t\t<\/a>\n\n\t\t\t\t<\/div>\n\t\t\t\t<\/article>\n\t\t\t\t<article class=\"elementor-post elementor-grid-item post-34620 post type-post status-publish format-standard hentry category-engineering-programme category-projects-en-engineering-programme tag-eng-project tag-projects\">\n\t\t\t\t<div class=\"elementor-post__text\">\n\t\t\t\t<h3 class=\"elementor-post__title\">\n\t\t\t<a href=\"https:\/\/sites.usp.br\/rcgi\/project-9-studies-of-the-application-of-laser-lidar-for-atmospheric-pollution-measurements\/\" >\n\t\t\t\tProject 9: STUDIES OF THE APPLICATION OF LASER (LIDAR) FOR ATMOSPHERIC POLLUTION MEASUREMENTS\t\t\t<\/a>\n\t\t<\/h3>\n\t\t\t\t<div class=\"elementor-post__excerpt\">\n\t\t\t<p>(Project concluded on November 30, 2020) The present research project focuses on the application of a laser-based remote sensing technique<\/p>\n\t\t<\/div>\n\t\t\n\t\t<a class=\"elementor-post__read-more\" href=\"https:\/\/sites.usp.br\/rcgi\/project-9-studies-of-the-application-of-laser-lidar-for-atmospheric-pollution-measurements\/\" aria-label=\"Read more about Project 9: STUDIES OF THE APPLICATION OF LASER (LIDAR) FOR ATMOSPHERIC POLLUTION MEASUREMENTS\" tabindex=\"-1\" >\n\t\t\tLea mas\t\t<\/a>\n\n\t\t\t\t<\/div>\n\t\t\t\t<\/article>\n\t\t\t\t<article class=\"elementor-post elementor-grid-item post-34624 post type-post status-publish format-standard hentry category-engineering-programme category-projects-en-engineering-programme tag-eng-project tag-projects\">\n\t\t\t\t<div class=\"elementor-post__text\">\n\t\t\t\t<h3 class=\"elementor-post__title\">\n\t\t\t<a href=\"https:\/\/sites.usp.br\/rcgi\/project-10-design-optimization-of-labyrinth-seals\/\" >\n\t\t\t\tProject 10: DESIGN OPTIMIZATION OF LABYRINTH SEALS\t\t\t<\/a>\n\t\t<\/h3>\n\t\t\t\t<div class=\"elementor-post__excerpt\">\n\t\t\t<p>(Project concluded on November 30, 2020) Labyrinth seals are essential for sealing rotating parts subject to high temperatures. Currently, 60%<\/p>\n\t\t<\/div>\n\t\t\n\t\t<a class=\"elementor-post__read-more\" href=\"https:\/\/sites.usp.br\/rcgi\/project-10-design-optimization-of-labyrinth-seals\/\" aria-label=\"Read more about Project 10: DESIGN OPTIMIZATION OF LABYRINTH SEALS\" tabindex=\"-1\" >\n\t\t\tLea mas\t\t<\/a>\n\n\t\t\t\t<\/div>\n\t\t\t\t<\/article>\n\t\t\t\t<\/div>\n\t\t\n\t\t\t\t<div class=\"e-load-more-anchor\" data-page=\"1\" data-max-page=\"2\" data-next-page=\"https:\/\/sites.usp.br\/rcgi\/wp-json\/wp\/v2\/pages\/34928\/page\/2\/\"><\/div>\n\t\t\t\t<nav class=\"elementor-pagination\" aria-label=\"Pagina\u00e7\u00e3o\">\n\t\t\t<span aria-current=\"page\" class=\"page-numbers current\"><span class=\"elementor-screen-only\">P\u00e1gina<\/span>1<\/span>\n<a class=\"page-numbers\" href=\"https:\/\/sites.usp.br\/rcgi\/wp-json\/wp\/v2\/pages\/34928\/page\/2\/\"><span class=\"elementor-screen-only\">P\u00e1gina<\/span>2<\/a>\t\t<\/nav>\n\t\t\t\t<\/div>\n\t\t\t\t<\/div>\n\t\t\t\t\t<\/div>\n\t\t<\/div>\n\t\t\t\t<div class=\"elementor-column elementor-col-50 elementor-top-column elementor-element elementor-element-0d8f1b9\" data-id=\"0d8f1b9\" data-element_type=\"column\" data-settings=\"{&quot;background_background&quot;:&quot;classic&quot;}\">\n\t\t\t<div class=\"elementor-widget-wrap elementor-element-populated\">\n\t\t\t\t\t\t<section class=\"elementor-section elementor-inner-section elementor-element elementor-element-ab4b51b elementor-section-boxed elementor-section-height-default elementor-section-height-default\" data-id=\"ab4b51b\" data-element_type=\"section\" data-settings=\"{&quot;background_background&quot;:&quot;classic&quot;}\">\n\t\t\t\t\t\t<div class=\"elementor-container elementor-column-gap-default\">\n\t\t\t\t\t<div class=\"elementor-column elementor-col-100 elementor-inner-column elementor-element elementor-element-17afb56\" data-id=\"17afb56\" data-element_type=\"column\">\n\t\t\t<div class=\"elementor-widget-wrap elementor-element-populated\">\n\t\t\t\t\t\t<div class=\"elementor-element elementor-element-ad82442 elementor-position-left elementor-vertical-align-top elementor-widget elementor-widget-image-box\" data-id=\"ad82442\" data-element_type=\"widget\" data-widget_type=\"image-box.default\">\n\t\t\t\t<div class=\"elementor-widget-container\">\n\t\t\t<div class=\"elementor-image-box-wrapper\"><figure class=\"elementor-image-box-img\"><a href=\"https:\/\/sites.usp.br\/rcgi\/emilio-c-n-silva\/\" tabindex=\"-1\"><img fetchpriority=\"high\" decoding=\"async\" width=\"400\" height=\"424\" src=\"https:\/\/sites.usp.br\/rcgi\/wp-content\/uploads\/sites\/1196\/2023\/08\/Prof-Emilio3.jpg\" class=\"attachment-full size-full wp-image-38941\" alt=\"\" srcset=\"https:\/\/sites.usp.br\/rcgi\/wp-content\/uploads\/sites\/1196\/2023\/08\/Prof-Emilio3.jpg 400w, https:\/\/sites.usp.br\/rcgi\/wp-content\/uploads\/sites\/1196\/2023\/08\/Prof-Emilio3-283x300.jpg 283w\" sizes=\"(max-width: 400px) 100vw, 400px\" \/><\/a><\/figure><div class=\"elementor-image-box-content\"><h3 class=\"elementor-image-box-title\"><a href=\"https:\/\/sites.usp.br\/rcgi\/emilio-c-n-silva\/\">Em\u00edlio Carlos Nelli Silva<\/a><\/h3><p class=\"elementor-image-box-description\">Director<\/p><\/div><\/div>\t\t<\/div>\n\t\t\t\t<\/div>\n\t\t\t\t<div class=\"elementor-element elementor-element-3711691 elementor-position-left elementor-vertical-align-top elementor-widget elementor-widget-image-box\" data-id=\"3711691\" data-element_type=\"widget\" data-widget_type=\"image-box.default\">\n\t\t\t\t<div class=\"elementor-widget-container\">\n\t\t\t<div class=\"elementor-image-box-wrapper\"><figure class=\"elementor-image-box-img\"><a href=\"http:\/\/buscatextual.cnpq.br\/buscatextual\/visualizacv.do?id=K4784253T0\" tabindex=\"-1\"><img decoding=\"async\" width=\"93\" height=\"93\" src=\"https:\/\/sites.usp.br\/rcgi\/wp-content\/uploads\/sites\/1196\/2024\/01\/Imagem1.png\" class=\"attachment-full size-full wp-image-43261\" alt=\"\" srcset=\"https:\/\/sites.usp.br\/rcgi\/wp-content\/uploads\/sites\/1196\/2024\/01\/Imagem1.png 93w, https:\/\/sites.usp.br\/rcgi\/wp-content\/uploads\/sites\/1196\/2024\/01\/Imagem1-45x45.png 45w\" sizes=\"(max-width: 93px) 100vw, 93px\" \/><\/a><\/figure><div class=\"elementor-image-box-content\"><h3 class=\"elementor-image-box-title\"><a href=\"http:\/\/buscatextual.cnpq.br\/buscatextual\/visualizacv.do?id=K4784253T0\">Guenther C Krieger Filho<\/a><\/h3><p class=\"elementor-image-box-description\">Deputy<\/p><\/div><\/div>\t\t<\/div>\n\t\t\t\t<\/div>\n\t\t\t\t\t<\/div>\n\t\t<\/div>\n\t\t\t\t\t<\/div>\n\t\t<\/section>\n\t\t\t\t\t<\/div>\n\t\t<\/div>\n\t\t\t\t\t<\/div>\n\t\t<\/section>\n\t\t\t\t<\/div>\n\t\t","protected":false},"excerpt":{"rendered":"<p>Programas 2015 &#8211; 2020 Programa de Ingenier\u00eda El RCGI incluye proyectos que investigan caminos tecnol\u00f3gicos, cient\u00edficos y de mercado para un mayor uso del gas natural en la matriz energ\u00e9tica &hellip; <\/p>\n<p class=\"link-more\"><a href=\"https:\/\/sites.usp.br\/rcgi\/project-10-design-optimization-of-labyrinth-seals\/\" class=\"more-link\">Continue lendo<span class=\"screen-reader-text\"> &#8220;Project 10: DESIGN OPTIMIZATION OF LABYRINTH SEALS&#8221;<\/span><\/a><\/p>\n","protected":false},"author":23409,"featured_media":0,"parent":0,"menu_order":6,"comment_status":"closed","ping_status":"closed","template":"","meta":{"_acf_changed":false,"_EventAllDay":false,"_EventTimezone":"","_EventStartDate":"","_EventEndDate":"","_EventStartDateUTC":"","_EventEndDateUTC":"","_EventShowMap":false,"_EventShowMapLink":false,"_EventURL":"","_EventCost":"","_EventCostDescription":"","_EventCurrencySymbol":"","_EventCurrencyCode":"","_EventCurrencyPosition":"","_EventDateTimeSeparator":"","_EventTimeRangeSeparator":"","_EventOrganizerID":[],"_EventVenueID":[],"_OrganizerEmail":"","_OrganizerPhone":"","_OrganizerWebsite":"","_VenueAddress":"","_VenueCity":"","_VenueCountry":"","_VenueProvince":"","_VenueState":"","_VenueZip":"","_VenuePhone":"","_VenueURL":"","_VenueStateProvince":"","_VenueLat":"","_VenueLng":"","_VenueShowMap":false,"_VenueShowMapLink":false,"footnotes":"","_links_to":"","_links_to_target":""},"class_list":["post-34928","page","type-page","status-publish","hentry"],"acf":[],"jetpack_sharing_enabled":true,"_links":{"self":[{"href":"https:\/\/sites.usp.br\/rcgi\/wp-json\/wp\/v2\/pages\/34928","targetHints":{"allow":["GET"]}}],"collection":[{"href":"https:\/\/sites.usp.br\/rcgi\/wp-json\/wp\/v2\/pages"}],"about":[{"href":"https:\/\/sites.usp.br\/rcgi\/wp-json\/wp\/v2\/types\/page"}],"author":[{"embeddable":true,"href":"https:\/\/sites.usp.br\/rcgi\/wp-json\/wp\/v2\/users\/23409"}],"replies":[{"embeddable":true,"href":"https:\/\/sites.usp.br\/rcgi\/wp-json\/wp\/v2\/comments?post=34928"}],"version-history":[{"count":4,"href":"https:\/\/sites.usp.br\/rcgi\/wp-json\/wp\/v2\/pages\/34928\/revisions"}],"predecessor-version":[{"id":44274,"href":"https:\/\/sites.usp.br\/rcgi\/wp-json\/wp\/v2\/pages\/34928\/revisions\/44274"}],"wp:attachment":[{"href":"https:\/\/sites.usp.br\/rcgi\/wp-json\/wp\/v2\/media?parent=34928"}],"curies":[{"name":"wp","href":"https:\/\/api.w.org\/{rel}","templated":true}]}}