{"id":34934,"date":"2023-06-11T16:09:51","date_gmt":"2023-06-11T19:09:51","guid":{"rendered":"https:\/\/sites.usp.br\/rcgi\/?page_id=34934"},"modified":"2024-08-07T13:57:04","modified_gmt":"2024-08-07T16:57:04","slug":"programa-de-fisica-quimica-2","status":"publish","type":"page","link":"https:\/\/sites.usp.br\/rcgi\/es\/programa-de-fisica-quimica-2\/","title":{"rendered":"Programa de F\u00edsica-Qu\u00edmica"},"content":{"rendered":"\t\t<div data-elementor-type=\"wp-page\" data-elementor-id=\"34934\" class=\"elementor elementor-34934\" data-elementor-post-type=\"page\">\n\t\t\t\t\t\t<section class=\"elementor-section elementor-top-section elementor-element elementor-element-ce396a1 elementor-section-boxed elementor-section-height-default elementor-section-height-default\" data-id=\"ce396a1\" data-element_type=\"section\" data-settings=\"{&quot;background_background&quot;:&quot;classic&quot;}\">\n\t\t\t\t\t\t<div class=\"elementor-container elementor-column-gap-default\">\n\t\t\t\t\t<div class=\"elementor-column elementor-col-50 elementor-top-column elementor-element elementor-element-c7783e9\" data-id=\"c7783e9\" data-element_type=\"column\">\n\t\t\t<div class=\"elementor-widget-wrap elementor-element-populated\">\n\t\t\t\t\t\t<div class=\"elementor-element elementor-element-48a7148 elementor-widget elementor-widget-heading\" data-id=\"48a7148\" data-element_type=\"widget\" data-widget_type=\"heading.default\">\n\t\t\t\t<div class=\"elementor-widget-container\">\n\t\t\t<h2 class=\"elementor-heading-title elementor-size-default\">Programas 2015 - 2020<\/h2>\t\t<\/div>\n\t\t\t\t<\/div>\n\t\t\t\t<div class=\"elementor-element elementor-element-8088e01 elementor-widget elementor-widget-heading\" data-id=\"8088e01\" data-element_type=\"widget\" data-widget_type=\"heading.default\">\n\t\t\t\t<div class=\"elementor-widget-container\">\n\t\t\t<h2 class=\"elementor-heading-title elementor-size-default\">Programa de Qu\u00edmica F\u00edsica<\/h2>\t\t<\/div>\n\t\t\t\t<\/div>\n\t\t\t\t\t<\/div>\n\t\t<\/div>\n\t\t\t\t<div class=\"elementor-column elementor-col-50 elementor-top-column elementor-element elementor-element-7b3bef6\" data-id=\"7b3bef6\" data-element_type=\"column\">\n\t\t\t<div class=\"elementor-widget-wrap elementor-element-populated\">\n\t\t\t\t\t\t<div class=\"elementor-element elementor-element-b60d529 elementor-view-default elementor-widget elementor-widget-icon\" data-id=\"b60d529\" data-element_type=\"widget\" data-widget_type=\"icon.default\">\n\t\t\t\t<div class=\"elementor-widget-container\">\n\t\t\t\t\t<div class=\"elementor-icon-wrapper\">\n\t\t\t<div class=\"elementor-icon\">\n\t\t\t<i aria-hidden=\"true\" class=\"fas fa-atom\"><\/i>\t\t\t<\/div>\n\t\t<\/div>\n\t\t\t\t<\/div>\n\t\t\t\t<\/div>\n\t\t\t\t\t<\/div>\n\t\t<\/div>\n\t\t\t\t\t<\/div>\n\t\t<\/section>\n\t\t\t\t<section class=\"elementor-section elementor-top-section elementor-element elementor-element-a59aac0 elementor-section-full_width elementor-section-stretched elementor-section-height-default elementor-section-height-default\" data-id=\"a59aac0\" data-element_type=\"section\" data-settings=\"{&quot;stretch_section&quot;:&quot;section-stretched&quot;}\">\n\t\t\t\t\t\t<div class=\"elementor-container elementor-column-gap-default\">\n\t\t\t\t\t<div class=\"elementor-column elementor-col-50 elementor-top-column elementor-element elementor-element-d9b11f6\" data-id=\"d9b11f6\" data-element_type=\"column\">\n\t\t\t<div class=\"elementor-widget-wrap elementor-element-populated\">\n\t\t\t\t\t\t<div class=\"elementor-element elementor-element-91de5b0 elementor-widget elementor-widget-text-editor\" data-id=\"91de5b0\" data-element_type=\"widget\" data-widget_type=\"text-editor.default\">\n\t\t\t\t<div class=\"elementor-widget-container\">\n\t\t\t\t\t\t\t<p><strong>El RCGI re\u00fane proyectos centrados en la conversi\u00f3n de gas natural en productos qu\u00edmicos de alto valor a\u00f1adido.<\/strong><\/p><p>Los proyectos de investigaci\u00f3n en esta \u00e1rea se centran en rutas de s\u00edntesis qu\u00edmica y bioqu\u00edmica, pruebas de concepto, desarrollo de catalizadores, modelado y optimizaci\u00f3n de procesos. Tambi\u00e9n se considerar\u00e1n aplicaciones tecnol\u00f3gicas como el desarrollo de pilas de combustible, energ\u00eda solar y membranas cer\u00e1micas. La investigaci\u00f3n asociada est\u00e1 relacionada con la producci\u00f3n de biog\u00e1s a partir de biomasa derivada de la producci\u00f3n de etanol.<\/p>\t\t\t\t\t\t<\/div>\n\t\t\t\t<\/div>\n\t\t\t\t<div class=\"elementor-element elementor-element-551c79c elementor-widget elementor-widget-heading\" data-id=\"551c79c\" data-element_type=\"widget\" data-widget_type=\"heading.default\">\n\t\t\t\t<div class=\"elementor-widget-container\">\n\t\t\t<h2 class=\"elementor-heading-title elementor-size-default\">Descubre los proyectos<\/h2>\t\t<\/div>\n\t\t\t\t<\/div>\n\t\t\t\t<div class=\"elementor-element elementor-element-66dea94 elementor-widget-divider--view-line elementor-widget elementor-widget-divider\" data-id=\"66dea94\" data-element_type=\"widget\" data-widget_type=\"divider.default\">\n\t\t\t\t<div class=\"elementor-widget-container\">\n\t\t\t\t\t<div class=\"elementor-divider\">\n\t\t\t<span class=\"elementor-divider-separator\">\n\t\t\t\t\t\t<\/span>\n\t\t<\/div>\n\t\t\t\t<\/div>\n\t\t\t\t<\/div>\n\t\t\t\t<div class=\"elementor-element elementor-element-335f960 elementor-grid-1 elementor-posts--thumbnail-none elementor-grid-tablet-2 elementor-grid-mobile-1 elementor-widget elementor-widget-posts\" data-id=\"335f960\" data-element_type=\"widget\" data-settings=\"{&quot;classic_columns&quot;:&quot;1&quot;,&quot;pagination_type&quot;:&quot;numbers&quot;,&quot;classic_columns_tablet&quot;:&quot;2&quot;,&quot;classic_columns_mobile&quot;:&quot;1&quot;,&quot;classic_row_gap&quot;:{&quot;unit&quot;:&quot;px&quot;,&quot;size&quot;:35,&quot;sizes&quot;:[]},&quot;classic_row_gap_tablet&quot;:{&quot;unit&quot;:&quot;px&quot;,&quot;size&quot;:&quot;&quot;,&quot;sizes&quot;:[]},&quot;classic_row_gap_mobile&quot;:{&quot;unit&quot;:&quot;px&quot;,&quot;size&quot;:&quot;&quot;,&quot;sizes&quot;:[]}}\" data-widget_type=\"posts.classic\">\n\t\t\t\t<div class=\"elementor-widget-container\">\n\t\t\t\t\t<div class=\"elementor-posts-container elementor-posts elementor-posts--skin-classic elementor-grid\">\n\t\t\t\t<article class=\"elementor-post elementor-grid-item post-34678 post type-post status-publish format-standard hentry category-physical-chemistry-programme category-projects-en-physical-chemistry-programme tag-phy-project tag-projects\">\n\t\t\t\t<div class=\"elementor-post__text\">\n\t\t\t\t<h3 class=\"elementor-post__title\">\n\t\t\t<a href=\"https:\/\/sites.usp.br\/rcgi\/project-20-supported-metal-nanoparticles-as-catalyst-for-the-prox-reaction\/\" >\n\t\t\t\tProject 20: SUPPORTED METAL NANOPARTICLES AS CATALYST FOR THE PROX REACTION\t\t\t<\/a>\n\t\t<\/h3>\n\t\t\t\t<div class=\"elementor-post__excerpt\">\n\t\t\t<p>(Project concluded on November 30, 2020) The preferencial CO oxidation (PROX) have been one of the most suitable methods of<\/p>\n\t\t<\/div>\n\t\t\n\t\t<a class=\"elementor-post__read-more\" href=\"https:\/\/sites.usp.br\/rcgi\/project-20-supported-metal-nanoparticles-as-catalyst-for-the-prox-reaction\/\" aria-label=\"Read more about Project 20: SUPPORTED METAL NANOPARTICLES AS CATALYST FOR THE PROX REACTION\" tabindex=\"-1\" >\n\t\t\tLea mas\t\t<\/a>\n\n\t\t\t\t<\/div>\n\t\t\t\t<\/article>\n\t\t\t\t<article class=\"elementor-post elementor-grid-item post-34673 post type-post status-publish format-standard hentry category-physical-chemistry-programme category-projects-en-physical-chemistry-programme tag-phy-project tag-projects\">\n\t\t\t\t<div class=\"elementor-post__text\">\n\t\t\t\t<h3 class=\"elementor-post__title\">\n\t\t\t<a href=\"https:\/\/sites.usp.br\/rcgi\/project-19-structured-ceramic-membrane-and-supersonic-device-for-ch4-co2-separation\/\" >\n\t\t\t\tProject 19: STRUCTURED CERAMIC MEMBRANE AND SUPERSONIC DEVICE FOR CH4 \/CO2 SEPARATION\t\t\t<\/a>\n\t\t<\/h3>\n\t\t\t\t<div class=\"elementor-post__excerpt\">\n\t\t\t<p>(Project concluded on November 30, 2020) This project aims to develop ceramic composite membranes of hollow fiber for the physical<\/p>\n\t\t<\/div>\n\t\t\n\t\t<a class=\"elementor-post__read-more\" href=\"https:\/\/sites.usp.br\/rcgi\/project-19-structured-ceramic-membrane-and-supersonic-device-for-ch4-co2-separation\/\" aria-label=\"Read more about Project 19: STRUCTURED CERAMIC MEMBRANE AND SUPERSONIC DEVICE FOR CH4 \/CO2 SEPARATION\" tabindex=\"-1\" >\n\t\t\tLea mas\t\t<\/a>\n\n\t\t\t\t<\/div>\n\t\t\t\t<\/article>\n\t\t\t\t<article class=\"elementor-post elementor-grid-item post-34668 post type-post status-publish format-standard hentry category-physical-chemistry-programme category-projects-en-physical-chemistry-programme tag-phy-project tag-projects\">\n\t\t\t\t<div class=\"elementor-post__text\">\n\t\t\t\t<h3 class=\"elementor-post__title\">\n\t\t\t<a href=\"https:\/\/sites.usp.br\/rcgi\/project-18-microbial-production-of-polyhydroxybutyrate-phb-from-methane-ch4\/\" >\n\t\t\t\tProject 18: MICROBIAL PRODUCTION OF POLYHYDROXYBUTYRATE (PHB) FROM METHANE (CH4)\t\t\t<\/a>\n\t\t<\/h3>\n\t\t\t\t<div class=\"elementor-post__excerpt\">\n\t\t\t<p>(Project concluded on November 30, 2020) Polyhydroxybutyrate (PHB) is an attractive substitute for petroleum based plastic due to its similar<\/p>\n\t\t<\/div>\n\t\t\n\t\t<a class=\"elementor-post__read-more\" href=\"https:\/\/sites.usp.br\/rcgi\/project-18-microbial-production-of-polyhydroxybutyrate-phb-from-methane-ch4\/\" aria-label=\"Read more about Project 18: MICROBIAL PRODUCTION OF POLYHYDROXYBUTYRATE (PHB) FROM METHANE (CH4)\" tabindex=\"-1\" >\n\t\t\tLea mas\t\t<\/a>\n\n\t\t\t\t<\/div>\n\t\t\t\t<\/article>\n\t\t\t\t<article class=\"elementor-post elementor-grid-item post-34664 post type-post status-publish format-standard hentry category-physical-chemistry-programme category-projects-en-physical-chemistry-programme tag-phy-project tag-projects\">\n\t\t\t\t<div class=\"elementor-post__text\">\n\t\t\t\t<h3 class=\"elementor-post__title\">\n\t\t\t<a href=\"https:\/\/sites.usp.br\/rcgi\/project-17-converting-biogas-to-bioproducts\/\" >\n\t\t\t\tProject 17: CONVERTING BIOGAS TO BIOPRODUCTS\t\t\t<\/a>\n\t\t<\/h3>\n\t\t\t\t<div class=\"elementor-post__excerpt\">\n\t\t\t<p>(Project concluded on November 30, 2020) The emission of gases CO2 and CH4 are considered one of the major responsible<\/p>\n\t\t<\/div>\n\t\t\n\t\t<a class=\"elementor-post__read-more\" href=\"https:\/\/sites.usp.br\/rcgi\/project-17-converting-biogas-to-bioproducts\/\" aria-label=\"Read more about Project 17: CONVERTING BIOGAS TO BIOPRODUCTS\" tabindex=\"-1\" >\n\t\t\tLea mas\t\t<\/a>\n\n\t\t\t\t<\/div>\n\t\t\t\t<\/article>\n\t\t\t\t<article class=\"elementor-post elementor-grid-item post-34660 post type-post status-publish format-standard hentry category-physical-chemistry-programme category-projects-en-physical-chemistry-programme tag-phy-project tag-projects\">\n\t\t\t\t<div class=\"elementor-post__text\">\n\t\t\t\t<h3 class=\"elementor-post__title\">\n\t\t\t<a href=\"https:\/\/sites.usp.br\/rcgi\/project-16-a-hybrid-solar-gas-system-for-natural-gas-steam-reforming\/\" >\n\t\t\t\tProject 16: A HYBRID SOLAR-GAS SYSTEM FOR NATURAL GAS STEAM REFORMING\t\t\t<\/a>\n\t\t<\/h3>\n\t\t\t\t<div class=\"elementor-post__excerpt\">\n\t\t\t<p>(Project concluded on November 30, 2020) This project deals with developing a novel system for natural gas reforming using solar<\/p>\n\t\t<\/div>\n\t\t\n\t\t<a class=\"elementor-post__read-more\" href=\"https:\/\/sites.usp.br\/rcgi\/project-16-a-hybrid-solar-gas-system-for-natural-gas-steam-reforming\/\" aria-label=\"Read more about Project 16: A HYBRID SOLAR-GAS SYSTEM FOR NATURAL GAS STEAM REFORMING\" tabindex=\"-1\" >\n\t\t\tLea mas\t\t<\/a>\n\n\t\t\t\t<\/div>\n\t\t\t\t<\/article>\n\t\t\t\t<article class=\"elementor-post elementor-grid-item post-34658 post type-post status-publish format-standard hentry category-physical-chemistry-programme category-projects-en-physical-chemistry-programme tag-phy-project tag-projects\">\n\t\t\t\t<div class=\"elementor-post__text\">\n\t\t\t\t<h3 class=\"elementor-post__title\">\n\t\t\t<a href=\"https:\/\/sites.usp.br\/rcgi\/project-15-advanced-catalyst-for-fischer-tropsch-synthesis\/\" >\n\t\t\t\tProject 15: ADVANCED CATALYST FOR FISCHER-TROPSCH SYNTHESIS\t\t\t<\/a>\n\t\t<\/h3>\n\t\t\t\t<div class=\"elementor-post__excerpt\">\n\t\t\t<p>(Project concluded on November 30, 2020) Fischer\u2013Tropsch synthesis (FTS) is a set of catalytic processes that can be used to<\/p>\n\t\t<\/div>\n\t\t\n\t\t<a class=\"elementor-post__read-more\" href=\"https:\/\/sites.usp.br\/rcgi\/project-15-advanced-catalyst-for-fischer-tropsch-synthesis\/\" aria-label=\"Read more about Project 15: ADVANCED CATALYST FOR FISCHER-TROPSCH SYNTHESIS\" tabindex=\"-1\" >\n\t\t\tLea mas\t\t<\/a>\n\n\t\t\t\t<\/div>\n\t\t\t\t<\/article>\n\t\t\t\t<\/div>\n\t\t\n\t\t\t\t<div class=\"e-load-more-anchor\" data-page=\"1\" data-max-page=\"2\" data-next-page=\"https:\/\/sites.usp.br\/rcgi\/wp-json\/wp\/v2\/pages\/34934\/page\/2\/\"><\/div>\n\t\t\t\t<nav class=\"elementor-pagination\" aria-label=\"Pagina\u00e7\u00e3o\">\n\t\t\t<span aria-current=\"page\" class=\"page-numbers current\"><span class=\"elementor-screen-only\">P\u00e1gina<\/span>1<\/span>\n<a class=\"page-numbers\" href=\"https:\/\/sites.usp.br\/rcgi\/wp-json\/wp\/v2\/pages\/34934\/page\/2\/\"><span class=\"elementor-screen-only\">P\u00e1gina<\/span>2<\/a>\t\t<\/nav>\n\t\t\t\t<\/div>\n\t\t\t\t<\/div>\n\t\t\t\t\t<\/div>\n\t\t<\/div>\n\t\t\t\t<div class=\"elementor-column elementor-col-50 elementor-top-column elementor-element elementor-element-9b80f39\" data-id=\"9b80f39\" data-element_type=\"column\" data-settings=\"{&quot;background_background&quot;:&quot;classic&quot;}\">\n\t\t\t<div class=\"elementor-widget-wrap elementor-element-populated\">\n\t\t\t\t\t\t<section class=\"elementor-section elementor-inner-section elementor-element elementor-element-41abe3d elementor-section-boxed elementor-section-height-default elementor-section-height-default\" data-id=\"41abe3d\" data-element_type=\"section\" data-settings=\"{&quot;background_background&quot;:&quot;classic&quot;}\">\n\t\t\t\t\t\t<div class=\"elementor-container elementor-column-gap-default\">\n\t\t\t\t\t<div class=\"elementor-column elementor-col-100 elementor-inner-column elementor-element elementor-element-2ca6a7e\" data-id=\"2ca6a7e\" data-element_type=\"column\">\n\t\t\t<div class=\"elementor-widget-wrap elementor-element-populated\">\n\t\t\t\t\t\t<div class=\"elementor-element elementor-element-56f7427 elementor-position-left elementor-vertical-align-top elementor-widget elementor-widget-image-box\" data-id=\"56f7427\" data-element_type=\"widget\" data-widget_type=\"image-box.default\">\n\t\t\t\t<div class=\"elementor-widget-container\">\n\t\t\t<div class=\"elementor-image-box-wrapper\"><figure class=\"elementor-image-box-img\"><a href=\"https:\/\/sites.usp.br\/rcgi\/reinaldo-giudici\/\" tabindex=\"-1\"><img fetchpriority=\"high\" decoding=\"async\" width=\"281\" height=\"306\" src=\"https:\/\/sites.usp.br\/rcgi\/wp-content\/uploads\/sites\/1196\/2023\/06\/reinaldo_giudici.jpeg\" class=\"attachment-full size-full wp-image-35769\" alt=\"\" srcset=\"https:\/\/sites.usp.br\/rcgi\/wp-content\/uploads\/sites\/1196\/2023\/06\/reinaldo_giudici.jpeg 281w, https:\/\/sites.usp.br\/rcgi\/wp-content\/uploads\/sites\/1196\/2023\/06\/reinaldo_giudici-275x300.jpeg 275w\" sizes=\"(max-width: 281px) 100vw, 281px\" \/><\/a><\/figure><div class=\"elementor-image-box-content\"><h3 class=\"elementor-image-box-title\"><a href=\"https:\/\/sites.usp.br\/rcgi\/reinaldo-giudici\/\">Reinaldo Giudici<\/a><\/h3><p class=\"elementor-image-box-description\">Diretor<\/p><\/div><\/div>\t\t<\/div>\n\t\t\t\t<\/div>\n\t\t\t\t<div class=\"elementor-element elementor-element-c8e2f36 elementor-position-left elementor-vertical-align-top elementor-widget elementor-widget-image-box\" data-id=\"c8e2f36\" data-element_type=\"widget\" data-widget_type=\"image-box.default\">\n\t\t\t\t<div class=\"elementor-widget-container\">\n\t\t\t<div class=\"elementor-image-box-wrapper\"><figure class=\"elementor-image-box-img\"><a href=\"http:\/\/lattes.cnpq.br\/4246000555132285\" tabindex=\"-1\"><img decoding=\"async\" width=\"281\" height=\"306\" src=\"https:\/\/sites.usp.br\/rcgi\/wp-content\/uploads\/sites\/1196\/2023\/06\/claudio_oller.jpeg\" class=\"attachment-full size-full wp-image-35772\" alt=\"\" srcset=\"https:\/\/sites.usp.br\/rcgi\/wp-content\/uploads\/sites\/1196\/2023\/06\/claudio_oller.jpeg 281w, https:\/\/sites.usp.br\/rcgi\/wp-content\/uploads\/sites\/1196\/2023\/06\/claudio_oller-275x300.jpeg 275w\" sizes=\"(max-width: 281px) 100vw, 281px\" \/><\/a><\/figure><div class=\"elementor-image-box-content\"><h3 class=\"elementor-image-box-title\"><a href=\"http:\/\/lattes.cnpq.br\/4246000555132285\">Claudio Augusto Oller do Nascimento<\/a><\/h3><p class=\"elementor-image-box-description\">Vice-director<\/p><\/div><\/div>\t\t<\/div>\n\t\t\t\t<\/div>\n\t\t\t\t\t<\/div>\n\t\t<\/div>\n\t\t\t\t\t<\/div>\n\t\t<\/section>\n\t\t\t\t\t<\/div>\n\t\t<\/div>\n\t\t\t\t\t<\/div>\n\t\t<\/section>\n\t\t\t\t<\/div>\n\t\t","protected":false},"excerpt":{"rendered":"<p>Programas 2015 &#8211; 2020 Programa de Qu\u00edmica F\u00edsica El RCGI re\u00fane proyectos centrados en la conversi\u00f3n de gas natural en productos qu\u00edmicos de alto valor a\u00f1adido. Los proyectos de investigaci\u00f3n &hellip; <\/p>\n<p class=\"link-more\"><a href=\"https:\/\/sites.usp.br\/rcgi\/project-15-advanced-catalyst-for-fischer-tropsch-synthesis\/\" class=\"more-link\">Continue lendo<span class=\"screen-reader-text\"> &#8220;Project 15: ADVANCED CATALYST FOR FISCHER-TROPSCH SYNTHESIS&#8221;<\/span><\/a><\/p>\n","protected":false},"author":23409,"featured_media":0,"parent":0,"menu_order":17,"comment_status":"closed","ping_status":"closed","template":"","meta":{"_acf_changed":false,"_EventAllDay":false,"_EventTimezone":"","_EventStartDate":"","_EventEndDate":"","_EventStartDateUTC":"","_EventEndDateUTC":"","_EventShowMap":false,"_EventShowMapLink":false,"_EventURL":"","_EventCost":"","_EventCostDescription":"","_EventCurrencySymbol":"","_EventCurrencyCode":"","_EventCurrencyPosition":"","_EventDateTimeSeparator":"","_EventTimeRangeSeparator":"","_EventOrganizerID":[],"_EventVenueID":[],"_OrganizerEmail":"","_OrganizerPhone":"","_OrganizerWebsite":"","_VenueAddress":"","_VenueCity":"","_VenueCountry":"","_VenueProvince":"","_VenueState":"","_VenueZip":"","_VenuePhone":"","_VenueURL":"","_VenueStateProvince":"","_VenueLat":"","_VenueLng":"","_VenueShowMap":false,"_VenueShowMapLink":false,"footnotes":"","_links_to":"","_links_to_target":""},"class_list":["post-34934","page","type-page","status-publish","hentry"],"acf":[],"jetpack_sharing_enabled":true,"_links":{"self":[{"href":"https:\/\/sites.usp.br\/rcgi\/wp-json\/wp\/v2\/pages\/34934","targetHints":{"allow":["GET"]}}],"collection":[{"href":"https:\/\/sites.usp.br\/rcgi\/wp-json\/wp\/v2\/pages"}],"about":[{"href":"https:\/\/sites.usp.br\/rcgi\/wp-json\/wp\/v2\/types\/page"}],"author":[{"embeddable":true,"href":"https:\/\/sites.usp.br\/rcgi\/wp-json\/wp\/v2\/users\/23409"}],"replies":[{"embeddable":true,"href":"https:\/\/sites.usp.br\/rcgi\/wp-json\/wp\/v2\/comments?post=34934"}],"version-history":[{"count":4,"href":"https:\/\/sites.usp.br\/rcgi\/wp-json\/wp\/v2\/pages\/34934\/revisions"}],"predecessor-version":[{"id":47268,"href":"https:\/\/sites.usp.br\/rcgi\/wp-json\/wp\/v2\/pages\/34934\/revisions\/47268"}],"wp:attachment":[{"href":"https:\/\/sites.usp.br\/rcgi\/wp-json\/wp\/v2\/media?parent=34934"}],"curies":[{"name":"wp","href":"https:\/\/api.w.org\/{rel}","templated":true}]}}