{"id":35180,"date":"2023-06-13T15:55:26","date_gmt":"2023-06-13T18:55:26","guid":{"rendered":"https:\/\/sites.usp.br\/rcgi\/?page_id=35180"},"modified":"2024-08-05T15:09:06","modified_gmt":"2024-08-05T18:09:06","slug":"equipos-multiproposito","status":"publish","type":"page","link":"https:\/\/sites.usp.br\/rcgi\/es\/equipos-multiproposito\/","title":{"rendered":"Equipos Multiprop\u00f3sito"},"content":{"rendered":"\t\t<div data-elementor-type=\"wp-page\" data-elementor-id=\"35180\" class=\"elementor elementor-35180\" data-elementor-post-type=\"page\">\n\t\t\t\t\t\t<section class=\"elementor-section elementor-top-section elementor-element elementor-element-9993889 elementor-section-boxed elementor-section-height-default elementor-section-height-default\" data-id=\"9993889\" data-element_type=\"section\">\n\t\t\t\t\t\t<div class=\"elementor-container elementor-column-gap-default\">\n\t\t\t\t\t<div class=\"elementor-column elementor-col-100 elementor-top-column elementor-element elementor-element-19c7ef9\" data-id=\"19c7ef9\" data-element_type=\"column\">\n\t\t\t<div class=\"elementor-widget-wrap elementor-element-populated\">\n\t\t\t\t\t\t<div class=\"elementor-element elementor-element-e02b44c elementor-widget elementor-widget-heading\" data-id=\"e02b44c\" data-element_type=\"widget\" data-widget_type=\"heading.default\">\n\t\t\t\t<div class=\"elementor-widget-container\">\n\t\t\t<p class=\"elementor-heading-title elementor-size-default\">ACERCA DE RCGI<\/p>\t\t<\/div>\n\t\t\t\t<\/div>\n\t\t\t\t<div class=\"elementor-element elementor-element-f00a481 elementor-widget elementor-widget-heading\" data-id=\"f00a481\" data-element_type=\"widget\" data-widget_type=\"heading.default\">\n\t\t\t\t<div class=\"elementor-widget-container\">\n\t\t\t<h2 class=\"elementor-heading-title elementor-size-default\">Equipos multiprop\u00f3sito<\/h2>\t\t<\/div>\n\t\t\t\t<\/div>\n\t\t\t\t<div class=\"elementor-element elementor-element-284a8e7 elementor-widget-divider--view-line elementor-widget elementor-widget-divider\" data-id=\"284a8e7\" data-element_type=\"widget\" data-widget_type=\"divider.default\">\n\t\t\t\t<div class=\"elementor-widget-container\">\n\t\t\t\t\t<div class=\"elementor-divider\">\n\t\t\t<span class=\"elementor-divider-separator\">\n\t\t\t\t\t\t<\/span>\n\t\t<\/div>\n\t\t\t\t<\/div>\n\t\t\t\t<\/div>\n\t\t\t\t<div class=\"elementor-element elementor-element-caba862 elementor-widget elementor-widget-accordion\" data-id=\"caba862\" data-element_type=\"widget\" data-widget_type=\"accordion.default\">\n\t\t\t\t<div class=\"elementor-widget-container\">\n\t\t\t\t\t<div class=\"elementor-accordion\">\n\t\t\t\t\t\t\t<div class=\"elementor-accordion-item\">\n\t\t\t\t\t<div id=\"elementor-tab-title-2121\" class=\"elementor-tab-title\" data-tab=\"1\" role=\"button\" aria-controls=\"elementor-tab-content-2121\" aria-expanded=\"false\">\n\t\t\t\t\t\t\t\t\t\t\t\t\t<span class=\"elementor-accordion-icon elementor-accordion-icon-left\" aria-hidden=\"true\">\n\t\t\t\t\t\t\t\t\t\t\t\t\t\t\t<span class=\"elementor-accordion-icon-closed\"><i class=\"fas fa-chevron-down\"><\/i><\/span>\n\t\t\t\t\t\t\t\t<span class=\"elementor-accordion-icon-opened\"><i class=\"fas fa-chevron-up\"><\/i><\/span>\n\t\t\t\t\t\t\t\t\t\t\t\t\t\t<\/span>\n\t\t\t\t\t\t\t\t\t\t\t\t<a class=\"elementor-accordion-title\" tabindex=\"0\">Optical Access Internal Combustion Engine<\/a>\n\t\t\t\t\t<\/div>\n\t\t\t\t\t<div id=\"elementor-tab-content-2121\" class=\"elementor-tab-content elementor-clearfix\" data-tab=\"1\" role=\"region\" aria-labelledby=\"elementor-tab-title-2121\"><p><strong>Nombre<br \/><\/strong>Motor de combusti\u00f3n interna de acceso \u00f3ptico<br \/><strong><br \/>Origen<br \/><\/strong>FAPESP<br \/><strong><br \/>Presentaci\u00f3n<br \/><\/strong>El motor de combusti\u00f3n interna monocil\u00edndrico con acceso \u00f3ptico lateral e inferior (debajo del pist\u00f3n) es una excelente herramienta de investigaci\u00f3n y desarrollo de conceptos de combusti\u00f3n, piezas de hardware, sondas de inyecci\u00f3n, sistemas de gesti\u00f3n del motor, etc.<br \/><strong><br \/>Fabricante<br \/><\/strong>AVL<br \/><strong><br \/>A\u00f1o de adquisici\u00f3n<br \/><\/strong>2016<\/p><p><strong>Investigador Responsable y Administrador de Equipos<br \/><\/strong>Unidad: Polytechnic School \/ Department of Mechanical Engineering \u2013 EPUSP \/ PME<br \/>Nombre: Guenther Carlos Krieger Filho<br \/>Email: guenther@usp.br<br \/><strong><em>Para acceder al equipo contactar con el investigador a cargo.<\/em><\/strong><\/p><div id=\"z6maec\" class=\"tw-ta-container tw-nfl\"><pre id=\"tw-target-rmn\" class=\"tw-data-placeholder tw-text-small tw-ta\" dir=\"ltr\" data-placeholder=\"\">\u00a0<\/pre><\/div><p>Ubicaci\u00f3n<br \/>Unidad: Polytechnic School (EPUSP)<br \/>Departamento: Mechanical Engineering<br \/>Direcci\u00f3n: Av. Mello Moraes, 2231 \u2013 Cidade Universit\u00e1ria, S\u00e3o Paulo<br \/><strong><br \/>Descripci\u00f3n<br \/><\/strong>El motor permite la aplicaci\u00f3n de diagn\u00f3stico \u00f3ptico para estudiar el movimiento del aire en el cilindro, los procesos de mezcla y combusti\u00f3n. Existen dos accesos \u00f3pticos: lateral del cilindro y debajo del pist\u00f3n, permitiendo as\u00ed la visualizaci\u00f3n\/medici\u00f3n de las cantidades asociadas a la combusti\u00f3n y expansi\u00f3n de los gases en m\u00e1s de una direcci\u00f3n. El motor tambi\u00e9n permite ensamblar todas las partes met\u00e1licas (sin acceso \u00f3ptico) para pruebas m\u00e1s duraderas (estudios termodin\u00e1micos convencionales).<br \/><strong><br \/>Servicios ofrecidos<br \/><\/strong>Mediciones de cantidades asociadas a velocidad, temperatura, tama\u00f1o de gota, caracterizaci\u00f3n de aerosoles combustibles, radicales OH. Estas cantidades se miden utilizando las EMU descritas en Sistemas l\u00e1ser para diagn\u00f3stico de combusti\u00f3n.<\/p><\/div>\n\t\t\t\t<\/div>\n\t\t\t\t\t\t\t<div class=\"elementor-accordion-item\">\n\t\t\t\t\t<div id=\"elementor-tab-title-2122\" class=\"elementor-tab-title\" data-tab=\"2\" role=\"button\" aria-controls=\"elementor-tab-content-2122\" aria-expanded=\"false\">\n\t\t\t\t\t\t\t\t\t\t\t\t\t<span class=\"elementor-accordion-icon elementor-accordion-icon-left\" aria-hidden=\"true\">\n\t\t\t\t\t\t\t\t\t\t\t\t\t\t\t<span class=\"elementor-accordion-icon-closed\"><i class=\"fas fa-chevron-down\"><\/i><\/span>\n\t\t\t\t\t\t\t\t<span class=\"elementor-accordion-icon-opened\"><i class=\"fas fa-chevron-up\"><\/i><\/span>\n\t\t\t\t\t\t\t\t\t\t\t\t\t\t<\/span>\n\t\t\t\t\t\t\t\t\t\t\t\t<a class=\"elementor-accordion-title\" tabindex=\"0\">Laser Systems for Combustion Diagnostics<\/a>\n\t\t\t\t\t<\/div>\n\t\t\t\t\t<div id=\"elementor-tab-content-2122\" class=\"elementor-tab-content elementor-clearfix\" data-tab=\"2\" role=\"region\" aria-labelledby=\"elementor-tab-title-2122\"><p><strong>Nombre<br \/><\/strong>Sistemas l\u00e1ser para diagn\u00f3stico de combusti\u00f3n<\/p><p><strong>Origen<br \/><\/strong>FAPESP<\/p><p><strong>Presentaci\u00f3n<br \/><\/strong>Sistemas de medici\u00f3n l\u00e1ser que permiten la caracterizaci\u00f3n del campo de velocidades (PIV \u2013 Particle Image Velocimetry); radical OH (LIF \u2013 Fluorescencia inducida por l\u00e1ser); Temperatura (LIP \u2013 Fosforescencia inducida por l\u00e1ser) en llamas confinadas; y caracterizaci\u00f3n por aspersi\u00f3n (LDA \u2013 Anem\u00f3metro L\u00e1ser Doppler y PDPA \u2013 Analizador de Part\u00edculas Doppler de Fase).<\/p><p><strong>Fabricante<br \/><\/strong>Dantec Dynamics<\/p><p><strong>A\u00f1o de adquisici\u00f3n<br \/><\/strong>2013 (PIV), 2013 (LIF), 2016 (LIP)<\/p><p><strong>Investigador Responsable y Administrador de Equipos<\/strong><br \/>Unidad: Polytechnic School \/ Department of Mechanical Engineering \u2013 EPUSP \/ PME<br \/>Nombre: Guenther Carlos Krieger Filho<br \/>Email: guenther@usp.br<br \/><strong><em>Para acceder al equipo ponerse en contacto con el investigador a cargo.<\/em><\/strong><\/p><p><strong>Ubicaci\u00f3n<\/strong><br \/>Unidad: Polytechnic School (EPUSP)<br \/>Departamento: Mechanical Engineering<br \/>Direcci\u00f3n: Av. Mello Moraes, 2231 \u2013 Cidade Universit\u00e1ria, S\u00e3o Paulo<\/p><p><strong>Descripci\u00f3n<br \/><\/strong>Estos instrumentos permiten una excelente caracterizaci\u00f3n del flujo, reactivo o no, proporcionando mediciones a altas velocidades de muestreo que permiten conocer las fluctuaciones turbulentas de velocidad, temperatura, concentraci\u00f3n de radicales OH y caracterizaci\u00f3n de pulverizaciones (distribuciones y tama\u00f1os de gotas).<\/p><p><strong>Servicios ofrecidos<br \/><\/strong>Mapeo de campos medios e instant\u00e1neos de velocidad, temperatura, radical OH en flujos transl\u00facidos o transl\u00facidos no reactivos y medici\u00f3n de tama\u00f1os (y distribuci\u00f3n) de gotas en aerosoles.<\/p><\/div>\n\t\t\t\t<\/div>\n\t\t\t\t\t\t\t<div class=\"elementor-accordion-item\">\n\t\t\t\t\t<div id=\"elementor-tab-title-2123\" class=\"elementor-tab-title\" data-tab=\"3\" role=\"button\" aria-controls=\"elementor-tab-content-2123\" aria-expanded=\"false\">\n\t\t\t\t\t\t\t\t\t\t\t\t\t<span class=\"elementor-accordion-icon elementor-accordion-icon-left\" aria-hidden=\"true\">\n\t\t\t\t\t\t\t\t\t\t\t\t\t\t\t<span class=\"elementor-accordion-icon-closed\"><i class=\"fas fa-chevron-down\"><\/i><\/span>\n\t\t\t\t\t\t\t\t<span class=\"elementor-accordion-icon-opened\"><i class=\"fas fa-chevron-up\"><\/i><\/span>\n\t\t\t\t\t\t\t\t\t\t\t\t\t\t<\/span>\n\t\t\t\t\t\t\t\t\t\t\t\t<a class=\"elementor-accordion-title\" tabindex=\"0\">Analysis of microbial metabolites by mass spectrometry <\/a>\n\t\t\t\t\t<\/div>\n\t\t\t\t\t<div id=\"elementor-tab-content-2123\" class=\"elementor-tab-content elementor-clearfix\" data-tab=\"3\" role=\"region\" aria-labelledby=\"elementor-tab-title-2123\"><p><strong>Nombre<br \/><\/strong>An\u00e1lisis de metabolitos microbianos por espectrometr\u00eda de masas.<\/p><p><strong>Origen<br \/><\/strong>FAPESP<\/p><p><strong>Presentaci\u00f3n<br \/><\/strong>Equipo multiusuario aprobado en la subvenci\u00f3n 2014-50279-4: Espectr\u00f3metro de masas con analizador de tipo triple cuadrupolo \u2013<\/p><p><strong>Fabricante<br \/><\/strong>Shimadzu, model LCMS-8040<\/p><p><strong>A\u00f1o de adquisici\u00f3n<br \/><\/strong>2019<\/p><p><strong>Investigador Responsable<br \/><\/strong>Unidade Escola Polit\u00e9cnica \/ Departamento de Engenharia Mec\u00e2nica \u2013 EPUSP \/PME<br \/>Nombre: Julio Romano Meneghini<br \/>E-mail:\u00a0<a href=\"mailto:jmeneg@usp.br\">jmeneg@usp.br<\/a><\/p><p><strong>Administrador de equipos<br \/><\/strong>Prof. Claudio Oller do Nascimento<br \/>E-mail:\u00a0<a href=\"mailto:oller@usp.br\">oller@usp.br<\/a><\/p><p>Prof\u00aa. Elen Aquino Perpetuo<br \/>E-mail: perpetuoe@usp.br<br \/><em><strong><span lang=\"en\" tabindex=\"0\">Para acceder al equipo ponerse en contacto con el investigador a cargo.<\/span><\/strong><\/em><\/p><p><strong>Ubicaci\u00f3n<br \/><\/strong>Unidad: Polytechnic School (EPUSP)<br \/>Departamento: Chemical Engineeiring ( CEPEMA )<br \/>Direcci\u00f3n: \u00a0Rodovia C\u00f4nego Dom\u00eanico Rangoni, Km 270 \u2013 Cubat\u00e3o (SP) \u2013 CEP: 11573-000<br \/>Fone: (13) 3362.9369\u00a0\u2013\u00a0(13) 3362.9358<\/p><p><strong>Descripci\u00f3n<br \/><\/strong>Este equipo (LC\/MS) combina el poder de separaci\u00f3n de la cromatograf\u00eda l\u00edquida de alta resoluci\u00f3n (HPLC) de compuestos de alto peso molecular con la capacidad del espectr\u00f3metro de masas (MS) para detectar y confirmar selectivamente la identidad molecular. Las principales aplicaciones se encuentran en la investigaci\u00f3n farmac\u00e9utica, an\u00e1lisis medioambiental, an\u00e1lisis de alimentos y medicina forense.<\/p><p><strong>Servicios ofrecidos<br \/><\/strong>Identificaci\u00f3n de mol\u00e9culas de inter\u00e9s midiendo su masa y caracterizando su estructura qu\u00edmica.<\/p><\/div>\n\t\t\t\t<\/div>\n\t\t\t\t\t\t\t<div class=\"elementor-accordion-item\">\n\t\t\t\t\t<div id=\"elementor-tab-title-2124\" class=\"elementor-tab-title\" data-tab=\"4\" role=\"button\" aria-controls=\"elementor-tab-content-2124\" aria-expanded=\"false\">\n\t\t\t\t\t\t\t\t\t\t\t\t\t<span class=\"elementor-accordion-icon elementor-accordion-icon-left\" aria-hidden=\"true\">\n\t\t\t\t\t\t\t\t\t\t\t\t\t\t\t<span class=\"elementor-accordion-icon-closed\"><i class=\"fas fa-chevron-down\"><\/i><\/span>\n\t\t\t\t\t\t\t\t<span class=\"elementor-accordion-icon-opened\"><i class=\"fas fa-chevron-up\"><\/i><\/span>\n\t\t\t\t\t\t\t\t\t\t\t\t\t\t<\/span>\n\t\t\t\t\t\t\t\t\t\t\t\t<a class=\"elementor-accordion-title\" tabindex=\"0\">Autochem II 2920-Micromeritics<\/a>\n\t\t\t\t\t<\/div>\n\t\t\t\t\t<div id=\"elementor-tab-content-2124\" class=\"elementor-tab-content elementor-clearfix\" data-tab=\"4\" role=\"region\" aria-labelledby=\"elementor-tab-title-2124\"><p><strong>Nombre<br \/><\/strong>Autochem II 2920-Micromer\u00edticos.<\/p><p><strong>Origen<br \/><\/strong>FAPESP<\/p><p><strong>Presentaci\u00f3n<br \/><\/strong>Equipo multiusuario aprobado en subvenci\u00f3n 2014-50279-4<\/p><p><strong>Fabricante<br \/><\/strong>Micromeritics \u2013 Autochem 2920<\/p><p><strong>A\u00f1o de adquisici\u00f3n<br \/><\/strong>2019<\/p><p><strong>Investigador Responsable<br \/><\/strong>Unidad: Escola Polit\u00e9cnica \/ Departamento de Engenharia Mec\u00e2nica \u2013 EPUSP \/PME<br \/>Nombre: Julio Romano Meneghini<br \/>E-mail:\u00a0<u><a href=\"mailto:jmeneg@usp.br\">jmeneg@usp.br<\/a><\/u><\/p><p><strong>Administrador de equipos<br \/><\/strong>Profa. Rita Maria de Brito Alves<br \/>E-mail:\u00a0<u><a href=\"mailto:oller@usp.br\">rmbalves@usp.br<\/a><\/u><\/p><p><strong><em>Para acceder al equipo ponerse en contacto con el investigador a cargo.<\/em><\/strong><\/p><p><strong>Ubicaci\u00f3n<br \/><\/strong>Unidad: Polytechnic School (EPUSP)<br \/>Departament0: Chemical Engineering<br \/>Rua do Lago, 250; Pr\u00e9dio Semi-Industrial, Bloco B, T\u00e9rreo<\/p><p>LaPCat \u2013 Laborat\u00f3rio de Pesquisas e Inova\u00e7\u00e3o em Processos Catal\u00edticos<br \/>Fone: (11) 3091 2265\u00a0 (provis\u00f3rio)<\/p><p><strong>Descripci\u00f3n<br \/><\/strong>El equipo de quimisorci\u00f3n (AutoChem II 2920, Micromeritics) es un analizador de quimisorci\u00f3n totalmente automatizado que puede realizar una amplia gama de estudios altamente precisos de adsorci\u00f3n qu\u00edmica y reacciones de temperatura programada. El AutoChem II 2920 realiza quimisorciones por pulsos, reducci\u00f3n programada por temperatura (TPR), desorci\u00f3n (TPD) y oxidaci\u00f3n (TPO). Los productos de las reacciones se analizan autom\u00e1ticamente mediante un detector TCD. A partir de estos an\u00e1lisis es posible obtener informaci\u00f3n importante sobre las propiedades f\u00edsicas y qu\u00edmicas de los catalizadores, soportes de catalizadores u otros materiales. Por ejemplo, puede determinar propiedades catal\u00edticas como el porcentaje de dispersi\u00f3n de metal, el \u00e1rea de superficie activa del metal, la fuerza del \u00e1cido, la acidez de la superficie, la distribuci\u00f3n de la fuerza de los sitios activos, el \u00e1rea de superficie BET y m\u00e1s.<\/p><p><strong>Servicios ofrecidos<br \/><\/strong>Las aplicaciones t\u00edpicas del AutoChem II 2920 incluyen: superficies de metales; dispersi\u00f3n del metal; tama\u00f1o medio de cristalitos; oxidaci\u00f3n a temperatura programada (TPO); reducci\u00f3n a la temperatura programada (TPR); desorci\u00f3n a temperatura programada (TPD); quimisorci\u00f3n pulsada; calor de desorci\u00f3n de ox\u00edgeno; calor disociante del ox\u00edgeno; quimisorci\u00f3n de amon\u00edaco; desorci\u00f3n de amoniaco a la temperatura programada.<\/p><\/div>\n\t\t\t\t<\/div>\n\t\t\t\t\t\t\t\t<\/div>\n\t\t\t\t<\/div>\n\t\t\t\t<\/div>\n\t\t\t\t\t<\/div>\n\t\t<\/div>\n\t\t\t\t\t<\/div>\n\t\t<\/section>\n\t\t\t\t<\/div>\n\t\t","protected":false},"excerpt":{"rendered":"<p>ACERCA DE RCGI Equipos multiprop\u00f3sito Optical Access Internal Combustion Engine NombreMotor de combusti\u00f3n interna de acceso \u00f3pticoOrigenFAPESPPresentaci\u00f3nEl motor de combusti\u00f3n interna monocil\u00edndrico con acceso \u00f3ptico lateral e inferior (debajo del &hellip; <\/p>\n<p class=\"link-more\"><a href=\"https:\/\/sites.usp.br\/rcgi\/es\/equipos-multiproposito\/\" class=\"more-link\">Continue lendo<span class=\"screen-reader-text\"> &#8220;Equipos Multiprop\u00f3sito&#8221;<\/span><\/a><\/p>\n","protected":false},"author":23409,"featured_media":0,"parent":0,"menu_order":38,"comment_status":"closed","ping_status":"closed","template":"","meta":{"_acf_changed":false,"_EventAllDay":false,"_EventTimezone":"","_EventStartDate":"","_EventEndDate":"","_EventStartDateUTC":"","_EventEndDateUTC":"","_EventShowMap":false,"_EventShowMapLink":false,"_EventURL":"","_EventCost":"","_EventCostDescription":"","_EventCurrencySymbol":"","_EventCurrencyCode":"","_EventCurrencyPosition":"","_EventDateTimeSeparator":"","_EventTimeRangeSeparator":"","_EventOrganizerID":[],"_EventVenueID":[],"_OrganizerEmail":"","_OrganizerPhone":"","_OrganizerWebsite":"","_VenueAddress":"","_VenueCity":"","_VenueCountry":"","_VenueProvince":"","_VenueState":"","_VenueZip":"","_VenuePhone":"","_VenueURL":"","_VenueStateProvince":"","_VenueLat":"","_VenueLng":"","_VenueShowMap":false,"_VenueShowMapLink":false,"footnotes":"","_links_to":"","_links_to_target":""},"class_list":["post-35180","page","type-page","status-publish","hentry"],"acf":[],"jetpack_sharing_enabled":true,"_links":{"self":[{"href":"https:\/\/sites.usp.br\/rcgi\/wp-json\/wp\/v2\/pages\/35180","targetHints":{"allow":["GET"]}}],"collection":[{"href":"https:\/\/sites.usp.br\/rcgi\/wp-json\/wp\/v2\/pages"}],"about":[{"href":"https:\/\/sites.usp.br\/rcgi\/wp-json\/wp\/v2\/types\/page"}],"author":[{"embeddable":true,"href":"https:\/\/sites.usp.br\/rcgi\/wp-json\/wp\/v2\/users\/23409"}],"replies":[{"embeddable":true,"href":"https:\/\/sites.usp.br\/rcgi\/wp-json\/wp\/v2\/comments?post=35180"}],"version-history":[{"count":4,"href":"https:\/\/sites.usp.br\/rcgi\/wp-json\/wp\/v2\/pages\/35180\/revisions"}],"predecessor-version":[{"id":47048,"href":"https:\/\/sites.usp.br\/rcgi\/wp-json\/wp\/v2\/pages\/35180\/revisions\/47048"}],"wp:attachment":[{"href":"https:\/\/sites.usp.br\/rcgi\/wp-json\/wp\/v2\/media?parent=35180"}],"curies":[{"name":"wp","href":"https:\/\/api.w.org\/{rel}","templated":true}]}}