{"id":38010,"date":"2023-07-27T09:19:47","date_gmt":"2023-07-27T12:19:47","guid":{"rendered":"https:\/\/sites.usp.br\/rcgi\/?page_id=38010"},"modified":"2024-02-01T10:36:00","modified_gmt":"2024-02-01T13:36:00","slug":"missao-e-visao","status":"publish","type":"page","link":"https:\/\/sites.usp.br\/rcgi\/br\/sobre-o-rcgi\/missao-e-visao\/","title":{"rendered":"Miss\u00e3o e vis\u00e3o"},"content":{"rendered":"\t\t<div data-elementor-type=\"wp-page\" data-elementor-id=\"38010\" class=\"elementor elementor-38010\" data-elementor-post-type=\"page\">\n\t\t\t\t\t\t<section class=\"elementor-section elementor-top-section elementor-element elementor-element-753f605 elementor-section-full_width elementor-section-stretched elementor-section-height-default elementor-section-height-default\" data-id=\"753f605\" data-element_type=\"section\" data-settings=\"{&quot;stretch_section&quot;:&quot;section-stretched&quot;}\">\n\t\t\t\t\t\t<div class=\"elementor-container elementor-column-gap-default\">\n\t\t\t\t\t<div class=\"elementor-column elementor-col-100 elementor-top-column elementor-element elementor-element-c2f32aa\" data-id=\"c2f32aa\" data-element_type=\"column\">\n\t\t\t<div class=\"elementor-widget-wrap elementor-element-populated\">\n\t\t\t\t\t\t<div class=\"elementor-element elementor-element-85d3f06 elementor-widget elementor-widget-heading\" data-id=\"85d3f06\" data-element_type=\"widget\" data-widget_type=\"heading.default\">\n\t\t\t\t<div class=\"elementor-widget-container\">\n\t\t\t<p class=\"elementor-heading-title elementor-size-default\">SOBRE RCGI<\/p>\t\t<\/div>\n\t\t\t\t<\/div>\n\t\t\t\t<div class=\"elementor-element elementor-element-6dd2985 elementor-widget elementor-widget-heading\" data-id=\"6dd2985\" data-element_type=\"widget\" data-widget_type=\"heading.default\">\n\t\t\t\t<div class=\"elementor-widget-container\">\n\t\t\t<h2 class=\"elementor-heading-title elementor-size-default\">Miss\u00e3o e Vis\u00e3o<\/h2>\t\t<\/div>\n\t\t\t\t<\/div>\n\t\t\t\t<div class=\"elementor-element elementor-element-091405c elementor-widget-divider--view-line elementor-widget elementor-widget-divider\" data-id=\"091405c\" data-element_type=\"widget\" data-widget_type=\"divider.default\">\n\t\t\t\t<div class=\"elementor-widget-container\">\n\t\t\t\t\t<div class=\"elementor-divider\">\n\t\t\t<span class=\"elementor-divider-separator\">\n\t\t\t\t\t\t<\/span>\n\t\t<\/div>\n\t\t\t\t<\/div>\n\t\t\t\t<\/div>\n\t\t\t\t<section class=\"elementor-section elementor-inner-section elementor-element elementor-element-d7302cd elementor-section-full_width elementor-section-height-default elementor-section-height-default\" data-id=\"d7302cd\" data-element_type=\"section\">\n\t\t\t\t\t\t<div class=\"elementor-container elementor-column-gap-default\">\n\t\t\t\t\t<div class=\"elementor-column elementor-col-100 elementor-inner-column elementor-element elementor-element-75a8f23\" data-id=\"75a8f23\" data-element_type=\"column\" data-settings=\"{&quot;background_background&quot;:&quot;classic&quot;}\">\n\t\t\t<div class=\"elementor-widget-wrap elementor-element-populated\">\n\t\t\t\t\t\t<div class=\"elementor-element elementor-element-cc0840d elementor-widget elementor-widget-heading\" data-id=\"cc0840d\" data-element_type=\"widget\" data-widget_type=\"heading.default\">\n\t\t\t\t<div class=\"elementor-widget-container\">\n\t\t\t<h2 class=\"elementor-heading-title elementor-size-default\">Miss\u00e3o<\/h2>\t\t<\/div>\n\t\t\t\t<\/div>\n\t\t\t\t<div class=\"elementor-element elementor-element-1591555 elementor-widget elementor-widget-text-editor\" data-id=\"1591555\" data-element_type=\"widget\" data-widget_type=\"text-editor.default\">\n\t\t\t\t<div class=\"elementor-widget-container\">\n\t\t\t\t\t\t\t<p>Orientado pela pesquisa e inova\u00e7\u00e3o, o RCGI visa impulsionar o Brasil em dire\u00e7\u00e3o a um futuro sustent\u00e1vel, reduzindo as emiss\u00f5es de gases de efeito estufa e cumprindo nossa Contribui\u00e7\u00e3o Nacionalmente Determinada (NDC) sobre as mudan\u00e7as clim\u00e1ticas, focando em solu\u00e7\u00f5es baseadas na natureza; captura, utiliza\u00e7\u00e3o e armazenamento de carbono; hidrog\u00eanio; biocombust\u00edveis; mitiga\u00e7\u00e3o das emiss\u00f5es de gases com efeito de estufa e advocacy. Nos esfor\u00e7amos para aproveitar os pontos fortes e a lideran\u00e7a \u00fanica do Brasil em Energia Renov\u00e1vel e Meio Ambiente, criando solu\u00e7\u00f5es sustent\u00e1veis que equilibrem o desenvolvimento econ\u00f4mico e social com a gest\u00e3o ambiental para uma sociedade mais pr\u00f3spera e equitativa.<\/p>\t\t\t\t\t\t<\/div>\n\t\t\t\t<\/div>\n\t\t\t\t\t<\/div>\n\t\t<\/div>\n\t\t\t\t\t<\/div>\n\t\t<\/section>\n\t\t\t\t<section class=\"elementor-section elementor-inner-section elementor-element elementor-element-e9ab781 elementor-section-full_width elementor-section-height-default elementor-section-height-default\" data-id=\"e9ab781\" data-element_type=\"section\">\n\t\t\t\t\t\t<div class=\"elementor-container elementor-column-gap-default\">\n\t\t\t\t\t<div class=\"elementor-column elementor-col-100 elementor-inner-column elementor-element elementor-element-479cd7d\" data-id=\"479cd7d\" data-element_type=\"column\" data-settings=\"{&quot;background_background&quot;:&quot;classic&quot;}\">\n\t\t\t<div class=\"elementor-widget-wrap elementor-element-populated\">\n\t\t\t\t\t\t<div class=\"elementor-element elementor-element-fe3694a elementor-widget elementor-widget-heading\" data-id=\"fe3694a\" data-element_type=\"widget\" data-widget_type=\"heading.default\">\n\t\t\t\t<div class=\"elementor-widget-container\">\n\t\t\t<h2 class=\"elementor-heading-title elementor-size-default\">Vis\u00e3o<\/h2>\t\t<\/div>\n\t\t\t\t<\/div>\n\t\t\t\t<div class=\"elementor-element elementor-element-b5a4801 elementor-widget elementor-widget-text-editor\" data-id=\"b5a4801\" data-element_type=\"widget\" data-widget_type=\"text-editor.default\">\n\t\t\t\t<div class=\"elementor-widget-container\">\n\t\t\t\t\t\t\t<p>Nosso objetivo \u00e9 nos tornarmos um centro de excel\u00eancia reconhecido mundialmente, inspirando e liderando o caminho para um futuro sustent\u00e1vel, onde o Brasil estabele\u00e7a o padr\u00e3o de gest\u00e3o ambiental e pr\u00e1ticas inovadoras na mitiga\u00e7\u00e3o de gases de efeito estufa.<\/p>\t\t\t\t\t\t<\/div>\n\t\t\t\t<\/div>\n\t\t\t\t\t<\/div>\n\t\t<\/div>\n\t\t\t\t\t<\/div>\n\t\t<\/section>\n\t\t\t\t\t<\/div>\n\t\t<\/div>\n\t\t\t\t\t<\/div>\n\t\t<\/section>\n\t\t\t\t<\/div>\n\t\t","protected":false},"excerpt":{"rendered":"<p>SOBRE RCGI Miss\u00e3o e Vis\u00e3o Miss\u00e3o Orientado pela pesquisa e inova\u00e7\u00e3o, o RCGI visa impulsionar o Brasil em dire\u00e7\u00e3o a um futuro sustent\u00e1vel, reduzindo as emiss\u00f5es de gases de efeito &hellip; <\/p>\n<p class=\"link-more\"><a href=\"https:\/\/sites.usp.br\/rcgi\/br\/sobre-o-rcgi\/missao-e-visao\/\" class=\"more-link\">Continue lendo<span class=\"screen-reader-text\"> &#8220;Miss\u00e3o e vis\u00e3o&#8221;<\/span><\/a><\/p>\n","protected":false},"author":23409,"featured_media":0,"parent":35017,"menu_order":0,"comment_status":"closed","ping_status":"closed","template":"elementor_header_footer","meta":{"_acf_changed":false,"_EventAllDay":false,"_EventTimezone":"","_EventStartDate":"","_EventEndDate":"","_EventStartDateUTC":"","_EventEndDateUTC":"","_EventShowMap":false,"_EventShowMapLink":false,"_EventURL":"","_EventCost":"","_EventCostDescription":"","_EventCurrencySymbol":"","_EventCurrencyCode":"","_EventCurrencyPosition":"","_EventDateTimeSeparator":"","_EventTimeRangeSeparator":"","_EventOrganizerID":[],"_EventVenueID":[],"_OrganizerEmail":"","_OrganizerPhone":"","_OrganizerWebsite":"","_VenueAddress":"","_VenueCity":"","_VenueCountry":"","_VenueProvince":"","_VenueState":"","_VenueZip":"","_VenuePhone":"","_VenueURL":"","_VenueStateProvince":"","_VenueLat":"","_VenueLng":"","_VenueShowMap":false,"_VenueShowMapLink":false,"footnotes":"","_links_to":"","_links_to_target":""},"class_list":["post-38010","page","type-page","status-publish","hentry"],"acf":[],"jetpack_sharing_enabled":true,"_links":{"self":[{"href":"https:\/\/sites.usp.br\/rcgi\/wp-json\/wp\/v2\/pages\/38010","targetHints":{"allow":["GET"]}}],"collection":[{"href":"https:\/\/sites.usp.br\/rcgi\/wp-json\/wp\/v2\/pages"}],"about":[{"href":"https:\/\/sites.usp.br\/rcgi\/wp-json\/wp\/v2\/types\/page"}],"author":[{"embeddable":true,"href":"https:\/\/sites.usp.br\/rcgi\/wp-json\/wp\/v2\/users\/23409"}],"replies":[{"embeddable":true,"href":"https:\/\/sites.usp.br\/rcgi\/wp-json\/wp\/v2\/comments?post=38010"}],"version-history":[{"count":4,"href":"https:\/\/sites.usp.br\/rcgi\/wp-json\/wp\/v2\/pages\/38010\/revisions"}],"predecessor-version":[{"id":44100,"href":"https:\/\/sites.usp.br\/rcgi\/wp-json\/wp\/v2\/pages\/38010\/revisions\/44100"}],"up":[{"embeddable":true,"href":"https:\/\/sites.usp.br\/rcgi\/wp-json\/wp\/v2\/pages\/35017"}],"wp:attachment":[{"href":"https:\/\/sites.usp.br\/rcgi\/wp-json\/wp\/v2\/media?parent=38010"}],"curies":[{"name":"wp","href":"https:\/\/api.w.org\/{rel}","templated":true}]}}