{"id":40003,"date":"2023-09-10T17:14:33","date_gmt":"2023-09-10T20:14:33","guid":{"rendered":"https:\/\/sites.usp.br\/rcgi\/?page_id=40003"},"modified":"2024-08-05T15:35:24","modified_gmt":"2024-08-05T18:35:24","slug":"carbonic","status":"publish","type":"page","link":"https:\/\/sites.usp.br\/rcgi\/br\/sobre-o-rcgi\/startups\/carbonic\/","title":{"rendered":"Carbonic"},"content":{"rendered":"\t\t<div data-elementor-type=\"wp-page\" data-elementor-id=\"40003\" class=\"elementor elementor-40003\" data-elementor-post-type=\"page\">\n\t\t\t\t\t\t<section class=\"elementor-section elementor-top-section elementor-element elementor-element-44088c6 elementor-section-full_width elementor-section-stretched elementor-section-height-default elementor-section-height-default\" data-id=\"44088c6\" data-element_type=\"section\" data-settings=\"{&quot;stretch_section&quot;:&quot;section-stretched&quot;}\">\n\t\t\t\t\t\t<div class=\"elementor-container elementor-column-gap-default\">\n\t\t\t\t\t<div class=\"elementor-column elementor-col-100 elementor-top-column elementor-element elementor-element-af77cf2\" data-id=\"af77cf2\" data-element_type=\"column\">\n\t\t\t<div class=\"elementor-widget-wrap elementor-element-populated\">\n\t\t\t\t\t\t<div class=\"elementor-element elementor-element-a834ec2 elementor-widget elementor-widget-heading\" data-id=\"a834ec2\" data-element_type=\"widget\" data-widget_type=\"heading.default\">\n\t\t\t\t<div class=\"elementor-widget-container\">\n\t\t\t<p class=\"elementor-heading-title elementor-size-default\">STARTUP<\/p>\t\t<\/div>\n\t\t\t\t<\/div>\n\t\t\t\t<div class=\"elementor-element elementor-element-ea48296 elementor-widget elementor-widget-heading\" data-id=\"ea48296\" data-element_type=\"widget\" data-widget_type=\"heading.default\">\n\t\t\t\t<div class=\"elementor-widget-container\">\n\t\t\t<h2 class=\"elementor-heading-title elementor-size-default\">Carbonic<\/h2>\t\t<\/div>\n\t\t\t\t<\/div>\n\t\t\t\t<div class=\"elementor-element elementor-element-5390869 elementor-widget-divider--view-line elementor-widget elementor-widget-divider\" data-id=\"5390869\" data-element_type=\"widget\" data-widget_type=\"divider.default\">\n\t\t\t\t<div class=\"elementor-widget-container\">\n\t\t\t\t\t<div class=\"elementor-divider\">\n\t\t\t<span class=\"elementor-divider-separator\">\n\t\t\t\t\t\t<\/span>\n\t\t<\/div>\n\t\t\t\t<\/div>\n\t\t\t\t<\/div>\n\t\t\t\t<section class=\"elementor-section elementor-inner-section elementor-element elementor-element-a1d9306 elementor-section-full_width elementor-section-height-default elementor-section-height-default\" data-id=\"a1d9306\" data-element_type=\"section\">\n\t\t\t\t\t\t<div class=\"elementor-container elementor-column-gap-default\">\n\t\t\t\t\t<div class=\"elementor-column elementor-col-50 elementor-inner-column elementor-element elementor-element-11bf31c\" data-id=\"11bf31c\" data-element_type=\"column\">\n\t\t\t<div class=\"elementor-widget-wrap elementor-element-populated\">\n\t\t\t\t\t\t<div class=\"elementor-element elementor-element-f2c910b elementor-widget elementor-widget-text-editor\" data-id=\"f2c910b\" data-element_type=\"widget\" data-widget_type=\"text-editor.default\">\n\t\t\t\t<div class=\"elementor-widget-container\">\n\t\t\t\t\t\t\t<p><strong>Objetivo<\/strong>: Atrav\u00e9s de pesquisa e desenvolvimento cont\u00ednuos, a Carbonic dedica-se para criar tecnologias que n\u00e3o apenas reduzam as emiss\u00f5es de CO2, mas tamb\u00e9m proporcionem benef\u00edcios tang\u00edveis para diversas ind\u00fastrias. Ao converter CO2 em produtos de alto valor, a Carbonic cria uma mudan\u00e7a de paradigma, onde a responsabilidade ambiental se alinha com oportunidades lucrativas.<\/p><p><strong>Resumo<\/strong>: Carbonic \u00e9 uma empresa start-up fundada com a miss\u00e3o de combater as mudan\u00e7as clim\u00e1ticas.<\/p><p>A sua vis\u00e3o estende-se a um futuro onde o CO2 j\u00e1 n\u00e3o \u00e9 visto como poluente, mas como uma mat\u00e9ria-prima valiosa para a cria\u00e7\u00e3o de produtos de elevado valor e uma economia l\u00edquida de carbono zero. Ao aproveitar o poder da inova\u00e7\u00e3o e das pr\u00e1ticas sustent\u00e1veis, pretendemos transformar o CO2 num recurso que pode impulsionar o crescimento econ\u00f3mico e, ao mesmo tempo, mitigar o impacto ambiental.<\/p><p>Os parceiros Carbonic s\u00e3o o Research Centre for Greenhouse Gas Innovation (RCGI), ), o Instituto de Qu\u00edmica da Universidade de S\u00e3o Paulo e a Universidade de S\u00e3o Paulo<\/p><p><strong>Equipe Carbonic:<\/strong><br \/>Adolfo Figueredo &#8211; Fundador e CTO<br \/>Lais Reis Borges &#8211; Fundador e CTO<br \/>Mait\u00ea Gothe &#8211; Fundadora e CTO<br \/>Ruy Rede &#8211; Fundador e Gerente de Desenvolvimento de Neg\u00f3cios<br \/>Liane M. Rossi \u2013 Fundadora<br \/>Pedro Vidinha \u2013 Fundador\u00a0<\/p>\t\t\t\t\t\t<\/div>\n\t\t\t\t<\/div>\n\t\t\t\t<div class=\"elementor-element elementor-element-aa8664f elementor-widget elementor-widget-image\" data-id=\"aa8664f\" data-element_type=\"widget\" data-widget_type=\"image.default\">\n\t\t\t\t<div class=\"elementor-widget-container\">\n\t\t\t\t\t\t\t\t\t\t\t\t\t<img decoding=\"async\" width=\"368\" height=\"102\" src=\"https:\/\/sites.usp.br\/rcgi\/wp-content\/uploads\/sites\/1196\/2023\/07\/Captura-de-Tela-2023-07-06-as-15.36.41-e1688765613476.png\" class=\"attachment-full size-full wp-image-36989\" alt=\"\" srcset=\"https:\/\/sites.usp.br\/rcgi\/wp-content\/uploads\/sites\/1196\/2023\/07\/Captura-de-Tela-2023-07-06-as-15.36.41-e1688765613476.png 368w, https:\/\/sites.usp.br\/rcgi\/wp-content\/uploads\/sites\/1196\/2023\/07\/Captura-de-Tela-2023-07-06-as-15.36.41-e1688765613476-300x83.png 300w\" sizes=\"100vw\" \/>\t\t\t\t\t\t\t\t\t\t\t\t\t<\/div>\n\t\t\t\t<\/div>\n\t\t\t\t\t<\/div>\n\t\t<\/div>\n\t\t\t\t<div class=\"elementor-column elementor-col-50 elementor-inner-column elementor-element elementor-element-4c75e5e\" data-id=\"4c75e5e\" data-element_type=\"column\">\n\t\t\t<div class=\"elementor-widget-wrap elementor-element-populated\">\n\t\t\t\t\t\t<div class=\"elementor-element elementor-element-30a69cb elementor-widget elementor-widget-image\" data-id=\"30a69cb\" data-element_type=\"widget\" data-widget_type=\"image.default\">\n\t\t\t\t<div class=\"elementor-widget-container\">\n\t\t\t\t\t\t\t\t\t\t\t\t\t<img fetchpriority=\"high\" decoding=\"async\" width=\"737\" height=\"476\" src=\"https:\/\/sites.usp.br\/rcgi\/wp-content\/uploads\/sites\/1196\/2023\/07\/startup-carbonic.jpeg\" class=\"attachment-full size-full wp-image-36390\" alt=\"\" srcset=\"https:\/\/sites.usp.br\/rcgi\/wp-content\/uploads\/sites\/1196\/2023\/07\/startup-carbonic.jpeg 737w, https:\/\/sites.usp.br\/rcgi\/wp-content\/uploads\/sites\/1196\/2023\/07\/startup-carbonic-300x194.jpeg 300w\" sizes=\"100vw\" \/>\t\t\t\t\t\t\t\t\t\t\t\t\t<\/div>\n\t\t\t\t<\/div>\n\t\t\t\t<div class=\"elementor-element elementor-element-c0a1c05 elementor-widget-divider--view-line elementor-widget elementor-widget-divider\" data-id=\"c0a1c05\" data-element_type=\"widget\" data-widget_type=\"divider.default\">\n\t\t\t\t<div class=\"elementor-widget-container\">\n\t\t\t\t\t<div class=\"elementor-divider\">\n\t\t\t<span class=\"elementor-divider-separator\">\n\t\t\t\t\t\t<\/span>\n\t\t<\/div>\n\t\t\t\t<\/div>\n\t\t\t\t<\/div>\n\t\t\t\t<div class=\"elementor-element elementor-element-eb8690d elementor-align-left elementor-icon-list--layout-traditional elementor-list-item-link-full_width elementor-widget elementor-widget-icon-list\" data-id=\"eb8690d\" data-element_type=\"widget\" data-widget_type=\"icon-list.default\">\n\t\t\t\t<div class=\"elementor-widget-container\">\n\t\t\t\t\t<ul class=\"elementor-icon-list-items\">\n\t\t\t\t\t\t\t<li class=\"elementor-icon-list-item\">\n\t\t\t\t\t\t\t\t\t\t\t<a href=\"https:\/\/www.carbonicnetzero.com\/\" target=\"_blank\">\n\n\t\t\t\t\t\t\t\t\t\t\t\t<span class=\"elementor-icon-list-icon\">\n\t\t\t\t\t\t\t<i aria-hidden=\"true\" class=\"fas fa-desktop\"><\/i>\t\t\t\t\t\t<\/span>\n\t\t\t\t\t\t\t\t\t\t<span class=\"elementor-icon-list-text\">https:\/\/www.carbonicnetzero.com\/<\/span>\n\t\t\t\t\t\t\t\t\t\t\t<\/a>\n\t\t\t\t\t\t\t\t\t<\/li>\n\t\t\t\t\t\t<\/ul>\n\t\t\t\t<\/div>\n\t\t\t\t<\/div>\n\t\t\t\t\t<\/div>\n\t\t<\/div>\n\t\t\t\t\t<\/div>\n\t\t<\/section>\n\t\t\t\t\t<\/div>\n\t\t<\/div>\n\t\t\t\t\t<\/div>\n\t\t<\/section>\n\t\t\t\t<\/div>\n\t\t","protected":false},"excerpt":{"rendered":"<p>STARTUP Carbonic Objetivo: Atrav\u00e9s de pesquisa e desenvolvimento cont\u00ednuos, a Carbonic dedica-se para criar tecnologias que n\u00e3o apenas reduzam as emiss\u00f5es de CO2, mas tamb\u00e9m proporcionem benef\u00edcios tang\u00edveis para diversas &hellip; <\/p>\n<p class=\"link-more\"><a href=\"https:\/\/sites.usp.br\/rcgi\/br\/sobre-o-rcgi\/startups\/carbonic\/\" class=\"more-link\">Continue lendo<span class=\"screen-reader-text\"> &#8220;Carbonic&#8221;<\/span><\/a><\/p>\n","protected":false},"author":23409,"featured_media":0,"parent":39999,"menu_order":0,"comment_status":"closed","ping_status":"closed","template":"elementor_header_footer","meta":{"_acf_changed":false,"_EventAllDay":false,"_EventTimezone":"","_EventStartDate":"","_EventEndDate":"","_EventStartDateUTC":"","_EventEndDateUTC":"","_EventShowMap":false,"_EventShowMapLink":false,"_EventURL":"","_EventCost":"","_EventCostDescription":"","_EventCurrencySymbol":"","_EventCurrencyCode":"","_EventCurrencyPosition":"","_EventDateTimeSeparator":"","_EventTimeRangeSeparator":"","_EventOrganizerID":[],"_EventVenueID":[],"_OrganizerEmail":"","_OrganizerPhone":"","_OrganizerWebsite":"","_VenueAddress":"","_VenueCity":"","_VenueCountry":"","_VenueProvince":"","_VenueState":"","_VenueZip":"","_VenuePhone":"","_VenueURL":"","_VenueStateProvince":"","_VenueLat":"","_VenueLng":"","_VenueShowMap":false,"_VenueShowMapLink":false,"footnotes":"","_links_to":"","_links_to_target":""},"class_list":["post-40003","page","type-page","status-publish","hentry"],"acf":[],"jetpack_sharing_enabled":true,"_links":{"self":[{"href":"https:\/\/sites.usp.br\/rcgi\/wp-json\/wp\/v2\/pages\/40003","targetHints":{"allow":["GET"]}}],"collection":[{"href":"https:\/\/sites.usp.br\/rcgi\/wp-json\/wp\/v2\/pages"}],"about":[{"href":"https:\/\/sites.usp.br\/rcgi\/wp-json\/wp\/v2\/types\/page"}],"author":[{"embeddable":true,"href":"https:\/\/sites.usp.br\/rcgi\/wp-json\/wp\/v2\/users\/23409"}],"replies":[{"embeddable":true,"href":"https:\/\/sites.usp.br\/rcgi\/wp-json\/wp\/v2\/comments?post=40003"}],"version-history":[{"count":5,"href":"https:\/\/sites.usp.br\/rcgi\/wp-json\/wp\/v2\/pages\/40003\/revisions"}],"predecessor-version":[{"id":47064,"href":"https:\/\/sites.usp.br\/rcgi\/wp-json\/wp\/v2\/pages\/40003\/revisions\/47064"}],"up":[{"embeddable":true,"href":"https:\/\/sites.usp.br\/rcgi\/wp-json\/wp\/v2\/pages\/39999"}],"wp:attachment":[{"href":"https:\/\/sites.usp.br\/rcgi\/wp-json\/wp\/v2\/media?parent=40003"}],"curies":[{"name":"wp","href":"https:\/\/api.w.org\/{rel}","templated":true}]}}