{"id":41105,"date":"2023-10-07T15:21:51","date_gmt":"2023-10-07T18:21:51","guid":{"rendered":"https:\/\/sites.usp.br\/rcgi\/?page_id=41105"},"modified":"2024-07-18T14:48:03","modified_gmt":"2024-07-18T17:48:03","slug":"centro-2-centro","status":"publish","type":"page","link":"https:\/\/sites.usp.br\/rcgi\/br\/programas-e-projetos-2\/centro-2-centro\/","title":{"rendered":"Centro 2 Centro (C2C)"},"content":{"rendered":"\t\t<div data-elementor-type=\"wp-page\" data-elementor-id=\"41105\" class=\"elementor elementor-41105\" data-elementor-post-type=\"page\">\n\t\t\t\t\t\t<section class=\"elementor-section elementor-top-section elementor-element elementor-element-de17710 elementor-section-full_width elementor-section-stretched elementor-section-height-default elementor-section-height-default\" data-id=\"de17710\" data-element_type=\"section\" data-settings=\"{&quot;background_background&quot;:&quot;classic&quot;,&quot;stretch_section&quot;:&quot;section-stretched&quot;}\">\n\t\t\t\t\t\t<div class=\"elementor-container elementor-column-gap-default\">\n\t\t\t\t\t<div class=\"elementor-column elementor-col-50 elementor-top-column elementor-element elementor-element-3464114\" data-id=\"3464114\" data-element_type=\"column\">\n\t\t\t<div class=\"elementor-widget-wrap elementor-element-populated\">\n\t\t\t\t\t\t<div class=\"elementor-element elementor-element-56fe597 elementor-widget elementor-widget-heading\" data-id=\"56fe597\" data-element_type=\"widget\" data-widget_type=\"heading.default\">\n\t\t\t\t<div class=\"elementor-widget-container\">\n\t\t\t<h2 class=\"elementor-heading-title elementor-size-default\">Centre 2 Centre (C2C)<\/h2>\t\t<\/div>\n\t\t\t\t<\/div>\n\t\t\t\t\t<\/div>\n\t\t<\/div>\n\t\t\t\t<div class=\"elementor-column elementor-col-50 elementor-top-column elementor-element elementor-element-92428be\" data-id=\"92428be\" data-element_type=\"column\">\n\t\t\t<div class=\"elementor-widget-wrap elementor-element-populated\">\n\t\t\t\t\t\t<div class=\"elementor-element elementor-element-04b1e78 elementor-widget elementor-widget-image\" data-id=\"04b1e78\" data-element_type=\"widget\" data-widget_type=\"image.default\">\n\t\t\t\t<div class=\"elementor-widget-container\">\n\t\t\t\t\t\t\t\t\t\t\t\t\t<img fetchpriority=\"high\" decoding=\"async\" width=\"525\" height=\"515\" src=\"https:\/\/sites.usp.br\/rcgi\/wp-content\/uploads\/sites\/1196\/2023\/06\/c2c.svg\" class=\"attachment-large size-large wp-image-34838\" alt=\"\" sizes=\"100vw\" \/>\t\t\t\t\t\t\t\t\t\t\t\t\t<\/div>\n\t\t\t\t<\/div>\n\t\t\t\t\t<\/div>\n\t\t<\/div>\n\t\t\t\t\t<\/div>\n\t\t<\/section>\n\t\t\t\t<section class=\"elementor-section elementor-top-section elementor-element elementor-element-e0581bd elementor-section-full_width elementor-section-height-default elementor-section-height-default\" data-id=\"e0581bd\" data-element_type=\"section\" data-settings=\"{&quot;background_background&quot;:&quot;classic&quot;}\">\n\t\t\t\t\t\t<div class=\"elementor-container elementor-column-gap-default\">\n\t\t\t\t\t<div class=\"elementor-column elementor-col-50 elementor-top-column elementor-element elementor-element-c9859ba\" data-id=\"c9859ba\" data-element_type=\"column\">\n\t\t\t<div class=\"elementor-widget-wrap elementor-element-populated\">\n\t\t\t\t\t\t<div class=\"elementor-element elementor-element-f6cc4fb elementor-widget elementor-widget-html\" data-id=\"f6cc4fb\" data-element_type=\"widget\" data-widget_type=\"html.default\">\n\t\t\t\t<div class=\"elementor-widget-container\">\n\t\t\t<script>\nfunction goBack() {\n    window.history.back()\n}\n<\/script>\n\n<a href=\"javascript:history.back()\"><img decoding=\"async\" src=\"https:\/\/sites.usp.br\/rcgi\/wp-content\/uploads\/sites\/1196\/2023\/10\/back_history.png\"<\/a>\t\t<\/div>\n\t\t\t\t<\/div>\n\t\t\t\t\t<\/div>\n\t\t<\/div>\n\t\t\t\t<div class=\"elementor-column elementor-col-50 elementor-top-column elementor-element elementor-element-37b6681\" data-id=\"37b6681\" data-element_type=\"column\">\n\t\t\t<div class=\"elementor-widget-wrap elementor-element-populated\">\n\t\t\t\t\t\t<div class=\"elementor-element elementor-element-7c94d70 elementor-widget elementor-widget-breadcrumbs\" data-id=\"7c94d70\" data-element_type=\"widget\" data-widget_type=\"breadcrumbs.default\">\n\t\t\t\t<div class=\"elementor-widget-container\">\n\t\t\t<p id=\"breadcrumbs\"><span><span><a href=\"https:\/\/sites.usp.br\/rcgi\/\">Home<\/a><\/span><\/span><\/p>\t\t<\/div>\n\t\t\t\t<\/div>\n\t\t\t\t\t<\/div>\n\t\t<\/div>\n\t\t\t\t\t<\/div>\n\t\t<\/section>\n\t\t\t\t<section class=\"elementor-section elementor-top-section elementor-element elementor-element-03f0bc5 elementor-section-full_width elementor-section-stretched elementor-section-height-default elementor-section-height-default\" data-id=\"03f0bc5\" data-element_type=\"section\" data-settings=\"{&quot;stretch_section&quot;:&quot;section-stretched&quot;}\">\n\t\t\t\t\t\t<div class=\"elementor-container elementor-column-gap-default\">\n\t\t\t\t\t<div class=\"elementor-column elementor-col-50 elementor-top-column elementor-element elementor-element-902ab42\" data-id=\"902ab42\" data-element_type=\"column\">\n\t\t\t<div class=\"elementor-widget-wrap elementor-element-populated\">\n\t\t\t\t\t\t<div class=\"elementor-element elementor-element-0cc8413 elementor-widget elementor-widget-text-editor\" data-id=\"0cc8413\" data-element_type=\"widget\" data-widget_type=\"text-editor.default\">\n\t\t\t\t<div class=\"elementor-widget-container\">\n\t\t\t\t\t\t\t<p>Em um esfor\u00e7o para abordar a transi\u00e7\u00e3o energ\u00e9tica, o RCGI USP estabelece parcerias com organiza\u00e7\u00f5es em todo o mundo&nbsp; focadas em melhorar o meio ambiente e contribuir para um melhor caminho para a transi\u00e7\u00e3o energ\u00e9tica.<\/p>\t\t\t\t\t\t<\/div>\n\t\t\t\t<\/div>\n\t\t\t\t<div class=\"elementor-element elementor-element-c107ebe elementor-widget elementor-widget-heading\" data-id=\"c107ebe\" data-element_type=\"widget\" data-widget_type=\"heading.default\">\n\t\t\t\t<div class=\"elementor-widget-container\">\n\t\t\t<h2 class=\"elementor-heading-title elementor-size-default\">International Collaborations: Centre to Centre (C2C)<\/h2>\t\t<\/div>\n\t\t\t\t<\/div>\n\t\t\t\t<div class=\"elementor-element elementor-element-8a3b994 elementor-widget-divider--view-line elementor-widget elementor-widget-divider\" data-id=\"8a3b994\" data-element_type=\"widget\" data-widget_type=\"divider.default\">\n\t\t\t\t<div class=\"elementor-widget-container\">\n\t\t\t\t\t<div class=\"elementor-divider\">\n\t\t\t<span class=\"elementor-divider-separator\">\n\t\t\t\t\t\t<\/span>\n\t\t<\/div>\n\t\t\t\t<\/div>\n\t\t\t\t<\/div>\n\t\t\t\t<div class=\"elementor-element elementor-element-33972af elementor-widget elementor-widget-text-editor\" data-id=\"33972af\" data-element_type=\"widget\" data-widget_type=\"text-editor.default\">\n\t\t\t\t<div class=\"elementor-widget-container\">\n\t\t\t\t\t\t\t<p>Colabora\u00e7\u00e3o Centro a Centro da National Science Foundation (NSF) e FAPESP:<\/p><p>1.1 <a href=\"https:\/\/poets-erc.org\/\">POETS<\/a> &#8211; <a href=\"http:\/\/www.usp.br\/rcgi\">RCGI<\/a><\/p><p>1.2 <a href=\"https:\/\/cistar.us\/\">CISTAR<\/a> &#8211; <a href=\"http:\/\/www.usp.br\/rcgi\">RCGI<\/a><\/p>\t\t\t\t\t\t<\/div>\n\t\t\t\t<\/div>\n\t\t\t\t\t<\/div>\n\t\t<\/div>\n\t\t\t\t<div class=\"elementor-column elementor-col-50 elementor-top-column elementor-element elementor-element-4fb113e\" data-id=\"4fb113e\" data-element_type=\"column\" data-settings=\"{&quot;background_background&quot;:&quot;classic&quot;}\">\n\t\t\t<div class=\"elementor-widget-wrap elementor-element-populated\">\n\t\t\t\t\t\t<section class=\"elementor-section elementor-inner-section elementor-element elementor-element-cac3236 elementor-section-boxed elementor-section-height-default elementor-section-height-default\" data-id=\"cac3236\" data-element_type=\"section\" data-settings=\"{&quot;background_background&quot;:&quot;classic&quot;}\">\n\t\t\t\t\t\t<div class=\"elementor-container elementor-column-gap-default\">\n\t\t\t\t\t<div class=\"elementor-column elementor-col-100 elementor-inner-column elementor-element elementor-element-85610c0\" data-id=\"85610c0\" data-element_type=\"column\">\n\t\t\t<div class=\"elementor-widget-wrap elementor-element-populated\">\n\t\t\t\t\t\t<div class=\"elementor-element elementor-element-4a64140 elementor-position-left elementor-vertical-align-top elementor-widget elementor-widget-image-box\" data-id=\"4a64140\" data-element_type=\"widget\" data-widget_type=\"image-box.default\">\n\t\t\t\t<div class=\"elementor-widget-container\">\n\t\t\t<div class=\"elementor-image-box-wrapper\"><figure class=\"elementor-image-box-img\"><a href=\"#\" tabindex=\"-1\"><img decoding=\"async\" width=\"93\" height=\"93\" src=\"https:\/\/sites.usp.br\/rcgi\/wp-content\/uploads\/sites\/1196\/2024\/01\/Imagem1.png\" class=\"attachment-full size-full wp-image-43261\" alt=\"\" srcset=\"https:\/\/sites.usp.br\/rcgi\/wp-content\/uploads\/sites\/1196\/2024\/01\/Imagem1.png 93w, https:\/\/sites.usp.br\/rcgi\/wp-content\/uploads\/sites\/1196\/2024\/01\/Imagem1-45x45.png 45w\" sizes=\"(max-width: 93px) 100vw, 93px\" \/><\/a><\/figure><div class=\"elementor-image-box-content\"><h3 class=\"elementor-image-box-title\"><a href=\"#\">Em breve<\/a><\/h3><p class=\"elementor-image-box-description\">Diretor<\/p><\/div><\/div>\t\t<\/div>\n\t\t\t\t<\/div>\n\t\t\t\t<div class=\"elementor-element elementor-element-7dcb396 elementor-position-left elementor-vertical-align-top elementor-widget elementor-widget-image-box\" data-id=\"7dcb396\" data-element_type=\"widget\" data-widget_type=\"image-box.default\">\n\t\t\t\t<div class=\"elementor-widget-container\">\n\t\t\t<div class=\"elementor-image-box-wrapper\"><figure class=\"elementor-image-box-img\"><a href=\"#\" tabindex=\"-1\"><img decoding=\"async\" width=\"93\" height=\"93\" src=\"https:\/\/sites.usp.br\/rcgi\/wp-content\/uploads\/sites\/1196\/2024\/01\/Imagem1.png\" class=\"attachment-full size-full wp-image-43261\" alt=\"\" srcset=\"https:\/\/sites.usp.br\/rcgi\/wp-content\/uploads\/sites\/1196\/2024\/01\/Imagem1.png 93w, https:\/\/sites.usp.br\/rcgi\/wp-content\/uploads\/sites\/1196\/2024\/01\/Imagem1-45x45.png 45w\" sizes=\"(max-width: 93px) 100vw, 93px\" \/><\/a><\/figure><div class=\"elementor-image-box-content\"><h3 class=\"elementor-image-box-title\"><a href=\"#\">Em breve<\/a><\/h3><p class=\"elementor-image-box-description\">Deputy<\/p><\/div><\/div>\t\t<\/div>\n\t\t\t\t<\/div>\n\t\t\t\t\t<\/div>\n\t\t<\/div>\n\t\t\t\t\t<\/div>\n\t\t<\/section>\n\t\t\t\t<section class=\"elementor-section elementor-inner-section elementor-element elementor-element-19b9625 elementor-section-boxed elementor-section-height-default elementor-section-height-default\" data-id=\"19b9625\" data-element_type=\"section\" data-settings=\"{&quot;background_background&quot;:&quot;classic&quot;}\">\n\t\t\t\t\t\t<div class=\"elementor-container elementor-column-gap-default\">\n\t\t\t\t\t<div class=\"elementor-column elementor-col-100 elementor-inner-column elementor-element elementor-element-1df896f\" data-id=\"1df896f\" data-element_type=\"column\">\n\t\t\t<div class=\"elementor-widget-wrap elementor-element-populated\">\n\t\t\t\t\t\t<div class=\"elementor-element elementor-element-bf3d2d7 elementor-widget elementor-widget-heading\" data-id=\"bf3d2d7\" data-element_type=\"widget\" data-widget_type=\"heading.default\">\n\t\t\t\t<div class=\"elementor-widget-container\">\n\t\t\t<h2 class=\"elementor-heading-title elementor-size-default\">LIGA\u00c7\u00c3O COM OS OBJETIVOS DE DESENVOLVIMENTO SUSTENT\u00c1VEL (ODS)<\/h2>\t\t<\/div>\n\t\t\t\t<\/div>\n\t\t\t\t\t<\/div>\n\t\t<\/div>\n\t\t\t\t\t<\/div>\n\t\t<\/section>\n\t\t\t\t<section class=\"elementor-section elementor-inner-section elementor-element elementor-element-0ed0d95 elementor-section-boxed elementor-section-height-default elementor-section-height-default\" data-id=\"0ed0d95\" data-element_type=\"section\" data-settings=\"{&quot;background_background&quot;:&quot;classic&quot;}\">\n\t\t\t\t\t\t<div class=\"elementor-container elementor-column-gap-default\">\n\t\t\t\t\t<div class=\"elementor-column elementor-col-50 elementor-inner-column elementor-element elementor-element-08da697\" data-id=\"08da697\" data-element_type=\"column\">\n\t\t\t<div class=\"elementor-widget-wrap elementor-element-populated\">\n\t\t\t\t\t\t<div class=\"elementor-element elementor-element-be74037 elementor-widget elementor-widget-image\" data-id=\"be74037\" data-element_type=\"widget\" data-widget_type=\"image.default\">\n\t\t\t\t<div class=\"elementor-widget-container\">\n\t\t\t\t\t\t\t\t\t\t\t\t\t<img decoding=\"async\" width=\"525\" height=\"527\" src=\"https:\/\/sites.usp.br\/rcgi\/wp-content\/uploads\/sites\/1196\/2023\/05\/ODS-2-fome-zero-e-agricultura-sustentavel.png\" class=\"attachment-large size-large wp-image-32496\" alt=\"ODS 2 fome zero e agricultura sustentavel\" srcset=\"https:\/\/sites.usp.br\/rcgi\/wp-content\/uploads\/sites\/1196\/2023\/05\/ODS-2-fome-zero-e-agricultura-sustentavel.png 526w, https:\/\/sites.usp.br\/rcgi\/wp-content\/uploads\/sites\/1196\/2023\/05\/ODS-2-fome-zero-e-agricultura-sustentavel-300x300.png 300w, https:\/\/sites.usp.br\/rcgi\/wp-content\/uploads\/sites\/1196\/2023\/05\/ODS-2-fome-zero-e-agricultura-sustentavel-150x150.png 150w, https:\/\/sites.usp.br\/rcgi\/wp-content\/uploads\/sites\/1196\/2023\/05\/ODS-2-fome-zero-e-agricultura-sustentavel-100x100.png 100w, https:\/\/sites.usp.br\/rcgi\/wp-content\/uploads\/sites\/1196\/2023\/05\/ODS-2-fome-zero-e-agricultura-sustentavel-45x45.png 45w\" sizes=\"100vw\" \/>\t\t\t\t\t\t\t\t\t\t\t\t\t<\/div>\n\t\t\t\t<\/div>\n\t\t\t\t<div class=\"elementor-element elementor-element-84445a6 elementor-widget elementor-widget-image\" data-id=\"84445a6\" data-element_type=\"widget\" data-widget_type=\"image.default\">\n\t\t\t\t<div class=\"elementor-widget-container\">\n\t\t\t\t\t\t\t\t\t\t\t\t\t<img loading=\"lazy\" decoding=\"async\" width=\"524\" height=\"524\" src=\"https:\/\/sites.usp.br\/rcgi\/wp-content\/uploads\/sites\/1196\/2023\/05\/ODS-9-industria-inovacao-e-infraestrutura.png\" class=\"attachment-large size-large wp-image-32495\" alt=\"ODS 9 industria inovacao e infraestrutura\" srcset=\"https:\/\/sites.usp.br\/rcgi\/wp-content\/uploads\/sites\/1196\/2023\/05\/ODS-9-industria-inovacao-e-infraestrutura.png 524w, https:\/\/sites.usp.br\/rcgi\/wp-content\/uploads\/sites\/1196\/2023\/05\/ODS-9-industria-inovacao-e-infraestrutura-300x300.png 300w, https:\/\/sites.usp.br\/rcgi\/wp-content\/uploads\/sites\/1196\/2023\/05\/ODS-9-industria-inovacao-e-infraestrutura-150x150.png 150w, https:\/\/sites.usp.br\/rcgi\/wp-content\/uploads\/sites\/1196\/2023\/05\/ODS-9-industria-inovacao-e-infraestrutura-100x100.png 100w, https:\/\/sites.usp.br\/rcgi\/wp-content\/uploads\/sites\/1196\/2023\/05\/ODS-9-industria-inovacao-e-infraestrutura-45x45.png 45w\" sizes=\"100vw\" \/>\t\t\t\t\t\t\t\t\t\t\t\t\t<\/div>\n\t\t\t\t<\/div>\n\t\t\t\t<div class=\"elementor-element elementor-element-a83c9f2 elementor-widget elementor-widget-image\" data-id=\"a83c9f2\" data-element_type=\"widget\" data-widget_type=\"image.default\">\n\t\t\t\t<div class=\"elementor-widget-container\">\n\t\t\t\t\t\t\t\t\t\t\t\t\t<img loading=\"lazy\" decoding=\"async\" width=\"525\" height=\"525\" src=\"https:\/\/sites.usp.br\/rcgi\/wp-content\/uploads\/sites\/1196\/2023\/05\/ODS-13-acao-contra-a-mudanca-global-do-clima.png\" class=\"attachment-large size-large wp-image-32506\" alt=\"ODS 13 acao contra a mudanca global do clima\" srcset=\"https:\/\/sites.usp.br\/rcgi\/wp-content\/uploads\/sites\/1196\/2023\/05\/ODS-13-acao-contra-a-mudanca-global-do-clima.png 526w, https:\/\/sites.usp.br\/rcgi\/wp-content\/uploads\/sites\/1196\/2023\/05\/ODS-13-acao-contra-a-mudanca-global-do-clima-300x300.png 300w, https:\/\/sites.usp.br\/rcgi\/wp-content\/uploads\/sites\/1196\/2023\/05\/ODS-13-acao-contra-a-mudanca-global-do-clima-150x150.png 150w, https:\/\/sites.usp.br\/rcgi\/wp-content\/uploads\/sites\/1196\/2023\/05\/ODS-13-acao-contra-a-mudanca-global-do-clima-100x100.png 100w, https:\/\/sites.usp.br\/rcgi\/wp-content\/uploads\/sites\/1196\/2023\/05\/ODS-13-acao-contra-a-mudanca-global-do-clima-45x45.png 45w\" sizes=\"100vw\" \/>\t\t\t\t\t\t\t\t\t\t\t\t\t<\/div>\n\t\t\t\t<\/div>\n\t\t\t\t\t<\/div>\n\t\t<\/div>\n\t\t\t\t<div class=\"elementor-column elementor-col-50 elementor-inner-column elementor-element elementor-element-8b71654\" data-id=\"8b71654\" data-element_type=\"column\">\n\t\t\t<div class=\"elementor-widget-wrap elementor-element-populated\">\n\t\t\t\t\t\t<div class=\"elementor-element elementor-element-cc0e11d elementor-widget elementor-widget-image\" data-id=\"cc0e11d\" data-element_type=\"widget\" data-widget_type=\"image.default\">\n\t\t\t\t<div class=\"elementor-widget-container\">\n\t\t\t\t\t\t\t\t\t\t\t\t\t<img loading=\"lazy\" decoding=\"async\" width=\"525\" height=\"525\" src=\"https:\/\/sites.usp.br\/rcgi\/wp-content\/uploads\/sites\/1196\/2023\/05\/ODS-7-energia-limpa-e-acessivel.png\" class=\"attachment-large size-large wp-image-32501\" alt=\"ODS 7 energia limpa e acessivel\" srcset=\"https:\/\/sites.usp.br\/rcgi\/wp-content\/uploads\/sites\/1196\/2023\/05\/ODS-7-energia-limpa-e-acessivel.png 528w, https:\/\/sites.usp.br\/rcgi\/wp-content\/uploads\/sites\/1196\/2023\/05\/ODS-7-energia-limpa-e-acessivel-300x300.png 300w, https:\/\/sites.usp.br\/rcgi\/wp-content\/uploads\/sites\/1196\/2023\/05\/ODS-7-energia-limpa-e-acessivel-150x150.png 150w, https:\/\/sites.usp.br\/rcgi\/wp-content\/uploads\/sites\/1196\/2023\/05\/ODS-7-energia-limpa-e-acessivel-100x100.png 100w, https:\/\/sites.usp.br\/rcgi\/wp-content\/uploads\/sites\/1196\/2023\/05\/ODS-7-energia-limpa-e-acessivel-45x45.png 45w\" sizes=\"100vw\" \/>\t\t\t\t\t\t\t\t\t\t\t\t\t<\/div>\n\t\t\t\t<\/div>\n\t\t\t\t<div class=\"elementor-element elementor-element-47951e0 elementor-widget elementor-widget-image\" data-id=\"47951e0\" data-element_type=\"widget\" data-widget_type=\"image.default\">\n\t\t\t\t<div class=\"elementor-widget-container\">\n\t\t\t\t\t\t\t\t\t\t\t\t\t<img loading=\"lazy\" decoding=\"async\" width=\"524\" height=\"528\" src=\"https:\/\/sites.usp.br\/rcgi\/wp-content\/uploads\/sites\/1196\/2023\/05\/ODS-11-cidades-e-comunidades-sustentaveis.png\" class=\"attachment-large size-large wp-image-32504\" alt=\"ODS 11 cidades e comunidades sustentaveis\" srcset=\"https:\/\/sites.usp.br\/rcgi\/wp-content\/uploads\/sites\/1196\/2023\/05\/ODS-11-cidades-e-comunidades-sustentaveis.png 524w, https:\/\/sites.usp.br\/rcgi\/wp-content\/uploads\/sites\/1196\/2023\/05\/ODS-11-cidades-e-comunidades-sustentaveis-298x300.png 298w, https:\/\/sites.usp.br\/rcgi\/wp-content\/uploads\/sites\/1196\/2023\/05\/ODS-11-cidades-e-comunidades-sustentaveis-150x150.png 150w, https:\/\/sites.usp.br\/rcgi\/wp-content\/uploads\/sites\/1196\/2023\/05\/ODS-11-cidades-e-comunidades-sustentaveis-100x100.png 100w, https:\/\/sites.usp.br\/rcgi\/wp-content\/uploads\/sites\/1196\/2023\/05\/ODS-11-cidades-e-comunidades-sustentaveis-45x45.png 45w\" sizes=\"100vw\" \/>\t\t\t\t\t\t\t\t\t\t\t\t\t<\/div>\n\t\t\t\t<\/div>\n\t\t\t\t<div class=\"elementor-element elementor-element-9ecdda2 elementor-widget elementor-widget-image\" data-id=\"9ecdda2\" data-element_type=\"widget\" data-widget_type=\"image.default\">\n\t\t\t\t<div class=\"elementor-widget-container\">\n\t\t\t\t\t\t\t\t\t\t\t\t\t<img loading=\"lazy\" decoding=\"async\" width=\"524\" height=\"522\" src=\"https:\/\/sites.usp.br\/rcgi\/wp-content\/uploads\/sites\/1196\/2023\/05\/ODS-15-vida-terrestre.png\" class=\"attachment-large size-large wp-image-32508\" alt=\"ODS 15 vida terrestre\" srcset=\"https:\/\/sites.usp.br\/rcgi\/wp-content\/uploads\/sites\/1196\/2023\/05\/ODS-15-vida-terrestre.png 524w, https:\/\/sites.usp.br\/rcgi\/wp-content\/uploads\/sites\/1196\/2023\/05\/ODS-15-vida-terrestre-300x300.png 300w, https:\/\/sites.usp.br\/rcgi\/wp-content\/uploads\/sites\/1196\/2023\/05\/ODS-15-vida-terrestre-150x150.png 150w, https:\/\/sites.usp.br\/rcgi\/wp-content\/uploads\/sites\/1196\/2023\/05\/ODS-15-vida-terrestre-100x100.png 100w, https:\/\/sites.usp.br\/rcgi\/wp-content\/uploads\/sites\/1196\/2023\/05\/ODS-15-vida-terrestre-45x45.png 45w\" sizes=\"100vw\" \/>\t\t\t\t\t\t\t\t\t\t\t\t\t<\/div>\n\t\t\t\t<\/div>\n\t\t\t\t\t<\/div>\n\t\t<\/div>\n\t\t\t\t\t<\/div>\n\t\t<\/section>\n\t\t\t\t\t<\/div>\n\t\t<\/div>\n\t\t\t\t\t<\/div>\n\t\t<\/section>\n\t\t\t\t<\/div>\n\t\t","protected":false},"excerpt":{"rendered":"<p>Centre 2 Centre (C2C)<\/p>\n","protected":false},"author":23409,"featured_media":0,"parent":35174,"menu_order":0,"comment_status":"closed","ping_status":"closed","template":"","meta":{"_acf_changed":false,"_EventAllDay":false,"_EventTimezone":"","_EventStartDate":"","_EventEndDate":"","_EventStartDateUTC":"","_EventEndDateUTC":"","_EventShowMap":false,"_EventShowMapLink":false,"_EventURL":"","_EventCost":"","_EventCostDescription":"","_EventCurrencySymbol":"","_EventCurrencyCode":"","_EventCurrencyPosition":"","_EventDateTimeSeparator":"","_EventTimeRangeSeparator":"","_EventOrganizerID":[],"_EventVenueID":[],"_OrganizerEmail":"","_OrganizerPhone":"","_OrganizerWebsite":"","_VenueAddress":"","_VenueCity":"","_VenueCountry":"","_VenueProvince":"","_VenueState":"","_VenueZip":"","_VenuePhone":"","_VenueURL":"","_VenueStateProvince":"","_VenueLat":"","_VenueLng":"","_VenueShowMap":false,"_VenueShowMapLink":false,"footnotes":"","_links_to":"","_links_to_target":""},"class_list":["post-41105","page","type-page","status-publish","hentry"],"acf":[],"jetpack_sharing_enabled":true,"_links":{"self":[{"href":"https:\/\/sites.usp.br\/rcgi\/wp-json\/wp\/v2\/pages\/41105","targetHints":{"allow":["GET"]}}],"collection":[{"href":"https:\/\/sites.usp.br\/rcgi\/wp-json\/wp\/v2\/pages"}],"about":[{"href":"https:\/\/sites.usp.br\/rcgi\/wp-json\/wp\/v2\/types\/page"}],"author":[{"embeddable":true,"href":"https:\/\/sites.usp.br\/rcgi\/wp-json\/wp\/v2\/users\/23409"}],"replies":[{"embeddable":true,"href":"https:\/\/sites.usp.br\/rcgi\/wp-json\/wp\/v2\/comments?post=41105"}],"version-history":[{"count":4,"href":"https:\/\/sites.usp.br\/rcgi\/wp-json\/wp\/v2\/pages\/41105\/revisions"}],"predecessor-version":[{"id":46616,"href":"https:\/\/sites.usp.br\/rcgi\/wp-json\/wp\/v2\/pages\/41105\/revisions\/46616"}],"up":[{"embeddable":true,"href":"https:\/\/sites.usp.br\/rcgi\/wp-json\/wp\/v2\/pages\/35174"}],"wp:attachment":[{"href":"https:\/\/sites.usp.br\/rcgi\/wp-json\/wp\/v2\/media?parent=41105"}],"curies":[{"name":"wp","href":"https:\/\/api.w.org\/{rel}","templated":true}]}}