{"id":51386,"date":"2025-04-03T12:54:56","date_gmt":"2025-04-03T15:54:56","guid":{"rendered":"https:\/\/sites.usp.br\/rcgi\/?page_id=51386"},"modified":"2025-12-15T13:07:53","modified_gmt":"2025-12-15T16:07:53","slug":"cop30","status":"publish","type":"page","link":"https:\/\/sites.usp.br\/rcgi\/es\/eventos_es\/cop\/cop30\/","title":{"rendered":"COP30"},"content":{"rendered":"\t\t<div data-elementor-type=\"wp-page\" data-elementor-id=\"51386\" class=\"elementor elementor-51386\" data-elementor-post-type=\"page\">\n\t\t\t\t\t\t<section class=\"elementor-section elementor-top-section elementor-element elementor-element-5cee301 elementor-section-full_width elementor-section-stretched elementor-section-height-default elementor-section-height-default\" data-id=\"5cee301\" data-element_type=\"section\" data-settings=\"{&quot;stretch_section&quot;:&quot;section-stretched&quot;}\">\n\t\t\t\t\t\t<div class=\"elementor-container elementor-column-gap-default\">\n\t\t\t\t\t<div class=\"elementor-column elementor-col-100 elementor-top-column elementor-element elementor-element-9bd41f4\" data-id=\"9bd41f4\" data-element_type=\"column\">\n\t\t\t<div class=\"elementor-widget-wrap elementor-element-populated\">\n\t\t\t\t\t\t<div class=\"elementor-element elementor-element-32ae17e elementor-widget elementor-widget-heading\" data-id=\"32ae17e\" data-element_type=\"widget\" data-widget_type=\"heading.default\">\n\t\t\t\t<div class=\"elementor-widget-container\">\n\t\t\t<h5 class=\"elementor-heading-title elementor-size-default\">EVENTS<\/h5>\t\t<\/div>\n\t\t\t\t<\/div>\n\t\t\t\t<div class=\"elementor-element elementor-element-ad091a0 elementor-widget elementor-widget-heading\" data-id=\"ad091a0\" data-element_type=\"widget\" data-widget_type=\"heading.default\">\n\t\t\t\t<div class=\"elementor-widget-container\">\n\t\t\t<h2 class=\"elementor-heading-title elementor-size-default\">Participaci\u00f3n del RCGI en la COP230<\/h2>\t\t<\/div>\n\t\t\t\t<\/div>\n\t\t\t\t<div class=\"elementor-element elementor-element-de87fa8 elementor-widget-divider--view-line elementor-widget elementor-widget-divider\" data-id=\"de87fa8\" data-element_type=\"widget\" data-widget_type=\"divider.default\">\n\t\t\t\t<div class=\"elementor-widget-container\">\n\t\t\t\t\t<div class=\"elementor-divider\">\n\t\t\t<span class=\"elementor-divider-separator\">\n\t\t\t\t\t\t<\/span>\n\t\t<\/div>\n\t\t\t\t<\/div>\n\t\t\t\t<\/div>\n\t\t\t\t\t<\/div>\n\t\t<\/div>\n\t\t\t\t\t<\/div>\n\t\t<\/section>\n\t\t<div class=\"elementor-element elementor-element-24b1060 e-flex e-con-boxed e-con e-parent\" data-id=\"24b1060\" data-element_type=\"container\">\n\t\t\t\t\t<div class=\"e-con-inner\">\n\t\t<div class=\"elementor-element elementor-element-d7fb0cb e-con-full e-flex e-con e-child\" data-id=\"d7fb0cb\" data-element_type=\"container\">\n\t\t\t\t<div class=\"elementor-element elementor-element-6a365d3 elementor-widget elementor-widget-text-editor\" data-id=\"6a365d3\" data-element_type=\"widget\" data-widget_type=\"text-editor.default\">\n\t\t\t\t<div class=\"elementor-widget-container\">\n\t\t\t\t\t\t\t<p data-start=\"4185\" data-end=\"4306\"><strong data-start=\"4185\" data-end=\"4306\">RCGI refuerza su protagonismo cient\u00edfico en la COP30 con participaci\u00f3n en debates sobre clima y transici\u00f3n energ\u00e9tica<\/strong><\/p><p data-start=\"4308\" data-end=\"4873\">El Centro de Investigaci\u00f3n e Innovaci\u00f3n en Gases de Efecto Invernadero (RCGI), de la Universidad de S\u00e3o Paulo (USP), tuvo una destacada participaci\u00f3n en la COP30, realizada en Bel\u00e9m del 10 al 16 de noviembre, con una agenda intensa de di\u00e1logo internacional, participaci\u00f3n en paneles y articulaci\u00f3n cient\u00edfica. Representaron al centro el director cient\u00edfico, Prof. Julio Meneghini, y la directora de Recursos Humanos y Comunicaci\u00f3n Institucional, Profa. Karen Mascarenhas, adem\u00e1s de los profesores Paulo Artaxo (IF-USP) y Carlos Eduardo Pellegrino Cerri (ESALQ-USP).<\/p><p data-start=\"4875\" data-end=\"5348\"><strong data-start=\"4875\" data-end=\"4896\">Educaci\u00f3n y clima<\/strong> \u2013 El Prof. Julio Meneghini particip\u00f3 en el panel <em data-start=\"4946\" data-end=\"4985\">\u201cHigher Education for Climate Action\u201d<\/em>, realizado el 15 de noviembre en el Higher Education Pavilion de la Blue Zone. Tambi\u00e9n formaron parte de la sesi\u00f3n la Profa. Patricia Iglecias, superintendenta de Gesti\u00f3n Ambiental de la USP, junto con Patr\u00edcia Pereira da Silva (vicerrectora de la Universidad de Coimbra) y S\u00f4nia Rodrigues (coordinadora de la Oficina de Desarrollo Sostenible de la instituci\u00f3n).<\/p><p data-start=\"5350\" data-end=\"5561\">El panel debati\u00f3 estrategias para descarbonizar grandes campus universitarios, incluyendo la modernizaci\u00f3n de infraestructuras, la gobernanza clim\u00e1tica, la eficiencia energ\u00e9tica y la preservaci\u00f3n del patrimonio.<\/p><p data-start=\"5563\" data-end=\"5927\"><strong data-start=\"5563\" data-end=\"5598\">Descarbonizaci\u00f3n del transporte<\/strong> \u2013 El 13 de noviembre, la Profa. Karen Mascarenhas represent\u00f3 al RCGI en el panel <em data-start=\"5680\" data-end=\"5709\">\u201cTransport Decarbonization\u201d<\/em>, realizado durante los UN Global Compact \u2013 Brazil Network Side Events, como parte del evento <em data-start=\"5803\" data-end=\"5872\">\u201cFrom Paper to Practice: From Ambition to Corporate Climate Action\u201d<\/em>, promovido por el Pacto Global de la ONU \u2013 Red Brasil.<\/p><p data-start=\"5929\" data-end=\"6364\">Abord\u00f3 rutas tecnol\u00f3gicas para la descarbonizaci\u00f3n del transporte y destac\u00f3 la importancia de la cooperaci\u00f3n y del enfoque interdisciplinario. Mascarenhas tambi\u00e9n present\u00f3 los avances del RCGI en captura, utilizaci\u00f3n y almacenamiento de CO\u2082 (CCUS), rutas de combustibles sint\u00e9ticos, bioenerg\u00eda, soluciones basadas en la naturaleza y la tecnolog\u00eda pionera de hidr\u00f3geno renovable producido a partir del etanol, desarrollada en el centro.<\/p><p data-start=\"6366\" data-end=\"6942\"><strong data-start=\"6366\" data-end=\"6390\">Debates estrat\u00e9gicos<\/strong> \u2013 Entre el 10 y el 14 de noviembre, Meneghini y Mascarenhas participaron en las Climate Action House Leaders\u2019 Lunch Sessions, que reunieron diariamente entre 60 y 80 l\u00edderes globales para debates tem\u00e1ticos sobre innovaci\u00f3n digital, transici\u00f3n energ\u00e9tica, financiamiento clim\u00e1tico, industria de bajo carbono y biodiversidad. Las sesiones, coorganizadas con socios institucionales y ampliamente acompa\u00f1adas por empresas, inversionistas y organizaciones multilaterales, profundizaron el di\u00e1logo sobre gobernanza e implementaci\u00f3n de soluciones clim\u00e1ticas.<\/p><p data-start=\"6944\" data-end=\"7461\"><strong data-start=\"6944\" data-end=\"6975\">Tecnolog\u00edas de bajo carbono<\/strong> \u2013 El equipo tambi\u00e9n acompa\u00f1\u00f3 un side event internacional sobre CCS, promovido por CCS Brasil el 14 de noviembre, que reuni\u00f3 a especialistas de Brasil y de otros pa\u00edses para discutir tendencias y desaf\u00edos en la captura y almacenamiento de carbono. Adem\u00e1s, participaron en un evento por invitaci\u00f3n de la directora ejecutiva de la Asociaci\u00f3n Brasile\u00f1a de la Industria del Hidr\u00f3geno Verde, Fernanda Delgado, donde se reunieron con el embajador Andr\u00e9 Corr\u00eaa do Lago, presidente de la COP30.<\/p><p data-start=\"7463\" data-end=\"7803\">Asimismo, recibieron una invitaci\u00f3n para conocer el <em data-start=\"7515\" data-end=\"7530\">Green Pioneer<\/em>, buque impulsado por amon\u00edaco de Fortescue \u2014 el primero del mundo con propulsi\u00f3n dual alimentada por amon\u00edaco y reconocido por <em data-start=\"7658\" data-end=\"7664\">TIME<\/em> como una de las Mejores Invenciones de 2025 \u2014 y visitaron tambi\u00e9n la embarcaci\u00f3n propulsada por hidr\u00f3geno de GWM, anclada en Porto Futuro.<\/p><p data-start=\"7805\" data-end=\"8045\"><strong data-start=\"7805\" data-end=\"7832\">Investigaci\u00f3n e impacto<\/strong> \u2013 La participaci\u00f3n del RCGI reforz\u00f3 el protagonismo de la universidad p\u00fablica brasile\u00f1a en la agenda clim\u00e1tica global. Para Meneghini, llevar conocimiento cient\u00edfico a la COP es esencial para acelerar soluciones:<\/p><blockquote data-start=\"8047\" data-end=\"8296\"><p data-start=\"8049\" data-end=\"8296\">\u201cEl RCGI existe para transformar el conocimiento cient\u00edfico en soluciones reales. En la COP demostramos que la academia brasile\u00f1a puede liderar tecnolog\u00edas esenciales para la descarbonizaci\u00f3n \u2014 y que estamos preparados para colaborar globalmente.\u201d<\/p><\/blockquote><p data-start=\"8298\" data-end=\"8404\">Karen Mascarenhas destac\u00f3 la relevancia del encuentro en la conexi\u00f3n entre la investigaci\u00f3n y la sociedad:<\/p><blockquote data-start=\"8406\" data-end=\"8582\" data-is-last-node=\"\" data-is-only-node=\"\"><p data-start=\"8408\" data-end=\"8582\" data-is-last-node=\"\">\u201cLa COP es el lugar donde la ciencia debe estar. No solo para presentar resultados, sino para dialogar y construir soluciones que tengan sentido para Brasil y para el mundo.\u201d<\/p><\/blockquote>\t\t\t\t\t\t<\/div>\n\t\t\t\t<\/div>\n\t\t\t\t<\/div>\n\t\t<div class=\"elementor-element elementor-element-b8e5c60 e-con-full e-flex e-con e-child\" data-id=\"b8e5c60\" data-element_type=\"container\">\n\t\t<div class=\"elementor-element elementor-element-d02cf20 e-grid e-con-full e-con e-child\" data-id=\"d02cf20\" data-element_type=\"container\">\n\t\t\t\t<div class=\"elementor-element elementor-element-04f280d elementor-widget elementor-widget-image\" data-id=\"04f280d\" data-element_type=\"widget\" data-widget_type=\"image.default\">\n\t\t\t\t<div class=\"elementor-widget-container\">\n\t\t\t\t\t\t\t\t\t\t\t\t\t<img fetchpriority=\"high\" decoding=\"async\" width=\"525\" height=\"295\" src=\"https:\/\/sites.usp.br\/rcgi\/wp-content\/uploads\/sites\/1196\/2025\/12\/WhatsApp-Image-2025-12-15-at-12.53.19-1024x576.jpeg\" class=\"attachment-large size-large wp-image-56166\" alt=\"\" srcset=\"https:\/\/sites.usp.br\/rcgi\/wp-content\/uploads\/sites\/1196\/2025\/12\/WhatsApp-Image-2025-12-15-at-12.53.19-1024x576.jpeg 1024w, https:\/\/sites.usp.br\/rcgi\/wp-content\/uploads\/sites\/1196\/2025\/12\/WhatsApp-Image-2025-12-15-at-12.53.19-300x169.jpeg 300w, https:\/\/sites.usp.br\/rcgi\/wp-content\/uploads\/sites\/1196\/2025\/12\/WhatsApp-Image-2025-12-15-at-12.53.19-768x432.jpeg 768w, https:\/\/sites.usp.br\/rcgi\/wp-content\/uploads\/sites\/1196\/2025\/12\/WhatsApp-Image-2025-12-15-at-12.53.19-310x174.jpeg 310w, https:\/\/sites.usp.br\/rcgi\/wp-content\/uploads\/sites\/1196\/2025\/12\/WhatsApp-Image-2025-12-15-at-12.53.19.jpeg 1280w\" sizes=\"100vw\" \/>\t\t\t\t\t\t\t\t\t\t\t\t\t<\/div>\n\t\t\t\t<\/div>\n\t\t\t\t<div class=\"elementor-element elementor-element-8958a4b elementor-widget elementor-widget-image\" data-id=\"8958a4b\" data-element_type=\"widget\" data-widget_type=\"image.default\">\n\t\t\t\t<div class=\"elementor-widget-container\">\n\t\t\t\t\t\t\t\t\t\t\t\t\t<img decoding=\"async\" width=\"525\" height=\"295\" src=\"https:\/\/sites.usp.br\/rcgi\/wp-content\/uploads\/sites\/1196\/2025\/12\/WhatsApp-Image-2025-12-15-at-12.53.34-1024x576.jpeg\" class=\"attachment-large size-large wp-image-56171\" alt=\"\" srcset=\"https:\/\/sites.usp.br\/rcgi\/wp-content\/uploads\/sites\/1196\/2025\/12\/WhatsApp-Image-2025-12-15-at-12.53.34-1024x576.jpeg 1024w, https:\/\/sites.usp.br\/rcgi\/wp-content\/uploads\/sites\/1196\/2025\/12\/WhatsApp-Image-2025-12-15-at-12.53.34-300x169.jpeg 300w, https:\/\/sites.usp.br\/rcgi\/wp-content\/uploads\/sites\/1196\/2025\/12\/WhatsApp-Image-2025-12-15-at-12.53.34-768x432.jpeg 768w, https:\/\/sites.usp.br\/rcgi\/wp-content\/uploads\/sites\/1196\/2025\/12\/WhatsApp-Image-2025-12-15-at-12.53.34-310x174.jpeg 310w, https:\/\/sites.usp.br\/rcgi\/wp-content\/uploads\/sites\/1196\/2025\/12\/WhatsApp-Image-2025-12-15-at-12.53.34.jpeg 1280w\" sizes=\"100vw\" \/>\t\t\t\t\t\t\t\t\t\t\t\t\t<\/div>\n\t\t\t\t<\/div>\n\t\t\t\t<div class=\"elementor-element elementor-element-4844ef8 elementor-widget elementor-widget-image\" data-id=\"4844ef8\" data-element_type=\"widget\" data-widget_type=\"image.default\">\n\t\t\t\t<div class=\"elementor-widget-container\">\n\t\t\t\t\t\t\t\t\t\t\t\t\t<img decoding=\"async\" width=\"525\" height=\"394\" src=\"https:\/\/sites.usp.br\/rcgi\/wp-content\/uploads\/sites\/1196\/2025\/12\/WhatsApp-Image-2025-12-15-at-12.53.00-1024x768.jpeg\" class=\"attachment-large size-large wp-image-56170\" alt=\"\" srcset=\"https:\/\/sites.usp.br\/rcgi\/wp-content\/uploads\/sites\/1196\/2025\/12\/WhatsApp-Image-2025-12-15-at-12.53.00-1024x768.jpeg 1024w, https:\/\/sites.usp.br\/rcgi\/wp-content\/uploads\/sites\/1196\/2025\/12\/WhatsApp-Image-2025-12-15-at-12.53.00-300x225.jpeg 300w, https:\/\/sites.usp.br\/rcgi\/wp-content\/uploads\/sites\/1196\/2025\/12\/WhatsApp-Image-2025-12-15-at-12.53.00-768x576.jpeg 768w, https:\/\/sites.usp.br\/rcgi\/wp-content\/uploads\/sites\/1196\/2025\/12\/WhatsApp-Image-2025-12-15-at-12.53.00-80x60.jpeg 80w, https:\/\/sites.usp.br\/rcgi\/wp-content\/uploads\/sites\/1196\/2025\/12\/WhatsApp-Image-2025-12-15-at-12.53.00.jpeg 1280w\" sizes=\"100vw\" \/>\t\t\t\t\t\t\t\t\t\t\t\t\t<\/div>\n\t\t\t\t<\/div>\n\t\t\t\t<div class=\"elementor-element elementor-element-fee02c7 elementor-widget elementor-widget-image\" data-id=\"fee02c7\" data-element_type=\"widget\" data-widget_type=\"image.default\">\n\t\t\t\t<div class=\"elementor-widget-container\">\n\t\t\t\t\t\t\t\t\t\t\t\t\t<img loading=\"lazy\" decoding=\"async\" width=\"525\" height=\"295\" src=\"https:\/\/sites.usp.br\/rcgi\/wp-content\/uploads\/sites\/1196\/2025\/12\/581437353_18084089368962186_5186561043643635580_n-1024x576.jpg\" class=\"attachment-large size-large wp-image-56172\" alt=\"\" srcset=\"https:\/\/sites.usp.br\/rcgi\/wp-content\/uploads\/sites\/1196\/2025\/12\/581437353_18084089368962186_5186561043643635580_n-1024x576.jpg 1024w, https:\/\/sites.usp.br\/rcgi\/wp-content\/uploads\/sites\/1196\/2025\/12\/581437353_18084089368962186_5186561043643635580_n-300x169.jpg 300w, https:\/\/sites.usp.br\/rcgi\/wp-content\/uploads\/sites\/1196\/2025\/12\/581437353_18084089368962186_5186561043643635580_n-768x432.jpg 768w, https:\/\/sites.usp.br\/rcgi\/wp-content\/uploads\/sites\/1196\/2025\/12\/581437353_18084089368962186_5186561043643635580_n-310x174.jpg 310w, https:\/\/sites.usp.br\/rcgi\/wp-content\/uploads\/sites\/1196\/2025\/12\/581437353_18084089368962186_5186561043643635580_n.jpg 1080w\" sizes=\"100vw\" \/>\t\t\t\t\t\t\t\t\t\t\t\t\t<\/div>\n\t\t\t\t<\/div>\n\t\t\t\t<div class=\"elementor-element elementor-element-61efb1a elementor-widget elementor-widget-image\" data-id=\"61efb1a\" data-element_type=\"widget\" data-widget_type=\"image.default\">\n\t\t\t\t<div class=\"elementor-widget-container\">\n\t\t\t\t\t\t\t\t\t\t\t\t\t<img loading=\"lazy\" decoding=\"async\" width=\"525\" height=\"394\" src=\"https:\/\/sites.usp.br\/rcgi\/wp-content\/uploads\/sites\/1196\/2025\/12\/582083338_18084089395962186_6640274066045034576_n-1024x768.jpg\" class=\"attachment-large size-large wp-image-56173\" alt=\"\" srcset=\"https:\/\/sites.usp.br\/rcgi\/wp-content\/uploads\/sites\/1196\/2025\/12\/582083338_18084089395962186_6640274066045034576_n-1024x768.jpg 1024w, https:\/\/sites.usp.br\/rcgi\/wp-content\/uploads\/sites\/1196\/2025\/12\/582083338_18084089395962186_6640274066045034576_n-300x225.jpg 300w, https:\/\/sites.usp.br\/rcgi\/wp-content\/uploads\/sites\/1196\/2025\/12\/582083338_18084089395962186_6640274066045034576_n-768x576.jpg 768w, https:\/\/sites.usp.br\/rcgi\/wp-content\/uploads\/sites\/1196\/2025\/12\/582083338_18084089395962186_6640274066045034576_n-80x60.jpg 80w, https:\/\/sites.usp.br\/rcgi\/wp-content\/uploads\/sites\/1196\/2025\/12\/582083338_18084089395962186_6640274066045034576_n.jpg 1080w\" sizes=\"100vw\" \/>\t\t\t\t\t\t\t\t\t\t\t\t\t<\/div>\n\t\t\t\t<\/div>\n\t\t\t\t<\/div>\n\t\t\t\t<\/div>\n\t\t\t\t\t<\/div>\n\t\t\t\t<\/div>\n\t\t\t\t<\/div>\n\t\t","protected":false},"excerpt":{"rendered":"<p>EVENTS Participaci\u00f3n del RCGI en la COP230 RCGI refuerza su protagonismo cient\u00edfico en la COP30 con participaci\u00f3n en debates sobre clima y transici\u00f3n energ\u00e9tica El Centro de Investigaci\u00f3n e Innovaci\u00f3n &hellip; <\/p>\n<p class=\"link-more\"><a href=\"https:\/\/sites.usp.br\/rcgi\/es\/eventos_es\/cop\/cop30\/\" class=\"more-link\">Continue lendo<span class=\"screen-reader-text\"> &#8220;COP30&#8221;<\/span><\/a><\/p>\n","protected":false},"author":24135,"featured_media":0,"parent":51331,"menu_order":0,"comment_status":"closed","ping_status":"closed","template":"elementor_header_footer","meta":{"_acf_changed":false,"_EventAllDay":false,"_EventTimezone":"","_EventStartDate":"","_EventEndDate":"","_EventStartDateUTC":"","_EventEndDateUTC":"","_EventShowMap":false,"_EventShowMapLink":false,"_EventURL":"","_EventCost":"","_EventCostDescription":"","_EventCurrencySymbol":"","_EventCurrencyCode":"","_EventCurrencyPosition":"","_EventDateTimeSeparator":"","_EventTimeRangeSeparator":"","_EventOrganizerID":[],"_EventVenueID":[],"_OrganizerEmail":"","_OrganizerPhone":"","_OrganizerWebsite":"","_VenueAddress":"","_VenueCity":"","_VenueCountry":"","_VenueProvince":"","_VenueState":"","_VenueZip":"","_VenuePhone":"","_VenueURL":"","_VenueStateProvince":"","_VenueLat":"","_VenueLng":"","_VenueShowMap":false,"_VenueShowMapLink":false,"footnotes":"","_links_to":"","_links_to_target":""},"class_list":["post-51386","page","type-page","status-publish","hentry"],"acf":[],"jetpack_sharing_enabled":true,"_links":{"self":[{"href":"https:\/\/sites.usp.br\/rcgi\/wp-json\/wp\/v2\/pages\/51386","targetHints":{"allow":["GET"]}}],"collection":[{"href":"https:\/\/sites.usp.br\/rcgi\/wp-json\/wp\/v2\/pages"}],"about":[{"href":"https:\/\/sites.usp.br\/rcgi\/wp-json\/wp\/v2\/types\/page"}],"author":[{"embeddable":true,"href":"https:\/\/sites.usp.br\/rcgi\/wp-json\/wp\/v2\/users\/24135"}],"replies":[{"embeddable":true,"href":"https:\/\/sites.usp.br\/rcgi\/wp-json\/wp\/v2\/comments?post=51386"}],"version-history":[{"count":4,"href":"https:\/\/sites.usp.br\/rcgi\/wp-json\/wp\/v2\/pages\/51386\/revisions"}],"predecessor-version":[{"id":56185,"href":"https:\/\/sites.usp.br\/rcgi\/wp-json\/wp\/v2\/pages\/51386\/revisions\/56185"}],"up":[{"embeddable":true,"href":"https:\/\/sites.usp.br\/rcgi\/wp-json\/wp\/v2\/pages\/51331"}],"wp:attachment":[{"href":"https:\/\/sites.usp.br\/rcgi\/wp-json\/wp\/v2\/media?parent=51386"}],"curies":[{"name":"wp","href":"https:\/\/api.w.org\/{rel}","templated":true}]}}