{"id":53577,"date":"2025-09-04T12:44:44","date_gmt":"2025-09-04T15:44:44","guid":{"rendered":"https:\/\/sites.usp.br\/rcgi\/?page_id=53577"},"modified":"2025-10-07T19:25:30","modified_gmt":"2025-10-07T22:25:30","slug":"carbon-registry-product-br","status":"publish","type":"page","link":"https:\/\/sites.usp.br\/rcgi\/br\/carbon-registry-product-br\/","title":{"rendered":"CARBON REGISTRY PRODUCT"},"content":{"rendered":"\t\t<div data-elementor-type=\"wp-page\" data-elementor-id=\"53577\" class=\"elementor elementor-53577\" data-elementor-post-type=\"page\">\n\t\t\t\t<div class=\"elementor-element elementor-element-cf5f0c8 e-grid e-con-boxed e-con e-parent\" data-id=\"cf5f0c8\" data-element_type=\"container\" data-settings=\"{&quot;background_background&quot;:&quot;classic&quot;}\">\n\t\t\t\t\t<div class=\"e-con-inner\">\n\t\t<div class=\"elementor-element elementor-element-91fdd19 e-grid e-con-full e-con e-child\" data-id=\"91fdd19\" data-element_type=\"container\">\n\t\t\t\t<div class=\"elementor-element elementor-element-4246b23 elementor-widget elementor-widget-heading\" data-id=\"4246b23\" data-element_type=\"widget\" data-widget_type=\"heading.default\">\n\t\t\t\t<div class=\"elementor-widget-container\">\n\t\t\t<h2 class=\"elementor-heading-title elementor-size-default\">RCGI\u2011USP Carbon Registry<\/h2>\t\t<\/div>\n\t\t\t\t<\/div>\n\t\t\t\t<div class=\"elementor-element elementor-element-043f6ba elementor-widget elementor-widget-text-editor\" data-id=\"043f6ba\" data-element_type=\"widget\" data-widget_type=\"text-editor.default\">\n\t\t\t\t<div class=\"elementor-widget-container\">\n\t\t\t\t\t\t\t<p>Uma iniciativa do Research Centre for Greenhouse Gas Innovation da Universidade de S\u00e3o Paulo (RCGI-USP), refer\u00eancia internacional em pesquisa e inova\u00e7\u00e3o. Combina rigor acad\u00eamico e tecnologia para acelerar a redu\u00e7\u00e3o de emiss\u00f5es de GEE no Brasil, alinhada \u00e0s metas clim\u00e1ticas nacionais.<\/p>\t\t\t\t\t\t<\/div>\n\t\t\t\t<\/div>\n\t\t\t\t<\/div>\n\t\t<div class=\"elementor-element elementor-element-05b55c8 e-grid e-con-full e-con e-child\" data-id=\"05b55c8\" data-element_type=\"container\">\n\t\t\t\t<div class=\"elementor-element elementor-element-555ae0a elementor-widget elementor-widget-button\" data-id=\"555ae0a\" data-element_type=\"widget\" data-widget_type=\"button.default\">\n\t\t\t\t<div class=\"elementor-widget-container\">\n\t\t\t\t\t\t\t<div class=\"elementor-button-wrapper\">\n\t\t\t\t\t<a class=\"elementor-button elementor-button-link elementor-size-sm\" href=\"#registrar\">\n\t\t\t\t\t\t<span class=\"elementor-button-content-wrapper\">\n\t\t\t\t\t\t\t\t\t<span class=\"elementor-button-text\">Quero registrar um projeto<\/span>\n\t\t\t\t\t<\/span>\n\t\t\t\t\t<\/a>\n\t\t\t\t<\/div>\n\t\t\t\t\t\t<\/div>\n\t\t\t\t<\/div>\n\t\t\t\t<div class=\"elementor-element elementor-element-5c5eaa1 elementor-widget elementor-widget-button\" data-id=\"5c5eaa1\" data-element_type=\"widget\" data-widget_type=\"button.default\">\n\t\t\t\t<div class=\"elementor-widget-container\">\n\t\t\t\t\t\t\t<div class=\"elementor-button-wrapper\">\n\t\t\t\t\t<a class=\"elementor-button elementor-button-link elementor-size-sm\" href=\"#registrar\">\n\t\t\t\t\t\t<span class=\"elementor-button-content-wrapper\">\n\t\t\t\t\t\t\t\t\t<span class=\"elementor-button-text\">Propor  metodologia<\/span>\n\t\t\t\t\t<\/span>\n\t\t\t\t\t<\/a>\n\t\t\t\t<\/div>\n\t\t\t\t\t\t<\/div>\n\t\t\t\t<\/div>\n\t\t\t\t<\/div>\n\t\t\t\t\t<\/div>\n\t\t\t\t<\/div>\n\t\t<div class=\"elementor-element elementor-element-dedba21 e-grid e-con-full e-con e-child\" data-id=\"dedba21\" data-element_type=\"container\">\n\t\t\t\t<div class=\"elementor-element elementor-element-82deb1a elementor-widget elementor-widget-heading\" data-id=\"82deb1a\" data-element_type=\"widget\" data-widget_type=\"heading.default\">\n\t\t\t\t<div class=\"elementor-widget-container\">\n\t\t\t<h2 class=\"elementor-heading-title elementor-size-default\">RCGI\u2011USP Carbon Registry<\/h2>\t\t<\/div>\n\t\t\t\t<\/div>\n\t\t\t\t<div class=\"elementor-element elementor-element-1b50568 elementor-widget elementor-widget-text-editor\" data-id=\"1b50568\" data-element_type=\"widget\" data-widget_type=\"text-editor.default\">\n\t\t\t\t<div class=\"elementor-widget-container\">\n\t\t\t\t\t\t\t<p><span style=\"color: #c8edf7; font-family: system-ui, -apple-system, 'Segoe UI', Roboto, Inter, Arial, sans-serif;\">An initiative of the Research Centre for Greenhouse Gas Innovation at the University of S\u00e3o Paulo (RCGI-USP), an international reference in research and innovation. It combines academic rigor and technology to accelerate the reduction of GHG emissions in Brazil, aligned with national climate goals.<\/span><\/p>\t\t\t\t\t\t<\/div>\n\t\t\t\t<\/div>\n\t\t\t\t<\/div>\n\t\t<div class=\"elementor-element elementor-element-2126954 e-grid e-con-full e-con e-child\" data-id=\"2126954\" data-element_type=\"container\">\n\t\t\t\t<div class=\"elementor-element elementor-element-467061f elementor-widget elementor-widget-button\" data-id=\"467061f\" data-element_type=\"widget\" data-widget_type=\"button.default\">\n\t\t\t\t<div class=\"elementor-widget-container\">\n\t\t\t\t\t\t\t<div class=\"elementor-button-wrapper\">\n\t\t\t\t\t<a class=\"elementor-button elementor-button-link elementor-size-sm\" href=\"#\">\n\t\t\t\t\t\t<span class=\"elementor-button-content-wrapper\">\n\t\t\t\t\t\t\t\t\t<span class=\"elementor-button-text\">I am interested in registering a project<\/span>\n\t\t\t\t\t<\/span>\n\t\t\t\t\t<\/a>\n\t\t\t\t<\/div>\n\t\t\t\t\t\t<\/div>\n\t\t\t\t<\/div>\n\t\t\t\t<div class=\"elementor-element elementor-element-d92a617 elementor-widget elementor-widget-button\" data-id=\"d92a617\" data-element_type=\"widget\" data-widget_type=\"button.default\">\n\t\t\t\t<div class=\"elementor-widget-container\">\n\t\t\t\t\t\t\t<div class=\"elementor-button-wrapper\">\n\t\t\t\t\t<a class=\"elementor-button elementor-button-link elementor-size-sm\" href=\"#\">\n\t\t\t\t\t\t<span class=\"elementor-button-content-wrapper\">\n\t\t\t\t\t\t\t\t\t<span class=\"elementor-button-text\">Propose methodology<\/span>\n\t\t\t\t\t<\/span>\n\t\t\t\t\t<\/a>\n\t\t\t\t<\/div>\n\t\t\t\t\t\t<\/div>\n\t\t\t\t<\/div>\n\t\t\t\t<\/div>\n\t\t<div class=\"elementor-element elementor-element-9739208 e-flex e-con-boxed e-con e-parent\" data-id=\"9739208\" data-element_type=\"container\" data-settings=\"{&quot;background_background&quot;:&quot;classic&quot;}\">\n\t\t\t\t\t<div class=\"e-con-inner\">\n\t\t<div class=\"elementor-element elementor-element-e72f56f e-con-full e-flex e-con e-child\" data-id=\"e72f56f\" data-element_type=\"container\">\n\t\t<div class=\"elementor-element elementor-element-b1da278 e-con-full e-flex e-con e-child\" data-id=\"b1da278\" data-element_type=\"container\" data-settings=\"{&quot;background_background&quot;:&quot;classic&quot;}\">\n\t\t\t\t<div class=\"elementor-element elementor-element-02c03ca elementor-widget elementor-widget-heading\" data-id=\"02c03ca\" data-element_type=\"widget\" data-widget_type=\"heading.default\">\n\t\t\t\t<div class=\"elementor-widget-container\">\n\t\t\t<h2 class=\"elementor-heading-title elementor-size-default\">Por que RCGI-USP?<\/h2>\t\t<\/div>\n\t\t\t\t<\/div>\n\t\t\t\t<div class=\"elementor-element elementor-element-42cb63e elementor-widget elementor-widget-text-editor\" data-id=\"42cb63e\" data-element_type=\"widget\" data-widget_type=\"text-editor.default\">\n\t\t\t\t<div class=\"elementor-widget-container\">\n\t\t\t\t\t\t\t<p data-start=\"445\" data-end=\"514\">\u2713 <b>V\u00ednculo USP: <\/b>revis\u00e3o por pares e comit\u00eas tem\u00e1ticos independentes.<\/p><p data-start=\"516\" data-end=\"626\">\u2713 <b>CCB (NBS) e CCB-SS (Industrial\/Energia),<\/b> com metas audit\u00e1veis e evid\u00eancias de impacto cient\u00edfico e social.<\/p><p data-start=\"628\" data-end=\"709\">\u2713 <b>Transpar\u00eancia: <\/b>serializa\u00e7\u00e3o, rastreabilidade e certificados de aposentadoria.<\/p><p data-start=\"711\" data-end=\"764\">\u2713 <b>Conformidade: <\/b>alinhado \u00e0s metodologias da UNFCCC.<\/p><p data-start=\"766\" data-end=\"832\">\u2713<b> Abertura \u00e0 inova\u00e7\u00e3o:<\/b> chamada cont\u00ednua para novas metodologias.<\/p><p data-start=\"766\" data-end=\"832\">\u00a0<\/p><p data-start=\"766\" data-end=\"832\">\u00a0<\/p><p data-start=\"766\" data-end=\"832\">\u00a0<\/p><p data-start=\"766\" data-end=\"832\">\u00a0<\/p><p data-start=\"766\" data-end=\"832\">\u00a0<\/p><p data-start=\"766\" data-end=\"832\">\u00a0<\/p>\t\t\t\t\t\t<\/div>\n\t\t\t\t<\/div>\n\t\t\t\t<\/div>\n\t\t\t\t<\/div>\n\t\t<div class=\"elementor-element elementor-element-e9bd435 e-con-full e-flex e-con e-child\" data-id=\"e9bd435\" data-element_type=\"container\">\n\t\t<div class=\"elementor-element elementor-element-91c74c7 e-con-full e-flex e-con e-child\" data-id=\"91c74c7\" data-element_type=\"container\" data-settings=\"{&quot;background_background&quot;:&quot;classic&quot;}\">\n\t\t\t\t<div class=\"elementor-element elementor-element-68ffd02 elementor-widget elementor-widget-heading\" data-id=\"68ffd02\" data-element_type=\"widget\" data-widget_type=\"heading.default\">\n\t\t\t\t<div class=\"elementor-widget-container\">\n\t\t\t<h2 class=\"elementor-heading-title elementor-size-default\">Metodologias para registro<\/h2>\t\t<\/div>\n\t\t\t\t<\/div>\n\t\t\t\t<div class=\"elementor-element elementor-element-fbb4740 elementor-widget elementor-widget-text-editor\" data-id=\"fbb4740\" data-element_type=\"widget\" data-widget_type=\"text-editor.default\">\n\t\t\t\t<div class=\"elementor-widget-container\">\n\t\t\t\t\t\t\t<p><strong>REDD e REDD+<\/strong><br>Redu\u00e7\u00e3o de emiss\u00f5es por desmatamento e degrada\u00e7\u00e3o florestal; o \u201c+\u201d inclui conserva\u00e7\u00e3o, manejo sustent\u00e1vel e aumento dos estoques de carbono.<\/p>\n<p><strong>BLUE<\/strong><br>Conserva\u00e7\u00e3o e restaura\u00e7\u00e3o de ecossistemas costeiros e marinhos (manguezais, marismas, pradarias marinhas) com foco em carbono azul.<\/p>\n<p><strong>ARR<\/strong><br>Aflorestamento, Reflorestamento e Restaura\u00e7\u00e3o \u2014 plantio\/recupera\u00e7\u00e3o de \u00e1reas para remo\u00e7\u00e3o de CO\u2082 da atmosfera.<\/p>\n<p><strong>Agricultura Regenerativa<\/strong><br>Pr\u00e1ticas agr\u00edcolas que melhoram a sa\u00fade do solo e a biodiversidade, aumentando o sequestro de carbono no sistema produtivo.<\/p>\n<p><strong>Captura de Carbono no Solo<\/strong><br>Aumento do carbono org\u00e2nico do solo por meio de manejo, plantas de cobertura, rota\u00e7\u00e3o e outras t\u00e9cnicas de conserva\u00e7\u00e3o.<\/p>\n<p><strong>MDL<\/strong><br>Metodologias do Mecanismo de Desenvolvimento Limpo (MDL), com quantifica\u00e7\u00e3o de redu\u00e7\u00f5es\/remo\u00e7\u00f5es de emiss\u00f5es certific\u00e1veis.<\/p>\t\t\t\t\t\t<\/div>\n\t\t\t\t<\/div>\n\t\t\t\t<\/div>\n\t\t\t\t<\/div>\n\t\t\t\t\t<\/div>\n\t\t\t\t<\/div>\n\t\t<div class=\"elementor-element elementor-element-41722b6 e-flex e-con-boxed e-con e-parent\" data-id=\"41722b6\" data-element_type=\"container\" data-settings=\"{&quot;background_background&quot;:&quot;classic&quot;}\">\n\t\t\t\t\t<div class=\"e-con-inner\">\n\t\t<div class=\"elementor-element elementor-element-6a63664 e-grid e-con-full e-con e-child\" data-id=\"6a63664\" data-element_type=\"container\" data-settings=\"{&quot;background_background&quot;:&quot;classic&quot;}\">\n\t\t\t\t<div class=\"elementor-element elementor-element-bcdc972 elementor-widget__width-initial elementor-widget elementor-widget-text-editor\" data-id=\"bcdc972\" data-element_type=\"widget\" data-widget_type=\"text-editor.default\">\n\t\t\t\t<div class=\"elementor-widget-container\">\n\t\t\t\t\t\t\t<p class=\"text-slate-500\"><strong>1. Parceria acad\u00eamica in\u00e9dita<\/strong><\/p><p class=\"text-slate-500\"><br \/>Registro associado \u00e0 Universidade de S\u00e3o Paulo (USP) por meio do RCGI-USP.<br \/>Base cient\u00edfica e conex\u00e3o direta com pesquisa e inova\u00e7\u00e3o.<\/p>\t\t\t\t\t\t<\/div>\n\t\t\t\t<\/div>\n\t\t\t\t<div class=\"elementor-element elementor-element-11bad38 elementor-widget__width-initial elementor-widget elementor-widget-text-editor\" data-id=\"11bad38\" data-element_type=\"widget\" data-widget_type=\"text-editor.default\">\n\t\t\t\t<div class=\"elementor-widget-container\">\n\t\t\t\t\t\t\t<p class=\"text-slate-500\"><strong data-start=\"2076\" data-end=\"2102\">2.Transpar\u00eancia global<\/strong><\/p><p class=\"text-slate-500\"><strong data-start=\"2076\" data-end=\"2102\"><br data-start=\"1965\" data-end=\"1968\" \/><\/strong>Melhores pr\u00e1ticas internacionais e foco em co-benef\u00edcios CCB.<br data-start=\"2029\" data-end=\"2032\" \/>Clareza na comunica\u00e7\u00e3o de objetivos e crit\u00e9rios de avalia\u00e7\u00e3o.<\/p>\t\t\t\t\t\t<\/div>\n\t\t\t\t<\/div>\n\t\t\t\t<div class=\"elementor-element elementor-element-459d8bd elementor-widget__width-initial elementor-widget elementor-widget-text-editor\" data-id=\"459d8bd\" data-element_type=\"widget\" data-widget_type=\"text-editor.default\">\n\t\t\t\t<div class=\"elementor-widget-container\">\n\t\t\t\t\t\t\t<p data-start=\"2228\" data-end=\"2355\"><strong data-start=\"2228\" data-end=\"2257\">3.Acessibilidade econ\u00f4mica<\/strong><\/p><p data-start=\"2228\" data-end=\"2355\">Democratiza o acesso aos mercados de carbono.<br data-start=\"2176\" data-end=\"2179\" \/>Foco em viabilizar projetos no contexto brasileiro.<\/p><p data-start=\"2228\" data-end=\"2355\">\u00a0<\/p>\t\t\t\t\t\t<\/div>\n\t\t\t\t<\/div>\n\t\t\t\t<\/div>\n\t\t\t\t\t<\/div>\n\t\t\t\t<\/div>\n\t\t<div class=\"elementor-element elementor-element-68c4afd e-flex e-con-boxed e-con e-parent\" data-id=\"68c4afd\" data-element_type=\"container\">\n\t\t\t\t\t<div class=\"e-con-inner\">\n\t\t\t\t<div class=\"elementor-element elementor-element-93b7701 elementor-absolute elementor-widget elementor-widget-menu-anchor\" data-id=\"93b7701\" data-element_type=\"widget\" data-settings=\"{&quot;_position&quot;:&quot;absolute&quot;}\" data-widget_type=\"menu-anchor.default\">\n\t\t\t\t<div class=\"elementor-widget-container\">\n\t\t\t\t\t<div class=\"elementor-menu-anchor\" id=\"registrar\"><\/div>\n\t\t\t\t<\/div>\n\t\t\t\t<\/div>\n\t\t\t\t<div class=\"elementor-element elementor-element-f0950a1 elementor-widget elementor-widget-heading\" data-id=\"f0950a1\" data-element_type=\"widget\" data-widget_type=\"heading.default\">\n\t\t\t\t<div class=\"elementor-widget-container\">\n\t\t\t<h2 class=\"elementor-heading-title elementor-size-default\">Registre um projeto ou proponha uma metodologia<\/h2>\t\t<\/div>\n\t\t\t\t<\/div>\n\t\t\t\t<div class=\"elementor-element elementor-element-ce7cb55 elementor-widget elementor-widget-text-editor\" data-id=\"ce7cb55\" data-element_type=\"widget\" data-widget_type=\"text-editor.default\">\n\t\t\t\t<div class=\"elementor-widget-container\">\n\t\t\t\t\t\t\tPreencha seus dados para receber o link de acesso.\t\t\t\t\t\t<\/div>\n\t\t\t\t<\/div>\n\t\t\t\t<div class=\"elementor-element elementor-element-746b629 elementor-button-align-stretch elementor-widget elementor-widget-form\" data-id=\"746b629\" data-element_type=\"widget\" data-settings=\"{&quot;step_next_label&quot;:&quot;Next&quot;,&quot;step_previous_label&quot;:&quot;Previous&quot;,&quot;button_width&quot;:&quot;100&quot;,&quot;step_type&quot;:&quot;number_text&quot;,&quot;step_icon_shape&quot;:&quot;circle&quot;}\" data-widget_type=\"form.default\">\n\t\t\t\t<div class=\"elementor-widget-container\">\n\t\t\t\t\t<form class=\"elementor-form\" method=\"post\" name=\"New Form\">\n\t\t\t<input type=\"hidden\" name=\"post_id\" value=\"53577\"\/>\n\t\t\t<input type=\"hidden\" name=\"form_id\" value=\"746b629\"\/>\n\t\t\t<input type=\"hidden\" name=\"referer_title\" value=\"RCGI\" \/>\n\n\t\t\t\n\t\t\t<div class=\"elementor-form-fields-wrapper elementor-labels-above\">\n\t\t\t\t\t\t\t\t<div class=\"elementor-field-type-text elementor-field-group elementor-column elementor-field-group-name elementor-col-100 elementor-field-required elementor-mark-required\">\n\t\t\t\t\t\t\t\t\t\t\t\t<label for=\"form-field-name\" class=\"elementor-field-label\">\n\t\t\t\t\t\t\t\tNome\t\t\t\t\t\t\t<\/label>\n\t\t\t\t\t\t\t\t\t\t\t\t\t\t<input size=\"1\" type=\"text\" name=\"form_fields[name]\" id=\"form-field-name\" class=\"elementor-field elementor-size-sm  elementor-field-textual\" placeholder=\"Nome\" required=\"required\" aria-required=\"true\">\n\t\t\t\t\t\t\t\t\t\t\t<\/div>\n\t\t\t\t\t\t\t\t<div class=\"elementor-field-type-email elementor-field-group elementor-column elementor-field-group-email elementor-col-100 elementor-field-required elementor-mark-required\">\n\t\t\t\t\t\t\t\t\t\t\t\t<label for=\"form-field-email\" class=\"elementor-field-label\">\n\t\t\t\t\t\t\t\tEmail\t\t\t\t\t\t\t<\/label>\n\t\t\t\t\t\t\t\t\t\t\t\t\t\t<input size=\"1\" type=\"email\" name=\"form_fields[email]\" id=\"form-field-email\" class=\"elementor-field elementor-size-sm  elementor-field-textual\" placeholder=\"Email\" required=\"required\" aria-required=\"true\">\n\t\t\t\t\t\t\t\t\t\t\t<\/div>\n\t\t\t\t\t\t\t\t<div class=\"elementor-field-type-textarea elementor-field-group elementor-column elementor-field-group-message elementor-col-100 elementor-field-required elementor-mark-required\">\n\t\t\t\t\t\t\t\t\t\t\t\t<label for=\"form-field-message\" class=\"elementor-field-label\">\n\t\t\t\t\t\t\t\tMensagem\t\t\t\t\t\t\t<\/label>\n\t\t\t\t\t\t<textarea class=\"elementor-field-textual elementor-field  elementor-size-sm\" name=\"form_fields[message]\" id=\"form-field-message\" rows=\"4\" placeholder=\"Mensagem\" required=\"required\" aria-required=\"true\"><\/textarea>\t\t\t\t<\/div>\n\t\t\t\t\t\t\t\t<div class=\"elementor-field-type-textarea elementor-field-group elementor-column elementor-field-group-field_470747d elementor-col-100 elementor-field-required elementor-mark-required\">\n\t\t\t\t\t\t\t\t\t\t\t\t<label for=\"form-field-field_470747d\" class=\"elementor-field-label\">\n\t\t\t\t\t\t\t\tCNPJ\t\t\t\t\t\t\t<\/label>\n\t\t\t\t\t\t<textarea class=\"elementor-field-textual elementor-field  elementor-size-sm\" name=\"form_fields[field_470747d]\" id=\"form-field-field_470747d\" rows=\"4\" placeholder=\"CNPJ\" required=\"required\" aria-required=\"true\"><\/textarea>\t\t\t\t<\/div>\n\t\t\t\t\t\t\t\t<div class=\"elementor-field-group elementor-column elementor-field-type-submit elementor-col-100 e-form__buttons\">\n\t\t\t\t\t<button class=\"elementor-button elementor-size-sm\" type=\"submit\">\n\t\t\t\t\t\t<span class=\"elementor-button-content-wrapper\">\n\t\t\t\t\t\t\t\t\t\t\t\t\t\t\t\t\t\t\t\t\t\t<span class=\"elementor-button-text\">Send<\/span>\n\t\t\t\t\t\t\t\t\t\t\t\t\t<\/span>\n\t\t\t\t\t<\/button>\n\t\t\t\t<\/div>\n\t\t\t<\/div>\n\t\t<\/form>\n\t\t\t\t<\/div>\n\t\t\t\t<\/div>\n\t\t\t\t\t<\/div>\n\t\t\t\t<\/div>\n\t\t\t\t<\/div>\n\t\t","protected":false},"excerpt":{"rendered":"<p>RCGI\u2011USP Carbon Registry Uma iniciativa do Research Centre for Greenhouse Gas Innovation da Universidade de S\u00e3o Paulo (RCGI-USP), refer\u00eancia internacional em pesquisa e inova\u00e7\u00e3o. Combina rigor acad\u00eamico e tecnologia para &hellip; <\/p>\n<p class=\"link-more\"><a href=\"https:\/\/sites.usp.br\/rcgi\/br\/carbon-registry-product-br\/\" class=\"more-link\">Continue lendo<span class=\"screen-reader-text\"> &#8220;CARBON REGISTRY PRODUCT&#8221;<\/span><\/a><\/p>\n","protected":false},"author":23640,"featured_media":0,"parent":0,"menu_order":0,"comment_status":"closed","ping_status":"closed","template":"","meta":{"_acf_changed":false,"_EventAllDay":false,"_EventTimezone":"","_EventStartDate":"","_EventEndDate":"","_EventStartDateUTC":"","_EventEndDateUTC":"","_EventShowMap":false,"_EventShowMapLink":false,"_EventURL":"","_EventCost":"","_EventCostDescription":"","_EventCurrencySymbol":"","_EventCurrencyCode":"","_EventCurrencyPosition":"","_EventDateTimeSeparator":"","_EventTimeRangeSeparator":"","_EventOrganizerID":[],"_EventVenueID":[],"_OrganizerEmail":"","_OrganizerPhone":"","_OrganizerWebsite":"","_VenueAddress":"","_VenueCity":"","_VenueCountry":"","_VenueProvince":"","_VenueState":"","_VenueZip":"","_VenuePhone":"","_VenueURL":"","_VenueStateProvince":"","_VenueLat":"","_VenueLng":"","_VenueShowMap":false,"_VenueShowMapLink":false,"footnotes":"","_links_to":"","_links_to_target":""},"class_list":["post-53577","page","type-page","status-publish","hentry"],"acf":[],"jetpack_sharing_enabled":true,"_links":{"self":[{"href":"https:\/\/sites.usp.br\/rcgi\/wp-json\/wp\/v2\/pages\/53577","targetHints":{"allow":["GET"]}}],"collection":[{"href":"https:\/\/sites.usp.br\/rcgi\/wp-json\/wp\/v2\/pages"}],"about":[{"href":"https:\/\/sites.usp.br\/rcgi\/wp-json\/wp\/v2\/types\/page"}],"author":[{"embeddable":true,"href":"https:\/\/sites.usp.br\/rcgi\/wp-json\/wp\/v2\/users\/23640"}],"replies":[{"embeddable":true,"href":"https:\/\/sites.usp.br\/rcgi\/wp-json\/wp\/v2\/comments?post=53577"}],"version-history":[{"count":4,"href":"https:\/\/sites.usp.br\/rcgi\/wp-json\/wp\/v2\/pages\/53577\/revisions"}],"predecessor-version":[{"id":54189,"href":"https:\/\/sites.usp.br\/rcgi\/wp-json\/wp\/v2\/pages\/53577\/revisions\/54189"}],"wp:attachment":[{"href":"https:\/\/sites.usp.br\/rcgi\/wp-json\/wp\/v2\/media?parent=53577"}],"curies":[{"name":"wp","href":"https:\/\/api.w.org\/{rel}","templated":true}]}}