{"id":53580,"date":"2025-09-04T14:30:54","date_gmt":"2025-09-04T17:30:54","guid":{"rendered":"https:\/\/sites.usp.br\/rcgi\/?page_id=53580"},"modified":"2025-10-07T19:09:55","modified_gmt":"2025-10-07T22:09:55","slug":"carbon-registry-product-esp","status":"publish","type":"page","link":"https:\/\/sites.usp.br\/rcgi\/es\/carbon-registry-product-esp\/","title":{"rendered":"CARBON REGISTRY PRODUCT"},"content":{"rendered":"\t\t<div data-elementor-type=\"wp-page\" data-elementor-id=\"53580\" class=\"elementor elementor-53580\" data-elementor-post-type=\"page\">\n\t\t\t\t<div class=\"elementor-element elementor-element-c2b2b3b e-grid e-con-boxed e-con e-parent\" data-id=\"c2b2b3b\" data-element_type=\"container\" data-settings=\"{&quot;background_background&quot;:&quot;classic&quot;}\">\n\t\t\t\t\t<div class=\"e-con-inner\">\n\t\t<div class=\"elementor-element elementor-element-fa07604 e-grid e-con-full e-con e-child\" data-id=\"fa07604\" data-element_type=\"container\">\n\t\t\t\t<div class=\"elementor-element elementor-element-92636d5 elementor-widget elementor-widget-heading\" data-id=\"92636d5\" data-element_type=\"widget\" data-widget_type=\"heading.default\">\n\t\t\t\t<div class=\"elementor-widget-container\">\n\t\t\t<h2 class=\"elementor-heading-title elementor-size-default\">RCGI\u2011USP Carbon Registry<\/h1><\/h2>\t\t<\/div>\n\t\t\t\t<\/div>\n\t\t\t\t<div class=\"elementor-element elementor-element-9f6f57e elementor-widget elementor-widget-text-editor\" data-id=\"9f6f57e\" data-element_type=\"widget\" data-widget_type=\"text-editor.default\">\n\t\t\t\t<div class=\"elementor-widget-container\">\n\t\t\t\t\t\t\t<p data-start=\"2287\" data-end=\"2593\">Una iniciativa del Research Centre for Greenhouse Gas Innovation de la Universidad de S\u00e3o Paulo (RCGI-USP), referencia internacional en investigaci\u00f3n e innovaci\u00f3n. Combina rigor acad\u00e9mico y tecnolog\u00eda para acelerar la reducci\u00f3n de emisiones de GEI en Brasil, alineada con las metas clim\u00e1ticas nacionales.<\/p><p data-start=\"2595\" data-end=\"2619\">\u00a0<\/p>\t\t\t\t\t\t<\/div>\n\t\t\t\t<\/div>\n\t\t\t\t<\/div>\n\t\t<div class=\"elementor-element elementor-element-27269c5 e-grid e-con-full e-con e-child\" data-id=\"27269c5\" data-element_type=\"container\">\n\t\t\t\t<div class=\"elementor-element elementor-element-0922af6 elementor-widget elementor-widget-button\" data-id=\"0922af6\" data-element_type=\"widget\" data-widget_type=\"button.default\">\n\t\t\t\t<div class=\"elementor-widget-container\">\n\t\t\t\t\t\t\t<div class=\"elementor-button-wrapper\">\n\t\t\t\t\t<a class=\"elementor-button elementor-button-link elementor-size-sm\" href=\"#registrar\">\n\t\t\t\t\t\t<span class=\"elementor-button-content-wrapper\">\n\t\t\t\t\t\t\t\t\t<span class=\"elementor-button-text\">Tengo inter\u00e9s en registrar un proyecto<\/span>\n\t\t\t\t\t<\/span>\n\t\t\t\t\t<\/a>\n\t\t\t\t<\/div>\n\t\t\t\t\t\t<\/div>\n\t\t\t\t<\/div>\n\t\t\t\t<div class=\"elementor-element elementor-element-45abe4d elementor-widget elementor-widget-button\" data-id=\"45abe4d\" data-element_type=\"widget\" data-widget_type=\"button.default\">\n\t\t\t\t<div class=\"elementor-widget-container\">\n\t\t\t\t\t\t\t<div class=\"elementor-button-wrapper\">\n\t\t\t\t\t<a class=\"elementor-button elementor-button-link elementor-size-sm\" href=\"#registrar\">\n\t\t\t\t\t\t<span class=\"elementor-button-content-wrapper\">\n\t\t\t\t\t\t\t\t\t<span class=\"elementor-button-text\">Proponer metodolog\u00eda<\/span>\n\t\t\t\t\t<\/span>\n\t\t\t\t\t<\/a>\n\t\t\t\t<\/div>\n\t\t\t\t\t\t<\/div>\n\t\t\t\t<\/div>\n\t\t\t\t<\/div>\n\t\t\t\t\t<\/div>\n\t\t\t\t<\/div>\n\t\t<div class=\"elementor-element elementor-element-dcaa1cd e-flex e-con-boxed e-con e-parent\" data-id=\"dcaa1cd\" data-element_type=\"container\" data-settings=\"{&quot;background_background&quot;:&quot;classic&quot;}\">\n\t\t\t\t\t<div class=\"e-con-inner\">\n\t\t<div class=\"elementor-element elementor-element-bdaa892 e-con-full e-flex e-con e-child\" data-id=\"bdaa892\" data-element_type=\"container\">\n\t\t<div class=\"elementor-element elementor-element-05c2c2c e-con-full e-flex e-con e-child\" data-id=\"05c2c2c\" data-element_type=\"container\" data-settings=\"{&quot;background_background&quot;:&quot;classic&quot;}\">\n\t\t\t\t<div class=\"elementor-element elementor-element-1a9d0d4 elementor-widget elementor-widget-heading\" data-id=\"1a9d0d4\" data-element_type=\"widget\" data-widget_type=\"heading.default\">\n\t\t\t\t<div class=\"elementor-widget-container\">\n\t\t\t<h2 class=\"elementor-heading-title elementor-size-default\">\u00bfPor qu\u00e9 RCGI-USP?<\/h2>\t\t<\/div>\n\t\t\t\t<\/div>\n\t\t\t\t<div class=\"elementor-element elementor-element-fb1455c elementor-widget elementor-widget-text-editor\" data-id=\"fb1455c\" data-element_type=\"widget\" data-widget_type=\"text-editor.default\">\n\t\t\t\t<div class=\"elementor-widget-container\">\n\t\t\t\t\t\t\t<p data-start=\"2621\" data-end=\"2699\"><strong>\u2713 V\u00ednculo con la USP:<\/strong> revisi\u00f3n por pares y comit\u00e9s tem\u00e1ticos independientes.<\/p><p data-start=\"2701\" data-end=\"2811\">\u2713 <strong>CCB (NBS) y CCB-SS (Industrial\/Energ\u00eda)<\/strong>, con metas auditables y evidencias de impacto cient\u00edfico y social.<\/p><p data-start=\"2813\" data-end=\"2885\"><strong>\u2713 Transparencia:<\/strong> serializaci\u00f3n, trazabilidad y certificados de retiro.<\/p><p data-start=\"2887\" data-end=\"2944\">\u2713 <strong>Cumplimiento:<\/strong> alineado con metodolog\u00edas de la CMNUCC.<\/p><p data-start=\"2946\" data-end=\"3023\">\u2713<strong> Apertura a la innovaci\u00f3n:<\/strong> convocatoria continua para nuevas metodolog\u00edas.<\/p><p data-start=\"2946\" data-end=\"3023\">\u00a0<\/p><p data-start=\"2946\" data-end=\"3023\">\u00a0<\/p><p data-start=\"2946\" data-end=\"3023\">\u00a0<\/p><p data-start=\"2946\" data-end=\"3023\">\u00a0<\/p>\t\t\t\t\t\t<\/div>\n\t\t\t\t<\/div>\n\t\t\t\t<\/div>\n\t\t\t\t<\/div>\n\t\t<div class=\"elementor-element elementor-element-d924f07 e-con-full e-flex e-con e-child\" data-id=\"d924f07\" data-element_type=\"container\">\n\t\t<div class=\"elementor-element elementor-element-60d3c28 e-con-full e-flex e-con e-child\" data-id=\"60d3c28\" data-element_type=\"container\" data-settings=\"{&quot;background_background&quot;:&quot;classic&quot;}\">\n\t\t\t\t<div class=\"elementor-element elementor-element-73c7fd9 elementor-widget elementor-widget-heading\" data-id=\"73c7fd9\" data-element_type=\"widget\" data-widget_type=\"heading.default\">\n\t\t\t\t<div class=\"elementor-widget-container\">\n\t\t\t<h2 class=\"elementor-heading-title elementor-size-default\">Methodologies for registration<\/h2>\t\t<\/div>\n\t\t\t\t<\/div>\n\t\t\t\t<div class=\"elementor-element elementor-element-a8e90d7 elementor-widget elementor-widget-text-editor\" data-id=\"a8e90d7\" data-element_type=\"widget\" data-widget_type=\"text-editor.default\">\n\t\t\t\t<div class=\"elementor-widget-container\">\n\t\t\t\t\t\t\t<p><strong>REDD y REDD+<\/strong><br \/>Reducci\u00f3n de emisiones por deforestaci\u00f3n y degradaci\u00f3n forestal; el \u201c+\u201d incluye conservaci\u00f3n, manejo sostenible y aumento de las reservas de carbono.<\/p><p><strong>BLUE<\/strong><br \/>Conservaci\u00f3n y restauraci\u00f3n de ecosistemas costeros y marinos (manglares, marismas, praderas marinas) con enfoque en carbono azul.<\/p><p><strong>ARR<\/strong><br \/>Aforestaci\u00f3n, Reforestaci\u00f3n y Restauraci\u00f3n \u2014 plantaci\u00f3n\/recuperaci\u00f3n de \u00e1reas para remover CO\u2082 de la atm\u00f3sfera.<\/p><p><strong>Agricultura Regenerativa<\/strong><br \/>Pr\u00e1cticas agr\u00edcolas que mejoran la salud del suelo y la biodiversidad, aumentando el secuestro de carbono en el sistema productivo.<\/p><p><strong>Captura de Carbono en Suelo<\/strong><br \/>Incremento del carbono org\u00e1nico del suelo mediante manejo, cultivos de cobertura, rotaci\u00f3n y otras t\u00e9cnicas de conservaci\u00f3n.<\/p><p><strong>MDL<\/strong><br \/>Metodolog\u00edas del Mecanismo de Desarrollo Limpio (MDL), con cuantificaci\u00f3n de reducciones\/remociones de emisiones certificables.<\/p>\t\t\t\t\t\t<\/div>\n\t\t\t\t<\/div>\n\t\t\t\t<\/div>\n\t\t\t\t<\/div>\n\t\t\t\t\t<\/div>\n\t\t\t\t<\/div>\n\t\t<div class=\"elementor-element elementor-element-c8ecd04 e-flex e-con-boxed e-con e-parent\" data-id=\"c8ecd04\" data-element_type=\"container\" data-settings=\"{&quot;background_background&quot;:&quot;classic&quot;}\">\n\t\t\t\t\t<div class=\"e-con-inner\">\n\t\t<div class=\"elementor-element elementor-element-07cf531 e-grid e-con-full e-con e-child\" data-id=\"07cf531\" data-element_type=\"container\" data-settings=\"{&quot;background_background&quot;:&quot;classic&quot;}\">\n\t\t\t\t<div class=\"elementor-element elementor-element-73c1d37 elementor-widget__width-initial elementor-widget elementor-widget-text-editor\" data-id=\"73c1d37\" data-element_type=\"widget\" data-widget_type=\"text-editor.default\">\n\t\t\t\t<div class=\"elementor-widget-container\">\n\t\t\t\t\t\t\t<p class=\"text-slate-500\"><b>1. Alianza acad\u00e9mica in\u00e9dita<br \/><\/b>Registro asociado a la Universidad de S\u00e3o Paulo (USP) a trav\u00e9s del RCGI-USP.<br \/>Base cient\u00edfica y conexi\u00f3n directa con la investigaci\u00f3n e innovaci\u00f3n.<\/p>\t\t\t\t\t\t<\/div>\n\t\t\t\t<\/div>\n\t\t\t\t<div class=\"elementor-element elementor-element-35a4ec8 elementor-widget__width-initial elementor-widget elementor-widget-text-editor\" data-id=\"35a4ec8\" data-element_type=\"widget\" data-widget_type=\"text-editor.default\">\n\t\t\t\t<div class=\"elementor-widget-container\">\n\t\t\t\t\t\t\t<p class=\"text-slate-500\"><strong data-start=\"4169\" data-end=\"4196\">2. Transparencia global<\/strong><br data-start=\"4196\" data-end=\"4199\" \/>Mejores pr\u00e1cticas internacionales y foco en co-beneficios CCB.<br data-start=\"4261\" data-end=\"4264\" \/>Claridad en la comunicaci\u00f3n de objetivos y criterios de evaluaci\u00f3n.<\/p>\t\t\t\t\t\t<\/div>\n\t\t\t\t<\/div>\n\t\t\t\t<div class=\"elementor-element elementor-element-e154514 elementor-widget__width-initial elementor-widget elementor-widget-text-editor\" data-id=\"e154514\" data-element_type=\"widget\" data-widget_type=\"text-editor.default\">\n\t\t\t\t<div class=\"elementor-widget-container\">\n\t\t\t\t\t\t\t<p data-start=\"2228\" data-end=\"2355\"><strong data-start=\"4335\" data-end=\"4365\">3. Accesibilidad econ\u00f3mica<\/strong><br data-start=\"4365\" data-end=\"4368\">Democratiza el acceso a los mercados de carbono.<br data-start=\"4416\" data-end=\"4419\">Enfoque en viabilizar proyectos en el contexto brasile\u00f1o.<\/p>\t\t\t\t\t\t<\/div>\n\t\t\t\t<\/div>\n\t\t\t\t<\/div>\n\t\t\t\t\t<\/div>\n\t\t\t\t<\/div>\n\t\t<div class=\"elementor-element elementor-element-6ffa9de e-flex e-con-boxed e-con e-parent\" data-id=\"6ffa9de\" data-element_type=\"container\">\n\t\t\t\t\t<div class=\"e-con-inner\">\n\t\t\t\t<div class=\"elementor-element elementor-element-0c12eba elementor-absolute elementor-widget elementor-widget-menu-anchor\" data-id=\"0c12eba\" data-element_type=\"widget\" data-settings=\"{&quot;_position&quot;:&quot;absolute&quot;}\" data-widget_type=\"menu-anchor.default\">\n\t\t\t\t<div class=\"elementor-widget-container\">\n\t\t\t\t\t<div class=\"elementor-menu-anchor\" id=\"registrar\"><\/div>\n\t\t\t\t<\/div>\n\t\t\t\t<\/div>\n\t\t\t\t<div class=\"elementor-element elementor-element-346a06a elementor-widget elementor-widget-heading\" data-id=\"346a06a\" data-element_type=\"widget\" data-widget_type=\"heading.default\">\n\t\t\t\t<div class=\"elementor-widget-container\">\n\t\t\t<h2 class=\"elementor-heading-title elementor-size-default\">Registrar un proyecto o proponer una metodolog\u00eda<\/h2>\t\t<\/div>\n\t\t\t\t<\/div>\n\t\t\t\t<div class=\"elementor-element elementor-element-dc5d7bc elementor-widget elementor-widget-text-editor\" data-id=\"dc5d7bc\" data-element_type=\"widget\" data-widget_type=\"text-editor.default\">\n\t\t\t\t<div class=\"elementor-widget-container\">\n\t\t\t\t\t\t\tComplete sus datos para recibir el enlace de acceso.\t\t\t\t\t\t<\/div>\n\t\t\t\t<\/div>\n\t\t\t\t<div class=\"elementor-element elementor-element-78d53f2 elementor-button-align-stretch elementor-widget elementor-widget-form\" data-id=\"78d53f2\" data-element_type=\"widget\" data-settings=\"{&quot;step_next_label&quot;:&quot;Next&quot;,&quot;step_previous_label&quot;:&quot;Previous&quot;,&quot;button_width&quot;:&quot;100&quot;,&quot;step_type&quot;:&quot;number_text&quot;,&quot;step_icon_shape&quot;:&quot;circle&quot;}\" data-widget_type=\"form.default\">\n\t\t\t\t<div class=\"elementor-widget-container\">\n\t\t\t\t\t<form class=\"elementor-form\" method=\"post\" name=\"New Form\">\n\t\t\t<input type=\"hidden\" name=\"post_id\" value=\"53580\"\/>\n\t\t\t<input type=\"hidden\" name=\"form_id\" value=\"78d53f2\"\/>\n\t\t\t<input type=\"hidden\" name=\"referer_title\" value=\"RCGI\" \/>\n\n\t\t\t\n\t\t\t<div class=\"elementor-form-fields-wrapper elementor-labels-above\">\n\t\t\t\t\t\t\t\t<div class=\"elementor-field-type-text elementor-field-group elementor-column elementor-field-group-name elementor-col-100 elementor-field-required elementor-mark-required\">\n\t\t\t\t\t\t\t\t\t\t\t\t<label for=\"form-field-name\" class=\"elementor-field-label\">\n\t\t\t\t\t\t\t\tNombre\t\t\t\t\t\t\t<\/label>\n\t\t\t\t\t\t\t\t\t\t\t\t\t\t<input size=\"1\" type=\"text\" name=\"form_fields[name]\" id=\"form-field-name\" class=\"elementor-field elementor-size-sm  elementor-field-textual\" placeholder=\"Nombre\" required=\"required\" aria-required=\"true\">\n\t\t\t\t\t\t\t\t\t\t\t<\/div>\n\t\t\t\t\t\t\t\t<div class=\"elementor-field-type-email elementor-field-group elementor-column elementor-field-group-email elementor-col-100 elementor-field-required elementor-mark-required\">\n\t\t\t\t\t\t\t\t\t\t\t\t<label for=\"form-field-email\" class=\"elementor-field-label\">\n\t\t\t\t\t\t\t\tEmail\t\t\t\t\t\t\t<\/label>\n\t\t\t\t\t\t\t\t\t\t\t\t\t\t<input size=\"1\" type=\"email\" name=\"form_fields[email]\" id=\"form-field-email\" class=\"elementor-field elementor-size-sm  elementor-field-textual\" placeholder=\"Email\" required=\"required\" aria-required=\"true\">\n\t\t\t\t\t\t\t\t\t\t\t<\/div>\n\t\t\t\t\t\t\t\t<div class=\"elementor-field-type-textarea elementor-field-group elementor-column elementor-field-group-message elementor-col-100 elementor-field-required elementor-mark-required\">\n\t\t\t\t\t\t\t\t\t\t\t\t<label for=\"form-field-message\" class=\"elementor-field-label\">\n\t\t\t\t\t\t\t\tMensaje\t\t\t\t\t\t\t<\/label>\n\t\t\t\t\t\t<textarea class=\"elementor-field-textual elementor-field  elementor-size-sm\" name=\"form_fields[message]\" id=\"form-field-message\" rows=\"4\" placeholder=\"Mensaje\" required=\"required\" aria-required=\"true\"><\/textarea>\t\t\t\t<\/div>\n\t\t\t\t\t\t\t\t<div class=\"elementor-field-type-textarea elementor-field-group elementor-column elementor-field-group-field_470747d elementor-col-100 elementor-field-required elementor-mark-required\">\n\t\t\t\t\t\t\t\t\t\t\t\t<label for=\"form-field-field_470747d\" class=\"elementor-field-label\">\n\t\t\t\t\t\t\t\tCNPJ\t\t\t\t\t\t\t<\/label>\n\t\t\t\t\t\t<textarea class=\"elementor-field-textual elementor-field  elementor-size-sm\" name=\"form_fields[field_470747d]\" id=\"form-field-field_470747d\" rows=\"4\" placeholder=\"CNPJ\" required=\"required\" aria-required=\"true\"><\/textarea>\t\t\t\t<\/div>\n\t\t\t\t\t\t\t\t<div class=\"elementor-field-group elementor-column elementor-field-type-submit elementor-col-100 e-form__buttons\">\n\t\t\t\t\t<button class=\"elementor-button elementor-size-sm\" type=\"submit\">\n\t\t\t\t\t\t<span class=\"elementor-button-content-wrapper\">\n\t\t\t\t\t\t\t\t\t\t\t\t\t\t\t\t\t\t\t\t\t\t<span class=\"elementor-button-text\">Send<\/span>\n\t\t\t\t\t\t\t\t\t\t\t\t\t<\/span>\n\t\t\t\t\t<\/button>\n\t\t\t\t<\/div>\n\t\t\t<\/div>\n\t\t<\/form>\n\t\t\t\t<\/div>\n\t\t\t\t<\/div>\n\t\t\t\t\t<\/div>\n\t\t\t\t<\/div>\n\t\t\t\t<\/div>\n\t\t","protected":false},"excerpt":{"rendered":"<p>RCGI\u2011USP Carbon Registry Una iniciativa del Research Centre for Greenhouse Gas Innovation de la Universidad de S\u00e3o Paulo (RCGI-USP), referencia internacional en investigaci\u00f3n e innovaci\u00f3n. Combina rigor acad\u00e9mico y tecnolog\u00eda &hellip; <\/p>\n<p class=\"link-more\"><a href=\"https:\/\/sites.usp.br\/rcgi\/es\/carbon-registry-product-esp\/\" class=\"more-link\">Continue lendo<span class=\"screen-reader-text\"> &#8220;CARBON REGISTRY PRODUCT&#8221;<\/span><\/a><\/p>\n","protected":false},"author":23640,"featured_media":0,"parent":0,"menu_order":0,"comment_status":"closed","ping_status":"closed","template":"","meta":{"_acf_changed":false,"_EventAllDay":false,"_EventTimezone":"","_EventStartDate":"","_EventEndDate":"","_EventStartDateUTC":"","_EventEndDateUTC":"","_EventShowMap":false,"_EventShowMapLink":false,"_EventURL":"","_EventCost":"","_EventCostDescription":"","_EventCurrencySymbol":"","_EventCurrencyCode":"","_EventCurrencyPosition":"","_EventDateTimeSeparator":"","_EventTimeRangeSeparator":"","_EventOrganizerID":[],"_EventVenueID":[],"_OrganizerEmail":"","_OrganizerPhone":"","_OrganizerWebsite":"","_VenueAddress":"","_VenueCity":"","_VenueCountry":"","_VenueProvince":"","_VenueState":"","_VenueZip":"","_VenuePhone":"","_VenueURL":"","_VenueStateProvince":"","_VenueLat":"","_VenueLng":"","_VenueShowMap":false,"_VenueShowMapLink":false,"footnotes":"","_links_to":"","_links_to_target":""},"class_list":["post-53580","page","type-page","status-publish","hentry"],"acf":[],"jetpack_sharing_enabled":true,"_links":{"self":[{"href":"https:\/\/sites.usp.br\/rcgi\/wp-json\/wp\/v2\/pages\/53580","targetHints":{"allow":["GET"]}}],"collection":[{"href":"https:\/\/sites.usp.br\/rcgi\/wp-json\/wp\/v2\/pages"}],"about":[{"href":"https:\/\/sites.usp.br\/rcgi\/wp-json\/wp\/v2\/types\/page"}],"author":[{"embeddable":true,"href":"https:\/\/sites.usp.br\/rcgi\/wp-json\/wp\/v2\/users\/23640"}],"replies":[{"embeddable":true,"href":"https:\/\/sites.usp.br\/rcgi\/wp-json\/wp\/v2\/comments?post=53580"}],"version-history":[{"count":4,"href":"https:\/\/sites.usp.br\/rcgi\/wp-json\/wp\/v2\/pages\/53580\/revisions"}],"predecessor-version":[{"id":54180,"href":"https:\/\/sites.usp.br\/rcgi\/wp-json\/wp\/v2\/pages\/53580\/revisions\/54180"}],"wp:attachment":[{"href":"https:\/\/sites.usp.br\/rcgi\/wp-json\/wp\/v2\/media?parent=53580"}],"curies":[{"name":"wp","href":"https:\/\/api.w.org\/{rel}","templated":true}]}}