{"id":509,"date":"2019-05-30T10:54:32","date_gmt":"2019-05-30T12:54:32","guid":{"rendered":"http:\/\/sites.usp.br\/redebioterios\/?page_id=509"},"modified":"2019-06-24T15:44:37","modified_gmt":"2019-06-24T17:44:37","slug":"noticias","status":"publish","type":"page","link":"https:\/\/sites.usp.br\/redebioterios\/","title":{"rendered":"NOT\u00cdCIAS"},"content":{"rendered":"<p><img loading=\"lazy\" decoding=\"async\" class=\"alignleft wp-image-567 size-full\" src=\"https:\/\/sites.usp.br\/redebioterios\/wp-content\/uploads\/sites\/73\/2019\/06\/LOGO-REBIOTERIO-CNPQ-PNG.png\" alt=\"\" width=\"349\" height=\"349\" srcset=\"https:\/\/sites.usp.br\/redebioterios\/wp-content\/uploads\/sites\/73\/2019\/06\/LOGO-REBIOTERIO-CNPQ-PNG.png 349w, https:\/\/sites.usp.br\/redebioterios\/wp-content\/uploads\/sites\/73\/2019\/06\/LOGO-REBIOTERIO-CNPQ-PNG-150x150.png 150w, https:\/\/sites.usp.br\/redebioterios\/wp-content\/uploads\/sites\/73\/2019\/06\/LOGO-REBIOTERIO-CNPQ-PNG-300x300.png 300w, https:\/\/sites.usp.br\/redebioterios\/wp-content\/uploads\/sites\/73\/2019\/06\/LOGO-REBIOTERIO-CNPQ-PNG-45x45.png 45w\" sizes=\"auto, (max-width: 349px) 100vw, 349px\" \/><\/p>\n<p>&nbsp;<\/p>\n<p>&nbsp;<\/p>\n<p>Os biot\u00e9rios abaixo relacionados, ap\u00f3s cumprirem os requisitos do Chamamento P\u00fablico MCTIC\/CNPq\/FINEP\/CONFAP N\u00ba 001\/2018, encontram-se associados \u00e0 Rede Nacional de Biot\u00e9rios de Produ\u00e7\u00e3o de Animais para Fins Cient\u00edficos, Did\u00e1ticos e Tecnol\u00f3gicos (REBIOTERIO).<\/p>\n<p>Clique<a href=\"http:\/\/www.cnpq.br\/web\/guest\/bioterios-associados?fbclid=IwAR0M11t0iUBT8qB5JxZPHPlIYvCmBmMsaO9tTxgNIyPQP30HCWQkOsbAbSU\" target=\"_blank\" rel=\"noopener\"> aqui<\/a> e conhe\u00e7a os biot\u00e9rios associados.<\/p>\n","protected":false},"excerpt":{"rendered":"<p>&nbsp; &nbsp; Os biot\u00e9rios abaixo relacionados, ap\u00f3s cumprirem os requisitos do Chamamento P\u00fablico MCTIC\/CNPq\/FINEP\/CONFAP N\u00ba 001\/2018, encontram-se associados \u00e0 Rede Nacional de Biot\u00e9rios de Produ\u00e7\u00e3o de Animais para Fins Cient\u00edficos, Did\u00e1ticos e Tecnol\u00f3gicos (REBIOTERIO). Clique aqui e conhe\u00e7a os biot\u00e9rios associados.<\/p>\n","protected":false},"author":54,"featured_media":0,"parent":0,"menu_order":0,"comment_status":"closed","ping_status":"closed","template":"","meta":{"footnotes":"","_links_to":"","_links_to_target":""},"class_list":["post-509","page","type-page","status-publish","hentry"],"_links":{"self":[{"href":"https:\/\/sites.usp.br\/redebioterios\/wp-json\/wp\/v2\/pages\/509","targetHints":{"allow":["GET"]}}],"collection":[{"href":"https:\/\/sites.usp.br\/redebioterios\/wp-json\/wp\/v2\/pages"}],"about":[{"href":"https:\/\/sites.usp.br\/redebioterios\/wp-json\/wp\/v2\/types\/page"}],"author":[{"embeddable":true,"href":"https:\/\/sites.usp.br\/redebioterios\/wp-json\/wp\/v2\/users\/54"}],"replies":[{"embeddable":true,"href":"https:\/\/sites.usp.br\/redebioterios\/wp-json\/wp\/v2\/comments?post=509"}],"version-history":[{"count":5,"href":"https:\/\/sites.usp.br\/redebioterios\/wp-json\/wp\/v2\/pages\/509\/revisions"}],"predecessor-version":[{"id":621,"href":"https:\/\/sites.usp.br\/redebioterios\/wp-json\/wp\/v2\/pages\/509\/revisions\/621"}],"wp:attachment":[{"href":"https:\/\/sites.usp.br\/redebioterios\/wp-json\/wp\/v2\/media?parent=509"}],"curies":[{"name":"wp","href":"https:\/\/api.w.org\/{rel}","templated":true}]}}