{"id":151,"date":"2019-11-18T15:37:55","date_gmt":"2019-11-18T17:37:55","guid":{"rendered":"https:\/\/sites.usp.br\/redecoop\/?page_id=151"},"modified":"2020-02-14T13:07:18","modified_gmt":"2020-02-14T15:07:18","slug":"objetivo","status":"publish","type":"page","link":"https:\/\/sites.usp.br\/redecoop\/objetivo\/","title":{"rendered":"Objetivo"},"content":{"rendered":"<p><\/p>\n<div class=\"art-PostMetadataHeader\">\n<h2 class=\"art-PostHeader\">Objetivo<\/h2>\n<\/div>\n<div class=\"art-PostContent\">\n<div class=\"art-article\">\n<p>Investigar as alternativas de elevar o desempenho das empresas e seu poder de competitividade atrav\u00e9s dos arranjos inter-organizacionais e das redes de coopera\u00e7\u00e3o produtiva, tais como clusters regionais, organiza\u00e7\u00f5es\/empresas virtuais, cooperativas, cadeias de suprimentos, etc.. Al\u00e9m disso, objetiva-se identificar as oportunidades e as barreiras relativas \u00e0 gera\u00e7\u00e3o, difus\u00e3o e gest\u00e3o do conhecimento atrav\u00e9s das redes de coopera\u00e7\u00e3o inter-organizacionais, sob o contexto da globaliza\u00e7\u00e3o dos mercados e da reestrutura\u00e7\u00e3o industrial com o advento do paradigma de produ\u00e7\u00e3o enxuta\/\u00e1gil\/flex\u00edvel.<\/p>\n<p>As oportunidades de neg\u00f3cios, que surgem destas novas formas de inter-relacionamento ou de redes inter-organizacionais, parecem n\u00e3o ter compara\u00e7\u00e3o na hist\u00f3ria da economia mundial. \u00c9 justamente este aspecto din\u00e2mico de coopera\u00e7\u00e3o entre empresas e institui\u00e7\u00f5es, que operam em uma dada cadeia produtiva na busca das efici\u00eancias coletivas, que se pretende investigar.<\/p>\n<\/div>\n<\/div>\n<p><\/p>","protected":false},"excerpt":{"rendered":"<p>Objetivo Investigar as alternativas de elevar o desempenho das empresas e seu poder de competitividade atrav\u00e9s dos arranjos inter-organizacionais e&#46;&#46;&#46;<\/p>\n","protected":false},"author":1228,"featured_media":0,"parent":0,"menu_order":0,"comment_status":"closed","ping_status":"closed","template":"","meta":{"footnotes":"","_links_to":"","_links_to_target":""},"class_list":["post-151","page","type-page","status-publish","hentry"],"_links":{"self":[{"href":"https:\/\/sites.usp.br\/redecoop\/wp-json\/wp\/v2\/pages\/151","targetHints":{"allow":["GET"]}}],"collection":[{"href":"https:\/\/sites.usp.br\/redecoop\/wp-json\/wp\/v2\/pages"}],"about":[{"href":"https:\/\/sites.usp.br\/redecoop\/wp-json\/wp\/v2\/types\/page"}],"author":[{"embeddable":true,"href":"https:\/\/sites.usp.br\/redecoop\/wp-json\/wp\/v2\/users\/1228"}],"replies":[{"embeddable":true,"href":"https:\/\/sites.usp.br\/redecoop\/wp-json\/wp\/v2\/comments?post=151"}],"version-history":[{"count":3,"href":"https:\/\/sites.usp.br\/redecoop\/wp-json\/wp\/v2\/pages\/151\/revisions"}],"predecessor-version":[{"id":371,"href":"https:\/\/sites.usp.br\/redecoop\/wp-json\/wp\/v2\/pages\/151\/revisions\/371"}],"wp:attachment":[{"href":"https:\/\/sites.usp.br\/redecoop\/wp-json\/wp\/v2\/media?parent=151"}],"curies":[{"name":"wp","href":"https:\/\/api.w.org\/{rel}","templated":true}]}}