{"id":153,"date":"2019-11-18T15:39:28","date_gmt":"2019-11-18T17:39:28","guid":{"rendered":"https:\/\/sites.usp.br\/redecoop\/?page_id=153"},"modified":"2020-02-14T13:08:30","modified_gmt":"2020-02-14T15:08:30","slug":"produtos","status":"publish","type":"page","link":"https:\/\/sites.usp.br\/redecoop\/produtos\/","title":{"rendered":"Produtos"},"content":{"rendered":"<p><\/p>\n<div class=\"art-PostMetadataHeader\">\n<h2 class=\"art-PostHeader\">Produtos<\/h2>\n<\/div>\n<div class=\"art-PostContent\">\n<div class=\"art-article\">\n<ul>\n<li>An\u00e1lise de distritos industriais e cadeias produtivas din\u00e2micas<\/li>\n<li>An\u00e1lise das possibilidades de inser\u00e7\u00e3o de arranjos produtivos locais em cadeias globais de valor<\/li>\n<li>Gest\u00e3o da inova\u00e7\u00e3o e da sustentabilidade em pequenas e m\u00e9dias empresas<\/li>\n<li>Sustentabilidade na cadeia produtiva (green supply chain)<\/li>\n<li>Desenvolvimento de Sistema de Indicadores para An\u00e1lise do Desempenho Econ\u00f4mico e Operacional de Micros e Pequenas Empresas em Arranjos Produtivos Locais \/Clusters regionais<\/li>\n<li>Redes de coopera\u00e7\u00e3o e Organiza\u00e7\u00f5es Virtuais: Conceitos, m\u00e9todos e gest\u00e3o<\/li>\n<li>Gera\u00e7\u00e3o e difus\u00e3o do conhecimento\/inova\u00e7\u00e3o em redes de coopera\u00e7\u00e3o e em APL\u00b4s<\/li>\n<li>Forma\u00e7\u00e3o e desenvolvimento de complexos cooperativos<\/li>\n<li>Mecanismos para estruturar pol\u00edticas industriais a partir de clusters regionais<\/li>\n<li>Modelos de gest\u00e3o da cadeia de fornecedores (suplly chain management)<\/li>\n<li>Requisitos s\u00f3cio-culturais na cria\u00e7\u00e3o\/desenvolvimento de uma rede de coopera\u00e7\u00e3o<\/li>\n<\/ul>\n<\/div>\n<\/div>\n<p><\/p>","protected":false},"excerpt":{"rendered":"<p>Produtos An\u00e1lise de distritos industriais e cadeias produtivas din\u00e2micas An\u00e1lise das possibilidades de inser\u00e7\u00e3o de arranjos produtivos locais em cadeias&#46;&#46;&#46;<\/p>\n","protected":false},"author":1228,"featured_media":0,"parent":0,"menu_order":0,"comment_status":"closed","ping_status":"closed","template":"","meta":{"footnotes":"","_links_to":"","_links_to_target":""},"class_list":["post-153","page","type-page","status-publish","hentry"],"_links":{"self":[{"href":"https:\/\/sites.usp.br\/redecoop\/wp-json\/wp\/v2\/pages\/153","targetHints":{"allow":["GET"]}}],"collection":[{"href":"https:\/\/sites.usp.br\/redecoop\/wp-json\/wp\/v2\/pages"}],"about":[{"href":"https:\/\/sites.usp.br\/redecoop\/wp-json\/wp\/v2\/types\/page"}],"author":[{"embeddable":true,"href":"https:\/\/sites.usp.br\/redecoop\/wp-json\/wp\/v2\/users\/1228"}],"replies":[{"embeddable":true,"href":"https:\/\/sites.usp.br\/redecoop\/wp-json\/wp\/v2\/comments?post=153"}],"version-history":[{"count":3,"href":"https:\/\/sites.usp.br\/redecoop\/wp-json\/wp\/v2\/pages\/153\/revisions"}],"predecessor-version":[{"id":373,"href":"https:\/\/sites.usp.br\/redecoop\/wp-json\/wp\/v2\/pages\/153\/revisions\/373"}],"wp:attachment":[{"href":"https:\/\/sites.usp.br\/redecoop\/wp-json\/wp\/v2\/media?parent=153"}],"curies":[{"name":"wp","href":"https:\/\/api.w.org\/{rel}","templated":true}]}}