{"id":159,"date":"2019-11-18T15:43:21","date_gmt":"2019-11-18T17:43:21","guid":{"rendered":"https:\/\/sites.usp.br\/redecoop\/?page_id=159"},"modified":"2020-02-14T13:09:29","modified_gmt":"2020-02-14T15:09:29","slug":"em-andamento","status":"publish","type":"page","link":"https:\/\/sites.usp.br\/redecoop\/en\/em-andamento\/","title":{"rendered":"Current Projects"},"content":{"rendered":"<p><\/p>\n<h2 class=\"art-PostHeader\">Current Projects<\/h2>\n<h3>1) GEST\u00c3O DA INOVA\u00c7\u00c3O E SUSTENTABILIDADE &#8211; ABIT\/ FUNDA\u00c7\u00c3O VANZOLINI<\/h3>\n<p>O Texbrasil (Programa de Internacionaliza\u00e7\u00e3o da Ind\u00fastria da Moda Brasileira), desenvolvido pela Abit com apoio da Apex-Brasil (Ag\u00eancia Brasileira de Promo\u00e7\u00e3o de Exporta\u00e7\u00e3o e Investimentos) para promover o posicionamento e a internacionaliza\u00e7\u00e3o da ind\u00fastria da moda brasileira, tem como vis\u00e3o tornar as empresas do setor refer\u00eancia mundial em inova\u00e7\u00e3o, design e sustentabilidade. Neste contexto, com o objetivo de construir uma estrutura de governan\u00e7a capaz de gerenciar os projetos que visem o desenvolvimento das empresas participantes do Programa por meio da inova\u00e7\u00e3o e da pr\u00e1tica de a\u00e7\u00f5es no campo da sustentabilidade, o Texbrasil implantou em sua estrutura um N\u00facleo de Inova\u00e7\u00e3o &amp; Sustentabilidade.<\/p>\n<p>&nbsp;<\/p>\n<h3><b>2) PROJETO CNPq UNIVERSAL 2015-2016 &#8211; ECO-PARQUES INDUSTRIAIS E DESENVOLVIMENTO SUSTENT\u00c1VEL LOCAL: PRINC\u00cdPIOS, MODELOS E APLICA\u00c7\u00d5ES<\/b><\/h3>\n<p>O objetivo geral deste projeto \u00e9 analisar a import\u00e2ncia dos EPIs para o desenvolvimento sustent\u00e1vel local, j\u00e1 que se trata de uma forma de organiza\u00e7\u00e3o industrial que possui caracter\u00edsticas fundamentais para integra\u00e7\u00e3o das diversas a\u00e7\u00f5es dos atores sociais participantes desta organiza\u00e7\u00e3o. Pretende-se, especificamente, contribuir para a elabora\u00e7\u00e3o de um modelo de refer\u00eancia para a implanta\u00e7\u00e3o e o desenvolvimento de eco-parques industriais, a partir da an\u00e1lise das cadeias produtivas no entorno de uma dada regi\u00e3o (na qual j\u00e1 se identifica tend\u00eancias de forma\u00e7\u00e3o de um Sistema Local de Produ\u00e7\u00e3o -SLP), visando, em especial, identificar oportunidades de atra\u00e7\u00e3o de investimentos diretos e consequente adensamento das cadeias produtivas selecionadas. Tais investimentos podem ocorrer tanto em elos \u00e0 montante dos elos de manufatura (fornecedores de insumos e mat\u00e9rias-primas, material de embalagem, equipamentos, etc), como em elos \u00e0 jusante (servi\u00e7os tecnol\u00f3gicos, distribui\u00e7\u00e3o\/log\u00edstica, etc). A priori identificam-se algumas cadeias produtivas: cosm\u00e9ticos, produtos de higiene pessoal, fertilizantes, medicamentos fitoter\u00e1picos, alimentos, f\u00e1rmacos, e pl\u00e1sticos. Busca-se, com isso, fornecer subs\u00eddios para a formula\u00e7\u00e3o de pol\u00edticas p\u00fablicas voltadas \u00e0 promo\u00e7\u00e3o do desenvolvimento sustent\u00e1vel local. Por desenvolvimento sustent\u00e1vel entende-se o desenvolvimento que procura satisfazer as necessidades da gera\u00e7\u00e3o atual, sem comprometer a capacidade das gera\u00e7\u00f5es futuras de satisfazerem as suas pr\u00f3prias necessidades. Significa, portanto, possibilitar que as pessoas, agora e no futuro, atinjam um n\u00edvel satisfat\u00f3rio de desenvolvimento social e econ\u00f4mico e de realiza\u00e7\u00e3o humana e cultural, fazendo, ao mesmo tempo, uso razo\u00e1vel dos recursos da terra e preservando as esp\u00e9cies e os habitats (<a href=\"http:\/\/pro.poli.usp.br\/wp-content\/uploads\/2015\/09\/CNPq-PROJETO-UNIVERSAL-RESUMO-ABRIL-2015-2.pdf\">Mais informa\u00e7\u00f5es<\/a>).<\/p>","protected":false},"excerpt":{"rendered":"<p>Current Projects 1) GEST\u00c3O DA INOVA\u00c7\u00c3O E SUSTENTABILIDADE &#8211; ABIT\/ FUNDA\u00c7\u00c3O VANZOLINI O Texbrasil (Programa de Internacionaliza\u00e7\u00e3o da Ind\u00fastria da&#46;&#46;&#46;<\/p>\n","protected":false},"author":1228,"featured_media":0,"parent":0,"menu_order":0,"comment_status":"closed","ping_status":"closed","template":"","meta":{"footnotes":"","_links_to":"","_links_to_target":""},"class_list":["post-159","page","type-page","status-publish","hentry"],"_links":{"self":[{"href":"https:\/\/sites.usp.br\/redecoop\/en\/wp-json\/wp\/v2\/pages\/159","targetHints":{"allow":["GET"]}}],"collection":[{"href":"https:\/\/sites.usp.br\/redecoop\/en\/wp-json\/wp\/v2\/pages"}],"about":[{"href":"https:\/\/sites.usp.br\/redecoop\/en\/wp-json\/wp\/v2\/types\/page"}],"author":[{"embeddable":true,"href":"https:\/\/sites.usp.br\/redecoop\/en\/wp-json\/wp\/v2\/users\/1228"}],"replies":[{"embeddable":true,"href":"https:\/\/sites.usp.br\/redecoop\/en\/wp-json\/wp\/v2\/comments?post=159"}],"version-history":[{"count":4,"href":"https:\/\/sites.usp.br\/redecoop\/en\/wp-json\/wp\/v2\/pages\/159\/revisions"}],"predecessor-version":[{"id":374,"href":"https:\/\/sites.usp.br\/redecoop\/en\/wp-json\/wp\/v2\/pages\/159\/revisions\/374"}],"wp:attachment":[{"href":"https:\/\/sites.usp.br\/redecoop\/en\/wp-json\/wp\/v2\/media?parent=159"}],"curies":[{"name":"wp","href":"https:\/\/api.w.org\/{rel}","templated":true}]}}