{"id":162,"date":"2019-11-18T15:45:51","date_gmt":"2019-11-18T17:45:51","guid":{"rendered":"https:\/\/sites.usp.br\/redecoop\/?page_id=162"},"modified":"2020-02-14T13:10:18","modified_gmt":"2020-02-14T15:10:18","slug":"realizados","status":"publish","type":"page","link":"https:\/\/sites.usp.br\/redecoop\/en\/realizados\/","title":{"rendered":"Finished Projects"},"content":{"rendered":"<p><\/p>\n<h2 class=\"art-PostHeader\">Finished Projects<\/h2>\n<h3>1) PROJETO: DISTRITOS INDUSTRIAIS DO ESTADO DA BAHIA (Dez\/2012\/Ago\/2013)<\/h3>\n<p><strong>Objetivos<\/strong>: O projeto teve por objetivo proceder a um levantamento aprofundado dos investimentos necess\u00e1rios para a recupera\u00e7\u00e3o e melhoria da infraestrutura f\u00edsica e das necessidades de investimentos em seguran\u00e7a em 14 distritos industriais no estado da Bahia. Os distritos industriais s\u00e3o definidos como \u00e1reas destinadas \u00e0 implanta\u00e7\u00e3o de empreendimentos industriais, e por isso devem dispor de infraestrutura f\u00edsica adequada \u00e0 instala\u00e7\u00e3o e perman\u00eancia das empresas, bem como servir de instrumento de atra\u00e7\u00e3o de novos investimentos. Por\u00e9m, \u00e9 preciso que essas estruturas sejam dotadas de instrumentos essenciais para a manuten\u00e7\u00e3o e a atra\u00e7\u00e3o de empreendimento, relacionados com a infraestrutura f\u00edsica e as quest\u00f5es relacionadas \u00e0 seguran\u00e7a desses investimentos. Al\u00e9m disso, diagn\u00f3sticos apontam que os distritos industriais do estado da Bahia apresentam algumas defici\u00eancias importantes nesse campo, o que requer a realiza\u00e7\u00e3o de um levantamento aprofundado com o intuito de mudar esse cen\u00e1rio. Nesse sentido, esta proposta vai proceder a uma avalia\u00e7\u00e3o da sua infraestrutura e um levantamento dos investimentos necess\u00e1rios \u00e0 melhoria dessas condi\u00e7\u00f5es, com especial aten\u00e7\u00e3o ao estado de suas vias interiores, ilumina\u00e7\u00e3o e acesso, assim como estabelecer a seguran\u00e7a dentro da \u00e1rea industrial.<\/p>\n<h4>Participants:<\/h4>\n<ul>\n<li><a href=\"http:\/\/lattes.cnpq.br\/8567646111923942\">Prof. Dr. Jo\u00e3o Amato Neto (coordenador)<\/a><\/li>\n<li><a href=\"http:\/\/lattes.cnpq.br\/4448499039119632\">Prof. Renato de Castro Garcia<\/a><\/li>\n<li><a href=\"http:\/\/lattes.cnpq.br\/6815275032415719\">Prof. Dr. Fernando Berssaneti<\/a><\/li>\n<li><a href=\"http:\/\/lattes.cnpq.br\/6551838724187636\">Msc.. Felipe Bussinger<\/a><\/li>\n<li>Engo. Luiz Bertazzi<\/li>\n<li><a href=\"http:\/\/lattes.cnpq.br\/9289298095076064\">Prof. Dr. Jo\u00e3o Pedro C.N. Pereira<\/a><\/li>\n<\/ul>\n<p>&nbsp;<\/p>\n<h3>2) Projeto CNPq: Inser\u00e7\u00e3o competitiva das pequenas e m\u00e9dias empresas (PMEs) nas cadeias produtivas: Um estudo comparativo de diferentes setores (2008 &#8211; 2010)<\/h3>\n<p><strong>Objetivos<\/strong>: Desenvolver um referencial de an\u00e1lise das diferentes condi\u00e7\u00f5es de inser\u00e7\u00e3o competitiva das pequenas e m\u00e9dias empresas (PMEs) em diferentes cadeias produtivas, tendo em vista subsidiar a formula\u00e7\u00e3o de pol\u00edticas p\u00fablicas voltadas ao fortalecimento e da capacidade produtiva e inovativa desta categoria de empresas.<br \/>\nO projeto prop\u00f5e, tamb\u00e9m, o desenvolvimento de um modelo integrado de refer\u00eancia, a partir de um conjunto selecionado de pequenas e m\u00e9dias empresas (PMEs) pertencentes a diversos segmentos representativos das cadeias produtivas da ind\u00fastria metal-mec\u00e2nica, da constru\u00e7\u00e3o civil e de servi\u00e7os hoteleiros atuantes no estado de S\u00e3o Paulo. Por um modelo de refer\u00eancia entende-se um conjunto sistematizado de conceitos, princ\u00edpios, e indicadores que possa nortear a\u00e7\u00f5es de agentes p\u00fablicos e privados na promo\u00e7\u00e3o\/ aprimoramento da capacidade produtiva e inovativa das PMEs.<br \/>\nAs reais possibilidades de desenvolvimento sustent\u00e1vel e aumento da capacidade inovativa das PMEs, de uma forma geral, constituem-se em verdadeiros desafios, sob uma nova perspectiva de desenvolvimento s\u00f3cio-econ\u00f4mico e ambiental de regi\u00f5es e na\u00e7\u00f5es. Tais possibilidades s\u00e3o identificadas especialmente no caso do estado de S\u00e3o Paulo, e tal fen\u00f4meno poder\u00e1 servir como refer\u00eancia para outras regi\u00f5es, com as devidas ressalvas.<\/p>\n<h4>Participants:<\/h4>\n<ul>\n<li><a href=\"http:\/\/lattes.cnpq.br\/8567646111923942\">Prof. Dr. Jo\u00e3o Amato Neto (coordenador)<\/a><\/li>\n<li><a href=\"http:\/\/lattes.cnpq.br\/8420606328385162\">Prof. Dr. Edmundo Escriv\u00e3o Filho<\/a><\/li>\n<li><a href=\"http:\/\/lattes.cnpq.br\/9901205672925597\">Prof. Dr. F\u00e1bio M\u00fcller Guerrini<\/a><\/li>\n<\/ul>\n<h3><strong>3) PROJETO: INOVATEX\/ABIT &#8211; PROGRAMA PARA O FORTALECIMENTO DA INOVA\u00c7\u00c3O NA IND\u00daSTRIA DA MODA BRASILEIRA (2012)<\/strong><\/h3>\n<p>Projeto desenvolvido pela Funda\u00e7\u00e3o Vanzolini para o N\u00facleo de Inova\u00e7\u00e3o e Sustentabilidade do Programa TexBrasil da ABIT (Associa\u00e7\u00e3o Brasileira da Ind\u00fastria T\u00eaxtil e Confec\u00e7\u00f5es). In\u00edcio (2\u00ba. Semestre de 2012). O projeto apresenta os seguintes objetivos:<\/p>\n<ul>\n<li>Alargar a capacidade dos empres\u00e1rios de perceber e responder, com agilidade, as demandas do mercado com ofertas inovadoras e diferenciadas de produtos;<\/li>\n<li>Disponibilizar ferramentas gerenciais e operacionais para o desenvolvimento de inova\u00e7\u00f5es;<\/li>\n<li>Capacitar os empres\u00e1rios do segmento nas principais ferramentas e m\u00e9todos para gerenciamento de inova\u00e7\u00f5es;<\/li>\n<li>Preparar as empresas para uma intera\u00e7\u00e3o maior entre os elos da cadeia de valor com o intuito de implementar uma estrat\u00e9gia tecnol\u00f3gica conjunta;<\/li>\n<li>Inserir a inova\u00e7\u00e3o na gest\u00e3o estrat\u00e9gica das empresas participantes;<\/li>\n<li>Auxiliar as empresas na cria\u00e7\u00e3o de uma interlocu\u00e7\u00e3o interna e externa para inova\u00e7\u00e3o; e<\/li>\n<li>Propor planos individuais \u00e0s empresas visando aumentar o desempenho inovador das empresas participantes do Programa Texbrasil.<\/li>\n<\/ul>\n<h4><strong>Participants:<\/strong><\/h4>\n<ul>\n<li>Prof. Dr. Jo\u00e3o Amato Neto (Coordenador)<\/li>\n<li>Prof. Dr. M\u00e1rio S\u00e9rgio Salerno<\/li>\n<li>Prof. Dr. Fernando Berssaneti<\/li>\n<li>Msc.. Felipe Bussinger<\/li>\n<li>Dr. Leonardo Gomes<\/li>\n<li>Profa. Iliada de Castro<\/li>\n<\/ul>\n<p>&nbsp;<\/p>\n<h3><b>4) PROGRAMA DE SUSTENTABILIDADE PARA O TEXBRASIL &#8211; PROGRAMA DE EXPORTA\u00c7\u00c3O DA IND\u00daSTRIA DA MODA BRASILEIRA (2013)<\/b><\/h3>\n<p>Projeto desenvolvido pela Funda\u00e7\u00e3o Vanzolini para o N\u00facleo de Inova\u00e7\u00e3o e Sustentabilidade do Programa TexBrasil da ABIT (Associa\u00e7\u00e3o Brasileira da Ind\u00fastria T\u00eaxtil e Confec\u00e7\u00f5es). O projeto apresenta os seguintes objetivos:<\/p>\n<ul>\n<li>Sensibilizar e mobilizar os empres\u00e1rios de que a implanta\u00e7\u00e3o de boas pr\u00e1ticas de sustentabilidade poder\u00e1 contribuir para o aumento da competitividade dos seus neg\u00f3cios;<\/li>\n<li>Capacitar as empresas participantes do Programa Texbrasil nas principais ferramentas e m\u00e9todos de gest\u00e3o visando \u00e0 sustentabilidade social, ambiental e econ\u00f4mica dos produtos, processos e empresas;<\/li>\n<li>Preparar as empresas para uma intera\u00e7\u00e3o maior entre os elos da cadeia visando a implementa\u00e7\u00e3o de uma estrat\u00e9gia de sustentabilidade conjunta;<\/li>\n<li>Auxiliar as empresas na cria\u00e7\u00e3o de uma interlocu\u00e7\u00e3o interna e externa para a sustentabilidade;<\/li>\n<li>Desenvolver planos de sustentabilidade visando preparar as empresas participantes do Texbrasil para obterem a certifica\u00e7\u00e3o Selo Qual em seus diferentes n\u00edveis;<\/li>\n<li>Contribuir para o aumento da quantidade de empresas certificadas no Selo Qual.<\/li>\n<\/ul>\n<h4>Participants:<\/h4>\n<ul>\n<li>Prof. Dr. Jo\u00e3o Amato Neto (Coordenador)<\/li>\n<li>Prof. Dr. Gil Anderi da Silva<\/li>\n<li>Prof. Dr. Fernando Berssaneti<\/li>\n<li>Prof. MsC Luciano Mazza<\/li>\n<li>Dr. Americo Guelere<\/li>\n<\/ul>\n<p><\/p>","protected":false},"excerpt":{"rendered":"<p>Finished Projects 1) PROJETO: DISTRITOS INDUSTRIAIS DO ESTADO DA BAHIA (Dez\/2012\/Ago\/2013) Objetivos: O projeto teve por objetivo proceder a um&#46;&#46;&#46;<\/p>\n","protected":false},"author":1228,"featured_media":0,"parent":0,"menu_order":0,"comment_status":"closed","ping_status":"closed","template":"","meta":{"footnotes":"","_links_to":"","_links_to_target":""},"class_list":["post-162","page","type-page","status-publish","hentry"],"_links":{"self":[{"href":"https:\/\/sites.usp.br\/redecoop\/en\/wp-json\/wp\/v2\/pages\/162","targetHints":{"allow":["GET"]}}],"collection":[{"href":"https:\/\/sites.usp.br\/redecoop\/en\/wp-json\/wp\/v2\/pages"}],"about":[{"href":"https:\/\/sites.usp.br\/redecoop\/en\/wp-json\/wp\/v2\/types\/page"}],"author":[{"embeddable":true,"href":"https:\/\/sites.usp.br\/redecoop\/en\/wp-json\/wp\/v2\/users\/1228"}],"replies":[{"embeddable":true,"href":"https:\/\/sites.usp.br\/redecoop\/en\/wp-json\/wp\/v2\/comments?post=162"}],"version-history":[{"count":4,"href":"https:\/\/sites.usp.br\/redecoop\/en\/wp-json\/wp\/v2\/pages\/162\/revisions"}],"predecessor-version":[{"id":375,"href":"https:\/\/sites.usp.br\/redecoop\/en\/wp-json\/wp\/v2\/pages\/162\/revisions\/375"}],"wp:attachment":[{"href":"https:\/\/sites.usp.br\/redecoop\/en\/wp-json\/wp\/v2\/media?parent=162"}],"curies":[{"name":"wp","href":"https:\/\/api.w.org\/{rel}","templated":true}]}}