{"id":188,"date":"2019-11-18T16:05:43","date_gmt":"2019-11-18T18:05:43","guid":{"rendered":"https:\/\/sites.usp.br\/redecoop\/?page_id=188"},"modified":"2020-02-14T13:11:39","modified_gmt":"2020-02-14T15:11:39","slug":"teses","status":"publish","type":"page","link":"https:\/\/sites.usp.br\/redecoop\/teses\/","title":{"rendered":"Teses"},"content":{"rendered":"<p><\/p>\n<div class=\"art-PostMetadataHeader\">\n<h2 class=\"art-PostHeader\">Teses<\/h2>\n<\/div>\n<div class=\"art-PostContent\">\n<div class=\"art-article\">\n<p><a href=\"https:\/\/sites.usp.br\/redecoop\/wp-content\/uploads\/sites\/633\/2019\/11\/tese-anapaulareis-2008.pdf\" target=\"_blank\" rel=\"noopener noreferrer\">1) ANA PAULA REIS \u2013 A DIN\u00c2MICA DA APRENDIZAGEM EM ARRANJOS PRODUTIVOS LOCAIS: UM ESTUDO DAS REDES DE CONHECIMENTO DAS PEQUENAS E M\u00c9DIAS EMPRESAS DE SOFTWARE NA CONSTRU\u00c7\u00c3O DE SUAS CAPACITA\u00c7\u00d5ES \u2013 2008<\/a><\/p>\n<p><a href=\"https:\/\/sites.usp.br\/redecoop\/wp-content\/uploads\/sites\/633\/2019\/11\/tese-vasconcellos-2008.pdf\" target=\"_blank\" rel=\"noopener noreferrer\">2) ROBERTO ROMA DE VASCONCELOS \u2013 BARREIRAS E FACILITADORES NA TRANSFER\u00caNCIA DE TECNOLOGIA PARA O SETOR AEROESPACIAL: ESTUDO DE CASO DE PROGRAMAS DE PARCERIA DAS AG\u00caNCIAS ESPACIAIS DO BRASIL (AEB) E DOS EUA (NASA) \u2013 2008<\/a><\/p>\n<p><a href=\"https:\/\/sites.usp.br\/redecoop\/wp-content\/uploads\/sites\/633\/2019\/11\/tese-flaviagutierrez-2006.pdf\" target=\"_blank\" rel=\"noopener noreferrer\">3) FL\u00c1VIA GUTIERREZ MOTTA \u2013 SISTEMAS LOCAIS DE PRODU\u00c7\u00c3O E CADEIAS PRODUTIVAS GLOBAIS: ESTUDO DAS DIVERSAS FORMAS DE INSER\u00c7\u00c3O DA IND\u00daSTRIA DE M\u00d3VEIS NOS MERCADOS E OS IMPACTOS NAS ESTRUTURAS PRODUTIVAS LOCAIS \u2013 2006<\/a><\/p>\n<p><a href=\"https:\/\/sites.usp.br\/redecoop\/wp-content\/uploads\/sites\/633\/2019\/11\/tese-germano-2006.pdf\" target=\"_blank\" rel=\"noopener noreferrer\">4) GERMANO MANUEL CORREIA \u2013 ESTUDO SOBRE N\u00c3O CONFORMIDADES NA PRODU\u00c7\u00c3O DE MEDICAMENTOS: UMA ABORDAGEM DA ECONOMIA DOS CUSTOS DE TRANSA\u00c7\u00c3O \u2013 2006<\/a><\/p>\n<p><a href=\"https:\/\/sites.usp.br\/redecoop\/wp-content\/uploads\/sites\/633\/2019\/11\/dissertacao-cristinajunqueira-2006.pdf\" target=\"_blank\" rel=\"noopener noreferrer\">5) CRISTINA HELENA ZINGARETTI JUNQUEIRA &#8211; PROPOSTA DE MODELO DE PLANEJAMENTO ESTRAT\u00c9GICO PARA SERVI\u00c7OS PROFISSIONAIS \u2013 UM ESTUDO DE CASO EM SERVI\u00c7OS ODONTOL\u00d3GICOS &#8211; 2006<\/a><\/p>\n<p><a href=\"https:\/\/sites.usp.br\/redecoop\/wp-content\/uploads\/sites\/633\/2019\/11\/tese-luizedmundo-2005.pdf\" target=\"_blank\" rel=\"noopener noreferrer\">6) LUIS EDMUNDO DE OLIVEIRA MORAES &#8211; COOPERA\u00c7\u00c3O NA CADEIA PRODUTIVA DA MARICULTURA DO ESTADO DE S\u00c3O PAULO &#8211; 2005<\/a><\/p>\n<p><a href=\"https:\/\/sites.usp.br\/redecoop\/wp-content\/uploads\/sites\/633\/2019\/11\/tese-roberta-2005.pdf\" target=\"_blank\" rel=\"noopener noreferrer\">7) ROBERTA DE CASTRO E SOUZA &#8211; UMA INVESTIGA\u00c7\u00c3O SOBRE O SEGMENTO PRODUTOR DE MANGA E UVA IN NATURA E SUA INSER\u00c7\u00c3O NA CADEIA DE VALOR GLOBAL &#8211; 2005<\/a><\/p>\n<p><a href=\"https:\/\/sites.usp.br\/redecoop\/wp-content\/uploads\/sites\/633\/2019\/11\/tese-sandrarufino-2005.pdf\" target=\"_blank\" rel=\"noopener noreferrer\">8) SANDRA RUFINO &#8211; (RE)FAZER, (RE) MODELAR(RE)CRIAR &#8211; A AUTOGEST\u00c3O NO PROCESSO PRODUTIVO &#8211; 2005<\/a><\/p>\n<p><a href=\"https:\/\/sites.usp.br\/redecoop\/wp-content\/uploads\/sites\/633\/2019\/11\/tese-sandrarufino-2005.pdf\" target=\"_blank\" rel=\"noopener noreferrer\">9) ISABEL CRISTINA DOS SANTOS &#8211; UM MODELO ESTRUTURADO DE GEST\u00c3O DO CONHECIMENTO EM IND\u00daSTRIAS DE BASE TECNOL\u00d3GICA: ESTUDO DE CASO DE UMA EMPRESA DO SETOR AERON\u00c1UTICA &#8211; 2004<\/a> <a href=\"https:\/\/sites.usp.br\/redecoop\/wp-content\/uploads\/sites\/633\/2019\/11\/tese-isabel-2004.pdf\">tese-isabel-2004<\/a><\/p>\n<p><a href=\"https:\/\/sites.usp.br\/redecoop\/wp-content\/uploads\/sites\/633\/2019\/11\/dissertacao-rutilene-2003.pdf\" target=\"_blank\" rel=\"noopener noreferrer\">10) RUTILENE FARTO PEREIRA &#8211; SELE\u00c7\u00c3O E GEST\u00c3O DA CADEIA DE FORNECEDORES DO SETOR AERON\u00c1UTICO: UM ESTUDO DE CASO &#8211; 2003<\/a><br \/>\n<a href=\"https:\/\/sites.usp.br\/redecoop\/wp-content\/uploads\/sites\/633\/2019\/11\/tese-flaviodangelo-2002.pdf\" target=\"_blank\" rel=\"noopener noreferrer\"><br \/>\n11) FL\u00c1VIO D&#8217;\u00c2NGELO PEREIRA DA SILVA &#8211; AN\u00c1LISE DA INFLU\u00caNCIA DAS MONTADORAS DE AUTOM\u00d3VEIS SOB O PARADIGMA DA PRODU\u00c7\u00c3O ENXUTA &#8211; UM ESTUDO DE CASO DE EMPRESAS BRASILEIRAS &#8211; 2002<\/a><br \/>\n<a href=\"https:\/\/sites.usp.br\/redecoop\/wp-content\/uploads\/sites\/633\/2019\/11\/dissertacao-germano-2001.pdf\" target=\"_blank\" rel=\"noopener noreferrer\"><br \/>\n12) GERMANO MANUEL CORREIA &#8211; A UTILIZA\u00c7\u00c3O DO CONCEITO DE CUSTOS DE TRANSA\u00c7\u00c3O NA SELE\u00c7\u00c3O DE FORNECEDORES DE INSUMOS PRODUTIVOS DA IND\u00daSTRIA FARMAC\u00caUTICA &#8211; 2001<\/a><\/p>\n<p><a href=\"https:\/\/sites.usp.br\/redecoop\/wp-content\/uploads\/sites\/633\/2019\/11\/dissertacao-abranczuk-2001.pdf\" target=\"_blank\" rel=\"noopener noreferrer\">13) ANDR\u00c9 AMBROSIO ABRAMCZUK &#8211; OS RELACIONAMENTOS NA CADEIA DE SUPRIMENTOS SOB O PARADIGMA DA DESINTEGRA\u00c7\u00c3O VERTICAL DE PROCESSOS: UM ESTUDO DE CASO &#8211; 2001<\/a><\/p>\n<p><a href=\"https:\/\/sites.usp.br\/redecoop\/wp-content\/uploads\/sites\/633\/2019\/11\/dissertacao-rauleloy-1999.pdf\" target=\"_blank\" rel=\"noopener noreferrer\">14) RAUL ELOI DA SILVA DINIZ &#8211; PARCERIA INDUSTRIAL: SISTEMATIZA\u00c7\u00c3O E OPERACIONALIZA\u00c7\u00c3O EM PARCERIAS SEM ENVOLVIMENTO ACION\u00c1RIO NO PRODUTO E FABRICA\u00c7\u00c3O &#8211; 1999<\/a><\/p>\n<p><a href=\"https:\/\/sites.usp.br\/redecoop\/wp-content\/uploads\/sites\/633\/2019\/11\/tese-amato-1999.pdf\" target=\"_blank\" rel=\"noopener noreferrer\">15) JO\u00c3O AMATO NETO &#8211; REDES DE COOPERA\u00c7\u00c3O PRODUTIVA &#8211; ANTECEDENTES, PANORAMA ATUAL E CONTRIBUI\u00c7\u00d5ES PARA UMA POL\u00cdTICA INDUSTRIAL &#8211; 1999<\/a><\/p>\n<\/div>\n<\/div>\n<p><\/p>","protected":false},"excerpt":{"rendered":"<p>Teses 1) ANA PAULA REIS \u2013 A DIN\u00c2MICA DA APRENDIZAGEM EM ARRANJOS PRODUTIVOS LOCAIS: UM ESTUDO DAS REDES DE CONHECIMENTO&#46;&#46;&#46;<\/p>\n","protected":false},"author":1228,"featured_media":0,"parent":0,"menu_order":0,"comment_status":"closed","ping_status":"closed","template":"","meta":{"footnotes":"","_links_to":"","_links_to_target":""},"class_list":["post-188","page","type-page","status-publish","hentry"],"_links":{"self":[{"href":"https:\/\/sites.usp.br\/redecoop\/wp-json\/wp\/v2\/pages\/188","targetHints":{"allow":["GET"]}}],"collection":[{"href":"https:\/\/sites.usp.br\/redecoop\/wp-json\/wp\/v2\/pages"}],"about":[{"href":"https:\/\/sites.usp.br\/redecoop\/wp-json\/wp\/v2\/types\/page"}],"author":[{"embeddable":true,"href":"https:\/\/sites.usp.br\/redecoop\/wp-json\/wp\/v2\/users\/1228"}],"replies":[{"embeddable":true,"href":"https:\/\/sites.usp.br\/redecoop\/wp-json\/wp\/v2\/comments?post=188"}],"version-history":[{"count":5,"href":"https:\/\/sites.usp.br\/redecoop\/wp-json\/wp\/v2\/pages\/188\/revisions"}],"predecessor-version":[{"id":379,"href":"https:\/\/sites.usp.br\/redecoop\/wp-json\/wp\/v2\/pages\/188\/revisions\/379"}],"wp:attachment":[{"href":"https:\/\/sites.usp.br\/redecoop\/wp-json\/wp\/v2\/media?parent=188"}],"curies":[{"name":"wp","href":"https:\/\/api.w.org\/{rel}","templated":true}]}}