{"id":190,"date":"2019-11-18T16:07:33","date_gmt":"2019-11-18T18:07:33","guid":{"rendered":"https:\/\/sites.usp.br\/redecoop\/?page_id=190"},"modified":"2020-02-14T13:11:54","modified_gmt":"2020-02-14T15:11:54","slug":"congressos","status":"publish","type":"page","link":"https:\/\/sites.usp.br\/redecoop\/congressos\/","title":{"rendered":"Congressos"},"content":{"rendered":"<p><\/p>\n<div class=\"art-PostMetadataHeader\">\n<h2 class=\"art-PostHeader\">Congressos<\/h2>\n<\/div>\n<div class=\"art-PostContent\">\n<div class=\"art-article\">\n<ol>\n<li><a href=\"https:\/\/sites.usp.br\/redecoop\/wp-content\/uploads\/sites\/633\/2019\/11\/xix-simpep-2012-amato1.pdf\" target=\"_blank\" rel=\"noopener noreferrer\">AMATO NETO, J.; SILVA, K. L. AN\u00c1LISE BIBLIOM\u00c9TRICA SOBRE CAPACIDADE DE INOVA\u00c7\u00c3O (INNOVATION CAPABILITY) DAS IND\u00daSTRIAS BRASILEIRAS PRODUTORAS DE T\u00caXTEIS E VESTU\u00c1RIO. XIX SIMPEP 2012.<\/a><\/li>\n<li><a href=\"https:\/\/sites.usp.br\/redecoop\/wp-content\/uploads\/sites\/633\/2019\/11\/xix-simpep-2012-amato2.pdf\" target=\"_blank\" rel=\"noopener noreferrer\">AMATO NETO, J.;LAURINDO, F. J. B.; SILVA, E. M. CADEIAS PRODUTIVAS VIRTUAIS: ESTUDO DE CASO NUMA REDE DE COOPERA\u00c7\u00c3O DO SETOR IMOBILI\u00c1RIO, ALAVANCADA NA TECNOLOGIA DA INFORMA\u00c7\u00c3O. XIX SIMPEP 2012.<\/a><\/li>\n<li><a href=\"https:\/\/sites.usp.br\/redecoop\/wp-content\/uploads\/sites\/633\/2019\/11\/xix-simpep-2012-amato3.pdf\" target=\"_blank\" rel=\"noopener noreferrer\">AMATO NETO, J.; CASTRO. A. B. C. INOVA\u00c7\u00c3O NA IND\u00daSTRIA DA MODA: AS CONTRIBUI\u00c7\u00d5ES DA TEORIA MARXISTA AO UNIVERSO DA MODA. XIX SIMPEP 2012.<\/a><\/li>\n<li>CULTURAL SERVICES AND OPERATIONS MANAGEMENT: SOME EPISTEMOLOGICAL FOUNDATIONS AND A LITERATURE\u00a0 OVERVIEW. EUROMA 2010, Porto-Portugal.<\/li>\n<li><a href=\"https:\/\/sites.usp.br\/redecoop\/wp-content\/uploads\/sites\/633\/2019\/11\/euroma2009-fullpaper_yamagut-amatoneto.pdf\" target=\"_blank\" rel=\"noopener noreferrer\">YAMAGUTI, M.; AMATO NETO, J. . SUPPLIERS QUALIFICATION AND EVALUATION: PROPOSITION OF A COMMON PROCEDURE FOR A MULTINATIONAL COMPANY. Proceedings of the 16th. International Annual European Operations Management Association (EurOMA) Conference, Gottemburgo, Su\u00e9cia, 2009.<\/a><\/li>\n<li><a href=\"https:\/\/sites.usp.br\/redecoop\/wp-content\/uploads\/sites\/633\/2019\/11\/poms2009-fullpaper_fucciamato-amatoneto.pdf\" target=\"_blank\" rel=\"noopener noreferrer\">FUCCI AMATO, R. C.; AMATO NETO, J. . ABILITIES AND COMPETENCES IN LEADERSHIP: CONCEPTS AND DISCUSSIONS. Proceedings of the 20th. Annual Production and Operations Management Society (POMS) Conference. POMS, Orlando, Florida, USA, 2009.<\/a><\/li>\n<li><a href=\"https:\/\/sites.usp.br\/redecoop\/wp-content\/uploads\/sites\/633\/2019\/11\/poms2009-fullpaper_kelm-amato.pdf\" target=\"_blank\" rel=\"noopener noreferrer\">KELM, A. P.; AMATO NETO, J. AN ANALYSIS OF THE SOCIO-ENVIRONMENTAL REQUIREMENTS FOR THE CAPACITATION OF SUPPLY NETWORK OF A COSMETIC COMPANY. Proceedings of the 20th. Annual Production and Operations Management Society (POMS) Conference. POMS, Orlando, Florida, USA, 2009.<\/a><\/li>\n<li><a href=\"https:\/\/sites.usp.br\/redecoop\/wp-content\/uploads\/sites\/633\/2019\/11\/poms2009-fullpaper-amatoneto.pdf\" target=\"_blank\" rel=\"noopener noreferrer\">AMATO NETO, J. . REGIONAL CLUSTERS AND TECHNOLOGICAL SPILLOVER: A BRAZILIAN CASE STUDY. Proceedings of the 20th. Annual Production and Operations Management Society (POMS) Conference. POMS, Orlando, Florida, USA, 2009.<\/a><\/li>\n<li><a href=\"https:\/\/sites.usp.br\/redecoop\/wp-content\/uploads\/sites\/633\/2019\/11\/poms2008-fullpaper_amatoneto.pdf\" target=\"_blank\" rel=\"noopener noreferrer\">AMATO NETO, J. . DEVELOPMENT OF REGIONAL CLUSTERS: THE CASE OF THE CERAMIC CLUSTER IN SANTA GERTRUDES (STATE OF S\u00c3O PAULO, BRAZIL). Proceed ings of the 19th. Annual Production and Operations Management Society (POMS) Conference. POMS, La Jolla, California, USA, 2008.<\/a><\/li>\n<li><a href=\"https:\/\/sites.usp.br\/redecoop\/wp-content\/uploads\/sites\/633\/2019\/11\/euroma2007-fullpaper_isabel-amato-henriques.pdf\" target=\"_blank\" rel=\"noopener noreferrer\">SANTOS, I. C.; AMATO NETO, J.; ARA\u00daJO, A. H. . KNOWLEDGE MANAGEMENT AT HIGH TECHNOLOGY BASED INDUSTRIES: A SOCIAL ORGANIZATION PERSPECTIVE IN THE BRAZILIAN AERONAUTICAL INDUSTRY. Proceedings of the 14th. International Annual European Operations Management Association (EurOMA) Conference, Ankara, Turkey, 2007.<\/a><\/li>\n<li><a href=\"https:\/\/sites.usp.br\/redecoop\/wp-content\/uploads\/sites\/633\/2019\/11\/euroma2007-fullpaper_roberto-mauro-amato.pdf\" target=\"_blank\" rel=\"noopener noreferrer\">CATHARINO, M.; VASCONCELLOS, R. R.; AMATO NETO, J. . IMPACTS OF QUALITY MANAGEMENT SYSTEMS STANDARDIZATION IN SMES: A CASE STUDY OF THE BRAZILIAN AERONAUTICS CHAIN. International Annual European Operations Management Association (EurOMA) Conference, 2007.<\/a><\/li>\n<li><a href=\"https:\/\/sites.usp.br\/redecoop\/wp-content\/uploads\/sites\/633\/2019\/11\/poms2007-fullpaper_claudioamato.pdf\" target=\"_blank\" rel=\"noopener noreferrer\">LEANDRO, C. R.; AMATO NETO, J. . PRODUCTIVE COOPERATION NETWORKS, KNOWLEDGE AND INNOVATION: THE CASE OF SOROCABA METROPOLITAN REGION. Proceedings of the 18th. Annual Production and Operations Management Society (POMS) Conference. POMS, Dallas, Texas, USA, 2007.<\/a><\/li>\n<li><a href=\"https:\/\/sites.usp.br\/redecoop\/wp-content\/uploads\/sites\/633\/2019\/11\/poms2007-fullpaper_fucciamato-amatoneto.pdf\" target=\"_blank\" rel=\"noopener noreferrer\">FUCCI AMATO, R. C.; AMATO NETO, J. . CHOIR CONDUCTING: HUMAN RESOURCES MANAGEMENT AND ORGANIZATION OF THE WORK. Proceedings of the 18th. Annual Production and Operations Management Society (POMS) Conference. POMS, Dallas, Texas, USA, 2007.<\/a><\/li>\n<\/ol>\n<\/div>\n<\/div>\n<p><\/p>","protected":false},"excerpt":{"rendered":"<p>Congressos AMATO NETO, J.; SILVA, K. L. AN\u00c1LISE BIBLIOM\u00c9TRICA SOBRE CAPACIDADE DE INOVA\u00c7\u00c3O (INNOVATION CAPABILITY) DAS IND\u00daSTRIAS BRASILEIRAS PRODUTORAS DE&#46;&#46;&#46;<\/p>\n","protected":false},"author":1228,"featured_media":0,"parent":0,"menu_order":0,"comment_status":"closed","ping_status":"closed","template":"","meta":{"footnotes":"","_links_to":"","_links_to_target":""},"class_list":["post-190","page","type-page","status-publish","hentry"],"_links":{"self":[{"href":"https:\/\/sites.usp.br\/redecoop\/wp-json\/wp\/v2\/pages\/190","targetHints":{"allow":["GET"]}}],"collection":[{"href":"https:\/\/sites.usp.br\/redecoop\/wp-json\/wp\/v2\/pages"}],"about":[{"href":"https:\/\/sites.usp.br\/redecoop\/wp-json\/wp\/v2\/types\/page"}],"author":[{"embeddable":true,"href":"https:\/\/sites.usp.br\/redecoop\/wp-json\/wp\/v2\/users\/1228"}],"replies":[{"embeddable":true,"href":"https:\/\/sites.usp.br\/redecoop\/wp-json\/wp\/v2\/comments?post=190"}],"version-history":[{"count":4,"href":"https:\/\/sites.usp.br\/redecoop\/wp-json\/wp\/v2\/pages\/190\/revisions"}],"predecessor-version":[{"id":380,"href":"https:\/\/sites.usp.br\/redecoop\/wp-json\/wp\/v2\/pages\/190\/revisions\/380"}],"wp:attachment":[{"href":"https:\/\/sites.usp.br\/redecoop\/wp-json\/wp\/v2\/media?parent=190"}],"curies":[{"name":"wp","href":"https:\/\/api.w.org\/{rel}","templated":true}]}}