{"id":194,"date":"2019-11-18T16:08:49","date_gmt":"2019-11-18T18:08:49","guid":{"rendered":"https:\/\/sites.usp.br\/redecoop\/?page_id=194"},"modified":"2020-02-14T13:12:29","modified_gmt":"2020-02-14T15:12:29","slug":"cooperativismo","status":"publish","type":"page","link":"https:\/\/sites.usp.br\/redecoop\/cooperativismo\/","title":{"rendered":"Cooperativismo"},"content":{"rendered":"<p><\/p>\n<div class=\"art-PostMetadataHeader\">\n<h2 class=\"art-PostHeader\">Cooperativismo<\/h2>\n<\/div>\n<div class=\"art-PostContent\">\n<div class=\"art-article\">\n<p><a href=\"https:\/\/sites.usp.br\/redecoop\/wp-content\/uploads\/sites\/633\/2019\/11\/poms-sandra-2002.pdf\" target=\"_blank\" rel=\"noopener noreferrer\">1) RUFINO, S., The management in democratic and solidarity bases: dilemmas and challenges, POMS 2002, San Francisco, USA.<\/a><\/p>\n<p><a href=\"https:\/\/sites.usp.br\/redecoop\/wp-content\/uploads\/sites\/633\/2019\/11\/icpr-amato-2008.pdf\" target=\"_blank\" rel=\"noopener noreferrer\">2) AMATO NETO, J. . PRODUCTIVE CHAINS, COOPERATIVE COMPLEXES, AND SELF-MANAGING ENTERPRISES: A STUDY OF BRAZILIAN CASES, ICPR 2008<\/a><\/p>\n<p><a href=\"https:\/\/sites.usp.br\/redecoop\/wp-content\/uploads\/sites\/633\/2019\/11\/tf-augustoalves-2004.pdf\" target=\"_blank\" rel=\"noopener noreferrer\">3) AUGUSTO ALVES, J. . Elabora\u00e7\u00e3o de um Plano de Neg\u00f3cio para uma Cooperativa de Alimenta\u00e7\u00e3o. TF\/2004 &#8211; Departamento de Engenharia de Produ\u00e7\u00e3o Poli\/USP<\/a><\/p>\n<\/div>\n<\/div>\n<p><\/p>","protected":false},"excerpt":{"rendered":"<p>Cooperativismo 1) RUFINO, S., The management in democratic and solidarity bases: dilemmas and challenges, POMS 2002, San Francisco, USA. 2)&#46;&#46;&#46;<\/p>\n","protected":false},"author":1228,"featured_media":0,"parent":0,"menu_order":0,"comment_status":"closed","ping_status":"closed","template":"","meta":{"footnotes":"","_links_to":"","_links_to_target":""},"class_list":["post-194","page","type-page","status-publish","hentry"],"_links":{"self":[{"href":"https:\/\/sites.usp.br\/redecoop\/wp-json\/wp\/v2\/pages\/194","targetHints":{"allow":["GET"]}}],"collection":[{"href":"https:\/\/sites.usp.br\/redecoop\/wp-json\/wp\/v2\/pages"}],"about":[{"href":"https:\/\/sites.usp.br\/redecoop\/wp-json\/wp\/v2\/types\/page"}],"author":[{"embeddable":true,"href":"https:\/\/sites.usp.br\/redecoop\/wp-json\/wp\/v2\/users\/1228"}],"replies":[{"embeddable":true,"href":"https:\/\/sites.usp.br\/redecoop\/wp-json\/wp\/v2\/comments?post=194"}],"version-history":[{"count":3,"href":"https:\/\/sites.usp.br\/redecoop\/wp-json\/wp\/v2\/pages\/194\/revisions"}],"predecessor-version":[{"id":382,"href":"https:\/\/sites.usp.br\/redecoop\/wp-json\/wp\/v2\/pages\/194\/revisions\/382"}],"wp:attachment":[{"href":"https:\/\/sites.usp.br\/redecoop\/wp-json\/wp\/v2\/media?parent=194"}],"curies":[{"name":"wp","href":"https:\/\/api.w.org\/{rel}","templated":true}]}}