{"id":211,"date":"2019-11-18T16:17:19","date_gmt":"2019-11-18T18:17:19","guid":{"rendered":"https:\/\/sites.usp.br\/redecoop\/?page_id=211"},"modified":"2020-02-14T13:05:13","modified_gmt":"2020-02-14T15:05:13","slug":"equipe","status":"publish","type":"page","link":"https:\/\/sites.usp.br\/redecoop\/equipe\/","title":{"rendered":"Equipe"},"content":{"rendered":"<p><\/p>\n<div class=\"art-PostMetadataHeader\">\n<h2 class=\"art-PostHeader\">Equipe<\/h2>\n<\/div>\n<div class=\"art-PostContent\">\n<div class=\"art-article\">\n<h3>Coordenador<\/h3>\n<p><a href=\"http:\/\/buscatextual.cnpq.br\/buscatextual\/visualizacv.jsp?id=K4780529A9\" target=\"_blank\" rel=\"noopener noreferrer\">Prof. Dr. Jo\u00e3o Amato Neto<\/a><\/p>\n<h3>Professores<\/h3>\n<p><a href=\"http:\/\/lattes.cnpq.br\/6062196023757105\" target=\"_blank\" rel=\"noopener noreferrer\">Prof. Dr. Afonso Carlos Corr\u00eaa Fleury<\/a><br \/>\n<a href=\"http:\/\/lattes.cnpq.br\/4547011512696906\" target=\"_blank\" rel=\"noopener noreferrer\">Prof. Dr. Davi Noboru Nakano<\/a><a href=\"http:\/\/lattes.cnpq.br\/0842211346277294\" target=\"_blank\" rel=\"noopener noreferrer\"><br \/>\nProf. Dr. Fernando Jos\u00e9 Barbin Laurindo<\/a><a href=\"http:\/\/lattes.cnpq.br\/2786908563513258\" target=\"_blank\" rel=\"noopener noreferrer\"><br \/>\nProf. Dr. Marcelo Schneck de Paula Pess\u00f4a<br \/>\n<\/a><a href=\"http:\/\/lattes.cnpq.br\/1386670520349091\" target=\"_blank\" rel=\"noopener noreferrer\">Profa. Dra. Marly Monteiro de Carvalho<\/a><br \/>\n<a href=\"http:\/\/lattes.cnpq.br\/2571665347578383\" target=\"_blank\" rel=\"noopener noreferrer\">Prof. Dr. Mauro de Mesquita Spinola<\/a><a href=\"http:\/\/buscatextual.cnpq.br\/buscatextual\/visualizacv.jsp?id=K4701239A4\" target=\"_blank\" rel=\"noopener noreferrer\"><br \/>\n<\/a><a href=\"http:\/\/lattes.cnpq.br\/4331979762111277\" target=\"_blank\" rel=\"noopener noreferrer\">Prof. Dr. Reinaldo Pacheco da Costa<\/a><a href=\"http:\/\/lattes.cnpq.br\/6265785942463928\" target=\"_blank\" rel=\"noopener noreferrer\"><br \/>\nProf. Dr. Renato de Castro Garcia<\/a><br \/>\n<a href=\"http:\/\/lattes.cnpq.br\/4775923423505257\" target=\"_blank\" rel=\"noopener noreferrer\">Profa. Dra. Roberta de Castro Souza<\/a><\/p>\n<h3>Pesquisadores<\/h3>\n<p><strong><a href=\"http:\/\/lattes.cnpq.br\/218652075583897\">V\u00e1ldeson Amaro Lima<\/a><\/strong><\/p>\n<h4>P\u00d3S-DOUTORADO<\/h4>\n<p><strong>(EM ANDAMENTO)<\/strong><\/p>\n<p><strong><a href=\"http:\/\/lattes.cnpq.br\/7771216543474059\">Ilana Racowski<\/a>:\u00a0<\/strong>An\u00e1lise dos impactos das tecnologias transformadoras para um modelo de produ\u00e7\u00e3o sustent\u00e1vel na ind\u00fastria brasileira de alimentos: estudo de caso da cadeia produtiva de trigo e seus derivados<\/p>\n<p><strong>(CONCLU\u00cdDO)<\/strong><\/p>\n<p><strong><a href=\"http:\/\/lattes.cnpq.br\/9469008438285343\">Antonio de S. Limongi Fran\u00e7a<\/a>:\u00a0<\/strong>A arquitetura blockchain em modelos de neg\u00f3cio para situa\u00e7\u00f5es de inclus\u00e3o social<\/p>\n<h4>DOUTORADO<\/h4>\n<p><strong>(EM ANDAMENTO)<\/strong><\/p>\n<p><strong><a href=\"http:\/\/lattes.cnpq.br\/5199811185683562\">Willerson Lucas Campos<\/a>:\u00a0<\/strong>An\u00e1lise da contribui\u00e7\u00e3o das redes pol\u00edticas no processo de inser\u00e7\u00e3o do cluster de vinhos da Serra Ga\u00facha nos mercados internacionais. In\u00edcio: 2015<\/p>\n<p><strong><a href=\"http:\/\/lattes.cnpq.br\/6260219331939459\">Karine Liotino da Silva<\/a>:\u00a0<\/strong>Desenvolvimento de modelo de boas pr\u00e1ticas em sustentabilidade para as ind\u00fastrias t\u00eaxteis e de confec\u00e7\u00e3o brasileiras. In\u00edcio: 2015<\/p>\n<p><strong><a href=\"http:\/\/lattes.cnpq.br\/5586757924696740\">Henrique Pedrosa Chagas<\/a>:\u00a0<\/strong>Progress\u00e3o industrial: oportunidades para cooperativas de catadores na cadeia de valor da reciclagem. In\u00edcio: 2015<\/p>\n<p><strong>(CONCLU\u00cdDOS NOS \u00daLTIMOS 5 ANOS)<\/strong><\/p>\n<p><strong><a href=\"http:\/\/lattes.cnpq.br\/4910475306841897\">Adriana Bertoldi Carretto de Castro<\/a><\/strong>: Inova\u00e7\u00e3o ma ind\u00fastria da moda: Um estudo da gera\u00e7\u00e3o de obsolosc\u00eancia (In\u00edcio: 2010).<\/p>\n<p><strong><a href=\"http:\/\/lattes.cnpq.br\/3342543172524362\">Marcos Cesar Lopes Barros<\/a><\/strong>: Um estudo da influ\u00eancia dos fatores constitutivos e organizacionais dos Sistemas Locais de Produ\u00e7\u00e3o no desempenho das estrat\u00e9gias empresariais voltadas para sustentabilidade (In\u00edcio: 2010).<\/p>\n<p><strong><a href=\"http:\/\/lattes.cnpq.br\/0432240582605766\">Luciano Mazza<\/a><\/strong>: O impacto ambiental na forma\u00e7\u00e3o de pre\u00e7os agr\u00edcolas: um estudo no complexo de produ\u00e7\u00e3o de soja no Sudeste do Brasil. (In\u00edcio:2011)<\/p>\n<p><strong><a href=\"http:\/\/lattes.cnpq.br\/7457507158550300\">Eug\u00eanio Jos\u00e9 Silva Bitti<\/a>:<\/strong>\u00a0Fatores determinantes do crescimento de redes de franquia no Brasil.(Tese conclu\u00edda em 2012).<\/p>\n<p><strong><a href=\"http:\/\/lattes.cnpq.br\/5094539125171462\">Claudio Roberto Leandro<\/a>:<\/strong>\u00a0Uma abordagem cognitiva sobre o processo de institucionaliza\u00e7\u00e3o de sistemas locais de produ\u00e7\u00e3o e inova\u00e7\u00e3o: um estudo sobre o setor do vestu\u00e1rio na cidade de Indaiatuba ( Tese conclu\u00edda em 2011).<\/p>\n<p><strong><a href=\"http:\/\/lattes.cnpq.br\/4971992089945389\">Mauro Catharino Vieira da Luz<\/a>:<\/strong>\u00a0Pol\u00edticas e programas para o setor aeroespacial no Brasil: uma an\u00e1lise comparada com o Canad\u00e1. (Tese conclu\u00edda em 2010).<\/p>\n<p><strong><a href=\"http:\/\/lattes.cnpq.br\/0108508146378829\">Cristiane Chaves Gattaz<\/a>.<\/strong>\u00a0Um modelo de refer\u00eancia de forma\u00e7\u00e3o e gest\u00e3o de redes organizacionais: o caso do sistema de C, T &amp; I do setor aeroespacial brasileiro. (Tese conclu\u00edda em 2010).<\/p>\n<h4>MESTRADO<\/h4>\n<p><strong>Cyntia Watanabe Rosa<\/strong>. An\u00e1lise em organiza\u00e7\u00f5es para colabora\u00e7\u00e3o em sustentabilidade: um estudo de caso (Disserta\u00e7\u00e3o conclu\u00edda em 2013).<\/p>\n<p><strong><a href=\"http:\/\/lattes.cnpq.br\/5586757924696740\">Henrique Pedrosa Chagas<\/a><\/strong>. Um modelo de organiza\u00e7\u00e3o para cooperativas de reciclagem: Estudo de multicasos.(In\u00edcio: 2012).<\/p>\n<p><strong><a href=\"http:\/\/lattes.cnpq.br\/6260219331939459\">Karine Liotino da Silva<\/a><\/strong>. A gest\u00e3o da inova\u00e7\u00e3o como estrat\u00e9gia de competitividade nas confec\u00e7\u00f5es de roupas profissionais brasileiras. ( In\u00edcio: 2012).<\/p>\n<p><strong>Leonardo Costa<\/strong>. Contribui\u00e7\u00f5es para um modelo de gest\u00e3o da \u00e1gua para a produ\u00e7\u00e3o de bens e servi\u00e7os a partir dos conceitos de pegada h\u00eddrica (water footprint) (In\u00edcio: 2012).<\/p>\n<h4>INICIA\u00c7\u00c3O CIENT\u00cdFICA<\/h4>\n<p><strong>Yago Oliveira Cavalcante<\/strong>. Desenvolvimento de cadeia de valor para inclus\u00e3o de setores produtivos marginalizados (PIBIC\/CNPq) 2013\/2014.<\/p>\n<\/div>\n<\/div>\n<p><\/p>","protected":false},"excerpt":{"rendered":"<p>Equipe Coordenador Prof. Dr. Jo\u00e3o Amato Neto Professores Prof. Dr. Afonso Carlos Corr\u00eaa Fleury Prof. Dr. Davi Noboru Nakano Prof.&#46;&#46;&#46;<\/p>\n","protected":false},"author":1228,"featured_media":0,"parent":0,"menu_order":0,"comment_status":"closed","ping_status":"closed","template":"","meta":{"footnotes":"","_links_to":"","_links_to_target":""},"class_list":["post-211","page","type-page","status-publish","hentry"],"_links":{"self":[{"href":"https:\/\/sites.usp.br\/redecoop\/wp-json\/wp\/v2\/pages\/211","targetHints":{"allow":["GET"]}}],"collection":[{"href":"https:\/\/sites.usp.br\/redecoop\/wp-json\/wp\/v2\/pages"}],"about":[{"href":"https:\/\/sites.usp.br\/redecoop\/wp-json\/wp\/v2\/types\/page"}],"author":[{"embeddable":true,"href":"https:\/\/sites.usp.br\/redecoop\/wp-json\/wp\/v2\/users\/1228"}],"replies":[{"embeddable":true,"href":"https:\/\/sites.usp.br\/redecoop\/wp-json\/wp\/v2\/comments?post=211"}],"version-history":[{"count":4,"href":"https:\/\/sites.usp.br\/redecoop\/wp-json\/wp\/v2\/pages\/211\/revisions"}],"predecessor-version":[{"id":370,"href":"https:\/\/sites.usp.br\/redecoop\/wp-json\/wp\/v2\/pages\/211\/revisions\/370"}],"wp:attachment":[{"href":"https:\/\/sites.usp.br\/redecoop\/wp-json\/wp\/v2\/media?parent=211"}],"curies":[{"name":"wp","href":"https:\/\/api.w.org\/{rel}","templated":true}]}}