{"id":216,"date":"2019-11-18T16:19:09","date_gmt":"2019-11-18T18:19:09","guid":{"rendered":"https:\/\/sites.usp.br\/redecoop\/?page_id=216"},"modified":"2020-02-14T13:01:44","modified_gmt":"2020-02-14T15:01:44","slug":"link","status":"publish","type":"page","link":"https:\/\/sites.usp.br\/redecoop\/link\/","title":{"rendered":"Links"},"content":{"rendered":"<div class=\"art-PostMetadataHeader\">\n<h2 class=\"art-PostHeader\">Links<\/h2>\n<\/div>\n<div class=\"art-PostContent\">\n<div class=\"art-article\">\n<ul>\n<li><a href=\"http:\/\/www.usp.br\/\" target=\"_blank\" rel=\"noopener noreferrer\">Universidade de S\u00e3o Paulo<\/a><\/li>\n<li><a href=\"http:\/\/www.poli.usp.br\/\" target=\"_blank\" rel=\"noopener noreferrer\">Escola Polit\u00e9cnica da USP<\/a><\/li>\n<li><a href=\"http:\/\/www.prd.usp.br\/\" target=\"_blank\" rel=\"noopener noreferrer\">Departamento de Engenharia de Produ\u00e7\u00e3o da Escola Polit\u00e9cnica da USP<\/a><\/li>\n<li><a href=\"http:\/\/www.vanzolini.org.br\/\" target=\"_blank\" rel=\"noopener noreferrer\">Funda\u00e7\u00e3o Vanzolini<\/a><\/li>\n<li><span class=\"texto\"><a href=\"http:\/\/www.bah.com.br\/\" target=\"_blank\" rel=\"noopener noreferrer\">Booz-Allen &amp; Hamilton do Brasil Consultores Ltda<\/a><\/span><span class=\"texto\">.<\/span><\/li>\n<li><a href=\"http:\/\/www.fclar.unesp.br\/pesq\/grupos\/geein\/geein.html\" target=\"_blank\" rel=\"noopener noreferrer\">GEEIN Grupo de Estudos em Economia Industrial<\/a><\/li>\n<li><a href=\"http:\/\/www.unesp.br\/\" target=\"_blank\" rel=\"noopener noreferrer\">UNESP Universidade Estadual Paulista<\/a><\/li>\n<li><a href=\"http:\/\/www.finep.gov.br\/\" target=\"_blank\" rel=\"noopener noreferrer\">FINEP Financiadora de Estudos e Projetos<\/a><\/li>\n<li><a href=\"http:\/\/www.fiesp.org.br\/\" target=\"_blank\" rel=\"noopener noreferrer\">FIESP Federa\u00e7\u00e3o das Ind\u00fastrias do Estado de S\u00e3o Paulo<\/a><\/li>\n<li><a href=\"http:\/\/www.sebraesp.com.br\/\" target=\"_blank\" rel=\"noopener noreferrer\">SEBRAE\/SP Servi\u00e7o Brasileiro de Apoio \u00e0s Micro e Pequenas Empresas de S\u00e3o Paulo<\/a><\/li>\n<li><a href=\"http:\/\/www.abepro.org.br\/\" target=\"_blank\" rel=\"noopener noreferrer\">ABEPRO Associa\u00e7\u00e3o Brasileira de Engenharia de Produ\u00e7\u00e3o<\/a><\/li>\n<li><a href=\"http:\/\/www.poms.org\/\" target=\"_blank\" rel=\"noopener noreferrer\">POMS Production &amp; Operations Management Society<\/a><\/li>\n<li><a href=\"http:\/\/www.abinee.br\/\" target=\"_blank\" rel=\"noopener noreferrer\">ABINEE Associa\u00e7\u00e3o Brasileira da Ind\u00fastria Eletro-Eletr\u00f4nica<\/a><\/li>\n<\/ul>\n<\/div>\n<\/div>\n","protected":false},"excerpt":{"rendered":"<p>Links Universidade de S\u00e3o Paulo Escola Polit\u00e9cnica da USP Departamento de Engenharia de Produ\u00e7\u00e3o da Escola Polit\u00e9cnica da USP Funda\u00e7\u00e3o&#46;&#46;&#46;<\/p>\n","protected":false},"author":1228,"featured_media":0,"parent":0,"menu_order":0,"comment_status":"closed","ping_status":"closed","template":"","meta":{"footnotes":"","_links_to":"","_links_to_target":""},"class_list":["post-216","page","type-page","status-publish","hentry"],"_links":{"self":[{"href":"https:\/\/sites.usp.br\/redecoop\/wp-json\/wp\/v2\/pages\/216","targetHints":{"allow":["GET"]}}],"collection":[{"href":"https:\/\/sites.usp.br\/redecoop\/wp-json\/wp\/v2\/pages"}],"about":[{"href":"https:\/\/sites.usp.br\/redecoop\/wp-json\/wp\/v2\/types\/page"}],"author":[{"embeddable":true,"href":"https:\/\/sites.usp.br\/redecoop\/wp-json\/wp\/v2\/users\/1228"}],"replies":[{"embeddable":true,"href":"https:\/\/sites.usp.br\/redecoop\/wp-json\/wp\/v2\/comments?post=216"}],"version-history":[{"count":2,"href":"https:\/\/sites.usp.br\/redecoop\/wp-json\/wp\/v2\/pages\/216\/revisions"}],"predecessor-version":[{"id":366,"href":"https:\/\/sites.usp.br\/redecoop\/wp-json\/wp\/v2\/pages\/216\/revisions\/366"}],"wp:attachment":[{"href":"https:\/\/sites.usp.br\/redecoop\/wp-json\/wp\/v2\/media?parent=216"}],"curies":[{"name":"wp","href":"https:\/\/api.w.org\/{rel}","templated":true}]}}