{"id":359,"date":"2020-02-14T12:50:33","date_gmt":"2020-02-14T14:50:33","guid":{"rendered":"https:\/\/sites.usp.br\/redecoop\/?page_id=359"},"modified":"2020-02-14T13:14:10","modified_gmt":"2020-02-14T15:14:10","slug":"apresentacao","status":"publish","type":"page","link":"https:\/\/sites.usp.br\/redecoop\/","title":{"rendered":"Apresenta\u00e7\u00e3o"},"content":{"rendered":"<p><\/p>\n<h1>Apresenta\u00e7\u00e3o<\/h1>\n<p>O n\u00facleo de pesquisa \u201cRedes de Coopera\u00e7\u00e3o e Gest\u00e3o do Conhecimento\u201d (REDECOOP) foi criado a partir de parceria entre uma destacada empresa de consultoria estrat\u00e9gica e a EPUSP no ano de 2000. O projeto inicial teve por tema central \u201cGera\u00e7\u00e3o e difus\u00e3o do conhecimento atrav\u00e9s das redes de coopera\u00e7\u00e3o produtiva e organiza\u00e7\u00f5es virtuais: conceitos e modelos para elevar o potencial competitivo das empresas\u201d. Desde ent\u00e3o o REDECOOP, n\u00facleo de pesquisa composto por docentes, alunos de gradua\u00e7\u00e3o (inicia\u00e7\u00e3o cient\u00edfica), alunos de p\u00f3s-gradua\u00e7\u00e3o stricto-sensu (Mestrado e Doutorado) e pesquisadores, vem desenvolvendo diversas atividades, tais como: organiza\u00e7\u00e3o de semin\u00e1rios; produ\u00e7\u00e3o de conhecimento cient\u00edfico atrav\u00e9s da publica\u00e7\u00e3o de artigos em congressos e em peri\u00f3dicos nacionais e internacionais; orienta\u00e7\u00e3o de trabalhos de inicia\u00e7\u00e3o cient\u00edfica; disserta\u00e7\u00f5es de mestrado e teses de doutorado; desenvolvimento de pesquisas patrocinadas por \u00f3rg\u00e3os de fomento (CNPq, Fapesp, FINEP) e por diversas entidades do setor p\u00fablico e privado.<\/p>","protected":false},"excerpt":{"rendered":"<p>Apresenta\u00e7\u00e3o O n\u00facleo de pesquisa \u201cRedes de Coopera\u00e7\u00e3o e Gest\u00e3o do Conhecimento\u201d (REDECOOP) foi criado a partir de parceria entre&#46;&#46;&#46;<\/p>\n","protected":false},"author":1228,"featured_media":0,"parent":0,"menu_order":0,"comment_status":"closed","ping_status":"closed","template":"","meta":{"footnotes":"","_links_to":"","_links_to_target":""},"class_list":["post-359","page","type-page","status-publish","hentry"],"_links":{"self":[{"href":"https:\/\/sites.usp.br\/redecoop\/wp-json\/wp\/v2\/pages\/359","targetHints":{"allow":["GET"]}}],"collection":[{"href":"https:\/\/sites.usp.br\/redecoop\/wp-json\/wp\/v2\/pages"}],"about":[{"href":"https:\/\/sites.usp.br\/redecoop\/wp-json\/wp\/v2\/types\/page"}],"author":[{"embeddable":true,"href":"https:\/\/sites.usp.br\/redecoop\/wp-json\/wp\/v2\/users\/1228"}],"replies":[{"embeddable":true,"href":"https:\/\/sites.usp.br\/redecoop\/wp-json\/wp\/v2\/comments?post=359"}],"version-history":[{"count":3,"href":"https:\/\/sites.usp.br\/redecoop\/wp-json\/wp\/v2\/pages\/359\/revisions"}],"predecessor-version":[{"id":384,"href":"https:\/\/sites.usp.br\/redecoop\/wp-json\/wp\/v2\/pages\/359\/revisions\/384"}],"wp:attachment":[{"href":"https:\/\/sites.usp.br\/redecoop\/wp-json\/wp\/v2\/media?parent=359"}],"curies":[{"name":"wp","href":"https:\/\/api.w.org\/{rel}","templated":true}]}}