{"id":19,"date":"2021-11-10T14:09:45","date_gmt":"2021-11-10T17:09:45","guid":{"rendered":"https:\/\/sites.usp.br\/redlibre\/?page_id=19"},"modified":"2021-11-17T16:06:19","modified_gmt":"2021-11-17T19:06:19","slug":"quem-somos","status":"publish","type":"page","link":"https:\/\/sites.usp.br\/redlibre\/es\/sobre\/quem-somos\/","title":{"rendered":"Quien somos"},"content":{"rendered":"<p>La Red Latina de Investigadores en Biotecnolog\u00edas Reproductivas (REDLIBRE) est\u00e1 formada por un grupo multidisciplinario e interuniversitario de investigadores de Europa (Espa\u00f1a, Italia, Portugal) y Am\u00e9rica Latina (Argentina, Brasil, Chile, M\u00e9xico, Uruguay) especializados en biotecnolog\u00edas relacionadas con la reproducci\u00f3n humana.\u00a0 Nuestro grupo trabaja en\u00a0 estudios e investigaciones con \u00e9nfasis en c\u00f3mo a trav\u00e9s de estas tecnolog\u00edas y los sistemas que crean y de los que forman parte, se est\u00e1n estableciendo nuevos \u00f3rdenes sociales. La red tiene una amplia producci\u00f3n acad\u00e9mica. Sus integrantes tienen formaci\u00f3n y experiencia en diferentes \u00e1reas del conocimiento (antropolog\u00eda, sociolog\u00eda, derecho, medicina, filosof\u00eda, psicolog\u00eda, biolog\u00eda), y llevan a cabo\u00a0 estudios sobre el impacto de estas biotecnolog\u00edas reproductivas en pa\u00edses con tradiciones jur\u00eddicas y culturales similares. El \u00e1mbito sociocultural en el que se sit\u00faa esta red remite al de los pa\u00edses que comparten una tradici\u00f3n cultural cat\u00f3lica y un marco legislativo latino, diferente a los pa\u00edses de tradici\u00f3n protestante y marco legislativo anglosaj\u00f3n. Consideramos que los investigadores socioculturales latinos tienen una presencia limitada y marginal en debates te\u00f3ricos y conceptuales dentro de los espacios acad\u00e9micos angl\u00f3fonos.<\/p>\n<p>REDLIBRE busca reflexionar sobre el impacto de la reproducci\u00f3n humana asistida, no s\u00f3lo en las usuarias (proveedores de gametos y gestantes, receptoras y profesionales de la biotecnolog\u00eda reproductiva), sino tambi\u00e9n en los descendientes engendrados por esta v\u00eda. En este sentido, los esfuerzos de la red tienen como objetivo identificar los principales desaf\u00edos planteados por las pr\u00e1cticas llevadas a cabo y en proceso, por esos usuarios y los efectos en la descendencia.<\/p>","protected":false},"excerpt":{"rendered":"<p>La Red Latina de Investigadores en Biotecnolog\u00edas Reproductivas (REDLIBRE) est\u00e1 formada por un grupo multidisciplinario e interuniversitario de investigadores de Europa (Espa\u00f1a, Italia, Portugal) y Am\u00e9rica Latina (Argentina, Brasil, Chile, M\u00e9xico, Uruguay) especializados en biotecnolog\u00edas relacionadas con la reproducci\u00f3n humana.\u00a0 Nuestro grupo trabaja en\u00a0 estudios e investigaciones con \u00e9nfasis en c\u00f3mo a trav\u00e9s de estas [&hellip;]<\/p>\n","protected":false},"author":22325,"featured_media":0,"parent":15,"menu_order":0,"comment_status":"closed","ping_status":"closed","template":"","meta":{"ocean_post_layout":"","ocean_both_sidebars_style":"","ocean_both_sidebars_content_width":0,"ocean_both_sidebars_sidebars_width":0,"ocean_sidebar":"0","ocean_second_sidebar":"0","ocean_disable_margins":"enable","ocean_add_body_class":"","ocean_shortcode_before_top_bar":"","ocean_shortcode_after_top_bar":"","ocean_shortcode_before_header":"","ocean_shortcode_after_header":"","ocean_has_shortcode":"","ocean_shortcode_after_title":"","ocean_shortcode_before_footer_widgets":"","ocean_shortcode_after_footer_widgets":"","ocean_shortcode_before_footer_bottom":"","ocean_shortcode_after_footer_bottom":"","ocean_display_top_bar":"default","ocean_display_header":"default","ocean_header_style":"","ocean_center_header_left_menu":"0","ocean_custom_header_template":"0","ocean_custom_logo":0,"ocean_custom_retina_logo":0,"ocean_custom_logo_max_width":0,"ocean_custom_logo_tablet_max_width":0,"ocean_custom_logo_mobile_max_width":0,"ocean_custom_logo_max_height":0,"ocean_custom_logo_tablet_max_height":0,"ocean_custom_logo_mobile_max_height":0,"ocean_header_custom_menu":"0","ocean_menu_typo_font_family":"0","ocean_menu_typo_font_subset":"","ocean_menu_typo_font_size":0,"ocean_menu_typo_font_size_tablet":0,"ocean_menu_typo_font_size_mobile":0,"ocean_menu_typo_font_size_unit":"px","ocean_menu_typo_font_weight":"","ocean_menu_typo_font_weight_tablet":"","ocean_menu_typo_font_weight_mobile":"","ocean_menu_typo_transform":"","ocean_menu_typo_transform_tablet":"","ocean_menu_typo_transform_mobile":"","ocean_menu_typo_line_height":0,"ocean_menu_typo_line_height_tablet":0,"ocean_menu_typo_line_height_mobile":0,"ocean_menu_typo_line_height_unit":"","ocean_menu_typo_spacing":0,"ocean_menu_typo_spacing_tablet":0,"ocean_menu_typo_spacing_mobile":0,"ocean_menu_typo_spacing_unit":"","ocean_menu_link_color":"","ocean_menu_link_color_hover":"","ocean_menu_link_color_active":"","ocean_menu_link_background":"","ocean_menu_link_hover_background":"","ocean_menu_link_active_background":"","ocean_menu_social_links_bg":"","ocean_menu_social_hover_links_bg":"","ocean_menu_social_links_color":"","ocean_menu_social_hover_links_color":"","ocean_disable_title":"default","ocean_disable_heading":"default","ocean_post_title":"","ocean_post_subheading":"","ocean_post_title_style":"","ocean_post_title_background_color":"","ocean_post_title_background":0,"ocean_post_title_bg_image_position":"","ocean_post_title_bg_image_attachment":"","ocean_post_title_bg_image_repeat":"","ocean_post_title_bg_image_size":"","ocean_post_title_height":0,"ocean_post_title_bg_overlay":0.5,"ocean_post_title_bg_overlay_color":"","ocean_disable_breadcrumbs":"default","ocean_breadcrumbs_color":"","ocean_breadcrumbs_separator_color":"","ocean_breadcrumbs_links_color":"","ocean_breadcrumbs_links_hover_color":"","ocean_display_footer_widgets":"default","ocean_display_footer_bottom":"default","ocean_custom_footer_template":"0","footnotes":"","_links_to":"","_links_to_target":""},"class_list":["post-19","page","type-page","status-publish","hentry","entry"],"_links":{"self":[{"href":"https:\/\/sites.usp.br\/redlibre\/es\/wp-json\/wp\/v2\/pages\/19","targetHints":{"allow":["GET"]}}],"collection":[{"href":"https:\/\/sites.usp.br\/redlibre\/es\/wp-json\/wp\/v2\/pages"}],"about":[{"href":"https:\/\/sites.usp.br\/redlibre\/es\/wp-json\/wp\/v2\/types\/page"}],"author":[{"embeddable":true,"href":"https:\/\/sites.usp.br\/redlibre\/es\/wp-json\/wp\/v2\/users\/22325"}],"replies":[{"embeddable":true,"href":"https:\/\/sites.usp.br\/redlibre\/es\/wp-json\/wp\/v2\/comments?post=19"}],"version-history":[{"count":4,"href":"https:\/\/sites.usp.br\/redlibre\/es\/wp-json\/wp\/v2\/pages\/19\/revisions"}],"predecessor-version":[{"id":171,"href":"https:\/\/sites.usp.br\/redlibre\/es\/wp-json\/wp\/v2\/pages\/19\/revisions\/171"}],"up":[{"embeddable":true,"href":"https:\/\/sites.usp.br\/redlibre\/es\/wp-json\/wp\/v2\/pages\/15"}],"wp:attachment":[{"href":"https:\/\/sites.usp.br\/redlibre\/es\/wp-json\/wp\/v2\/media?parent=19"}],"curies":[{"name":"wp","href":"https:\/\/api.w.org\/{rel}","templated":true}]}}