{"id":74,"date":"2021-11-10T16:28:13","date_gmt":"2021-11-10T19:28:13","guid":{"rendered":"https:\/\/sites.usp.br\/redlibre\/?page_id=74"},"modified":"2021-11-23T12:38:25","modified_gmt":"2021-11-23T15:38:25","slug":"eventos","status":"publish","type":"page","link":"https:\/\/sites.usp.br\/redlibre\/es\/eventos\/","title":{"rendered":"Taller \u00abNuevas fronteras en tecnolog\u00edas reproductivas\u00bb"},"content":{"rendered":"<p><\/p>\n<h2 style=\"text-align: center;\">Taller<\/h2>\n<h3 style=\"text-align: center;\"><strong> \u201cNuevas fronteras en tecnolog\u00edas reproductivas. Interrogando la reproducci\u00f3n en el siglo XXI:: \u00bfc\u00f3mo influyen en los pa\u00edses de tradici\u00f3n cat\u00f3lica?\u201d<\/strong><\/h3>\n<p>&nbsp;<\/p>\n<p>Fechas: 21, 22 y 23 de junio de 2021, Modalidad virtual<\/p>\n<p><a href=\"https:\/\/sites.usp.br\/redlibre\/wp-content\/uploads\/sites\/1043\/2021\/11\/PROGRAMAUSP022019.pdf\" target=\"_blank\" rel=\"noopener\">CONSULTA EL PROGRAMA AQU\u00cd<\/a><\/p>\n<p class=\"responsive-video-wrap clr\"><iframe title=\"Taller sobre  nuevas fronteras en tecnolog\u00edas reproductivas.\" width=\"1200\" height=\"675\" src=\"https:\/\/www.youtube.com\/embed\/MUecKZgQUFs?feature=oembed\" frameborder=\"0\" allow=\"accelerometer; autoplay; clipboard-write; encrypted-media; gyroscope; picture-in-picture\" allowfullscreen><\/iframe><\/p>\n<p>&nbsp;<\/p>\n<p class=\"responsive-video-wrap clr\"><iframe title=\"Taller sobre nuevas fronteras en tecnolog\u00edas reproductivas.\" width=\"1200\" height=\"675\" src=\"https:\/\/www.youtube.com\/embed\/X0uOr59S5OY?feature=oembed\" frameborder=\"0\" allow=\"accelerometer; autoplay; clipboard-write; encrypted-media; gyroscope; picture-in-picture\" allowfullscreen><\/iframe><\/p>\n<p>&nbsp;<\/p>\n<p class=\"responsive-video-wrap clr\"><iframe title=\"Taller sobre nuevas fronteras en tecnolog\u00edas reproductivas.\" width=\"1200\" height=\"675\" src=\"https:\/\/www.youtube.com\/embed\/xglkR5dEIhs?feature=oembed\" frameborder=\"0\" allow=\"accelerometer; autoplay; clipboard-write; encrypted-media; gyroscope; picture-in-picture\" allowfullscreen><\/iframe><\/p>\n<p>&nbsp;<\/p>\n<p><strong>Coordinadoras:<\/strong> Rosana Machin (USP) y Consuelo \u00c1lvarez Plaza (UCM)<\/p>\n<p><strong>Equipo de coordinaci\u00f3n del Taller:<\/strong> Natacha Salom\u00e9 Lima (UBA) y Eva Luna D\u00edaz Garc\u00eda (UCM)<\/p>","protected":false},"excerpt":{"rendered":"<p>Taller \u201cNuevas fronteras en tecnolog\u00edas reproductivas. Interrogando la reproducci\u00f3n en el siglo XXI:: \u00bfc\u00f3mo influyen en los pa\u00edses de tradici\u00f3n cat\u00f3lica?\u201d &nbsp; Fechas: 21, 22 y 23 de junio de 2021, Modalidad virtual CONSULTA EL PROGRAMA AQU\u00cd &nbsp; &nbsp; &nbsp; Coordinadoras: Rosana Machin (USP) y Consuelo \u00c1lvarez Plaza (UCM) Equipo de coordinaci\u00f3n del Taller: Natacha [&hellip;]<\/p>\n","protected":false},"author":22325,"featured_media":0,"parent":0,"menu_order":0,"comment_status":"closed","ping_status":"closed","template":"","meta":{"ocean_post_layout":"","ocean_both_sidebars_style":"","ocean_both_sidebars_content_width":0,"ocean_both_sidebars_sidebars_width":0,"ocean_sidebar":"0","ocean_second_sidebar":"0","ocean_disable_margins":"enable","ocean_add_body_class":"","ocean_shortcode_before_top_bar":"","ocean_shortcode_after_top_bar":"","ocean_shortcode_before_header":"","ocean_shortcode_after_header":"","ocean_has_shortcode":"","ocean_shortcode_after_title":"","ocean_shortcode_before_footer_widgets":"","ocean_shortcode_after_footer_widgets":"","ocean_shortcode_before_footer_bottom":"","ocean_shortcode_after_footer_bottom":"","ocean_display_top_bar":"default","ocean_display_header":"default","ocean_header_style":"","ocean_center_header_left_menu":"0","ocean_custom_header_template":"0","ocean_custom_logo":0,"ocean_custom_retina_logo":0,"ocean_custom_logo_max_width":0,"ocean_custom_logo_tablet_max_width":0,"ocean_custom_logo_mobile_max_width":0,"ocean_custom_logo_max_height":0,"ocean_custom_logo_tablet_max_height":0,"ocean_custom_logo_mobile_max_height":0,"ocean_header_custom_menu":"0","ocean_menu_typo_font_family":"0","ocean_menu_typo_font_subset":"","ocean_menu_typo_font_size":0,"ocean_menu_typo_font_size_tablet":0,"ocean_menu_typo_font_size_mobile":0,"ocean_menu_typo_font_size_unit":"px","ocean_menu_typo_font_weight":"","ocean_menu_typo_font_weight_tablet":"","ocean_menu_typo_font_weight_mobile":"","ocean_menu_typo_transform":"","ocean_menu_typo_transform_tablet":"","ocean_menu_typo_transform_mobile":"","ocean_menu_typo_line_height":0,"ocean_menu_typo_line_height_tablet":0,"ocean_menu_typo_line_height_mobile":0,"ocean_menu_typo_line_height_unit":"","ocean_menu_typo_spacing":0,"ocean_menu_typo_spacing_tablet":0,"ocean_menu_typo_spacing_mobile":0,"ocean_menu_typo_spacing_unit":"","ocean_menu_link_color":"","ocean_menu_link_color_hover":"","ocean_menu_link_color_active":"","ocean_menu_link_background":"","ocean_menu_link_hover_background":"","ocean_menu_link_active_background":"","ocean_menu_social_links_bg":"","ocean_menu_social_hover_links_bg":"","ocean_menu_social_links_color":"","ocean_menu_social_hover_links_color":"","ocean_disable_title":"default","ocean_disable_heading":"default","ocean_post_title":"","ocean_post_subheading":"","ocean_post_title_style":"","ocean_post_title_background_color":"","ocean_post_title_background":0,"ocean_post_title_bg_image_position":"","ocean_post_title_bg_image_attachment":"","ocean_post_title_bg_image_repeat":"","ocean_post_title_bg_image_size":"","ocean_post_title_height":0,"ocean_post_title_bg_overlay":0.5,"ocean_post_title_bg_overlay_color":"","ocean_disable_breadcrumbs":"default","ocean_breadcrumbs_color":"","ocean_breadcrumbs_separator_color":"","ocean_breadcrumbs_links_color":"","ocean_breadcrumbs_links_hover_color":"","ocean_display_footer_widgets":"default","ocean_display_footer_bottom":"default","ocean_custom_footer_template":"0","footnotes":"","_links_to":"","_links_to_target":""},"class_list":["post-74","page","type-page","status-publish","hentry","entry"],"_links":{"self":[{"href":"https:\/\/sites.usp.br\/redlibre\/es\/wp-json\/wp\/v2\/pages\/74","targetHints":{"allow":["GET"]}}],"collection":[{"href":"https:\/\/sites.usp.br\/redlibre\/es\/wp-json\/wp\/v2\/pages"}],"about":[{"href":"https:\/\/sites.usp.br\/redlibre\/es\/wp-json\/wp\/v2\/types\/page"}],"author":[{"embeddable":true,"href":"https:\/\/sites.usp.br\/redlibre\/es\/wp-json\/wp\/v2\/users\/22325"}],"replies":[{"embeddable":true,"href":"https:\/\/sites.usp.br\/redlibre\/es\/wp-json\/wp\/v2\/comments?post=74"}],"version-history":[{"count":5,"href":"https:\/\/sites.usp.br\/redlibre\/es\/wp-json\/wp\/v2\/pages\/74\/revisions"}],"predecessor-version":[{"id":261,"href":"https:\/\/sites.usp.br\/redlibre\/es\/wp-json\/wp\/v2\/pages\/74\/revisions\/261"}],"wp:attachment":[{"href":"https:\/\/sites.usp.br\/redlibre\/es\/wp-json\/wp\/v2\/media?parent=74"}],"curies":[{"name":"wp","href":"https:\/\/api.w.org\/{rel}","templated":true}]}}