{"id":79,"date":"2021-11-10T16:31:13","date_gmt":"2021-11-10T19:31:13","guid":{"rendered":"https:\/\/sites.usp.br\/redlibre\/?page_id=79"},"modified":"2021-11-17T16:18:51","modified_gmt":"2021-11-17T19:18:51","slug":"projeto-uiu","status":"publish","type":"page","link":"https:\/\/sites.usp.br\/redlibre\/es\/projetos\/projeto-uiu\/","title":{"rendered":"Proyecto UIU"},"content":{"rendered":"<p>Como punto de partida de la Red, nos inscribimos en la Convocatoria II &#8211; 2019, Aviso P\u00fablico 1054, de Proyectos de Investigaci\u00f3n Interuniversitaria de la Uni\u00f3n Iberoamericana de Universidades (UIU). La UIU es una alianza estrat\u00e9gica formada por la Universidad de S\u00e3o Paulo (USP), la Universidad de Barcelona (UB), la Universidad de Buenos Aires (UBA), la Universidad Nacional Aut\u00f3noma de M\u00e9xico (UNAM) y la Universidad Complutense de Madrid ( UCM). El proyecto cont\u00f3 con la participaci\u00f3n de investigadores de las cinco universidades asociadas.<\/p>\n<p>El apoyo econ\u00f3mico concedido ten\u00eda como objetivo promover la investigaci\u00f3n de excelencia, incluida la movilidad internacional de investigadores y estudiantes de posgrado y la publicaci\u00f3n de art\u00edculos en colaboraci\u00f3n con universidades asociadas.<\/p>\n<p>Nuestro proyecto fue seleccionado y apoyado para ser desarrollado en 2020, pero considerando el contexto de la pandemia COVID-19, las actividades se pospusieron hasta 2021. El proyecto reuni\u00f3 a grupos de investigaci\u00f3n de las 5 universidades participantes con el fin de:<\/p>\n<ol>\n<li>Realizar un taller para debatir sobre la trayectoria de la reproducci\u00f3n asistida desde su aparici\u00f3n y c\u00f3mo ha cambiado la forma de ver e interpretar la reproducci\u00f3n social<\/li>\n<li>Publicaci\u00f3n, en la Revista \u00abINTERdisciplina\u00bb de la Universidad Nacional Aut\u00f3noma de M\u00e9xico (UNAM), del monogr\u00e1fico \u00abBiotecnolog\u00edas Reproductivas (en prensa) con art\u00edculos cuyos contenidos han sido debatidos en el taller<\/li>\n<li>Fomentar y promover la movilidad acad\u00e9mica de estudiantes graduados e investigadores que trabajen en los temas indicados<\/li>\n<li>Dise\u00f1ar la investigaci\u00f3n futura y la expansi\u00f3n de la red<\/li>\n<li>Transferencia de conocimiento a una gran audiencia de los debates que se lleven a cabo en el \u00e1mbito acad\u00e9mico,\u00a0 mediante la creaci\u00f3n de plataformas inform\u00e1ticas, que permitan a los interesados \u200b\u200bconocer aspectos relacionados con las t\u00e9cnicas de reproducci\u00f3n asistida, as\u00ed como mantener un di\u00e1logo con los grupos de investigaci\u00f3n de la red.<\/li>\n<\/ol>\n<p>Proyecto Uni\u00f3n Iberoamericana de Universidades (UIU) subvencionado: \u201cSocial Challenges of Medically Assisted Human Reproduction in Ibero-American Countries of Catholic Culture Tradition. Referencia\/C\u00f3digo: USP-02-2019\u201d<\/p>\n<p>Investigadoras responsables (IP) de las unidades acad\u00e9micas:<\/p>\n<p>Rosana Machin \u2013 Universidad de S\u00e3o Paulo<br \/>\nConsuelo \u00c1lvarez Plaza \u2013 Universidad Complutense de Madrid<br \/>\nNatacha Salom\u00e9 Lima \u2013 Universidad de Buenos Aires<br \/>\nNorma Bl\u00e1zquez Graf \u2013 Universidad Nacional Aut\u00f3noma de M\u00e9xico<br \/>\nSilvia de Zordo \u2013 Universidad de Barcelona<\/p>\n<p>El programa del taller y la grabaci\u00f3n de los trabajos presentados se pueden consultar en la pesta\u00f1a \u201cEventos\u201d del men\u00fa.<\/p>\n<p>&nbsp;<\/p>","protected":false},"excerpt":{"rendered":"<p>Como punto de partida de la Red, nos inscribimos en la Convocatoria II &#8211; 2019, Aviso P\u00fablico 1054, de Proyectos de Investigaci\u00f3n Interuniversitaria de la Uni\u00f3n Iberoamericana de Universidades (UIU). La UIU es una alianza estrat\u00e9gica formada por la Universidad de S\u00e3o Paulo (USP), la Universidad de Barcelona (UB), la Universidad de Buenos Aires (UBA), [&hellip;]<\/p>\n","protected":false},"author":22325,"featured_media":0,"parent":40,"menu_order":0,"comment_status":"closed","ping_status":"closed","template":"","meta":{"ocean_post_layout":"","ocean_both_sidebars_style":"","ocean_both_sidebars_content_width":0,"ocean_both_sidebars_sidebars_width":0,"ocean_sidebar":"0","ocean_second_sidebar":"0","ocean_disable_margins":"enable","ocean_add_body_class":"","ocean_shortcode_before_top_bar":"","ocean_shortcode_after_top_bar":"","ocean_shortcode_before_header":"","ocean_shortcode_after_header":"","ocean_has_shortcode":"","ocean_shortcode_after_title":"","ocean_shortcode_before_footer_widgets":"","ocean_shortcode_after_footer_widgets":"","ocean_shortcode_before_footer_bottom":"","ocean_shortcode_after_footer_bottom":"","ocean_display_top_bar":"default","ocean_display_header":"default","ocean_header_style":"","ocean_center_header_left_menu":"0","ocean_custom_header_template":"0","ocean_custom_logo":0,"ocean_custom_retina_logo":0,"ocean_custom_logo_max_width":0,"ocean_custom_logo_tablet_max_width":0,"ocean_custom_logo_mobile_max_width":0,"ocean_custom_logo_max_height":0,"ocean_custom_logo_tablet_max_height":0,"ocean_custom_logo_mobile_max_height":0,"ocean_header_custom_menu":"0","ocean_menu_typo_font_family":"0","ocean_menu_typo_font_subset":"","ocean_menu_typo_font_size":0,"ocean_menu_typo_font_size_tablet":0,"ocean_menu_typo_font_size_mobile":0,"ocean_menu_typo_font_size_unit":"px","ocean_menu_typo_font_weight":"","ocean_menu_typo_font_weight_tablet":"","ocean_menu_typo_font_weight_mobile":"","ocean_menu_typo_transform":"","ocean_menu_typo_transform_tablet":"","ocean_menu_typo_transform_mobile":"","ocean_menu_typo_line_height":0,"ocean_menu_typo_line_height_tablet":0,"ocean_menu_typo_line_height_mobile":0,"ocean_menu_typo_line_height_unit":"","ocean_menu_typo_spacing":0,"ocean_menu_typo_spacing_tablet":0,"ocean_menu_typo_spacing_mobile":0,"ocean_menu_typo_spacing_unit":"","ocean_menu_link_color":"","ocean_menu_link_color_hover":"","ocean_menu_link_color_active":"","ocean_menu_link_background":"","ocean_menu_link_hover_background":"","ocean_menu_link_active_background":"","ocean_menu_social_links_bg":"","ocean_menu_social_hover_links_bg":"","ocean_menu_social_links_color":"","ocean_menu_social_hover_links_color":"","ocean_disable_title":"default","ocean_disable_heading":"default","ocean_post_title":"","ocean_post_subheading":"","ocean_post_title_style":"","ocean_post_title_background_color":"","ocean_post_title_background":0,"ocean_post_title_bg_image_position":"","ocean_post_title_bg_image_attachment":"","ocean_post_title_bg_image_repeat":"","ocean_post_title_bg_image_size":"","ocean_post_title_height":0,"ocean_post_title_bg_overlay":0.5,"ocean_post_title_bg_overlay_color":"","ocean_disable_breadcrumbs":"default","ocean_breadcrumbs_color":"","ocean_breadcrumbs_separator_color":"","ocean_breadcrumbs_links_color":"","ocean_breadcrumbs_links_hover_color":"","ocean_display_footer_widgets":"default","ocean_display_footer_bottom":"default","ocean_custom_footer_template":"0","footnotes":"","_links_to":"","_links_to_target":""},"class_list":["post-79","page","type-page","status-publish","hentry","entry"],"_links":{"self":[{"href":"https:\/\/sites.usp.br\/redlibre\/es\/wp-json\/wp\/v2\/pages\/79","targetHints":{"allow":["GET"]}}],"collection":[{"href":"https:\/\/sites.usp.br\/redlibre\/es\/wp-json\/wp\/v2\/pages"}],"about":[{"href":"https:\/\/sites.usp.br\/redlibre\/es\/wp-json\/wp\/v2\/types\/page"}],"author":[{"embeddable":true,"href":"https:\/\/sites.usp.br\/redlibre\/es\/wp-json\/wp\/v2\/users\/22325"}],"replies":[{"embeddable":true,"href":"https:\/\/sites.usp.br\/redlibre\/es\/wp-json\/wp\/v2\/comments?post=79"}],"version-history":[{"count":4,"href":"https:\/\/sites.usp.br\/redlibre\/es\/wp-json\/wp\/v2\/pages\/79\/revisions"}],"predecessor-version":[{"id":173,"href":"https:\/\/sites.usp.br\/redlibre\/es\/wp-json\/wp\/v2\/pages\/79\/revisions\/173"}],"up":[{"embeddable":true,"href":"https:\/\/sites.usp.br\/redlibre\/es\/wp-json\/wp\/v2\/pages\/40"}],"wp:attachment":[{"href":"https:\/\/sites.usp.br\/redlibre\/es\/wp-json\/wp\/v2\/media?parent=79"}],"curies":[{"name":"wp","href":"https:\/\/api.w.org\/{rel}","templated":true}]}}