{"id":791,"date":"2023-04-13T09:14:12","date_gmt":"2023-04-13T12:14:12","guid":{"rendered":"https:\/\/sites.usp.br\/redlibre\/?page_id=791"},"modified":"2026-02-20T11:45:40","modified_gmt":"2026-02-20T14:45:40","slug":"mobilidade-academica","status":"publish","type":"page","link":"https:\/\/sites.usp.br\/redlibre\/es\/mobilidade-academica\/","title":{"rendered":"Movilidad Acad\u00e9mica"},"content":{"rendered":"<p>Uno de los objetivos de la Red es fomentar y promover la movilidad acad\u00e9mica de estudiantes de posgrado e investigadores que trabajan en el campo de las biotecnolog\u00edas reproductivas.<\/p>\n<p>En este sentido, registramos las siguientes estancias de movilidad acad\u00e9mica:<\/p>\n<p><strong>MARC-ABRAHAM PUIG HERN\u00c1NDEZ<\/strong>, doctor en Derecho por la Universidad de Barcelona y profesor del \u00e1rea de Filosof\u00eda del Derecho de la Universidad Aut\u00f3noma de Barcelona, ha realizado una estancia postdoctoral de investigaci\u00f3n en la Universidad Complutense de Madrid (Espa\u00f1a). Las sesiones de trabajo se han llevado a cabo en la Facultad de Ciencias Pol\u00edticas y Sociolog\u00eda de la Universidad Complutense de Madrid, desde el 1 de febrero de 2021 hasta el 31 de julio de 2021. Durante su estancia el Dr. Puig Hern\u00e1ndez ha colaborado y se ha formado dentro de una investigaci\u00f3n en curso, <em>\u201cSocial Challenges of Medically Assisted Human Reproduction in Ibero-American Countries of Catholic Culture Tradition\u201d<\/em> \u2013 Proyecto UIU.<\/p>\n<p>&nbsp;<\/p>\n<p><strong>PATRICIA GUADALUPE CUEVAS D\u00cdAZ<\/strong>, egresada de Relaciones Internacionales por la Facultad de Ciencias Pol\u00edticas y Sociales de la UNAM, ha realizado una estancia de investigaci\u00f3n en la Universidad Complutense de Madrid (Espa\u00f1a)\u00a0 del 11 de enero de 2021 al 26 de marzo de 2021, dentro del \u00a0\u201cPrograma de Iniciaci\u00f3n a la Investigaci\u00f3n CNBBBJ-UNAM-2020\u201d, bajo supervisi\u00f3n de Profa. Dra. Consuelo \u00c1lvarez-Plaza.\u00a0 Durante su estancia la Sra. Cuevas ha colaborado y se ha formado dentro de una investigaci\u00f3n en curso, <em>\u201cSocial Challenges of Medically Assisted Human Reproduction in Ibero-American Countries of Catholic Culture Tradition\u201d \u2013 <\/em>Proyecto UIU.<\/p>\n<p>&nbsp;<\/p>\n<p><strong>HUGO ENRIQUE P\u00c9REZ CH\u00c1VEZ<\/strong>, egresado de Relaciones Internacionales por la Facultad de Ciencias Pol\u00edticas y Sociales de la UNAM, ha realizado una estancia de investigaci\u00f3n en la Universidad Complutense de Madrid (Espa\u00f1a) del 19 de enero de 2021 al 2 de marzo de 2021, dentro del \u00a0\u201cPrograma de Iniciaci\u00f3n a la Investigaci\u00f3n CNBBBJ-UNAM-2020\u201d, bajo supervisi\u00f3n Profa. Dra. Consuelo \u00c1lvarez-Plaza. Durante su estancia el Sr. P\u00e9rez ha colaborado y se ha formado dentro de una investigaci\u00f3n en curso, <em>\u201cSocial Challenges of Medically Assisted Human Reproduction in Ibero-American Countries of Catholic Culture Tradition\u201d <\/em>\u2013 Proyecto UIU.<\/p>\n<p><em>\u00a0<\/em><\/p>\n<p><strong>EVA LUNA D\u00cdAZ GARC\u00cdA<\/strong>, doctoranda en Sociolog\u00eda y Antropolog\u00eda en la Universidad Complutense de Madrid e investigadora predoctoral (contrato FPU) en el Ministerio de Universidades de Espa\u00f1a, realiz\u00f3 pr\u00e1cticas de investigaci\u00f3n y docencia durante marzo, abril y mayo de 2022 en el Consejo Nacional de Investigaciones Cient\u00edficas y T\u00e9cnicas (CONICET), en colaboraci\u00f3n con la Facultad de Psicolog\u00eda de la Universidad de Buenos Aires (UBA). Estas pr\u00e1cticas se enmarcaron en el proyecto de investigaci\u00f3n \u00abDesaf\u00edos sociales de la reproducci\u00f3n humana m\u00e9dicamente asistida en pa\u00edses iberoamericanos de tradici\u00f3n cultural cat\u00f3lica\u00bb (Proyecto UIU), bajo supervisi\u00f3n de la Profa. Dra. Natacha Salom\u00e9 Lima, asistente de investigaci\u00f3n del Consejo Nacional de Investigaciones Cient\u00edficas y T\u00e9cnicas (CONICET) y profesora de la Facultad de Psicolog\u00eda de la Universidad de Buenos Aires.<\/p>\n<p>&nbsp;<\/p>\n<p><strong>FABIO ROBERTO CABAR<\/strong>, Doctor en Medicina, especialista en reproducci\u00f3n asistida, investigador y profesor del Departamento de Obstetricia y Ginecolog\u00eda de la Facultad de Medicina de la Universidad de Sao Paulo, ha realizado una estancia en la Universidad Complutense de Madrid (UCM) del 25 de april al 20 de junio de 2022.\u00a0 Durante su estancia el Dr. Cabar ha participado en seminario de la Redlibre y de actividades en el grupo de bio\u00e9tica de salud de la UCM.<\/p>\n<p>&nbsp;<\/p>\n<p><strong>MARIA ISABEL JOCILES RUBIO<\/strong>, es catedr\u00e1tica de la Universidad Complutense de Madrid, Departamento de Antropolog\u00eda Social e Psicolog\u00eda Social y integra el grupo de investigaci\u00f3n \u201cAntropolog\u00eda de las Pol\u00edticas Sociales y Culturales\u00bb (APSYC). Ha realizado una estancia en el Departamento de Medicina Preventiva, Faculdad de Medicina de la Universidad de S\u00e3o Paulo, como profesora invitada por el \u201cPrograma PrInt USP\/Capes Professor Visitante do Exterior\u201d de 01 a 15 de octubre de 2022. Durante su estancia la Sra. Jociles Rubio ha realizado un Minicurso titulado: La investigaci\u00f3n etnogr\u00e1fica en el marco de los estudios sobre la salud en el Programa de Posgrado en Salud Colectiva de la Faculdad de Medicina, Universidad de Sao Paulo. Ha realizado una clase en el curso de Posgrado \u201cCorpo em Perspectiva na Sa\u00fade Coletiva\u201d y realizado una conferencia en el \u00a0Seminario \u201cDoa\u00e7\u00e3o de ov\u00f3citos para tratamentos reprodutivos: altru\u00edsmo ou trabalho reprodutivo? A experi\u00eancia da Espanha em foco\u201d, promovido pelos Programas de Posgrado en Salud Colectiva de la Faculdade de Medicina de la Universidad de S\u00e3o Paulo (USP), Programa de Posgrado en Psicolog\u00eda Social de la Universidad de lo Estado de R\u00edo de Janeiro (UERJ) y Programa de Posgrado en Sociolog\u00eda de la Universidad Federal de Paran\u00e1 (UFPR).<\/p>\n<p>&nbsp;<\/p>\n<p><strong>DO\u00d1A ANTONELLA WAGNER<\/strong>, estancia en el Departamento de Antropolog\u00eda Social y Psicolog\u00eda Social de la Universidad Complutense de Madrid, como doctoranda de la Dra. Elizabeth Ormart miembro de REDLIBRE. El per\u00edodo de la estancia previsto es del 15 de marzo del 2023 al 15 de junio del 2023.<\/p>\n<p>&nbsp;<\/p>\n<p><strong>ROSANA MACHIN<\/strong>, es profesora de la Universidad de S\u00e3o Paulo (USP), Facultad de Medicina, Departamento de Medicina Preventiva. Realiza estancia como profesora invitada en el Departamento de Antropolog\u00eda Social y Psicolog\u00eda Social de la Universidad Complutense de Madrid (UCM), becaria del Programa CAPES-PrINT-USP, del 8 de mayo al 31 de octubre de 2023 para realizar actividades en colaboraci\u00f3n con Profesora Dra. Consuelo \u00c1lvarez Plaza de la UCM en el Proyecto \u201cGobernanza reproductiva y movilidades en Europa, Norte de \u00c1frica y Am\u00e9rica Latina: cuestionando la justicia y los derechos reproductivos en un contexto de &#8216;austeridad&#8217; y descenso de la fecundidad\u201d, coordinado por la Profesora Dra. Diana Marre de la Universitat Aut\u00f2noma de Barcelona.<\/p>","protected":false},"excerpt":{"rendered":"<p>Uno de los objetivos de la Red es fomentar y promover la movilidad acad\u00e9mica de estudiantes de posgrado e investigadores que trabajan en el campo de las biotecnolog\u00edas reproductivas. En este sentido, registramos las siguientes estancias de movilidad acad\u00e9mica: MARC-ABRAHAM PUIG HERN\u00c1NDEZ, doctor en Derecho por la Universidad de Barcelona y profesor del \u00e1rea de [&hellip;]<\/p>\n","protected":false},"author":22674,"featured_media":0,"parent":0,"menu_order":0,"comment_status":"closed","ping_status":"closed","template":"","meta":{"ocean_post_layout":"","ocean_both_sidebars_style":"","ocean_both_sidebars_content_width":0,"ocean_both_sidebars_sidebars_width":0,"ocean_sidebar":"0","ocean_second_sidebar":"0","ocean_disable_margins":"enable","ocean_add_body_class":"","ocean_shortcode_before_top_bar":"","ocean_shortcode_after_top_bar":"","ocean_shortcode_before_header":"","ocean_shortcode_after_header":"","ocean_has_shortcode":"","ocean_shortcode_after_title":"","ocean_shortcode_before_footer_widgets":"","ocean_shortcode_after_footer_widgets":"","ocean_shortcode_before_footer_bottom":"","ocean_shortcode_after_footer_bottom":"","ocean_display_top_bar":"default","ocean_display_header":"default","ocean_header_style":"","ocean_center_header_left_menu":"0","ocean_custom_header_template":"0","ocean_custom_logo":0,"ocean_custom_retina_logo":0,"ocean_custom_logo_max_width":0,"ocean_custom_logo_tablet_max_width":0,"ocean_custom_logo_mobile_max_width":0,"ocean_custom_logo_max_height":0,"ocean_custom_logo_tablet_max_height":0,"ocean_custom_logo_mobile_max_height":0,"ocean_header_custom_menu":"0","ocean_menu_typo_font_family":"0","ocean_menu_typo_font_subset":"","ocean_menu_typo_font_size":0,"ocean_menu_typo_font_size_tablet":0,"ocean_menu_typo_font_size_mobile":0,"ocean_menu_typo_font_size_unit":"px","ocean_menu_typo_font_weight":"","ocean_menu_typo_font_weight_tablet":"","ocean_menu_typo_font_weight_mobile":"","ocean_menu_typo_transform":"","ocean_menu_typo_transform_tablet":"","ocean_menu_typo_transform_mobile":"","ocean_menu_typo_line_height":0,"ocean_menu_typo_line_height_tablet":0,"ocean_menu_typo_line_height_mobile":0,"ocean_menu_typo_line_height_unit":"","ocean_menu_typo_spacing":0,"ocean_menu_typo_spacing_tablet":0,"ocean_menu_typo_spacing_mobile":0,"ocean_menu_typo_spacing_unit":"","ocean_menu_link_color":"","ocean_menu_link_color_hover":"","ocean_menu_link_color_active":"","ocean_menu_link_background":"","ocean_menu_link_hover_background":"","ocean_menu_link_active_background":"","ocean_menu_social_links_bg":"","ocean_menu_social_hover_links_bg":"","ocean_menu_social_links_color":"","ocean_menu_social_hover_links_color":"","ocean_disable_title":"default","ocean_disable_heading":"default","ocean_post_title":"","ocean_post_subheading":"","ocean_post_title_style":"","ocean_post_title_background_color":"","ocean_post_title_background":0,"ocean_post_title_bg_image_position":"","ocean_post_title_bg_image_attachment":"","ocean_post_title_bg_image_repeat":"","ocean_post_title_bg_image_size":"","ocean_post_title_height":0,"ocean_post_title_bg_overlay":0.5,"ocean_post_title_bg_overlay_color":"","ocean_disable_breadcrumbs":"default","ocean_breadcrumbs_color":"","ocean_breadcrumbs_separator_color":"","ocean_breadcrumbs_links_color":"","ocean_breadcrumbs_links_hover_color":"","ocean_display_footer_widgets":"default","ocean_display_footer_bottom":"default","ocean_custom_footer_template":"0","footnotes":"","_links_to":"","_links_to_target":""},"class_list":["post-791","page","type-page","status-publish","hentry","entry"],"_links":{"self":[{"href":"https:\/\/sites.usp.br\/redlibre\/es\/wp-json\/wp\/v2\/pages\/791","targetHints":{"allow":["GET"]}}],"collection":[{"href":"https:\/\/sites.usp.br\/redlibre\/es\/wp-json\/wp\/v2\/pages"}],"about":[{"href":"https:\/\/sites.usp.br\/redlibre\/es\/wp-json\/wp\/v2\/types\/page"}],"author":[{"embeddable":true,"href":"https:\/\/sites.usp.br\/redlibre\/es\/wp-json\/wp\/v2\/users\/22674"}],"replies":[{"embeddable":true,"href":"https:\/\/sites.usp.br\/redlibre\/es\/wp-json\/wp\/v2\/comments?post=791"}],"version-history":[{"count":4,"href":"https:\/\/sites.usp.br\/redlibre\/es\/wp-json\/wp\/v2\/pages\/791\/revisions"}],"predecessor-version":[{"id":1137,"href":"https:\/\/sites.usp.br\/redlibre\/es\/wp-json\/wp\/v2\/pages\/791\/revisions\/1137"}],"wp:attachment":[{"href":"https:\/\/sites.usp.br\/redlibre\/es\/wp-json\/wp\/v2\/media?parent=791"}],"curies":[{"name":"wp","href":"https:\/\/api.w.org\/{rel}","templated":true}]}}