{"id":27,"date":"2021-11-10T15:13:53","date_gmt":"2021-11-10T18:13:53","guid":{"rendered":"https:\/\/sites.usp.br\/redlibre\/?page_id=27"},"modified":"2022-03-05T20:45:35","modified_gmt":"2022-03-05T23:45:35","slug":"coordenacao","status":"publish","type":"page","link":"https:\/\/sites.usp.br\/redlibre\/sobre\/equipe\/coordenacao\/","title":{"rendered":"Coordena\u00e7\u00e3o"},"content":{"rendered":"<p>&nbsp;<\/p>\n<h4><img decoding=\"async\" class=\" wp-image-516 alignleft\" src=\"https:\/\/sites.usp.br\/redlibre\/wp-content\/uploads\/sites\/1043\/2022\/03\/IMG_4686-225x300.jpg\" alt=\"\" width=\"140\" height=\"187\" srcset=\"https:\/\/sites.usp.br\/redlibre\/wp-content\/uploads\/sites\/1043\/2022\/03\/IMG_4686-225x300.jpg 225w, https:\/\/sites.usp.br\/redlibre\/wp-content\/uploads\/sites\/1043\/2022\/03\/IMG_4686.jpg 480w\" sizes=\"(max-width: 140px) 100vw, 140px\" \/>Profa. Dra. Rosana Machin, Universidade de S\u00e3o Paulo (USP)<\/h4>\n<p>Graduada em Ci\u00eancias Sociais e doutora em Sociologia pela Universidade de S\u00e3o Paulo (USP), Brasil. Realizou p\u00f3s-doutorado na University of Cambridge e na London School of Economics and Political Science \u2013 LSE, University of London. \u00c9 professora de Ci\u00eancias Sociais em Sa\u00fade da Faculdade de Medicina, Departamento de Medicina Preventiva da Universidade de S\u00e3o Paulo (USP). Tem desenvolvido estudos nas tem\u00e1ticas: processo sa\u00fade doen\u00e7a; corpo e corporeidade; g\u00eanero e tecnologias reprodutivas resultando em diversas publica\u00e7\u00f5es (consultar ORCID). Integra o\u00a0 \u201cGrupo de Estudo e Pesquisa em Sa\u00fade, Interseccionalidade e Marcadores Sociais da Diferen\u00e7a (SIMAS)\u201d da USP.<\/p>\n<p>Email: <a href=\"mailto:rmachin@usp.br\">rmachin@usp.br<\/a><\/p>\n<p><a href=\"http:\/\/lattes.cnpq.br\/9222532963593471\">Curriculum Completo<\/a> | <a href=\"https:\/\/orcid.org\/0000-0003-1306-4276\">ORCID iD<\/a> | <a href=\"https:\/\/sites.usp.br\/simas\/o-simas\/\">SIMAS<\/a><\/p>\n<p>&nbsp;<\/p>\n<hr \/>\n<h4><img decoding=\"async\" class=\" wp-image-388 alignleft\" src=\"https:\/\/sites.usp.br\/redlibre\/wp-content\/uploads\/sites\/1043\/2021\/12\/Foto-Consuelo-Alvarez-actual-300x229.jpg\" alt=\"\" width=\"185\" height=\"141\" srcset=\"https:\/\/sites.usp.br\/redlibre\/wp-content\/uploads\/sites\/1043\/2021\/12\/Foto-Consuelo-Alvarez-actual-300x229.jpg 300w, https:\/\/sites.usp.br\/redlibre\/wp-content\/uploads\/sites\/1043\/2021\/12\/Foto-Consuelo-Alvarez-actual-1024x782.jpg 1024w, https:\/\/sites.usp.br\/redlibre\/wp-content\/uploads\/sites\/1043\/2021\/12\/Foto-Consuelo-Alvarez-actual-768x587.jpg 768w, https:\/\/sites.usp.br\/redlibre\/wp-content\/uploads\/sites\/1043\/2021\/12\/Foto-Consuelo-Alvarez-actual-1536x1173.jpg 1536w, https:\/\/sites.usp.br\/redlibre\/wp-content\/uploads\/sites\/1043\/2021\/12\/Foto-Consuelo-Alvarez-actual-2048x1564.jpg 2048w, https:\/\/sites.usp.br\/redlibre\/wp-content\/uploads\/sites\/1043\/2021\/12\/Foto-Consuelo-Alvarez-actual-80x60.jpg 80w\" sizes=\"(max-width: 185px) 100vw, 185px\" \/>Profa. Dra. Consuelo \u00c1lvarez Plaza, Universidade Complutense de Madri (UCM)<\/h4>\n<p>Doutora em Antropologia Social pela Universidade Complutense de Madri. Professora Titular\u00a0 no Departamento de Antropologia Social da UCM. \u00c9 membro da equipe de investiga\u00e7\u00e3o do Grupo de Investiga\u00e7\u00e3o \u201cAntropolog\u00eda de las Pol\u00edticas Sociales y Culturales\u201d (APSYC) de la UCM. Suas linhas de pesquisa s\u00e3o: investiga\u00e7\u00e3o etnogr\u00e1fica em novos contextos de procria\u00e7\u00e3o e tecnologias reprodutivas, parentesco e novas formas de fam\u00edlia, sa\u00fade sexual e reprodutiva, sa\u00fade materno-infantil e pol\u00edticas p\u00fablicas.<\/p>\n<p>Email: <a href=\"mailto:coalvare@ucm.es\">coalvare@ucm.es<\/a><\/p>\n<p><a href=\"https:\/\/orcid.org\/0000-0001-9520-357X\">ORCID iD <\/a><\/p>\n<p><a href=\"https:\/\/www.ucm.es\/donantesydiversidadfamiliar\">https:\/\/www.ucm.es\/donantesydiversidadfamiliar<\/a><\/p>","protected":false},"excerpt":{"rendered":"<p>&nbsp; Profa. Dra. Rosana Machin, Universidade de S\u00e3o Paulo (USP) Graduada em Ci\u00eancias Sociais e doutora em Sociologia pela Universidade de S\u00e3o Paulo (USP), Brasil. Realizou p\u00f3s-doutorado na University of Cambridge e na London School of Economics and Political Science \u2013 LSE, University of London. \u00c9 professora de Ci\u00eancias Sociais em Sa\u00fade da Faculdade de [&hellip;]<\/p>\n","protected":false},"author":22325,"featured_media":0,"parent":29,"menu_order":0,"comment_status":"closed","ping_status":"closed","template":"","meta":{"ocean_post_layout":"","ocean_both_sidebars_style":"","ocean_both_sidebars_content_width":0,"ocean_both_sidebars_sidebars_width":0,"ocean_sidebar":"0","ocean_second_sidebar":"0","ocean_disable_margins":"enable","ocean_add_body_class":"","ocean_shortcode_before_top_bar":"","ocean_shortcode_after_top_bar":"","ocean_shortcode_before_header":"","ocean_shortcode_after_header":"","ocean_has_shortcode":"","ocean_shortcode_after_title":"","ocean_shortcode_before_footer_widgets":"","ocean_shortcode_after_footer_widgets":"","ocean_shortcode_before_footer_bottom":"","ocean_shortcode_after_footer_bottom":"","ocean_display_top_bar":"default","ocean_display_header":"default","ocean_header_style":"","ocean_center_header_left_menu":"0","ocean_custom_header_template":"0","ocean_custom_logo":0,"ocean_custom_retina_logo":0,"ocean_custom_logo_max_width":0,"ocean_custom_logo_tablet_max_width":0,"ocean_custom_logo_mobile_max_width":0,"ocean_custom_logo_max_height":0,"ocean_custom_logo_tablet_max_height":0,"ocean_custom_logo_mobile_max_height":0,"ocean_header_custom_menu":"0","ocean_menu_typo_font_family":"0","ocean_menu_typo_font_subset":"","ocean_menu_typo_font_size":0,"ocean_menu_typo_font_size_tablet":0,"ocean_menu_typo_font_size_mobile":0,"ocean_menu_typo_font_size_unit":"px","ocean_menu_typo_font_weight":"","ocean_menu_typo_font_weight_tablet":"","ocean_menu_typo_font_weight_mobile":"","ocean_menu_typo_transform":"","ocean_menu_typo_transform_tablet":"","ocean_menu_typo_transform_mobile":"","ocean_menu_typo_line_height":0,"ocean_menu_typo_line_height_tablet":0,"ocean_menu_typo_line_height_mobile":0,"ocean_menu_typo_line_height_unit":"","ocean_menu_typo_spacing":0,"ocean_menu_typo_spacing_tablet":0,"ocean_menu_typo_spacing_mobile":0,"ocean_menu_typo_spacing_unit":"","ocean_menu_link_color":"","ocean_menu_link_color_hover":"","ocean_menu_link_color_active":"","ocean_menu_link_background":"","ocean_menu_link_hover_background":"","ocean_menu_link_active_background":"","ocean_menu_social_links_bg":"","ocean_menu_social_hover_links_bg":"","ocean_menu_social_links_color":"","ocean_menu_social_hover_links_color":"","ocean_disable_title":"default","ocean_disable_heading":"default","ocean_post_title":"","ocean_post_subheading":"","ocean_post_title_style":"","ocean_post_title_background_color":"","ocean_post_title_background":0,"ocean_post_title_bg_image_position":"","ocean_post_title_bg_image_attachment":"","ocean_post_title_bg_image_repeat":"","ocean_post_title_bg_image_size":"","ocean_post_title_height":0,"ocean_post_title_bg_overlay":0.5,"ocean_post_title_bg_overlay_color":"","ocean_disable_breadcrumbs":"default","ocean_breadcrumbs_color":"","ocean_breadcrumbs_separator_color":"","ocean_breadcrumbs_links_color":"","ocean_breadcrumbs_links_hover_color":"","ocean_display_footer_widgets":"default","ocean_display_footer_bottom":"default","ocean_custom_footer_template":"0","footnotes":"","_links_to":"","_links_to_target":""},"class_list":["post-27","page","type-page","status-publish","hentry","entry"],"_links":{"self":[{"href":"https:\/\/sites.usp.br\/redlibre\/wp-json\/wp\/v2\/pages\/27","targetHints":{"allow":["GET"]}}],"collection":[{"href":"https:\/\/sites.usp.br\/redlibre\/wp-json\/wp\/v2\/pages"}],"about":[{"href":"https:\/\/sites.usp.br\/redlibre\/wp-json\/wp\/v2\/types\/page"}],"author":[{"embeddable":true,"href":"https:\/\/sites.usp.br\/redlibre\/wp-json\/wp\/v2\/users\/22325"}],"replies":[{"embeddable":true,"href":"https:\/\/sites.usp.br\/redlibre\/wp-json\/wp\/v2\/comments?post=27"}],"version-history":[{"count":5,"href":"https:\/\/sites.usp.br\/redlibre\/wp-json\/wp\/v2\/pages\/27\/revisions"}],"predecessor-version":[{"id":518,"href":"https:\/\/sites.usp.br\/redlibre\/wp-json\/wp\/v2\/pages\/27\/revisions\/518"}],"up":[{"embeddable":true,"href":"https:\/\/sites.usp.br\/redlibre\/wp-json\/wp\/v2\/pages\/29"}],"wp:attachment":[{"href":"https:\/\/sites.usp.br\/redlibre\/wp-json\/wp\/v2\/media?parent=27"}],"curies":[{"name":"wp","href":"https:\/\/api.w.org\/{rel}","templated":true}]}}