{"id":51,"date":"2021-11-10T15:28:57","date_gmt":"2021-11-10T18:28:57","guid":{"rendered":"https:\/\/sites.usp.br\/redlibre\/?page_id=51"},"modified":"2021-12-01T17:27:53","modified_gmt":"2021-12-01T20:27:53","slug":"pagina-inicial","status":"publish","type":"page","link":"https:\/\/sites.usp.br\/redlibre\/","title":{"rendered":"Rede Latina de Pesquisadores em Biotecnologias Reprodutivas   REDLIBRE"},"content":{"rendered":"\t\t<div data-elementor-type=\"wp-page\" data-elementor-id=\"51\" class=\"elementor elementor-51\">\n\t\t\t\t\t\t<section class=\"elementor-section elementor-top-section elementor-element elementor-element-326d4be2 elementor-section-boxed elementor-section-height-default elementor-section-height-default\" data-id=\"326d4be2\" data-element_type=\"section\">\n\t\t\t\t\t\t<div class=\"elementor-container elementor-column-gap-default\">\n\t\t\t\t\t<div class=\"elementor-column elementor-col-100 elementor-top-column elementor-element elementor-element-1288cfc6\" data-id=\"1288cfc6\" data-element_type=\"column\">\n\t\t\t<div class=\"elementor-widget-wrap elementor-element-populated\">\n\t\t\t\t\t\t<div class=\"elementor-element elementor-element-6568489f elementor-widget elementor-widget-text-editor\" data-id=\"6568489f\" data-element_type=\"widget\" data-widget_type=\"text-editor.default\">\n\t\t\t\t<div class=\"elementor-widget-container\">\n\t\t\t\t\t\t\t<h4><\/h4><h3><strong>Bem vindos (as),\u00a0<\/strong><\/h3><h4><span style=\"font-weight: normal;\">A Rede Latina de Pesquisadores em Biotecnologias Reprodutivas &#8211; REDLIBRE surgiu da necessidade de reunir pesquisadores de diversos pa\u00edses de tradi\u00e7\u00e3o cultural latina para promover o debate da tem\u00e1tica da reprodu\u00e7\u00e3o humana assistida e suas implica\u00e7\u00f5es em termos de acesso, desigualdades relacionadas \u00e0 idade, g\u00eanero, ra\u00e7a\/origem \u00e9tnica, religi\u00e3o, orienta\u00e7\u00e3o sexual, nacionalidade e\/ou intersec\u00e7\u00e3o desses aspectos, mobilidades de pessoas, profissionais de sa\u00fade e material gen\u00e9tico com fins reprodutivos, modelos de fam\u00edlia, filia\u00e7\u00e3o e parentesco, direitos e marcos legislativos adotados, anonimato e segredo relativo aos processos reprodutivos e \u00e0s origens gen\u00e9ticas.<\/span><\/p>\t\t\t\t\t\t<\/div>\n\t\t\t\t<\/div>\n\t\t\t\t\t<\/div>\n\t\t<\/div>\n\t\t\t\t\t<\/div>\n\t\t<\/section>\n\t\t\t\t<\/div>\n\t\t","protected":false},"excerpt":{"rendered":"<p>Bem vindos (as),\u00a0 A Rede Latina de Pesquisadores em Biotecnologias Reprodutivas &#8211; REDLIBRE surgiu da necessidade de reunir pesquisadores de diversos pa\u00edses de tradi\u00e7\u00e3o cultural latina para promover o debate da tem\u00e1tica da reprodu\u00e7\u00e3o humana assistida e suas implica\u00e7\u00f5es em termos de acesso, desigualdades relacionadas \u00e0 idade, g\u00eanero, ra\u00e7a\/origem \u00e9tnica, religi\u00e3o, orienta\u00e7\u00e3o sexual, nacionalidade e\/ou [&hellip;]<\/p>\n","protected":false},"author":22325,"featured_media":0,"parent":0,"menu_order":0,"comment_status":"closed","ping_status":"closed","template":"","meta":{"ocean_post_layout":"full-width","ocean_both_sidebars_style":"","ocean_both_sidebars_content_width":0,"ocean_both_sidebars_sidebars_width":0,"ocean_sidebar":"0","ocean_second_sidebar":"0","ocean_disable_margins":"enable","ocean_add_body_class":"","ocean_shortcode_before_top_bar":"","ocean_shortcode_after_top_bar":"","ocean_shortcode_before_header":"","ocean_shortcode_after_header":"","ocean_has_shortcode":"","ocean_shortcode_after_title":"","ocean_shortcode_before_footer_widgets":"","ocean_shortcode_after_footer_widgets":"","ocean_shortcode_before_footer_bottom":"","ocean_shortcode_after_footer_bottom":"","ocean_display_top_bar":"default","ocean_display_header":"default","ocean_header_style":"","ocean_center_header_left_menu":"0","ocean_custom_header_template":"0","ocean_custom_logo":0,"ocean_custom_retina_logo":0,"ocean_custom_logo_max_width":0,"ocean_custom_logo_tablet_max_width":0,"ocean_custom_logo_mobile_max_width":0,"ocean_custom_logo_max_height":0,"ocean_custom_logo_tablet_max_height":0,"ocean_custom_logo_mobile_max_height":0,"ocean_header_custom_menu":"0","ocean_menu_typo_font_family":"0","ocean_menu_typo_font_subset":"","ocean_menu_typo_font_size":0,"ocean_menu_typo_font_size_tablet":0,"ocean_menu_typo_font_size_mobile":0,"ocean_menu_typo_font_size_unit":"px","ocean_menu_typo_font_weight":"","ocean_menu_typo_font_weight_tablet":"","ocean_menu_typo_font_weight_mobile":"","ocean_menu_typo_transform":"","ocean_menu_typo_transform_tablet":"","ocean_menu_typo_transform_mobile":"","ocean_menu_typo_line_height":0,"ocean_menu_typo_line_height_tablet":0,"ocean_menu_typo_line_height_mobile":0,"ocean_menu_typo_line_height_unit":"","ocean_menu_typo_spacing":0,"ocean_menu_typo_spacing_tablet":0,"ocean_menu_typo_spacing_mobile":0,"ocean_menu_typo_spacing_unit":"","ocean_menu_link_color":"","ocean_menu_link_color_hover":"","ocean_menu_link_color_active":"","ocean_menu_link_background":"","ocean_menu_link_hover_background":"","ocean_menu_link_active_background":"","ocean_menu_social_links_bg":"","ocean_menu_social_hover_links_bg":"","ocean_menu_social_links_color":"","ocean_menu_social_hover_links_color":"","ocean_disable_title":"default","ocean_disable_heading":"default","ocean_post_title":"","ocean_post_subheading":"","ocean_post_title_style":"","ocean_post_title_background_color":"","ocean_post_title_background":0,"ocean_post_title_bg_image_position":"","ocean_post_title_bg_image_attachment":"","ocean_post_title_bg_image_repeat":"","ocean_post_title_bg_image_size":"","ocean_post_title_height":0,"ocean_post_title_bg_overlay":0.5,"ocean_post_title_bg_overlay_color":"","ocean_disable_breadcrumbs":"default","ocean_breadcrumbs_color":"","ocean_breadcrumbs_separator_color":"","ocean_breadcrumbs_links_color":"","ocean_breadcrumbs_links_hover_color":"","ocean_display_footer_widgets":"default","ocean_display_footer_bottom":"default","ocean_custom_footer_template":"0","footnotes":"","_links_to":"","_links_to_target":""},"class_list":["post-51","page","type-page","status-publish","hentry","entry"],"_links":{"self":[{"href":"https:\/\/sites.usp.br\/redlibre\/wp-json\/wp\/v2\/pages\/51","targetHints":{"allow":["GET"]}}],"collection":[{"href":"https:\/\/sites.usp.br\/redlibre\/wp-json\/wp\/v2\/pages"}],"about":[{"href":"https:\/\/sites.usp.br\/redlibre\/wp-json\/wp\/v2\/types\/page"}],"author":[{"embeddable":true,"href":"https:\/\/sites.usp.br\/redlibre\/wp-json\/wp\/v2\/users\/22325"}],"replies":[{"embeddable":true,"href":"https:\/\/sites.usp.br\/redlibre\/wp-json\/wp\/v2\/comments?post=51"}],"version-history":[{"count":4,"href":"https:\/\/sites.usp.br\/redlibre\/wp-json\/wp\/v2\/pages\/51\/revisions"}],"predecessor-version":[{"id":368,"href":"https:\/\/sites.usp.br\/redlibre\/wp-json\/wp\/v2\/pages\/51\/revisions\/368"}],"wp:attachment":[{"href":"https:\/\/sites.usp.br\/redlibre\/wp-json\/wp\/v2\/media?parent=51"}],"curies":[{"name":"wp","href":"https:\/\/api.w.org\/{rel}","templated":true}]}}