{"id":79,"date":"2021-11-10T16:31:13","date_gmt":"2021-11-10T19:31:13","guid":{"rendered":"https:\/\/sites.usp.br\/redlibre\/?page_id=79"},"modified":"2021-11-17T16:18:51","modified_gmt":"2021-11-17T19:18:51","slug":"projeto-uiu","status":"publish","type":"page","link":"https:\/\/sites.usp.br\/redlibre\/projetos\/projeto-uiu\/","title":{"rendered":"Projeto UIU"},"content":{"rendered":"<p>Como ponto de partida da Rede, nos inscrevemos para a Chamada II &#8211; 2019, Edital 1054, de Projetos de Pesquisa Interuniversit\u00e1ria da Uni\u00e3o Ibero-Americana de Universidades (UIU). A UIU \u00e9 uma alian\u00e7a estrat\u00e9gica formada pela Universidade de S\u00e3o Paulo (USP),\u00a0 Universidade de Barcelona (UB),\u00a0 Universidade de Buenos Aires (UBA),\u00a0 Universidade Nacional Aut\u00f4noma do M\u00e9xico ( UNAM) e\u00a0 Universidade Complutense de Madrid (UCM). O projeto envolveu a participa\u00e7\u00e3o de pesquisadoras das cinco universidades parceiras.<\/p>\n<p>O apoio financeiro concedido se destinou a promover pesquisas de excel\u00eancia, incluindo mobilidade internacional para pesquisadores, estudantes de p\u00f3s-gradua\u00e7\u00e3o, a publica\u00e7\u00e3o de artigos em colabora\u00e7\u00e3o com as universidades parceiras e, em \u00faltima inst\u00e2ncia, promover pesquisas conjuntas.<\/p>\n<p>Nosso projeto foi selecionado e subsidiado para ser desenvolvido em 2020, mas considerando o contexto da pandemia COVID-19, as atividades foram adiadas para 2021.<\/p>\n<p>O projeto reuniu os grupos de pesquisa das 5 universidades participantes objetivando:<\/p>\n<p>1.\u00a0 Realizar um workshop para discutir o percurso da reprodu\u00e7\u00e3o assistida desde o seu surgimento e como mudou a forma de ver e interpretar a reprodu\u00e7\u00e3o social;<\/p>\n<p>2. Publicar, na revista &#8220;INTERdisciplina&#8221; da Universidade Nacional Aut\u00f4noma do M\u00e9xico (UNAM), o dossier &#8220;Biotecnologias Reprodutivas&#8221; (no prelo) con artigos cujos conte\u00fados foram discutidos no workshop;<\/p>\n<p>3. Incentivar e promover a mobilidade acad\u00eamica de alunos de p\u00f3s-gradua\u00e7\u00e3o e pesquisadores que atuam nos temas indicados;<\/p>\n<p>4. Projetar pesquisas futuras e expans\u00e3o da rede;<\/p>\n<p>5. Transfer\u00eancia de conhecimento para um grande p\u00fablico dos debates que se conduzam no \u00e2mbito acad\u00eamico, mediante a cria\u00e7\u00e3o de plataformas digitais, que permitam aos interessados conhecer aspectos relacionados com as t\u00e9cnicas de reprodu\u00e7\u00e3o assistida, bem como manter o di\u00e1logo com os grupos de investiga\u00e7\u00e3o da rede.<\/p>\n<p>Projeto Uni\u00e3o Iberoamericana de Universidades (UIU) apoiado: &#8220;Social Challenges of Medically Assisted Human Reproduction in Ibero-American Countries of Catholic Culture Tradition. Referencia\/C\u00f3digo: USP-02-2019&#8221;<\/p>\n<p>Pesquisadoras respons\u00e1veis (IP) das unidades acad\u00eamicas:<\/p>\n<p><strong>Rosana Machin<\/strong> &#8211;\u00a0Universidade de S\u00e3o Paulo<br \/>\n<strong>Consuelo \u00c1lvarez Plaza<\/strong> &#8211;\u00a0Universidade Complutense de Madri<br \/>\n<strong>Natacha Salom\u00e9 Lima<\/strong> &#8211;\u00a0Universidade de Buenos Aires<br \/>\n<strong>Norma Bl\u00e1zquez Graf<\/strong> &#8211;\u00a0Universidade Nacional Aut\u00f3noma de M\u00e9xico<br \/>\n<strong>Silvia de Zordo<\/strong> &#8211;\u00a0Universidade de Barcelona<\/p>\n<p>A programa\u00e7\u00e3o do workshop e a grava\u00e7\u00e3o dos trabalhos apresentados podem ser consultados na aba &#8220;Eventos&#8221; do menu.<\/p>\n<p>&nbsp;<\/p>","protected":false},"excerpt":{"rendered":"<p>Como ponto de partida da Rede, nos inscrevemos para a Chamada II &#8211; 2019, Edital 1054, de Projetos de Pesquisa Interuniversit\u00e1ria da Uni\u00e3o Ibero-Americana de Universidades (UIU). A UIU \u00e9 uma alian\u00e7a estrat\u00e9gica formada pela Universidade de S\u00e3o Paulo (USP),\u00a0 Universidade de Barcelona (UB),\u00a0 Universidade de Buenos Aires (UBA),\u00a0 Universidade Nacional Aut\u00f4noma do M\u00e9xico ( [&hellip;]<\/p>\n","protected":false},"author":22325,"featured_media":0,"parent":40,"menu_order":0,"comment_status":"closed","ping_status":"closed","template":"","meta":{"ocean_post_layout":"","ocean_both_sidebars_style":"","ocean_both_sidebars_content_width":0,"ocean_both_sidebars_sidebars_width":0,"ocean_sidebar":"0","ocean_second_sidebar":"0","ocean_disable_margins":"enable","ocean_add_body_class":"","ocean_shortcode_before_top_bar":"","ocean_shortcode_after_top_bar":"","ocean_shortcode_before_header":"","ocean_shortcode_after_header":"","ocean_has_shortcode":"","ocean_shortcode_after_title":"","ocean_shortcode_before_footer_widgets":"","ocean_shortcode_after_footer_widgets":"","ocean_shortcode_before_footer_bottom":"","ocean_shortcode_after_footer_bottom":"","ocean_display_top_bar":"default","ocean_display_header":"default","ocean_header_style":"","ocean_center_header_left_menu":"0","ocean_custom_header_template":"0","ocean_custom_logo":0,"ocean_custom_retina_logo":0,"ocean_custom_logo_max_width":0,"ocean_custom_logo_tablet_max_width":0,"ocean_custom_logo_mobile_max_width":0,"ocean_custom_logo_max_height":0,"ocean_custom_logo_tablet_max_height":0,"ocean_custom_logo_mobile_max_height":0,"ocean_header_custom_menu":"0","ocean_menu_typo_font_family":"0","ocean_menu_typo_font_subset":"","ocean_menu_typo_font_size":0,"ocean_menu_typo_font_size_tablet":0,"ocean_menu_typo_font_size_mobile":0,"ocean_menu_typo_font_size_unit":"px","ocean_menu_typo_font_weight":"","ocean_menu_typo_font_weight_tablet":"","ocean_menu_typo_font_weight_mobile":"","ocean_menu_typo_transform":"","ocean_menu_typo_transform_tablet":"","ocean_menu_typo_transform_mobile":"","ocean_menu_typo_line_height":0,"ocean_menu_typo_line_height_tablet":0,"ocean_menu_typo_line_height_mobile":0,"ocean_menu_typo_line_height_unit":"","ocean_menu_typo_spacing":0,"ocean_menu_typo_spacing_tablet":0,"ocean_menu_typo_spacing_mobile":0,"ocean_menu_typo_spacing_unit":"","ocean_menu_link_color":"","ocean_menu_link_color_hover":"","ocean_menu_link_color_active":"","ocean_menu_link_background":"","ocean_menu_link_hover_background":"","ocean_menu_link_active_background":"","ocean_menu_social_links_bg":"","ocean_menu_social_hover_links_bg":"","ocean_menu_social_links_color":"","ocean_menu_social_hover_links_color":"","ocean_disable_title":"default","ocean_disable_heading":"default","ocean_post_title":"","ocean_post_subheading":"","ocean_post_title_style":"","ocean_post_title_background_color":"","ocean_post_title_background":0,"ocean_post_title_bg_image_position":"","ocean_post_title_bg_image_attachment":"","ocean_post_title_bg_image_repeat":"","ocean_post_title_bg_image_size":"","ocean_post_title_height":0,"ocean_post_title_bg_overlay":0.5,"ocean_post_title_bg_overlay_color":"","ocean_disable_breadcrumbs":"default","ocean_breadcrumbs_color":"","ocean_breadcrumbs_separator_color":"","ocean_breadcrumbs_links_color":"","ocean_breadcrumbs_links_hover_color":"","ocean_display_footer_widgets":"default","ocean_display_footer_bottom":"default","ocean_custom_footer_template":"0","footnotes":"","_links_to":"","_links_to_target":""},"class_list":["post-79","page","type-page","status-publish","hentry","entry"],"_links":{"self":[{"href":"https:\/\/sites.usp.br\/redlibre\/wp-json\/wp\/v2\/pages\/79","targetHints":{"allow":["GET"]}}],"collection":[{"href":"https:\/\/sites.usp.br\/redlibre\/wp-json\/wp\/v2\/pages"}],"about":[{"href":"https:\/\/sites.usp.br\/redlibre\/wp-json\/wp\/v2\/types\/page"}],"author":[{"embeddable":true,"href":"https:\/\/sites.usp.br\/redlibre\/wp-json\/wp\/v2\/users\/22325"}],"replies":[{"embeddable":true,"href":"https:\/\/sites.usp.br\/redlibre\/wp-json\/wp\/v2\/comments?post=79"}],"version-history":[{"count":4,"href":"https:\/\/sites.usp.br\/redlibre\/wp-json\/wp\/v2\/pages\/79\/revisions"}],"predecessor-version":[{"id":173,"href":"https:\/\/sites.usp.br\/redlibre\/wp-json\/wp\/v2\/pages\/79\/revisions\/173"}],"up":[{"embeddable":true,"href":"https:\/\/sites.usp.br\/redlibre\/wp-json\/wp\/v2\/pages\/40"}],"wp:attachment":[{"href":"https:\/\/sites.usp.br\/redlibre\/wp-json\/wp\/v2\/media?parent=79"}],"curies":[{"name":"wp","href":"https:\/\/api.w.org\/{rel}","templated":true}]}}