{"id":800,"date":"2023-04-27T10:58:00","date_gmt":"2023-04-27T13:58:00","guid":{"rendered":"https:\/\/sites.usp.br\/redlibre\/?page_id=800"},"modified":"2023-05-16T11:05:25","modified_gmt":"2023-05-16T14:05:25","slug":"colaboracoes","status":"publish","type":"page","link":"https:\/\/sites.usp.br\/redlibre\/colaboracoes\/","title":{"rendered":"Colabora\u00e7\u00f5es"},"content":{"rendered":"<p>Colabora\u00e7\u00e3o com a Associa\u00e7\u00e3o &#8216;Son Nuestros Hijos&#8217;.<\/p>\n<p>&#8220;Son Nuestros Hijos&#8221; \u00e9 uma associa\u00e7\u00e3o de v\u00e1rias fam\u00edlias que recorrem \u00e0 gesta\u00e7\u00e3o por substitui\u00e7\u00e3o como forma de acesso \u00e0 paternidade e maternidade. SNH \u00e9 o grupo organizado mais antigo da Espanha dedicado ao ativismo em favor da gesta\u00e7\u00e3o por substitui\u00e7\u00e3o como direito reprodutivo.<\/p>\n<p><img decoding=\"async\" class=\"size-medium wp-image-801 alignnone\" src=\"https:\/\/sites.usp.br\/redlibre\/wp-content\/uploads\/sites\/1043\/2023\/04\/logo-snh-asociacion-300x159.jpg\" alt=\"\" width=\"300\" height=\"159\" srcset=\"https:\/\/sites.usp.br\/redlibre\/wp-content\/uploads\/sites\/1043\/2023\/04\/logo-snh-asociacion-300x159.jpg 300w, https:\/\/sites.usp.br\/redlibre\/wp-content\/uploads\/sites\/1043\/2023\/04\/logo-snh-asociacion.jpg 620w\" sizes=\"(max-width: 300px) 100vw, 300px\" \/><\/p>\n<p>&nbsp;<\/p>\n<p>Acesso ao site pelo link: <a href=\"http:\/\/sonnuestroshijos.com\/\">http:\/\/nuestro link: http:\/\/sonnuestroshijos.com\/<\/a><\/p>","protected":false},"excerpt":{"rendered":"<p>Colabora\u00e7\u00e3o com a Associa\u00e7\u00e3o &#8216;Son Nuestros Hijos&#8217;. &#8220;Son Nuestros Hijos&#8221; \u00e9 uma associa\u00e7\u00e3o de v\u00e1rias fam\u00edlias que recorrem \u00e0 gesta\u00e7\u00e3o por substitui\u00e7\u00e3o como forma de acesso \u00e0 paternidade e maternidade. SNH \u00e9 o grupo organizado mais antigo da Espanha dedicado ao ativismo em favor da gesta\u00e7\u00e3o por substitui\u00e7\u00e3o como direito reprodutivo. &nbsp; Acesso ao site [&hellip;]<\/p>\n","protected":false},"author":22674,"featured_media":0,"parent":0,"menu_order":0,"comment_status":"closed","ping_status":"closed","template":"","meta":{"ocean_post_layout":"","ocean_both_sidebars_style":"","ocean_both_sidebars_content_width":0,"ocean_both_sidebars_sidebars_width":0,"ocean_sidebar":"0","ocean_second_sidebar":"0","ocean_disable_margins":"enable","ocean_add_body_class":"","ocean_shortcode_before_top_bar":"","ocean_shortcode_after_top_bar":"","ocean_shortcode_before_header":"","ocean_shortcode_after_header":"","ocean_has_shortcode":"","ocean_shortcode_after_title":"","ocean_shortcode_before_footer_widgets":"","ocean_shortcode_after_footer_widgets":"","ocean_shortcode_before_footer_bottom":"","ocean_shortcode_after_footer_bottom":"","ocean_display_top_bar":"default","ocean_display_header":"default","ocean_header_style":"","ocean_center_header_left_menu":"0","ocean_custom_header_template":"0","ocean_custom_logo":0,"ocean_custom_retina_logo":0,"ocean_custom_logo_max_width":0,"ocean_custom_logo_tablet_max_width":0,"ocean_custom_logo_mobile_max_width":0,"ocean_custom_logo_max_height":0,"ocean_custom_logo_tablet_max_height":0,"ocean_custom_logo_mobile_max_height":0,"ocean_header_custom_menu":"0","ocean_menu_typo_font_family":"0","ocean_menu_typo_font_subset":"","ocean_menu_typo_font_size":0,"ocean_menu_typo_font_size_tablet":0,"ocean_menu_typo_font_size_mobile":0,"ocean_menu_typo_font_size_unit":"px","ocean_menu_typo_font_weight":"","ocean_menu_typo_font_weight_tablet":"","ocean_menu_typo_font_weight_mobile":"","ocean_menu_typo_transform":"","ocean_menu_typo_transform_tablet":"","ocean_menu_typo_transform_mobile":"","ocean_menu_typo_line_height":0,"ocean_menu_typo_line_height_tablet":0,"ocean_menu_typo_line_height_mobile":0,"ocean_menu_typo_line_height_unit":"","ocean_menu_typo_spacing":0,"ocean_menu_typo_spacing_tablet":0,"ocean_menu_typo_spacing_mobile":0,"ocean_menu_typo_spacing_unit":"","ocean_menu_link_color":"","ocean_menu_link_color_hover":"","ocean_menu_link_color_active":"","ocean_menu_link_background":"","ocean_menu_link_hover_background":"","ocean_menu_link_active_background":"","ocean_menu_social_links_bg":"","ocean_menu_social_hover_links_bg":"","ocean_menu_social_links_color":"","ocean_menu_social_hover_links_color":"","ocean_disable_title":"default","ocean_disable_heading":"default","ocean_post_title":"","ocean_post_subheading":"","ocean_post_title_style":"","ocean_post_title_background_color":"","ocean_post_title_background":0,"ocean_post_title_bg_image_position":"","ocean_post_title_bg_image_attachment":"","ocean_post_title_bg_image_repeat":"","ocean_post_title_bg_image_size":"","ocean_post_title_height":0,"ocean_post_title_bg_overlay":0.5,"ocean_post_title_bg_overlay_color":"","ocean_disable_breadcrumbs":"default","ocean_breadcrumbs_color":"","ocean_breadcrumbs_separator_color":"","ocean_breadcrumbs_links_color":"","ocean_breadcrumbs_links_hover_color":"","ocean_display_footer_widgets":"default","ocean_display_footer_bottom":"default","ocean_custom_footer_template":"0","footnotes":"","_links_to":"","_links_to_target":""},"class_list":["post-800","page","type-page","status-publish","hentry","entry"],"_links":{"self":[{"href":"https:\/\/sites.usp.br\/redlibre\/wp-json\/wp\/v2\/pages\/800","targetHints":{"allow":["GET"]}}],"collection":[{"href":"https:\/\/sites.usp.br\/redlibre\/wp-json\/wp\/v2\/pages"}],"about":[{"href":"https:\/\/sites.usp.br\/redlibre\/wp-json\/wp\/v2\/types\/page"}],"author":[{"embeddable":true,"href":"https:\/\/sites.usp.br\/redlibre\/wp-json\/wp\/v2\/users\/22674"}],"replies":[{"embeddable":true,"href":"https:\/\/sites.usp.br\/redlibre\/wp-json\/wp\/v2\/comments?post=800"}],"version-history":[{"count":4,"href":"https:\/\/sites.usp.br\/redlibre\/wp-json\/wp\/v2\/pages\/800\/revisions"}],"predecessor-version":[{"id":823,"href":"https:\/\/sites.usp.br\/redlibre\/wp-json\/wp\/v2\/pages\/800\/revisions\/823"}],"wp:attachment":[{"href":"https:\/\/sites.usp.br\/redlibre\/wp-json\/wp\/v2\/media?parent=800"}],"curies":[{"name":"wp","href":"https:\/\/api.w.org\/{rel}","templated":true}]}}