{"id":944,"date":"2024-03-25T15:52:30","date_gmt":"2024-03-25T18:52:30","guid":{"rendered":"https:\/\/sites.usp.br\/redlibre\/?page_id=944"},"modified":"2024-03-30T18:45:13","modified_gmt":"2024-03-30T21:45:13","slug":"seminario-bioeconomia-reprodutiva-sessao-17-migracoes-reprodutivas","status":"publish","type":"page","link":"https:\/\/sites.usp.br\/redlibre\/seminario-bioeconomia-reprodutiva-sessao-17-migracoes-reprodutivas\/","title":{"rendered":"Semin\u00e1rio Bioeconomia Reprodutiva &#8211; Sess\u00e3o 17 &#8211; Migra\u00e7\u00f5es Reprodutivas"},"content":{"rendered":"<p><img fetchpriority=\"high\" decoding=\"async\" class=\"aligncenter wp-image-937 size-full\" src=\"https:\/\/sites.usp.br\/redlibre\/wp-content\/uploads\/sites\/1043\/2024\/03\/cartaz-seminario-14.png\" alt=\"\" width=\"768\" height=\"1024\" srcset=\"https:\/\/sites.usp.br\/redlibre\/wp-content\/uploads\/sites\/1043\/2024\/03\/cartaz-seminario-14.png 768w, https:\/\/sites.usp.br\/redlibre\/wp-content\/uploads\/sites\/1043\/2024\/03\/cartaz-seminario-14-225x300.png 225w\" sizes=\"(max-width: 768px) 100vw, 768px\" \/><\/p>\n<p>A grava\u00e7\u00e3o do evento se pode acessar atrav\u00e9s do link:\u00a0<a href=\"https:\/\/salavirtual-udelar.zoom.us\/rec\/share\/K0YugJ47e_pOZnhJ7SGAi2_xuEHiDB8m-WqxwiLsf8gaWj1Cb1t9vDTDO2WqHEs_.CPOk9myrp8J0J8Kh\">https:\/\/salavirtual-udelar.zoom.us\/rec\/share\/K0YugJ47e_pOZnhJ7SGAi2_xuEHiDB8m-WqxwiLsf8gaWj1Cb1t9vDTDO2WqHEs_.CPOk9myrp8J0J8Kh<\/a><\/p>\n<p>C\u00f3digo de acceso: @U!Sd1YS<\/p>\n<p>&nbsp;<\/p>","protected":false},"excerpt":{"rendered":"<p>A grava\u00e7\u00e3o do evento se pode acessar atrav\u00e9s do link:\u00a0https:\/\/salavirtual-udelar.zoom.us\/rec\/share\/K0YugJ47e_pOZnhJ7SGAi2_xuEHiDB8m-WqxwiLsf8gaWj1Cb1t9vDTDO2WqHEs_.CPOk9myrp8J0J8Kh C\u00f3digo de acceso: @U!Sd1YS &nbsp;<\/p>\n","protected":false},"author":22674,"featured_media":0,"parent":0,"menu_order":0,"comment_status":"closed","ping_status":"closed","template":"","meta":{"ocean_post_layout":"","ocean_both_sidebars_style":"","ocean_both_sidebars_content_width":0,"ocean_both_sidebars_sidebars_width":0,"ocean_sidebar":"0","ocean_second_sidebar":"0","ocean_disable_margins":"enable","ocean_add_body_class":"","ocean_shortcode_before_top_bar":"","ocean_shortcode_after_top_bar":"","ocean_shortcode_before_header":"","ocean_shortcode_after_header":"","ocean_has_shortcode":"","ocean_shortcode_after_title":"","ocean_shortcode_before_footer_widgets":"","ocean_shortcode_after_footer_widgets":"","ocean_shortcode_before_footer_bottom":"","ocean_shortcode_after_footer_bottom":"","ocean_display_top_bar":"default","ocean_display_header":"default","ocean_header_style":"","ocean_center_header_left_menu":"0","ocean_custom_header_template":"0","ocean_custom_logo":0,"ocean_custom_retina_logo":0,"ocean_custom_logo_max_width":0,"ocean_custom_logo_tablet_max_width":0,"ocean_custom_logo_mobile_max_width":0,"ocean_custom_logo_max_height":0,"ocean_custom_logo_tablet_max_height":0,"ocean_custom_logo_mobile_max_height":0,"ocean_header_custom_menu":"0","ocean_menu_typo_font_family":"0","ocean_menu_typo_font_subset":"","ocean_menu_typo_font_size":0,"ocean_menu_typo_font_size_tablet":0,"ocean_menu_typo_font_size_mobile":0,"ocean_menu_typo_font_size_unit":"px","ocean_menu_typo_font_weight":"","ocean_menu_typo_font_weight_tablet":"","ocean_menu_typo_font_weight_mobile":"","ocean_menu_typo_transform":"","ocean_menu_typo_transform_tablet":"","ocean_menu_typo_transform_mobile":"","ocean_menu_typo_line_height":0,"ocean_menu_typo_line_height_tablet":0,"ocean_menu_typo_line_height_mobile":0,"ocean_menu_typo_line_height_unit":"","ocean_menu_typo_spacing":0,"ocean_menu_typo_spacing_tablet":0,"ocean_menu_typo_spacing_mobile":0,"ocean_menu_typo_spacing_unit":"","ocean_menu_link_color":"","ocean_menu_link_color_hover":"","ocean_menu_link_color_active":"","ocean_menu_link_background":"","ocean_menu_link_hover_background":"","ocean_menu_link_active_background":"","ocean_menu_social_links_bg":"","ocean_menu_social_hover_links_bg":"","ocean_menu_social_links_color":"","ocean_menu_social_hover_links_color":"","ocean_disable_title":"default","ocean_disable_heading":"default","ocean_post_title":"","ocean_post_subheading":"","ocean_post_title_style":"","ocean_post_title_background_color":"","ocean_post_title_background":0,"ocean_post_title_bg_image_position":"","ocean_post_title_bg_image_attachment":"","ocean_post_title_bg_image_repeat":"","ocean_post_title_bg_image_size":"","ocean_post_title_height":0,"ocean_post_title_bg_overlay":0.5,"ocean_post_title_bg_overlay_color":"","ocean_disable_breadcrumbs":"default","ocean_breadcrumbs_color":"","ocean_breadcrumbs_separator_color":"","ocean_breadcrumbs_links_color":"","ocean_breadcrumbs_links_hover_color":"","ocean_display_footer_widgets":"default","ocean_display_footer_bottom":"default","ocean_custom_footer_template":"0","footnotes":"","_links_to":"","_links_to_target":""},"class_list":["post-944","page","type-page","status-publish","hentry","entry"],"_links":{"self":[{"href":"https:\/\/sites.usp.br\/redlibre\/wp-json\/wp\/v2\/pages\/944","targetHints":{"allow":["GET"]}}],"collection":[{"href":"https:\/\/sites.usp.br\/redlibre\/wp-json\/wp\/v2\/pages"}],"about":[{"href":"https:\/\/sites.usp.br\/redlibre\/wp-json\/wp\/v2\/types\/page"}],"author":[{"embeddable":true,"href":"https:\/\/sites.usp.br\/redlibre\/wp-json\/wp\/v2\/users\/22674"}],"replies":[{"embeddable":true,"href":"https:\/\/sites.usp.br\/redlibre\/wp-json\/wp\/v2\/comments?post=944"}],"version-history":[{"count":4,"href":"https:\/\/sites.usp.br\/redlibre\/wp-json\/wp\/v2\/pages\/944\/revisions"}],"predecessor-version":[{"id":953,"href":"https:\/\/sites.usp.br\/redlibre\/wp-json\/wp\/v2\/pages\/944\/revisions\/953"}],"wp:attachment":[{"href":"https:\/\/sites.usp.br\/redlibre\/wp-json\/wp\/v2\/media?parent=944"}],"curies":[{"name":"wp","href":"https:\/\/api.w.org\/{rel}","templated":true}]}}