{"id":2869,"date":"2024-09-22T17:16:58","date_gmt":"2024-09-22T20:16:58","guid":{"rendered":"https:\/\/sites.usp.br\/relab\/?page_id=2869"},"modified":"2024-12-13T15:13:41","modified_gmt":"2024-12-13T18:13:41","slug":"linhas-de-pesquisa","status":"publish","type":"page","link":"https:\/\/sites.usp.br\/relab\/linhas-de-pesquisa\/","title":{"rendered":"Pesquisa"},"content":{"rendered":"\t\t<div data-elementor-type=\"wp-page\" data-elementor-id=\"2869\" class=\"elementor elementor-2869\" data-elementor-post-type=\"page\">\n\t\t\t\t\t\t<section class=\"elementor-section elementor-top-section elementor-element elementor-element-3bc7b801 elementor-section-boxed elementor-section-height-default elementor-section-height-default\" data-id=\"3bc7b801\" data-element_type=\"section\">\n\t\t\t\t\t\t<div class=\"elementor-container elementor-column-gap-default\">\n\t\t\t\t\t<div class=\"elementor-column elementor-col-100 elementor-top-column elementor-element elementor-element-681c78d2\" data-id=\"681c78d2\" data-element_type=\"column\">\n\t\t\t<div class=\"elementor-widget-wrap elementor-element-populated\">\n\t\t\t\t\t\t<div class=\"elementor-element elementor-element-61b278b elementor-widget elementor-widget-spacer\" data-id=\"61b278b\" data-element_type=\"widget\" data-widget_type=\"spacer.default\">\n\t\t\t\t<div class=\"elementor-widget-container\">\n\t\t\t\t\t<div class=\"elementor-spacer\">\n\t\t\t<div class=\"elementor-spacer-inner\"><\/div>\n\t\t<\/div>\n\t\t\t\t<\/div>\n\t\t\t\t<\/div>\n\t\t\t\t<div class=\"elementor-element elementor-element-b52e278 elementor-widget elementor-widget-heading\" data-id=\"b52e278\" data-element_type=\"widget\" data-widget_type=\"heading.default\">\n\t\t\t\t<div class=\"elementor-widget-container\">\n\t\t\t<h2 class=\"elementor-heading-title elementor-size-default\">LINHAS DE PESQUISA DO RELAB<\/h2>\t\t<\/div>\n\t\t\t\t<\/div>\n\t\t\t\t<div class=\"elementor-element elementor-element-6f9fc21 elementor-widget elementor-widget-spacer\" data-id=\"6f9fc21\" data-element_type=\"widget\" data-widget_type=\"spacer.default\">\n\t\t\t\t<div class=\"elementor-widget-container\">\n\t\t\t\t\t<div class=\"elementor-spacer\">\n\t\t\t<div class=\"elementor-spacer-inner\"><\/div>\n\t\t<\/div>\n\t\t\t\t<\/div>\n\t\t\t\t<\/div>\n\t\t\t\t<div class=\"elementor-element elementor-element-53a7dae7 elementor-widget elementor-widget-text-editor\" data-id=\"53a7dae7\" data-element_type=\"widget\" data-widget_type=\"text-editor.default\">\n\t\t\t\t<div class=\"elementor-widget-container\">\n\t\t\t\t\t\t\t<p>No Laborat\u00f3rio de Confiabilidade da USP, nossas principais linhas de pesquisa s\u00e3o\u00a0<strong>Manuten\u00e7\u00e3o Preditiva suportada por Intelig\u00eancia Artificial, <\/strong><strong>Gest\u00e3o da Manuten\u00e7\u00e3o<\/strong> e <strong>Design baseado em Confiabilidade<\/strong>. Essas \u00e1reas refletem nossa dedica\u00e7\u00e3o em solucionar desafios cr\u00edticos da ind\u00fastria, combinando engenharia e inova\u00e7\u00e3o tecnol\u00f3gica. Seja qual for o desafio, buscamos criar conhecimento e gerar impacto pr\u00e1tico no campo da confiabilidade. Conhe\u00e7a abaixo um pouco mais sobre as nossas linhas de pesquisa.<\/p>\t\t\t\t\t\t<\/div>\n\t\t\t\t<\/div>\n\t\t\t\t\t<\/div>\n\t\t<\/div>\n\t\t\t\t\t<\/div>\n\t\t<\/section>\n\t\t\t\t<section class=\"elementor-section elementor-top-section elementor-element elementor-element-ae649d7 elementor-section-boxed elementor-section-height-default elementor-section-height-default\" data-id=\"ae649d7\" data-element_type=\"section\" data-settings=\"{&quot;background_background&quot;:&quot;classic&quot;}\">\n\t\t\t\t\t\t<div class=\"elementor-container elementor-column-gap-default\">\n\t\t\t\t\t<div class=\"elementor-column elementor-col-100 elementor-top-column elementor-element elementor-element-b067ab5\" data-id=\"b067ab5\" data-element_type=\"column\">\n\t\t\t<div class=\"elementor-widget-wrap elementor-element-populated\">\n\t\t\t\t\t\t<div class=\"elementor-element elementor-element-49a4c3a elementor-widget elementor-widget-spacer\" data-id=\"49a4c3a\" data-element_type=\"widget\" data-widget_type=\"spacer.default\">\n\t\t\t\t<div class=\"elementor-widget-container\">\n\t\t\t\t\t<div class=\"elementor-spacer\">\n\t\t\t<div class=\"elementor-spacer-inner\"><\/div>\n\t\t<\/div>\n\t\t\t\t<\/div>\n\t\t\t\t<\/div>\n\t\t\t\t<div class=\"elementor-element elementor-element-c5aa658 elementor-widget elementor-widget-heading\" data-id=\"c5aa658\" data-element_type=\"widget\" data-widget_type=\"heading.default\">\n\t\t\t\t<div class=\"elementor-widget-container\">\n\t\t\t<h2 class=\"elementor-heading-title elementor-size-default\">MANUTEN\u00c7\u00c3O PREDITIVA SUPORTADA POR IA<\/h2>\t\t<\/div>\n\t\t\t\t<\/div>\n\t\t\t\t<div class=\"elementor-element elementor-element-4a45645 elementor-widget elementor-widget-spacer\" data-id=\"4a45645\" data-element_type=\"widget\" data-widget_type=\"spacer.default\">\n\t\t\t\t<div class=\"elementor-widget-container\">\n\t\t\t\t\t<div class=\"elementor-spacer\">\n\t\t\t<div class=\"elementor-spacer-inner\"><\/div>\n\t\t<\/div>\n\t\t\t\t<\/div>\n\t\t\t\t<\/div>\n\t\t\t\t<div class=\"elementor-element elementor-element-59a34ec elementor-widget elementor-widget-image\" data-id=\"59a34ec\" data-element_type=\"widget\" data-widget_type=\"image.default\">\n\t\t\t\t<div class=\"elementor-widget-container\">\n\t\t\t\t\t\t\t\t\t\t<figure class=\"wp-caption\">\n\t\t\t\t\t\t\t\t\t\t\t<a href=\"https:\/\/doi.org\/10.1016\/C2020-0-00478-0\" target=\"_blank\">\n\t\t\t\t\t\t\t<img decoding=\"async\" src=\"https:\/\/sites.usp.br\/relab\/wp-content\/uploads\/sites\/1542\/elementor\/thumbs\/deteccao-qygb5ahrf3uug84tfsr9j1rsig0ao36590vt3ccrh8.png\" title=\"deteccao\" alt=\"deteccao\" loading=\"lazy\" \/>\t\t\t\t\t\t\t\t<\/a>\n\t\t\t\t\t\t\t\t\t\t\t<figcaption class=\"widget-image-caption wp-caption-text\">Processo Conceitual da Manuten\u00e7\u00e3o Preditiva (Fonte: Souza et al., 2022)<\/figcaption>\n\t\t\t\t\t\t\t\t\t\t<\/figure>\n\t\t\t\t\t\t\t<\/div>\n\t\t\t\t<\/div>\n\t\t\t\t<div class=\"elementor-element elementor-element-ea21b94 elementor-widget elementor-widget-text-editor\" data-id=\"ea21b94\" data-element_type=\"widget\" data-widget_type=\"text-editor.default\">\n\t\t\t\t<div class=\"elementor-widget-container\">\n\t\t\t\t\t\t\t<p>A manuten\u00e7\u00e3o preditiva \u00e9 uma abordagem essencial para empresas que buscam aumentar a confiabilidade de seus sistemas e reduzir custos operacionais. Diferente de m\u00e9todos tradicionais de manuten\u00e7\u00e3o, que podem ser reativos ou baseados em cronogramas fixos, a manuten\u00e7\u00e3o preditiva foca em antecipar falhas antes que elas ocorram. Isso permite evitar paradas n\u00e3o planejadas, minimizar interrup\u00e7\u00f5es nas opera\u00e7\u00f5es e prolongar a vida \u00fatil dos equipamentos, trazendo benef\u00edcios significativos para a efici\u00eancia e a produtividade.<\/p><p>No Laborat\u00f3rio de Confiabilidade da USP, aplicamos intelig\u00eancia artificial para transformar dados coletados por sensores e sistemas de monitoramento em informa\u00e7\u00f5es valiosas. Com essa abordagem, somos capazes de identificar padr\u00f5es complexos, detectar anomalias e prever falhas com alta precis\u00e3o. Essa integra\u00e7\u00e3o tecnol\u00f3gica n\u00e3o apenas melhora a tomada de decis\u00f5es, mas tamb\u00e9m aumenta a confian\u00e7a nos processos de manuten\u00e7\u00e3o, possibilitando interven\u00e7\u00f5es no momento ideal e evitando reparos desnecess\u00e1rios.<\/p><p>A combina\u00e7\u00e3o de intelig\u00eancia artificial com estrat\u00e9gias preditivas representa uma mudan\u00e7a fundamental na forma como a manuten\u00e7\u00e3o \u00e9 planejada e executada. Nosso trabalho vai al\u00e9m de simplesmente prever falhas: buscamos desenvolver metodologias e sistemas que possam ser adaptados a diferentes ind\u00fastrias, sempre com o objetivo de aumentar a confiabilidade dos ativos, reduzir impactos ambientais e aprimorar a sustentabilidade das opera\u00e7\u00f5es industriais. Essa vis\u00e3o inovadora posiciona a manuten\u00e7\u00e3o preditiva como uma pe\u00e7a-chave no avan\u00e7o da engenharia e na transforma\u00e7\u00e3o digital da manuten\u00e7\u00e3o.<\/p>\t\t\t\t\t\t<\/div>\n\t\t\t\t<\/div>\n\t\t\t\t\t<\/div>\n\t\t<\/div>\n\t\t\t\t\t<\/div>\n\t\t<\/section>\n\t\t\t\t<section class=\"elementor-section elementor-top-section elementor-element elementor-element-6d68457 elementor-section-boxed elementor-section-height-default elementor-section-height-default\" data-id=\"6d68457\" data-element_type=\"section\">\n\t\t\t\t\t\t<div class=\"elementor-container elementor-column-gap-default\">\n\t\t\t\t\t<div class=\"elementor-column elementor-col-100 elementor-top-column elementor-element elementor-element-6b5eb81\" data-id=\"6b5eb81\" data-element_type=\"column\">\n\t\t\t<div class=\"elementor-widget-wrap elementor-element-populated\">\n\t\t\t\t\t\t<div class=\"elementor-element elementor-element-3e57923 elementor-widget elementor-widget-spacer\" data-id=\"3e57923\" data-element_type=\"widget\" data-widget_type=\"spacer.default\">\n\t\t\t\t<div class=\"elementor-widget-container\">\n\t\t\t\t\t<div class=\"elementor-spacer\">\n\t\t\t<div class=\"elementor-spacer-inner\"><\/div>\n\t\t<\/div>\n\t\t\t\t<\/div>\n\t\t\t\t<\/div>\n\t\t\t\t<div class=\"elementor-element elementor-element-4d72283 elementor-widget elementor-widget-heading\" data-id=\"4d72283\" data-element_type=\"widget\" data-widget_type=\"heading.default\">\n\t\t\t\t<div class=\"elementor-widget-container\">\n\t\t\t<h2 class=\"elementor-heading-title elementor-size-default\">GEST\u00c3O DA MANUTEN\u00c7\u00c3O<\/h2>\t\t<\/div>\n\t\t\t\t<\/div>\n\t\t\t\t<div class=\"elementor-element elementor-element-ab5c9bb elementor-widget elementor-widget-spacer\" data-id=\"ab5c9bb\" data-element_type=\"widget\" data-widget_type=\"spacer.default\">\n\t\t\t\t<div class=\"elementor-widget-container\">\n\t\t\t\t\t<div class=\"elementor-spacer\">\n\t\t\t<div class=\"elementor-spacer-inner\"><\/div>\n\t\t<\/div>\n\t\t\t\t<\/div>\n\t\t\t\t<\/div>\n\t\t\t\t<div class=\"elementor-element elementor-element-bcb9294 elementor-widget elementor-widget-image\" data-id=\"bcb9294\" data-element_type=\"widget\" data-widget_type=\"image.default\">\n\t\t\t\t<div class=\"elementor-widget-container\">\n\t\t\t\t\t\t\t\t\t\t<figure class=\"wp-caption\">\n\t\t\t\t\t\t\t\t\t\t\t<a href=\"https:\/\/doi.org\/10.1016\/C2020-0-00478-0\" target=\"_blank\">\n\t\t\t\t\t\t\t<img decoding=\"async\" src=\"https:\/\/sites.usp.br\/relab\/wp-content\/uploads\/sites\/1542\/elementor\/thumbs\/maintenance-scaled-qygbeuiowgxshi93mxgpvmyhxgwmxb3wkbniqm6oe0.jpg\" title=\"maintenance\" alt=\"maintenance\" loading=\"lazy\" \/>\t\t\t\t\t\t\t\t<\/a>\n\t\t\t\t\t\t\t\t\t\t\t<figcaption class=\"widget-image-caption wp-caption-text\">Processo Conceitual do Planejamento da Manuten\u00e7\u00e3o (Fonte: Souza et al., 2022)<\/figcaption>\n\t\t\t\t\t\t\t\t\t\t<\/figure>\n\t\t\t\t\t\t\t<\/div>\n\t\t\t\t<\/div>\n\t\t\t\t<div class=\"elementor-element elementor-element-988d35c elementor-widget elementor-widget-text-editor\" data-id=\"988d35c\" data-element_type=\"widget\" data-widget_type=\"text-editor.default\">\n\t\t\t\t<div class=\"elementor-widget-container\">\n\t\t\t\t\t\t\t<p>A gest\u00e3o da manuten\u00e7\u00e3o \u00e9 um pilar fundamental para garantir o funcionamento eficiente e seguro de sistemas industriais. Ela envolve o planejamento, execu\u00e7\u00e3o e monitoramento das atividades de manuten\u00e7\u00e3o, sempre com o objetivo de minimizar custos, maximizar a disponibilidade dos equipamentos e evitar interrup\u00e7\u00f5es inesperadas. Um sistema bem gerido n\u00e3o apenas previne falhas, mas tamb\u00e9m promove maior durabilidade dos ativos e otimiza\u00e7\u00e3o dos recursos operacionais.<\/p><p>No Laborat\u00f3rio de Confiabilidade da USP, pretendemos revolucionar a forma como a manuten\u00e7\u00e3o \u00e9 gerida. Por meio da an\u00e1lise de dados hist\u00f3ricos, \u00e9 poss\u00edvel priorizar a\u00e7\u00f5es, identificar equipamentos cr\u00edticos e desenvolver estrat\u00e9gias personalizadas para cada contexto industrial. Essa abordagem permite que decis\u00f5es sejam tomadas de maneira mais \u00e1gil e fundamentada, aumentando a efici\u00eancia e a confiabilidade dos processos produtivos.<\/p><p>Nossa pesquisa em gest\u00e3o da manuten\u00e7\u00e3o vai al\u00e9m da automa\u00e7\u00e3o de processos. Buscamos criar ferramentas e metodologias que integrem tecnologia e conhecimento humano, oferecendo solu\u00e7\u00f5es adapt\u00e1veis a diferentes setores industriais. Ao promover uma gest\u00e3o mais estrat\u00e9gica, contribu\u00edmos para reduzir custos operacionais, melhorar a seguran\u00e7a dos sistemas e impulsionar a sustentabilidade, alinhando a manuten\u00e7\u00e3o \u00e0s demandas do futuro da engenharia.<\/p>\t\t\t\t\t\t<\/div>\n\t\t\t\t<\/div>\n\t\t\t\t\t<\/div>\n\t\t<\/div>\n\t\t\t\t\t<\/div>\n\t\t<\/section>\n\t\t\t\t<section class=\"elementor-section elementor-top-section elementor-element elementor-element-ef0929c elementor-section-boxed elementor-section-height-default elementor-section-height-default\" data-id=\"ef0929c\" data-element_type=\"section\" data-settings=\"{&quot;background_background&quot;:&quot;classic&quot;}\">\n\t\t\t\t\t\t<div class=\"elementor-container elementor-column-gap-default\">\n\t\t\t\t\t<div class=\"elementor-column elementor-col-100 elementor-top-column elementor-element elementor-element-a105c90\" data-id=\"a105c90\" data-element_type=\"column\">\n\t\t\t<div class=\"elementor-widget-wrap elementor-element-populated\">\n\t\t\t\t\t\t<div class=\"elementor-element elementor-element-048a7e9 elementor-widget elementor-widget-spacer\" data-id=\"048a7e9\" data-element_type=\"widget\" data-widget_type=\"spacer.default\">\n\t\t\t\t<div class=\"elementor-widget-container\">\n\t\t\t\t\t<div class=\"elementor-spacer\">\n\t\t\t<div class=\"elementor-spacer-inner\"><\/div>\n\t\t<\/div>\n\t\t\t\t<\/div>\n\t\t\t\t<\/div>\n\t\t\t\t<div class=\"elementor-element elementor-element-f96754b elementor-widget elementor-widget-heading\" data-id=\"f96754b\" data-element_type=\"widget\" data-widget_type=\"heading.default\">\n\t\t\t\t<div class=\"elementor-widget-container\">\n\t\t\t<h2 class=\"elementor-heading-title elementor-size-default\">DESIGN BASEADO EM CONFIABILIDADE<\/h2>\t\t<\/div>\n\t\t\t\t<\/div>\n\t\t\t\t<div class=\"elementor-element elementor-element-3ff3618 elementor-widget elementor-widget-spacer\" data-id=\"3ff3618\" data-element_type=\"widget\" data-widget_type=\"spacer.default\">\n\t\t\t\t<div class=\"elementor-widget-container\">\n\t\t\t\t\t<div class=\"elementor-spacer\">\n\t\t\t<div class=\"elementor-spacer-inner\"><\/div>\n\t\t<\/div>\n\t\t\t\t<\/div>\n\t\t\t\t<\/div>\n\t\t\t\t<div class=\"elementor-element elementor-element-d91db65 elementor-widget elementor-widget-image\" data-id=\"d91db65\" data-element_type=\"widget\" data-widget_type=\"image.default\">\n\t\t\t\t<div class=\"elementor-widget-container\">\n\t\t\t\t\t\t\t\t\t\t<figure class=\"wp-caption\">\n\t\t\t\t\t\t\t\t\t\t\t<a href=\"https:\/\/doi.org\/10.1016\/C2020-0-00478-0\" target=\"_blank\">\n\t\t\t\t\t\t\t<img decoding=\"async\" src=\"https:\/\/sites.usp.br\/relab\/wp-content\/uploads\/sites\/1542\/elementor\/thumbs\/design-scaled-qygjh9piioi5o6ecryrzrumlebgc6n2a5s1brdkq84.jpg\" title=\"design\" alt=\"design\" loading=\"lazy\" \/>\t\t\t\t\t\t\t\t<\/a>\n\t\t\t\t\t\t\t\t\t\t\t<figcaption class=\"widget-image-caption wp-caption-text\">Diferentes Configura\u00e7\u00f5es em Sistemas de Engenharia (Fonte: Souza et al., 2022)<\/figcaption>\n\t\t\t\t\t\t\t\t\t\t<\/figure>\n\t\t\t\t\t\t\t<\/div>\n\t\t\t\t<\/div>\n\t\t\t\t<div class=\"elementor-element elementor-element-5ac8abc elementor-widget elementor-widget-text-editor\" data-id=\"5ac8abc\" data-element_type=\"widget\" data-widget_type=\"text-editor.default\">\n\t\t\t\t<div class=\"elementor-widget-container\">\n\t\t\t\t\t\t\t<p>O design baseado em confiabilidade \u00e9 uma abordagem inovadora que busca incorporar a confiabilidade como um elemento central no desenvolvimento de sistemas e equipamentos. Ele envolve a an\u00e1lise de potenciais falhas desde as etapas iniciais do projeto, garantindo que os produtos sejam projetados para operar com seguran\u00e7a, efici\u00eancia e durabilidade ao longo de sua vida \u00fatil. Essa metodologia \u00e9 essencial para reduzir custos com manuten\u00e7\u00e3o e evitar falhas cr\u00edticas que podem comprometer a opera\u00e7\u00e3o de sistemas complexos.<\/p><p>No Laborat\u00f3rio de Confiabilidade da USP, aprimoramos o design de sistemas industriais, auxiliando na identifica\u00e7\u00e3o de pontos vulner\u00e1veis e na otimiza\u00e7\u00e3o dos projetos. Nossa abordagem integra dados hist\u00f3ricos, modelagem estat\u00edstica e simula\u00e7\u00f5es para prever o desempenho de componentes e sistemas sob diferentes condi\u00e7\u00f5es de opera\u00e7\u00e3o. Isso permite criar solu\u00e7\u00f5es mais robustas, seguras e adaptadas \u00e0s necessidades espec\u00edficas de cada setor industrial.<\/p><p>Al\u00e9m de melhorar o desempenho t\u00e9cnico dos projetos, o design baseado em confiabilidade tamb\u00e9m contribui para a sustentabilidade e a efici\u00eancia operacional. No laborat\u00f3rio, buscamos desenvolver ferramentas e metodologias que n\u00e3o apenas aumentem a confiabilidade, mas tamb\u00e9m promovam a economia de recursos e a redu\u00e7\u00e3o do impacto ambiental. Com essa vis\u00e3o, posicionamos a confiabilidade como um diferencial estrat\u00e9gico no desenvolvimento de tecnologias avan\u00e7adas e competitivas.<\/p>\t\t\t\t\t\t<\/div>\n\t\t\t\t<\/div>\n\t\t\t\t<div class=\"elementor-element elementor-element-f1cab1c elementor-widget elementor-widget-spacer\" data-id=\"f1cab1c\" data-element_type=\"widget\" data-widget_type=\"spacer.default\">\n\t\t\t\t<div class=\"elementor-widget-container\">\n\t\t\t\t\t<div class=\"elementor-spacer\">\n\t\t\t<div class=\"elementor-spacer-inner\"><\/div>\n\t\t<\/div>\n\t\t\t\t<\/div>\n\t\t\t\t<\/div>\n\t\t\t\t<div class=\"elementor-element elementor-element-0f0bcfe elementor-widget elementor-widget-spacer\" data-id=\"0f0bcfe\" data-element_type=\"widget\" data-widget_type=\"spacer.default\">\n\t\t\t\t<div class=\"elementor-widget-container\">\n\t\t\t\t\t<div class=\"elementor-spacer\">\n\t\t\t<div class=\"elementor-spacer-inner\"><\/div>\n\t\t<\/div>\n\t\t\t\t<\/div>\n\t\t\t\t<\/div>\n\t\t\t\t\t<\/div>\n\t\t<\/div>\n\t\t\t\t\t<\/div>\n\t\t<\/section>\n\t\t\t\t<\/div>\n\t\t","protected":false},"excerpt":{"rendered":"<p>LINHAS DE PESQUISA DO RELAB No Laborat\u00f3rio de Confiabilidade da USP, nossas principais linhas de pesquisa s\u00e3o\u00a0Manuten\u00e7\u00e3o Preditiva suportada por Intelig\u00eancia Artificial, Gest\u00e3o da Manuten\u00e7\u00e3o e Design baseado em Confiabilidade. Essas \u00e1reas refletem nossa dedica\u00e7\u00e3o em solucionar desafios cr\u00edticos da ind\u00fastria, combinando engenharia e inova\u00e7\u00e3o tecnol\u00f3gica. Seja qual for o desafio, buscamos criar conhecimento e [&hellip;]<\/p>\n","protected":false},"author":24311,"featured_media":0,"parent":0,"menu_order":0,"comment_status":"closed","ping_status":"closed","template":"elementor_header_footer","meta":{"_monsterinsights_skip_tracking":false,"_monsterinsights_sitenote_active":false,"_monsterinsights_sitenote_note":"","_monsterinsights_sitenote_category":0,"footnotes":"","_links_to":"","_links_to_target":""},"class_list":["post-2869","page","type-page","status-publish","hentry","entry"],"_links":{"self":[{"href":"https:\/\/sites.usp.br\/relab\/wp-json\/wp\/v2\/pages\/2869","targetHints":{"allow":["GET"]}}],"collection":[{"href":"https:\/\/sites.usp.br\/relab\/wp-json\/wp\/v2\/pages"}],"about":[{"href":"https:\/\/sites.usp.br\/relab\/wp-json\/wp\/v2\/types\/page"}],"author":[{"embeddable":true,"href":"https:\/\/sites.usp.br\/relab\/wp-json\/wp\/v2\/users\/24311"}],"replies":[{"embeddable":true,"href":"https:\/\/sites.usp.br\/relab\/wp-json\/wp\/v2\/comments?post=2869"}],"version-history":[{"count":4,"href":"https:\/\/sites.usp.br\/relab\/wp-json\/wp\/v2\/pages\/2869\/revisions"}],"predecessor-version":[{"id":3301,"href":"https:\/\/sites.usp.br\/relab\/wp-json\/wp\/v2\/pages\/2869\/revisions\/3301"}],"wp:attachment":[{"href":"https:\/\/sites.usp.br\/relab\/wp-json\/wp\/v2\/media?parent=2869"}],"curies":[{"name":"wp","href":"https:\/\/api.w.org\/{rel}","templated":true}]}}