{"id":2895,"date":"2024-09-22T17:27:40","date_gmt":"2024-09-22T20:27:40","guid":{"rendered":"https:\/\/sites.usp.br\/relab\/?page_id=2895"},"modified":"2025-02-13T11:33:48","modified_gmt":"2025-02-13T14:33:48","slug":"oportunidades","status":"publish","type":"page","link":"https:\/\/sites.usp.br\/relab\/oportunidades\/","title":{"rendered":"Oportunidades"},"content":{"rendered":"\t\t<div data-elementor-type=\"wp-page\" data-elementor-id=\"2895\" class=\"elementor elementor-2895\" data-elementor-post-type=\"page\">\n\t\t\t\t\t\t<section class=\"elementor-section elementor-top-section elementor-element elementor-element-41136116 elementor-section-boxed elementor-section-height-default elementor-section-height-default\" data-id=\"41136116\" data-element_type=\"section\">\n\t\t\t\t\t\t<div class=\"elementor-container elementor-column-gap-default\">\n\t\t\t\t\t<div class=\"elementor-column elementor-col-100 elementor-top-column elementor-element elementor-element-3834cae4\" data-id=\"3834cae4\" data-element_type=\"column\">\n\t\t\t<div class=\"elementor-widget-wrap elementor-element-populated\">\n\t\t\t\t\t\t<div class=\"elementor-element elementor-element-2ff20a6 elementor-widget elementor-widget-spacer\" data-id=\"2ff20a6\" data-element_type=\"widget\" data-widget_type=\"spacer.default\">\n\t\t\t\t<div class=\"elementor-widget-container\">\n\t\t\t\t\t<div class=\"elementor-spacer\">\n\t\t\t<div class=\"elementor-spacer-inner\"><\/div>\n\t\t<\/div>\n\t\t\t\t<\/div>\n\t\t\t\t<\/div>\n\t\t\t\t<div class=\"elementor-element elementor-element-28c0ee6 elementor-widget elementor-widget-heading\" data-id=\"28c0ee6\" data-element_type=\"widget\" data-widget_type=\"heading.default\">\n\t\t\t\t<div class=\"elementor-widget-container\">\n\t\t\t<h2 class=\"elementor-heading-title elementor-size-default\">OPORTUNIDADES DE PESQUISA NO RELAB<\/h2>\t\t<\/div>\n\t\t\t\t<\/div>\n\t\t\t\t<div class=\"elementor-element elementor-element-179d578 elementor-widget elementor-widget-spacer\" data-id=\"179d578\" data-element_type=\"widget\" data-widget_type=\"spacer.default\">\n\t\t\t\t<div class=\"elementor-widget-container\">\n\t\t\t\t\t<div class=\"elementor-spacer\">\n\t\t\t<div class=\"elementor-spacer-inner\"><\/div>\n\t\t<\/div>\n\t\t\t\t<\/div>\n\t\t\t\t<\/div>\n\t\t\t\t<div class=\"elementor-element elementor-element-29a0120a elementor-widget elementor-widget-text-editor\" data-id=\"29a0120a\" data-element_type=\"widget\" data-widget_type=\"text-editor.default\">\n\t\t\t\t<div class=\"elementor-widget-container\">\n\t\t\t\t\t\t\t<p>No Relab, estamos comprometidos em avan\u00e7ar o conhecimento e solucionar desafios reais na \u00e1rea de confiabilidade e manuten\u00e7\u00e3o. Oferecemos oportunidades para alunos e pesquisadores participarem de pesquisas de ponta, incluindo projetos de inicia\u00e7\u00e3o cient\u00edfica, mestrado, doutorado e p\u00f3s-doutorado. Nosso ambiente colaborativo proporciona acesso a metodologias avan\u00e7adas e orienta\u00e7\u00e3o de especialistas experientes na \u00e1rea.<\/p><p>Tamb\u00e9m incentivamos parcerias com empresas interessadas em patrocinar iniciativas de pesquisa. Ao colaborar com o Relab, as organiza\u00e7\u00f5es podem apoiar projetos inovadores, acessar solu\u00e7\u00f5es avan\u00e7adas adaptadas \u00e0s suas necessidades e contribuir para o desenvolvimento de tecnologias com grande impacto.<\/p><p>Junte-se a n\u00f3s para moldar o futuro da engenharia de confiabilidade e manuten\u00e7\u00e3o! Logo abaixo, voc\u00ea encontrar\u00e1 descri\u00e7\u00f5es das oportunidades espec\u00edficas atualmente dispon\u00edveis para participar em projetos do laborat\u00f3rio, bem como informa\u00e7\u00f5es sobre oportunidades cont\u00ednuas para realizar pesquisas em inicia\u00e7\u00e3o cient\u00edfica, mestrado, doutorado e p\u00f3s-doutorado com bolsas do CNPq e da FAPESP.<\/p>\t\t\t\t\t\t<\/div>\n\t\t\t\t<\/div>\n\t\t\t\t\t<\/div>\n\t\t<\/div>\n\t\t\t\t\t<\/div>\n\t\t<\/section>\n\t\t\t\t<section class=\"elementor-section elementor-top-section elementor-element elementor-element-b42d88b elementor-section-boxed elementor-section-height-default elementor-section-height-default\" data-id=\"b42d88b\" data-element_type=\"section\" data-settings=\"{&quot;background_background&quot;:&quot;classic&quot;}\">\n\t\t\t\t\t\t<div class=\"elementor-container elementor-column-gap-default\">\n\t\t\t\t\t<div class=\"elementor-column elementor-col-100 elementor-top-column elementor-element elementor-element-21c90e1\" data-id=\"21c90e1\" data-element_type=\"column\">\n\t\t\t<div class=\"elementor-widget-wrap elementor-element-populated\">\n\t\t\t\t\t\t<div class=\"elementor-element elementor-element-5bdf54f elementor-widget elementor-widget-spacer\" data-id=\"5bdf54f\" data-element_type=\"widget\" data-widget_type=\"spacer.default\">\n\t\t\t\t<div class=\"elementor-widget-container\">\n\t\t\t\t\t<div class=\"elementor-spacer\">\n\t\t\t<div class=\"elementor-spacer-inner\"><\/div>\n\t\t<\/div>\n\t\t\t\t<\/div>\n\t\t\t\t<\/div>\n\t\t\t\t<div class=\"elementor-element elementor-element-4a61ab9 elementor-widget elementor-widget-heading\" data-id=\"4a61ab9\" data-element_type=\"widget\" data-widget_type=\"heading.default\">\n\t\t\t\t<div class=\"elementor-widget-container\">\n\t\t\t<h2 class=\"elementor-heading-title elementor-size-default\">OPORTUNIDADES EM PROJETOS ESPEC\u00cdFICOS<\/h2>\t\t<\/div>\n\t\t\t\t<\/div>\n\t\t\t\t<div class=\"elementor-element elementor-element-54c321e elementor-widget elementor-widget-spacer\" data-id=\"54c321e\" data-element_type=\"widget\" data-widget_type=\"spacer.default\">\n\t\t\t\t<div class=\"elementor-widget-container\">\n\t\t\t\t\t<div class=\"elementor-spacer\">\n\t\t\t<div class=\"elementor-spacer-inner\"><\/div>\n\t\t<\/div>\n\t\t\t\t<\/div>\n\t\t\t\t<\/div>\n\t\t\t\t<div class=\"elementor-element elementor-element-9e5eda2 elementor-widget elementor-widget-text-editor\" data-id=\"9e5eda2\" data-element_type=\"widget\" data-widget_type=\"text-editor.default\">\n\t\t\t\t<div class=\"elementor-widget-container\">\n\t\t\t\t\t\t\t<p>Quando houver oportunidades para participa\u00e7\u00e3o em algum de nossos projetos, elas ser\u00e3o postadas aqui!<\/p>\t\t\t\t\t\t<\/div>\n\t\t\t\t<\/div>\n\t\t\t\t\t<\/div>\n\t\t<\/div>\n\t\t\t\t\t<\/div>\n\t\t<\/section>\n\t\t\t\t<section class=\"elementor-section elementor-top-section elementor-element elementor-element-e93ca6d elementor-section-boxed elementor-section-height-default elementor-section-height-default\" data-id=\"e93ca6d\" data-element_type=\"section\" data-settings=\"{&quot;background_background&quot;:&quot;classic&quot;}\">\n\t\t\t\t\t\t<div class=\"elementor-container elementor-column-gap-default\">\n\t\t\t\t\t<div class=\"elementor-column elementor-col-100 elementor-top-column elementor-element elementor-element-335a22d\" data-id=\"335a22d\" data-element_type=\"column\">\n\t\t\t<div class=\"elementor-widget-wrap elementor-element-populated\">\n\t\t\t\t\t\t<div class=\"elementor-element elementor-element-16bcff8 elementor-widget elementor-widget-spacer\" data-id=\"16bcff8\" data-element_type=\"widget\" data-widget_type=\"spacer.default\">\n\t\t\t\t<div class=\"elementor-widget-container\">\n\t\t\t\t\t<div class=\"elementor-spacer\">\n\t\t\t<div class=\"elementor-spacer-inner\"><\/div>\n\t\t<\/div>\n\t\t\t\t<\/div>\n\t\t\t\t<\/div>\n\t\t\t\t<div class=\"elementor-element elementor-element-1c970a8 elementor-widget elementor-widget-heading\" data-id=\"1c970a8\" data-element_type=\"widget\" data-widget_type=\"heading.default\">\n\t\t\t\t<div class=\"elementor-widget-container\">\n\t\t\t<h2 class=\"elementor-heading-title elementor-size-default\">OPORTUNIDADES PERMANENTES DE PESQUISA<\/h2>\t\t<\/div>\n\t\t\t\t<\/div>\n\t\t\t\t<div class=\"elementor-element elementor-element-d24ad0e elementor-widget elementor-widget-spacer\" data-id=\"d24ad0e\" data-element_type=\"widget\" data-widget_type=\"spacer.default\">\n\t\t\t\t<div class=\"elementor-widget-container\">\n\t\t\t\t\t<div class=\"elementor-spacer\">\n\t\t\t<div class=\"elementor-spacer-inner\"><\/div>\n\t\t<\/div>\n\t\t\t\t<\/div>\n\t\t\t\t<\/div>\n\t\t\t\t<section class=\"elementor-section elementor-inner-section elementor-element elementor-element-665ae85 elementor-section-boxed elementor-section-height-default elementor-section-height-default\" data-id=\"665ae85\" data-element_type=\"section\">\n\t\t\t\t\t\t<div class=\"elementor-container elementor-column-gap-default\">\n\t\t\t\t\t<div class=\"elementor-column elementor-col-50 elementor-inner-column elementor-element elementor-element-b608242\" data-id=\"b608242\" data-element_type=\"column\">\n\t\t\t<div class=\"elementor-widget-wrap elementor-element-populated\">\n\t\t\t\t\t\t<div class=\"elementor-element elementor-element-587162e elementor-widget elementor-widget-image\" data-id=\"587162e\" data-element_type=\"widget\" data-widget_type=\"image.default\">\n\t\t\t\t<div class=\"elementor-widget-container\">\n\t\t\t\t\t\t\t\t\t\t\t\t\t<img decoding=\"async\" width=\"150\" height=\"150\" src=\"https:\/\/sites.usp.br\/relab\/wp-content\/uploads\/sites\/1542\/2024\/12\/light-bulb-150x150.png\" class=\"attachment-thumbnail size-thumbnail wp-image-3386\" alt=\"\" srcset=\"https:\/\/sites.usp.br\/relab\/wp-content\/uploads\/sites\/1542\/2024\/12\/light-bulb-150x150.png 150w, https:\/\/sites.usp.br\/relab\/wp-content\/uploads\/sites\/1542\/2024\/12\/light-bulb-300x300.png 300w, https:\/\/sites.usp.br\/relab\/wp-content\/uploads\/sites\/1542\/2024\/12\/light-bulb-45x45.png 45w, https:\/\/sites.usp.br\/relab\/wp-content\/uploads\/sites\/1542\/2024\/12\/light-bulb-200x200.png 200w, https:\/\/sites.usp.br\/relab\/wp-content\/uploads\/sites\/1542\/2024\/12\/light-bulb-400x400.png 400w, https:\/\/sites.usp.br\/relab\/wp-content\/uploads\/sites\/1542\/2024\/12\/light-bulb.png 512w\" sizes=\"(max-width: 150px) 100vw, 150px\" \/>\t\t\t\t\t\t\t\t\t\t\t\t\t<\/div>\n\t\t\t\t<\/div>\n\t\t\t\t<div class=\"elementor-element elementor-element-fd4df99 elementor-widget elementor-widget-heading\" data-id=\"fd4df99\" data-element_type=\"widget\" data-widget_type=\"heading.default\">\n\t\t\t\t<div class=\"elementor-widget-container\">\n\t\t\t<h2 class=\"elementor-heading-title elementor-size-default\">Inicia\u00e7\u00e3o Cient\u00edfica<\/h2>\t\t<\/div>\n\t\t\t\t<\/div>\n\t\t\t\t<div class=\"elementor-element elementor-element-6d97b2c elementor-widget elementor-widget-text-editor\" data-id=\"6d97b2c\" data-element_type=\"widget\" data-widget_type=\"text-editor.default\">\n\t\t\t\t<div class=\"elementor-widget-container\">\n\t\t\t\t\t\t\t<p>Destinada a estudantes de gradua\u00e7\u00e3o interessados em iniciar suas trajet\u00f3rias acad\u00eamicas e explorar o mundo da pesquisa. \u00c9 uma excelente oportunidade para aprender metodologias cient\u00edficas e contribuir com projetos inovadores.<\/p>\t\t\t\t\t\t<\/div>\n\t\t\t\t<\/div>\n\t\t\t\t<div class=\"elementor-element elementor-element-263c1dc elementor-widget-divider--view-line elementor-widget elementor-widget-divider\" data-id=\"263c1dc\" data-element_type=\"widget\" data-widget_type=\"divider.default\">\n\t\t\t\t<div class=\"elementor-widget-container\">\n\t\t\t\t\t<div class=\"elementor-divider\">\n\t\t\t<span class=\"elementor-divider-separator\">\n\t\t\t\t\t\t<\/span>\n\t\t<\/div>\n\t\t\t\t<\/div>\n\t\t\t\t<\/div>\n\t\t\t\t\t<\/div>\n\t\t<\/div>\n\t\t\t\t<div class=\"elementor-column elementor-col-50 elementor-inner-column elementor-element elementor-element-04b2d63\" data-id=\"04b2d63\" data-element_type=\"column\">\n\t\t\t<div class=\"elementor-widget-wrap elementor-element-populated\">\n\t\t\t\t\t\t<div class=\"elementor-element elementor-element-2d93a8e elementor-widget elementor-widget-image\" data-id=\"2d93a8e\" data-element_type=\"widget\" data-widget_type=\"image.default\">\n\t\t\t\t<div class=\"elementor-widget-container\">\n\t\t\t\t\t\t\t\t\t\t\t\t\t<img decoding=\"async\" width=\"150\" height=\"150\" src=\"https:\/\/sites.usp.br\/relab\/wp-content\/uploads\/sites\/1542\/2024\/12\/book-150x150.png\" class=\"attachment-thumbnail size-thumbnail wp-image-3385\" alt=\"\" srcset=\"https:\/\/sites.usp.br\/relab\/wp-content\/uploads\/sites\/1542\/2024\/12\/book-150x150.png 150w, https:\/\/sites.usp.br\/relab\/wp-content\/uploads\/sites\/1542\/2024\/12\/book-300x300.png 300w, https:\/\/sites.usp.br\/relab\/wp-content\/uploads\/sites\/1542\/2024\/12\/book-45x45.png 45w, https:\/\/sites.usp.br\/relab\/wp-content\/uploads\/sites\/1542\/2024\/12\/book-200x200.png 200w, https:\/\/sites.usp.br\/relab\/wp-content\/uploads\/sites\/1542\/2024\/12\/book-400x400.png 400w, https:\/\/sites.usp.br\/relab\/wp-content\/uploads\/sites\/1542\/2024\/12\/book.png 512w\" sizes=\"(max-width: 150px) 100vw, 150px\" \/>\t\t\t\t\t\t\t\t\t\t\t\t\t<\/div>\n\t\t\t\t<\/div>\n\t\t\t\t<div class=\"elementor-element elementor-element-debdbe5 elementor-widget elementor-widget-heading\" data-id=\"debdbe5\" data-element_type=\"widget\" data-widget_type=\"heading.default\">\n\t\t\t\t<div class=\"elementor-widget-container\">\n\t\t\t<h2 class=\"elementor-heading-title elementor-size-default\">Mestrado<\/h2>\t\t<\/div>\n\t\t\t\t<\/div>\n\t\t\t\t<div class=\"elementor-element elementor-element-7401b39 elementor-widget elementor-widget-text-editor\" data-id=\"7401b39\" data-element_type=\"widget\" data-widget_type=\"text-editor.default\">\n\t\t\t\t<div class=\"elementor-widget-container\">\n\t\t\t\t\t\t\t<p>Voltado para graduados que desejam aprofundar seus conhecimentos e desenvolver habilidades de pesquisa avan\u00e7adas. Ideal para quem busca combinar estudos te\u00f3ricos e pr\u00e1ticos em projetos desafiadores.\u00a0 \u00a0 \u00a0 \u00a0 \u00a0 \u00a0 \u00a0 \u00a0 \u00a0 \u00a0 \u00a0 \u00a0 \u00a0 \u00a0 \u00a0 \u00a0 \u00a0 \u00a0 \u00a0 \u00a0 \u00a0 \u00a0 \u00a0 \u00a0<\/p>\t\t\t\t\t\t<\/div>\n\t\t\t\t<\/div>\n\t\t\t\t<div class=\"elementor-element elementor-element-a713df4 elementor-widget-divider--view-line elementor-widget elementor-widget-divider\" data-id=\"a713df4\" data-element_type=\"widget\" data-widget_type=\"divider.default\">\n\t\t\t\t<div class=\"elementor-widget-container\">\n\t\t\t\t\t<div class=\"elementor-divider\">\n\t\t\t<span class=\"elementor-divider-separator\">\n\t\t\t\t\t\t<\/span>\n\t\t<\/div>\n\t\t\t\t<\/div>\n\t\t\t\t<\/div>\n\t\t\t\t\t<\/div>\n\t\t<\/div>\n\t\t\t\t\t<\/div>\n\t\t<\/section>\n\t\t\t\t<section class=\"elementor-section elementor-inner-section elementor-element elementor-element-dcd48f2 elementor-section-boxed elementor-section-height-default elementor-section-height-default\" data-id=\"dcd48f2\" data-element_type=\"section\">\n\t\t\t\t\t\t<div class=\"elementor-container elementor-column-gap-default\">\n\t\t\t\t\t<div class=\"elementor-column elementor-col-50 elementor-inner-column elementor-element elementor-element-dbfc050\" data-id=\"dbfc050\" data-element_type=\"column\">\n\t\t\t<div class=\"elementor-widget-wrap elementor-element-populated\">\n\t\t\t\t\t\t<div class=\"elementor-element elementor-element-c3a8712 elementor-widget elementor-widget-image\" data-id=\"c3a8712\" data-element_type=\"widget\" data-widget_type=\"image.default\">\n\t\t\t\t<div class=\"elementor-widget-container\">\n\t\t\t\t\t\t\t\t\t\t\t\t\t<img decoding=\"async\" width=\"150\" height=\"150\" src=\"https:\/\/sites.usp.br\/relab\/wp-content\/uploads\/sites\/1542\/2024\/12\/diploma-150x150.png\" class=\"attachment-thumbnail size-thumbnail wp-image-3384\" alt=\"\" srcset=\"https:\/\/sites.usp.br\/relab\/wp-content\/uploads\/sites\/1542\/2024\/12\/diploma-150x150.png 150w, https:\/\/sites.usp.br\/relab\/wp-content\/uploads\/sites\/1542\/2024\/12\/diploma-300x300.png 300w, https:\/\/sites.usp.br\/relab\/wp-content\/uploads\/sites\/1542\/2024\/12\/diploma-45x45.png 45w, https:\/\/sites.usp.br\/relab\/wp-content\/uploads\/sites\/1542\/2024\/12\/diploma-200x200.png 200w, https:\/\/sites.usp.br\/relab\/wp-content\/uploads\/sites\/1542\/2024\/12\/diploma-400x400.png 400w, https:\/\/sites.usp.br\/relab\/wp-content\/uploads\/sites\/1542\/2024\/12\/diploma.png 512w\" sizes=\"(max-width: 150px) 100vw, 150px\" \/>\t\t\t\t\t\t\t\t\t\t\t\t\t<\/div>\n\t\t\t\t<\/div>\n\t\t\t\t<div class=\"elementor-element elementor-element-4e2e7a8 elementor-widget elementor-widget-heading\" data-id=\"4e2e7a8\" data-element_type=\"widget\" data-widget_type=\"heading.default\">\n\t\t\t\t<div class=\"elementor-widget-container\">\n\t\t\t<h2 class=\"elementor-heading-title elementor-size-default\">Doutorado<\/h2>\t\t<\/div>\n\t\t\t\t<\/div>\n\t\t\t\t<div class=\"elementor-element elementor-element-631f9da elementor-widget elementor-widget-text-editor\" data-id=\"631f9da\" data-element_type=\"widget\" data-widget_type=\"text-editor.default\">\n\t\t\t\t<div class=\"elementor-widget-container\">\n\t\t\t\t\t\t\t<p>Projetado para mestres que almejam realizar contribui\u00e7\u00f5es significativas para a ci\u00eancia e tecnologia. Focado no desenvolvimento de pesquisas originais e na amplia\u00e7\u00e3o do conhecimento em confiabilidade e manuten\u00e7\u00e3o.<\/p>\t\t\t\t\t\t<\/div>\n\t\t\t\t<\/div>\n\t\t\t\t<div class=\"elementor-element elementor-element-43ab22f elementor-widget-divider--view-line elementor-widget elementor-widget-divider\" data-id=\"43ab22f\" data-element_type=\"widget\" data-widget_type=\"divider.default\">\n\t\t\t\t<div class=\"elementor-widget-container\">\n\t\t\t\t\t<div class=\"elementor-divider\">\n\t\t\t<span class=\"elementor-divider-separator\">\n\t\t\t\t\t\t<\/span>\n\t\t<\/div>\n\t\t\t\t<\/div>\n\t\t\t\t<\/div>\n\t\t\t\t\t<\/div>\n\t\t<\/div>\n\t\t\t\t<div class=\"elementor-column elementor-col-50 elementor-inner-column elementor-element elementor-element-e74af3c\" data-id=\"e74af3c\" data-element_type=\"column\">\n\t\t\t<div class=\"elementor-widget-wrap elementor-element-populated\">\n\t\t\t\t\t\t<div class=\"elementor-element elementor-element-a7a6b37 elementor-widget elementor-widget-image\" data-id=\"a7a6b37\" data-element_type=\"widget\" data-widget_type=\"image.default\">\n\t\t\t\t<div class=\"elementor-widget-container\">\n\t\t\t\t\t\t\t\t\t\t\t\t\t<img loading=\"lazy\" decoding=\"async\" width=\"150\" height=\"150\" src=\"https:\/\/sites.usp.br\/relab\/wp-content\/uploads\/sites\/1542\/2024\/12\/atom-150x150.png\" class=\"attachment-thumbnail size-thumbnail wp-image-3383\" alt=\"\" srcset=\"https:\/\/sites.usp.br\/relab\/wp-content\/uploads\/sites\/1542\/2024\/12\/atom-150x150.png 150w, https:\/\/sites.usp.br\/relab\/wp-content\/uploads\/sites\/1542\/2024\/12\/atom-300x300.png 300w, https:\/\/sites.usp.br\/relab\/wp-content\/uploads\/sites\/1542\/2024\/12\/atom-45x45.png 45w, https:\/\/sites.usp.br\/relab\/wp-content\/uploads\/sites\/1542\/2024\/12\/atom-200x200.png 200w, https:\/\/sites.usp.br\/relab\/wp-content\/uploads\/sites\/1542\/2024\/12\/atom-400x400.png 400w, https:\/\/sites.usp.br\/relab\/wp-content\/uploads\/sites\/1542\/2024\/12\/atom.png 512w\" sizes=\"(max-width: 150px) 100vw, 150px\" \/>\t\t\t\t\t\t\t\t\t\t\t\t\t<\/div>\n\t\t\t\t<\/div>\n\t\t\t\t<div class=\"elementor-element elementor-element-bd33683 elementor-widget elementor-widget-heading\" data-id=\"bd33683\" data-element_type=\"widget\" data-widget_type=\"heading.default\">\n\t\t\t\t<div class=\"elementor-widget-container\">\n\t\t\t<h2 class=\"elementor-heading-title elementor-size-default\">P\u00f3s-Doutorado<\/h2>\t\t<\/div>\n\t\t\t\t<\/div>\n\t\t\t\t<div class=\"elementor-element elementor-element-256bed5 elementor-widget elementor-widget-text-editor\" data-id=\"256bed5\" data-element_type=\"widget\" data-widget_type=\"text-editor.default\">\n\t\t\t\t<div class=\"elementor-widget-container\">\n\t\t\t\t\t\t\t<p>Direcionado a doutores que desejam continuar suas carreiras acad\u00eamicas e atuar em projetos de alto impacto. Essas oportunidades s\u00e3o ideais para aprofundar pesquisas e liderar iniciativas cient\u00edficas de ponta.<\/p>\t\t\t\t\t\t<\/div>\n\t\t\t\t<\/div>\n\t\t\t\t<div class=\"elementor-element elementor-element-70f0dba elementor-widget-divider--view-line elementor-widget elementor-widget-divider\" data-id=\"70f0dba\" data-element_type=\"widget\" data-widget_type=\"divider.default\">\n\t\t\t\t<div class=\"elementor-widget-container\">\n\t\t\t\t\t<div class=\"elementor-divider\">\n\t\t\t<span class=\"elementor-divider-separator\">\n\t\t\t\t\t\t<\/span>\n\t\t<\/div>\n\t\t\t\t<\/div>\n\t\t\t\t<\/div>\n\t\t\t\t\t<\/div>\n\t\t<\/div>\n\t\t\t\t\t<\/div>\n\t\t<\/section>\n\t\t\t\t<div class=\"elementor-element elementor-element-999171f elementor-widget elementor-widget-spacer\" data-id=\"999171f\" data-element_type=\"widget\" data-widget_type=\"spacer.default\">\n\t\t\t\t<div class=\"elementor-widget-container\">\n\t\t\t\t\t<div class=\"elementor-spacer\">\n\t\t\t<div class=\"elementor-spacer-inner\"><\/div>\n\t\t<\/div>\n\t\t\t\t<\/div>\n\t\t\t\t<\/div>\n\t\t\t\t\t<\/div>\n\t\t<\/div>\n\t\t\t\t\t<\/div>\n\t\t<\/section>\n\t\t\t\t<\/div>\n\t\t","protected":false},"excerpt":{"rendered":"<p>OPORTUNIDADES DE PESQUISA NO RELAB No Relab, estamos comprometidos em avan\u00e7ar o conhecimento e solucionar desafios reais na \u00e1rea de confiabilidade e manuten\u00e7\u00e3o. Oferecemos oportunidades para alunos e pesquisadores participarem de pesquisas de ponta, incluindo projetos de inicia\u00e7\u00e3o cient\u00edfica, mestrado, doutorado e p\u00f3s-doutorado. Nosso ambiente colaborativo proporciona acesso a metodologias avan\u00e7adas e orienta\u00e7\u00e3o de especialistas [&hellip;]<\/p>\n","protected":false},"author":24311,"featured_media":0,"parent":0,"menu_order":0,"comment_status":"closed","ping_status":"closed","template":"elementor_header_footer","meta":{"_monsterinsights_skip_tracking":false,"_monsterinsights_sitenote_active":false,"_monsterinsights_sitenote_note":"","_monsterinsights_sitenote_category":0,"footnotes":"","_links_to":"","_links_to_target":""},"class_list":["post-2895","page","type-page","status-publish","hentry","entry"],"_links":{"self":[{"href":"https:\/\/sites.usp.br\/relab\/wp-json\/wp\/v2\/pages\/2895","targetHints":{"allow":["GET"]}}],"collection":[{"href":"https:\/\/sites.usp.br\/relab\/wp-json\/wp\/v2\/pages"}],"about":[{"href":"https:\/\/sites.usp.br\/relab\/wp-json\/wp\/v2\/types\/page"}],"author":[{"embeddable":true,"href":"https:\/\/sites.usp.br\/relab\/wp-json\/wp\/v2\/users\/24311"}],"replies":[{"embeddable":true,"href":"https:\/\/sites.usp.br\/relab\/wp-json\/wp\/v2\/comments?post=2895"}],"version-history":[{"count":4,"href":"https:\/\/sites.usp.br\/relab\/wp-json\/wp\/v2\/pages\/2895\/revisions"}],"predecessor-version":[{"id":3420,"href":"https:\/\/sites.usp.br\/relab\/wp-json\/wp\/v2\/pages\/2895\/revisions\/3420"}],"wp:attachment":[{"href":"https:\/\/sites.usp.br\/relab\/wp-json\/wp\/v2\/media?parent=2895"}],"curies":[{"name":"wp","href":"https:\/\/api.w.org\/{rel}","templated":true}]}}