{"id":3424,"date":"2025-02-13T11:35:01","date_gmt":"2025-02-13T14:35:01","guid":{"rendered":"https:\/\/sites.usp.br\/relab\/?page_id=3424"},"modified":"2025-02-13T13:42:25","modified_gmt":"2025-02-13T16:42:25","slug":"oportunidades-2","status":"publish","type":"page","link":"https:\/\/sites.usp.br\/relab\/es\/oportunidades-2\/","title":{"rendered":"Oportunidades"},"content":{"rendered":"\t\t<div data-elementor-type=\"wp-page\" data-elementor-id=\"3424\" class=\"elementor elementor-3424\" data-elementor-post-type=\"page\">\n\t\t\t\t\t\t<section class=\"elementor-section elementor-top-section elementor-element elementor-element-41136116 elementor-section-boxed elementor-section-height-default elementor-section-height-default\" data-id=\"41136116\" data-element_type=\"section\">\n\t\t\t\t\t\t<div class=\"elementor-container elementor-column-gap-default\">\n\t\t\t\t\t<div class=\"elementor-column elementor-col-100 elementor-top-column elementor-element elementor-element-3834cae4\" data-id=\"3834cae4\" data-element_type=\"column\">\n\t\t\t<div class=\"elementor-widget-wrap elementor-element-populated\">\n\t\t\t\t\t\t<div class=\"elementor-element elementor-element-2ff20a6 elementor-widget elementor-widget-spacer\" data-id=\"2ff20a6\" data-element_type=\"widget\" data-widget_type=\"spacer.default\">\n\t\t\t\t<div class=\"elementor-widget-container\">\n\t\t\t\t\t<div class=\"elementor-spacer\">\n\t\t\t<div class=\"elementor-spacer-inner\"><\/div>\n\t\t<\/div>\n\t\t\t\t<\/div>\n\t\t\t\t<\/div>\n\t\t\t\t<div class=\"elementor-element elementor-element-28c0ee6 elementor-widget elementor-widget-heading\" data-id=\"28c0ee6\" data-element_type=\"widget\" data-widget_type=\"heading.default\">\n\t\t\t\t<div class=\"elementor-widget-container\">\n\t\t\t<h2 class=\"elementor-heading-title elementor-size-default\">OPORTUNIDADES DE INVESTIGACI\u00d3N EN RELAB<\/h2>\t\t<\/div>\n\t\t\t\t<\/div>\n\t\t\t\t<div class=\"elementor-element elementor-element-179d578 elementor-widget elementor-widget-spacer\" data-id=\"179d578\" data-element_type=\"widget\" data-widget_type=\"spacer.default\">\n\t\t\t\t<div class=\"elementor-widget-container\">\n\t\t\t\t\t<div class=\"elementor-spacer\">\n\t\t\t<div class=\"elementor-spacer-inner\"><\/div>\n\t\t<\/div>\n\t\t\t\t<\/div>\n\t\t\t\t<\/div>\n\t\t\t\t<div class=\"elementor-element elementor-element-29a0120a elementor-widget elementor-widget-text-editor\" data-id=\"29a0120a\" data-element_type=\"widget\" data-widget_type=\"text-editor.default\">\n\t\t\t\t<div class=\"elementor-widget-container\">\n\t\t\t\t\t\t\t<p>En Relab, estamos comprometidos con el avance del conocimiento y la soluci\u00f3n de desaf\u00edos reales en el \u00e1rea de confiabilidad y mantenimiento. Ofrecemos oportunidades para que estudiantes e investigadores participen en investigaciones de vanguardia, incluyendo proyectos de iniciaci\u00f3n cient\u00edfica, maestr\u00eda, doctorado y postdoctorado. Nuestro entorno colaborativo proporciona acceso a metodolog\u00edas avanzadas y orientaci\u00f3n de expertos experimentados en el campo.<\/p><p>Tambi\u00e9n fomentamos las asociaciones con empresas interesadas en patrocinar iniciativas de investigaci\u00f3n. Al colaborar con Relab, las organizaciones pueden apoyar proyectos innovadores, acceder a soluciones avanzadas adaptadas a sus necesidades y contribuir al desarrollo de tecnolog\u00edas de alto impacto.<\/p><p>\u00a1\u00danase a nosotros para dar forma al futuro de la ingenier\u00eda de confiabilidad y mantenimiento! A continuaci\u00f3n, encontrar\u00e1 descripciones de oportunidades espec\u00edficas actualmente disponibles para participar en proyectos de laboratorio, as\u00ed como informaci\u00f3n sobre oportunidades en curso para realizar investigaciones en programas de iniciaci\u00f3n cient\u00edfica, maestr\u00eda, doctorado y posdoctorado con becas del CNPq y FAPESP.<\/p>\t\t\t\t\t\t<\/div>\n\t\t\t\t<\/div>\n\t\t\t\t\t<\/div>\n\t\t<\/div>\n\t\t\t\t\t<\/div>\n\t\t<\/section>\n\t\t\t\t<section class=\"elementor-section elementor-top-section elementor-element elementor-element-b42d88b elementor-section-boxed elementor-section-height-default elementor-section-height-default\" data-id=\"b42d88b\" data-element_type=\"section\" data-settings=\"{&quot;background_background&quot;:&quot;classic&quot;}\">\n\t\t\t\t\t\t<div class=\"elementor-container elementor-column-gap-default\">\n\t\t\t\t\t<div class=\"elementor-column elementor-col-100 elementor-top-column elementor-element elementor-element-21c90e1\" data-id=\"21c90e1\" data-element_type=\"column\">\n\t\t\t<div class=\"elementor-widget-wrap elementor-element-populated\">\n\t\t\t\t\t\t<div class=\"elementor-element elementor-element-5bdf54f elementor-widget elementor-widget-spacer\" data-id=\"5bdf54f\" data-element_type=\"widget\" data-widget_type=\"spacer.default\">\n\t\t\t\t<div class=\"elementor-widget-container\">\n\t\t\t\t\t<div class=\"elementor-spacer\">\n\t\t\t<div class=\"elementor-spacer-inner\"><\/div>\n\t\t<\/div>\n\t\t\t\t<\/div>\n\t\t\t\t<\/div>\n\t\t\t\t<div class=\"elementor-element elementor-element-4a61ab9 elementor-widget elementor-widget-heading\" data-id=\"4a61ab9\" data-element_type=\"widget\" data-widget_type=\"heading.default\">\n\t\t\t\t<div class=\"elementor-widget-container\">\n\t\t\t<h2 class=\"elementor-heading-title elementor-size-default\">OPORTUNIDADES EN PROYECTOS ESPEC\u00cdFICOS<\/h2>\t\t<\/div>\n\t\t\t\t<\/div>\n\t\t\t\t<div class=\"elementor-element elementor-element-54c321e elementor-widget elementor-widget-spacer\" data-id=\"54c321e\" data-element_type=\"widget\" data-widget_type=\"spacer.default\">\n\t\t\t\t<div class=\"elementor-widget-container\">\n\t\t\t\t\t<div class=\"elementor-spacer\">\n\t\t\t<div class=\"elementor-spacer-inner\"><\/div>\n\t\t<\/div>\n\t\t\t\t<\/div>\n\t\t\t\t<\/div>\n\t\t\t\t<div class=\"elementor-element elementor-element-9e5eda2 elementor-widget elementor-widget-text-editor\" data-id=\"9e5eda2\" data-element_type=\"widget\" data-widget_type=\"text-editor.default\">\n\t\t\t\t<div class=\"elementor-widget-container\">\n\t\t\t\t\t\t\t<p>\u00a1Cuando haya oportunidades de participar en alguno de nuestros proyectos, se publicar\u00e1n aqu\u00ed!<\/p>\t\t\t\t\t\t<\/div>\n\t\t\t\t<\/div>\n\t\t\t\t\t<\/div>\n\t\t<\/div>\n\t\t\t\t\t<\/div>\n\t\t<\/section>\n\t\t\t\t<section class=\"elementor-section elementor-top-section elementor-element elementor-element-e93ca6d elementor-section-boxed elementor-section-height-default elementor-section-height-default\" data-id=\"e93ca6d\" data-element_type=\"section\" data-settings=\"{&quot;background_background&quot;:&quot;classic&quot;}\">\n\t\t\t\t\t\t<div class=\"elementor-container elementor-column-gap-default\">\n\t\t\t\t\t<div class=\"elementor-column elementor-col-100 elementor-top-column elementor-element elementor-element-335a22d\" data-id=\"335a22d\" data-element_type=\"column\">\n\t\t\t<div class=\"elementor-widget-wrap elementor-element-populated\">\n\t\t\t\t\t\t<div class=\"elementor-element elementor-element-16bcff8 elementor-widget elementor-widget-spacer\" data-id=\"16bcff8\" data-element_type=\"widget\" data-widget_type=\"spacer.default\">\n\t\t\t\t<div class=\"elementor-widget-container\">\n\t\t\t\t\t<div class=\"elementor-spacer\">\n\t\t\t<div class=\"elementor-spacer-inner\"><\/div>\n\t\t<\/div>\n\t\t\t\t<\/div>\n\t\t\t\t<\/div>\n\t\t\t\t<div class=\"elementor-element elementor-element-1c970a8 elementor-widget elementor-widget-heading\" data-id=\"1c970a8\" data-element_type=\"widget\" data-widget_type=\"heading.default\">\n\t\t\t\t<div class=\"elementor-widget-container\">\n\t\t\t<h2 class=\"elementor-heading-title elementor-size-default\">OPORTUNIDADES DE INVESTIGACI\u00d3N EN CURSO<\/h2>\t\t<\/div>\n\t\t\t\t<\/div>\n\t\t\t\t<div class=\"elementor-element elementor-element-d24ad0e elementor-widget elementor-widget-spacer\" data-id=\"d24ad0e\" data-element_type=\"widget\" data-widget_type=\"spacer.default\">\n\t\t\t\t<div class=\"elementor-widget-container\">\n\t\t\t\t\t<div class=\"elementor-spacer\">\n\t\t\t<div class=\"elementor-spacer-inner\"><\/div>\n\t\t<\/div>\n\t\t\t\t<\/div>\n\t\t\t\t<\/div>\n\t\t\t\t<section class=\"elementor-section elementor-inner-section elementor-element elementor-element-665ae85 elementor-section-boxed elementor-section-height-default elementor-section-height-default\" data-id=\"665ae85\" data-element_type=\"section\">\n\t\t\t\t\t\t<div class=\"elementor-container elementor-column-gap-default\">\n\t\t\t\t\t<div class=\"elementor-column elementor-col-50 elementor-inner-column elementor-element elementor-element-b608242\" data-id=\"b608242\" data-element_type=\"column\">\n\t\t\t<div class=\"elementor-widget-wrap elementor-element-populated\">\n\t\t\t\t\t\t<div class=\"elementor-element elementor-element-587162e elementor-widget elementor-widget-image\" data-id=\"587162e\" data-element_type=\"widget\" data-widget_type=\"image.default\">\n\t\t\t\t<div class=\"elementor-widget-container\">\n\t\t\t\t\t\t\t\t\t\t\t\t\t<img decoding=\"async\" width=\"150\" height=\"150\" src=\"https:\/\/sites.usp.br\/relab\/wp-content\/uploads\/sites\/1542\/2024\/12\/light-bulb-150x150.png\" class=\"attachment-thumbnail size-thumbnail wp-image-3386\" alt=\"\" srcset=\"https:\/\/sites.usp.br\/relab\/wp-content\/uploads\/sites\/1542\/2024\/12\/light-bulb-150x150.png 150w, https:\/\/sites.usp.br\/relab\/wp-content\/uploads\/sites\/1542\/2024\/12\/light-bulb-300x300.png 300w, https:\/\/sites.usp.br\/relab\/wp-content\/uploads\/sites\/1542\/2024\/12\/light-bulb-45x45.png 45w, https:\/\/sites.usp.br\/relab\/wp-content\/uploads\/sites\/1542\/2024\/12\/light-bulb-200x200.png 200w, https:\/\/sites.usp.br\/relab\/wp-content\/uploads\/sites\/1542\/2024\/12\/light-bulb-400x400.png 400w, https:\/\/sites.usp.br\/relab\/wp-content\/uploads\/sites\/1542\/2024\/12\/light-bulb.png 512w\" sizes=\"(max-width: 150px) 100vw, 150px\" \/>\t\t\t\t\t\t\t\t\t\t\t\t\t<\/div>\n\t\t\t\t<\/div>\n\t\t\t\t<div class=\"elementor-element elementor-element-fd4df99 elementor-widget elementor-widget-heading\" data-id=\"fd4df99\" data-element_type=\"widget\" data-widget_type=\"heading.default\">\n\t\t\t\t<div class=\"elementor-widget-container\">\n\t\t\t<h2 class=\"elementor-heading-title elementor-size-default\">Iniciaci\u00f3n Cient\u00edfica<\/h2>\t\t<\/div>\n\t\t\t\t<\/div>\n\t\t\t\t<div class=\"elementor-element elementor-element-6d97b2c elementor-widget elementor-widget-text-editor\" data-id=\"6d97b2c\" data-element_type=\"widget\" data-widget_type=\"text-editor.default\">\n\t\t\t\t<div class=\"elementor-widget-container\">\n\t\t\t\t\t\t\t<p>Destinado a estudiantes universitarios interesados en iniciar su carrera acad\u00e9mica y explorar el mundo de la investigaci\u00f3n. Es una excelente oportunidad para aprender metodolog\u00edas cient\u00edficas y contribuir a proyectos innovadores.<\/p>\t\t\t\t\t\t<\/div>\n\t\t\t\t<\/div>\n\t\t\t\t<div class=\"elementor-element elementor-element-263c1dc elementor-widget-divider--view-line elementor-widget elementor-widget-divider\" data-id=\"263c1dc\" data-element_type=\"widget\" data-widget_type=\"divider.default\">\n\t\t\t\t<div class=\"elementor-widget-container\">\n\t\t\t\t\t<div class=\"elementor-divider\">\n\t\t\t<span class=\"elementor-divider-separator\">\n\t\t\t\t\t\t<\/span>\n\t\t<\/div>\n\t\t\t\t<\/div>\n\t\t\t\t<\/div>\n\t\t\t\t\t<\/div>\n\t\t<\/div>\n\t\t\t\t<div class=\"elementor-column elementor-col-50 elementor-inner-column elementor-element elementor-element-04b2d63\" data-id=\"04b2d63\" data-element_type=\"column\">\n\t\t\t<div class=\"elementor-widget-wrap elementor-element-populated\">\n\t\t\t\t\t\t<div class=\"elementor-element elementor-element-2d93a8e elementor-widget elementor-widget-image\" data-id=\"2d93a8e\" data-element_type=\"widget\" data-widget_type=\"image.default\">\n\t\t\t\t<div class=\"elementor-widget-container\">\n\t\t\t\t\t\t\t\t\t\t\t\t\t<img decoding=\"async\" width=\"150\" height=\"150\" src=\"https:\/\/sites.usp.br\/relab\/wp-content\/uploads\/sites\/1542\/2024\/12\/book-150x150.png\" class=\"attachment-thumbnail size-thumbnail wp-image-3385\" alt=\"\" srcset=\"https:\/\/sites.usp.br\/relab\/wp-content\/uploads\/sites\/1542\/2024\/12\/book-150x150.png 150w, https:\/\/sites.usp.br\/relab\/wp-content\/uploads\/sites\/1542\/2024\/12\/book-300x300.png 300w, https:\/\/sites.usp.br\/relab\/wp-content\/uploads\/sites\/1542\/2024\/12\/book-45x45.png 45w, https:\/\/sites.usp.br\/relab\/wp-content\/uploads\/sites\/1542\/2024\/12\/book-200x200.png 200w, https:\/\/sites.usp.br\/relab\/wp-content\/uploads\/sites\/1542\/2024\/12\/book-400x400.png 400w, https:\/\/sites.usp.br\/relab\/wp-content\/uploads\/sites\/1542\/2024\/12\/book.png 512w\" sizes=\"(max-width: 150px) 100vw, 150px\" \/>\t\t\t\t\t\t\t\t\t\t\t\t\t<\/div>\n\t\t\t\t<\/div>\n\t\t\t\t<div class=\"elementor-element elementor-element-debdbe5 elementor-widget elementor-widget-heading\" data-id=\"debdbe5\" data-element_type=\"widget\" data-widget_type=\"heading.default\">\n\t\t\t\t<div class=\"elementor-widget-container\">\n\t\t\t<h2 class=\"elementor-heading-title elementor-size-default\">Maestr\u00eda<\/h2>\t\t<\/div>\n\t\t\t\t<\/div>\n\t\t\t\t<div class=\"elementor-element elementor-element-7401b39 elementor-widget elementor-widget-text-editor\" data-id=\"7401b39\" data-element_type=\"widget\" data-widget_type=\"text-editor.default\">\n\t\t\t\t<div class=\"elementor-widget-container\">\n\t\t\t\t\t\t\t<p>Dirigido a titulados universitarios que deseen profundizar sus conocimientos y desarrollar habilidades de investigaci\u00f3n avanzadas. Ideal para quienes buscan combinar estudios te\u00f3ricos y pr\u00e1cticos en proyectos desafiantes. \u00a0 \u00a0 \u00a0 \u00a0 \u00a0 \u00a0 \u00a0 \u00a0 \u00a0 \u00a0 \u00a0 \u00a0 \u00a0 \u00a0 \u00a0 \u00a0 \u00a0 \u00a0 \u00a0 \u00a0 \u00a0 \u00a0\u00a0<\/p>\t\t\t\t\t\t<\/div>\n\t\t\t\t<\/div>\n\t\t\t\t<div class=\"elementor-element elementor-element-a713df4 elementor-widget-divider--view-line elementor-widget elementor-widget-divider\" data-id=\"a713df4\" data-element_type=\"widget\" data-widget_type=\"divider.default\">\n\t\t\t\t<div class=\"elementor-widget-container\">\n\t\t\t\t\t<div class=\"elementor-divider\">\n\t\t\t<span class=\"elementor-divider-separator\">\n\t\t\t\t\t\t<\/span>\n\t\t<\/div>\n\t\t\t\t<\/div>\n\t\t\t\t<\/div>\n\t\t\t\t\t<\/div>\n\t\t<\/div>\n\t\t\t\t\t<\/div>\n\t\t<\/section>\n\t\t\t\t<section class=\"elementor-section elementor-inner-section elementor-element elementor-element-dcd48f2 elementor-section-boxed elementor-section-height-default elementor-section-height-default\" data-id=\"dcd48f2\" data-element_type=\"section\">\n\t\t\t\t\t\t<div class=\"elementor-container elementor-column-gap-default\">\n\t\t\t\t\t<div class=\"elementor-column elementor-col-50 elementor-inner-column elementor-element elementor-element-dbfc050\" data-id=\"dbfc050\" data-element_type=\"column\">\n\t\t\t<div class=\"elementor-widget-wrap elementor-element-populated\">\n\t\t\t\t\t\t<div class=\"elementor-element elementor-element-c3a8712 elementor-widget elementor-widget-image\" data-id=\"c3a8712\" data-element_type=\"widget\" data-widget_type=\"image.default\">\n\t\t\t\t<div class=\"elementor-widget-container\">\n\t\t\t\t\t\t\t\t\t\t\t\t\t<img decoding=\"async\" width=\"150\" height=\"150\" src=\"https:\/\/sites.usp.br\/relab\/wp-content\/uploads\/sites\/1542\/2024\/12\/diploma-150x150.png\" class=\"attachment-thumbnail size-thumbnail wp-image-3384\" alt=\"\" srcset=\"https:\/\/sites.usp.br\/relab\/wp-content\/uploads\/sites\/1542\/2024\/12\/diploma-150x150.png 150w, https:\/\/sites.usp.br\/relab\/wp-content\/uploads\/sites\/1542\/2024\/12\/diploma-300x300.png 300w, https:\/\/sites.usp.br\/relab\/wp-content\/uploads\/sites\/1542\/2024\/12\/diploma-45x45.png 45w, https:\/\/sites.usp.br\/relab\/wp-content\/uploads\/sites\/1542\/2024\/12\/diploma-200x200.png 200w, https:\/\/sites.usp.br\/relab\/wp-content\/uploads\/sites\/1542\/2024\/12\/diploma-400x400.png 400w, https:\/\/sites.usp.br\/relab\/wp-content\/uploads\/sites\/1542\/2024\/12\/diploma.png 512w\" sizes=\"(max-width: 150px) 100vw, 150px\" \/>\t\t\t\t\t\t\t\t\t\t\t\t\t<\/div>\n\t\t\t\t<\/div>\n\t\t\t\t<div class=\"elementor-element elementor-element-4e2e7a8 elementor-widget elementor-widget-heading\" data-id=\"4e2e7a8\" data-element_type=\"widget\" data-widget_type=\"heading.default\">\n\t\t\t\t<div class=\"elementor-widget-container\">\n\t\t\t<h2 class=\"elementor-heading-title elementor-size-default\">PhD<\/h2>\t\t<\/div>\n\t\t\t\t<\/div>\n\t\t\t\t<div class=\"elementor-element elementor-element-631f9da elementor-widget elementor-widget-text-editor\" data-id=\"631f9da\" data-element_type=\"widget\" data-widget_type=\"text-editor.default\">\n\t\t\t\t<div class=\"elementor-widget-container\">\n\t\t\t\t\t\t\t<p>Dise\u00f1ado para investigadores que buscan hacer contribuciones significativas a la ciencia y la tecnolog\u00eda. Enfocado en desarrollar investigaci\u00f3n original y expandir el conocimiento en confiabilidad y mantenimiento.<\/p>\t\t\t\t\t\t<\/div>\n\t\t\t\t<\/div>\n\t\t\t\t<div class=\"elementor-element elementor-element-43ab22f elementor-widget-divider--view-line elementor-widget elementor-widget-divider\" data-id=\"43ab22f\" data-element_type=\"widget\" data-widget_type=\"divider.default\">\n\t\t\t\t<div class=\"elementor-widget-container\">\n\t\t\t\t\t<div class=\"elementor-divider\">\n\t\t\t<span class=\"elementor-divider-separator\">\n\t\t\t\t\t\t<\/span>\n\t\t<\/div>\n\t\t\t\t<\/div>\n\t\t\t\t<\/div>\n\t\t\t\t\t<\/div>\n\t\t<\/div>\n\t\t\t\t<div class=\"elementor-column elementor-col-50 elementor-inner-column elementor-element elementor-element-e74af3c\" data-id=\"e74af3c\" data-element_type=\"column\">\n\t\t\t<div class=\"elementor-widget-wrap elementor-element-populated\">\n\t\t\t\t\t\t<div class=\"elementor-element elementor-element-a7a6b37 elementor-widget elementor-widget-image\" data-id=\"a7a6b37\" data-element_type=\"widget\" data-widget_type=\"image.default\">\n\t\t\t\t<div class=\"elementor-widget-container\">\n\t\t\t\t\t\t\t\t\t\t\t\t\t<img loading=\"lazy\" decoding=\"async\" width=\"150\" height=\"150\" src=\"https:\/\/sites.usp.br\/relab\/wp-content\/uploads\/sites\/1542\/2024\/12\/atom-150x150.png\" class=\"attachment-thumbnail size-thumbnail wp-image-3383\" alt=\"\" srcset=\"https:\/\/sites.usp.br\/relab\/wp-content\/uploads\/sites\/1542\/2024\/12\/atom-150x150.png 150w, https:\/\/sites.usp.br\/relab\/wp-content\/uploads\/sites\/1542\/2024\/12\/atom-300x300.png 300w, https:\/\/sites.usp.br\/relab\/wp-content\/uploads\/sites\/1542\/2024\/12\/atom-45x45.png 45w, https:\/\/sites.usp.br\/relab\/wp-content\/uploads\/sites\/1542\/2024\/12\/atom-200x200.png 200w, https:\/\/sites.usp.br\/relab\/wp-content\/uploads\/sites\/1542\/2024\/12\/atom-400x400.png 400w, https:\/\/sites.usp.br\/relab\/wp-content\/uploads\/sites\/1542\/2024\/12\/atom.png 512w\" sizes=\"(max-width: 150px) 100vw, 150px\" \/>\t\t\t\t\t\t\t\t\t\t\t\t\t<\/div>\n\t\t\t\t<\/div>\n\t\t\t\t<div class=\"elementor-element elementor-element-bd33683 elementor-widget elementor-widget-heading\" data-id=\"bd33683\" data-element_type=\"widget\" data-widget_type=\"heading.default\">\n\t\t\t\t<div class=\"elementor-widget-container\">\n\t\t\t<h2 class=\"elementor-heading-title elementor-size-default\">Postdoctorado<\/h2>\t\t<\/div>\n\t\t\t\t<\/div>\n\t\t\t\t<div class=\"elementor-element elementor-element-256bed5 elementor-widget elementor-widget-text-editor\" data-id=\"256bed5\" data-element_type=\"widget\" data-widget_type=\"text-editor.default\">\n\t\t\t\t<div class=\"elementor-widget-container\">\n\t\t\t\t\t\t\t<p>Dirigido a doctores que deseen continuar su carrera acad\u00e9mica y trabajar en proyectos de alto impacto. Estas oportunidades son ideales para profundizar la investigaci\u00f3n y liderar iniciativas cient\u00edficas de vanguardia.<\/p>\t\t\t\t\t\t<\/div>\n\t\t\t\t<\/div>\n\t\t\t\t<div class=\"elementor-element elementor-element-70f0dba elementor-widget-divider--view-line elementor-widget elementor-widget-divider\" data-id=\"70f0dba\" data-element_type=\"widget\" data-widget_type=\"divider.default\">\n\t\t\t\t<div class=\"elementor-widget-container\">\n\t\t\t\t\t<div class=\"elementor-divider\">\n\t\t\t<span class=\"elementor-divider-separator\">\n\t\t\t\t\t\t<\/span>\n\t\t<\/div>\n\t\t\t\t<\/div>\n\t\t\t\t<\/div>\n\t\t\t\t\t<\/div>\n\t\t<\/div>\n\t\t\t\t\t<\/div>\n\t\t<\/section>\n\t\t\t\t<div class=\"elementor-element elementor-element-999171f elementor-widget elementor-widget-spacer\" data-id=\"999171f\" data-element_type=\"widget\" data-widget_type=\"spacer.default\">\n\t\t\t\t<div class=\"elementor-widget-container\">\n\t\t\t\t\t<div class=\"elementor-spacer\">\n\t\t\t<div class=\"elementor-spacer-inner\"><\/div>\n\t\t<\/div>\n\t\t\t\t<\/div>\n\t\t\t\t<\/div>\n\t\t\t\t\t<\/div>\n\t\t<\/div>\n\t\t\t\t\t<\/div>\n\t\t<\/section>\n\t\t\t\t<\/div>\n\t\t","protected":false},"excerpt":{"rendered":"<p>OPORTUNIDADES DE INVESTIGACI\u00d3N EN RELAB En Relab, estamos comprometidos con el avance del conocimiento y la soluci\u00f3n de desaf\u00edos reales en el \u00e1rea de confiabilidad y mantenimiento. Ofrecemos oportunidades para que estudiantes e investigadores participen en investigaciones de vanguardia, incluyendo proyectos de iniciaci\u00f3n cient\u00edfica, maestr\u00eda, doctorado y postdoctorado. Nuestro entorno colaborativo proporciona acceso a metodolog\u00edas [&hellip;]<\/p>\n","protected":false},"author":24311,"featured_media":0,"parent":0,"menu_order":0,"comment_status":"closed","ping_status":"closed","template":"elementor_header_footer","meta":{"_monsterinsights_skip_tracking":false,"_monsterinsights_sitenote_active":false,"_monsterinsights_sitenote_note":"","_monsterinsights_sitenote_category":0,"footnotes":"","_links_to":"","_links_to_target":""},"class_list":["post-3424","page","type-page","status-publish","hentry","entry"],"_links":{"self":[{"href":"https:\/\/sites.usp.br\/relab\/wp-json\/wp\/v2\/pages\/3424","targetHints":{"allow":["GET"]}}],"collection":[{"href":"https:\/\/sites.usp.br\/relab\/wp-json\/wp\/v2\/pages"}],"about":[{"href":"https:\/\/sites.usp.br\/relab\/wp-json\/wp\/v2\/types\/page"}],"author":[{"embeddable":true,"href":"https:\/\/sites.usp.br\/relab\/wp-json\/wp\/v2\/users\/24311"}],"replies":[{"embeddable":true,"href":"https:\/\/sites.usp.br\/relab\/wp-json\/wp\/v2\/comments?post=3424"}],"version-history":[{"count":4,"href":"https:\/\/sites.usp.br\/relab\/wp-json\/wp\/v2\/pages\/3424\/revisions"}],"predecessor-version":[{"id":3485,"href":"https:\/\/sites.usp.br\/relab\/wp-json\/wp\/v2\/pages\/3424\/revisions\/3485"}],"wp:attachment":[{"href":"https:\/\/sites.usp.br\/relab\/wp-json\/wp\/v2\/media?parent=3424"}],"curies":[{"name":"wp","href":"https:\/\/api.w.org\/{rel}","templated":true}]}}