{"id":3439,"date":"2025-02-13T11:40:44","date_gmt":"2025-02-13T14:40:44","guid":{"rendered":"https:\/\/sites.usp.br\/relab\/?page_id=3439"},"modified":"2025-02-13T13:34:04","modified_gmt":"2025-02-13T16:34:04","slug":"investigacion","status":"publish","type":"page","link":"https:\/\/sites.usp.br\/relab\/es\/investigacion\/","title":{"rendered":"Investigaci\u00f3n"},"content":{"rendered":"\t\t<div data-elementor-type=\"wp-page\" data-elementor-id=\"3439\" class=\"elementor elementor-3439\" data-elementor-post-type=\"page\">\n\t\t\t\t\t\t<section class=\"elementor-section elementor-top-section elementor-element elementor-element-3bc7b801 elementor-section-boxed elementor-section-height-default elementor-section-height-default\" data-id=\"3bc7b801\" data-element_type=\"section\">\n\t\t\t\t\t\t<div class=\"elementor-container elementor-column-gap-default\">\n\t\t\t\t\t<div class=\"elementor-column elementor-col-100 elementor-top-column elementor-element elementor-element-681c78d2\" data-id=\"681c78d2\" data-element_type=\"column\">\n\t\t\t<div class=\"elementor-widget-wrap elementor-element-populated\">\n\t\t\t\t\t\t<div class=\"elementor-element elementor-element-61b278b elementor-widget elementor-widget-spacer\" data-id=\"61b278b\" data-element_type=\"widget\" data-widget_type=\"spacer.default\">\n\t\t\t\t<div class=\"elementor-widget-container\">\n\t\t\t\t\t<div class=\"elementor-spacer\">\n\t\t\t<div class=\"elementor-spacer-inner\"><\/div>\n\t\t<\/div>\n\t\t\t\t<\/div>\n\t\t\t\t<\/div>\n\t\t\t\t<div class=\"elementor-element elementor-element-b52e278 elementor-widget elementor-widget-heading\" data-id=\"b52e278\" data-element_type=\"widget\" data-widget_type=\"heading.default\">\n\t\t\t\t<div class=\"elementor-widget-container\">\n\t\t\t<h2 class=\"elementor-heading-title elementor-size-default\">L\u00cdNEAS DE INVESTIGACI\u00d3N DEL RELAB<\/h2>\t\t<\/div>\n\t\t\t\t<\/div>\n\t\t\t\t<div class=\"elementor-element elementor-element-6f9fc21 elementor-widget elementor-widget-spacer\" data-id=\"6f9fc21\" data-element_type=\"widget\" data-widget_type=\"spacer.default\">\n\t\t\t\t<div class=\"elementor-widget-container\">\n\t\t\t\t\t<div class=\"elementor-spacer\">\n\t\t\t<div class=\"elementor-spacer-inner\"><\/div>\n\t\t<\/div>\n\t\t\t\t<\/div>\n\t\t\t\t<\/div>\n\t\t\t\t<div class=\"elementor-element elementor-element-53a7dae7 elementor-widget elementor-widget-text-editor\" data-id=\"53a7dae7\" data-element_type=\"widget\" data-widget_type=\"text-editor.default\">\n\t\t\t\t<div class=\"elementor-widget-container\">\n\t\t\t\t\t\t\t<p>En el Laboratorio de Confiabilidad de la USP, nuestras principales l\u00edneas de investigaci\u00f3n son el Mantenimiento Predictivo apoyado en Inteligencia Artificial, la Gesti\u00f3n del Mantenimiento y el Dise\u00f1o basado en Confiabilidad. Estas \u00e1reas reflejan nuestra dedicaci\u00f3n a resolver desaf\u00edos cr\u00edticos de la industria combinando ingenier\u00eda e innovaci\u00f3n tecnol\u00f3gica. Cualquiera que sea el desaf\u00edo, buscamos crear conocimiento y generar impacto pr\u00e1ctico en el campo de la confiabilidad. Descubre a continuaci\u00f3n un poco m\u00e1s sobre nuestras l\u00edneas de investigaci\u00f3n.<\/p>\t\t\t\t\t\t<\/div>\n\t\t\t\t<\/div>\n\t\t\t\t\t<\/div>\n\t\t<\/div>\n\t\t\t\t\t<\/div>\n\t\t<\/section>\n\t\t\t\t<section class=\"elementor-section elementor-top-section elementor-element elementor-element-ae649d7 elementor-section-boxed elementor-section-height-default elementor-section-height-default\" data-id=\"ae649d7\" data-element_type=\"section\" data-settings=\"{&quot;background_background&quot;:&quot;classic&quot;}\">\n\t\t\t\t\t\t<div class=\"elementor-container elementor-column-gap-default\">\n\t\t\t\t\t<div class=\"elementor-column elementor-col-100 elementor-top-column elementor-element elementor-element-b067ab5\" data-id=\"b067ab5\" data-element_type=\"column\">\n\t\t\t<div class=\"elementor-widget-wrap elementor-element-populated\">\n\t\t\t\t\t\t<div class=\"elementor-element elementor-element-49a4c3a elementor-widget elementor-widget-spacer\" data-id=\"49a4c3a\" data-element_type=\"widget\" data-widget_type=\"spacer.default\">\n\t\t\t\t<div class=\"elementor-widget-container\">\n\t\t\t\t\t<div class=\"elementor-spacer\">\n\t\t\t<div class=\"elementor-spacer-inner\"><\/div>\n\t\t<\/div>\n\t\t\t\t<\/div>\n\t\t\t\t<\/div>\n\t\t\t\t<div class=\"elementor-element elementor-element-c5aa658 elementor-widget elementor-widget-heading\" data-id=\"c5aa658\" data-element_type=\"widget\" data-widget_type=\"heading.default\">\n\t\t\t\t<div class=\"elementor-widget-container\">\n\t\t\t<h2 class=\"elementor-heading-title elementor-size-default\">MANTENIMIENTO PREDICTIVO CON APOYO DE IA<\/h2>\t\t<\/div>\n\t\t\t\t<\/div>\n\t\t\t\t<div class=\"elementor-element elementor-element-4a45645 elementor-widget elementor-widget-spacer\" data-id=\"4a45645\" data-element_type=\"widget\" data-widget_type=\"spacer.default\">\n\t\t\t\t<div class=\"elementor-widget-container\">\n\t\t\t\t\t<div class=\"elementor-spacer\">\n\t\t\t<div class=\"elementor-spacer-inner\"><\/div>\n\t\t<\/div>\n\t\t\t\t<\/div>\n\t\t\t\t<\/div>\n\t\t\t\t<div class=\"elementor-element elementor-element-59a34ec elementor-widget elementor-widget-image\" data-id=\"59a34ec\" data-element_type=\"widget\" data-widget_type=\"image.default\">\n\t\t\t\t<div class=\"elementor-widget-container\">\n\t\t\t\t\t\t\t\t\t\t<figure class=\"wp-caption\">\n\t\t\t\t\t\t\t\t\t\t\t<a href=\"https:\/\/doi.org\/10.1016\/C2020-0-00478-0\" target=\"_blank\">\n\t\t\t\t\t\t\t<img decoding=\"async\" src=\"https:\/\/sites.usp.br\/relab\/wp-content\/uploads\/sites\/1542\/elementor\/thumbs\/deteccao-qygb5ahrf3uug84tfsr9j1rsig0ao36590vt3ccrh8.png\" title=\"deteccao\" alt=\"deteccao\" loading=\"lazy\" \/>\t\t\t\t\t\t\t\t<\/a>\n\t\t\t\t\t\t\t\t\t\t\t<figcaption class=\"widget-image-caption wp-caption-text\">Proceso conceptual del mantenimiento predictivo (Fuente: Souza et al., 2022)<\/figcaption>\n\t\t\t\t\t\t\t\t\t\t<\/figure>\n\t\t\t\t\t\t\t<\/div>\n\t\t\t\t<\/div>\n\t\t\t\t<div class=\"elementor-element elementor-element-ea21b94 elementor-widget elementor-widget-text-editor\" data-id=\"ea21b94\" data-element_type=\"widget\" data-widget_type=\"text-editor.default\">\n\t\t\t\t<div class=\"elementor-widget-container\">\n\t\t\t\t\t\t\t<p>El mantenimiento predictivo es un enfoque esencial para las empresas que buscan aumentar la confiabilidad de sus sistemas y reducir los costos operativos. A diferencia de los m\u00e9todos de mantenimiento tradicionales, que pueden ser reactivos o basarse en cronogramas fijos, el mantenimiento predictivo se centra en anticipar los fallos antes de que ocurran. Esto le permite evitar tiempos de parada no planificados, minimizar las interrupciones en las operaciones y extender la vida \u00fatil de los equipos, aportando importantes beneficios a la eficiencia y la productividad.<\/p><p>En el Laboratorio de Confiabilidad de la USP, aplicamos inteligencia artificial para transformar datos recopilados por sensores y sistemas de monitoreo en informaci\u00f3n valiosa. Con este enfoque, podemos identificar patrones complejos, detectar anomal\u00edas y predecir fallas con gran precisi\u00f3n. Esta integraci\u00f3n tecnol\u00f3gica no s\u00f3lo mejora la toma de decisiones, sino que tambi\u00e9n aumenta la confianza en los procesos de mantenimiento, permitiendo intervenciones en el momento ideal y evitando reparaciones innecesarias.<\/p><p>La combinaci\u00f3n de inteligencia artificial con estrategias predictivas representa un cambio fundamental en la forma en que se planifica y ejecuta el mantenimiento. Nuestro trabajo va m\u00e1s all\u00e1 de simplemente predecir fallas: buscamos desarrollar metodolog\u00edas y sistemas que puedan adaptarse a diferentes industrias, siempre con el objetivo de aumentar la confiabilidad de los activos, reducir los impactos ambientales y mejorar la sustentabilidad de las operaciones industriales. Esta visi\u00f3n innovadora posiciona el mantenimiento predictivo como una pieza clave en el avance de la ingenier\u00eda y la transformaci\u00f3n digital del mantenimiento.<\/p>\t\t\t\t\t\t<\/div>\n\t\t\t\t<\/div>\n\t\t\t\t\t<\/div>\n\t\t<\/div>\n\t\t\t\t\t<\/div>\n\t\t<\/section>\n\t\t\t\t<section class=\"elementor-section elementor-top-section elementor-element elementor-element-6d68457 elementor-section-boxed elementor-section-height-default elementor-section-height-default\" data-id=\"6d68457\" data-element_type=\"section\">\n\t\t\t\t\t\t<div class=\"elementor-container elementor-column-gap-default\">\n\t\t\t\t\t<div class=\"elementor-column elementor-col-100 elementor-top-column elementor-element elementor-element-6b5eb81\" data-id=\"6b5eb81\" data-element_type=\"column\">\n\t\t\t<div class=\"elementor-widget-wrap elementor-element-populated\">\n\t\t\t\t\t\t<div class=\"elementor-element elementor-element-3e57923 elementor-widget elementor-widget-spacer\" data-id=\"3e57923\" data-element_type=\"widget\" data-widget_type=\"spacer.default\">\n\t\t\t\t<div class=\"elementor-widget-container\">\n\t\t\t\t\t<div class=\"elementor-spacer\">\n\t\t\t<div class=\"elementor-spacer-inner\"><\/div>\n\t\t<\/div>\n\t\t\t\t<\/div>\n\t\t\t\t<\/div>\n\t\t\t\t<div class=\"elementor-element elementor-element-4d72283 elementor-widget elementor-widget-heading\" data-id=\"4d72283\" data-element_type=\"widget\" data-widget_type=\"heading.default\">\n\t\t\t\t<div class=\"elementor-widget-container\">\n\t\t\t<h2 class=\"elementor-heading-title elementor-size-default\">GESTI\u00d3N DE MANTENIMIENTO<\/h2>\t\t<\/div>\n\t\t\t\t<\/div>\n\t\t\t\t<div class=\"elementor-element elementor-element-ab5c9bb elementor-widget elementor-widget-spacer\" data-id=\"ab5c9bb\" data-element_type=\"widget\" data-widget_type=\"spacer.default\">\n\t\t\t\t<div class=\"elementor-widget-container\">\n\t\t\t\t\t<div class=\"elementor-spacer\">\n\t\t\t<div class=\"elementor-spacer-inner\"><\/div>\n\t\t<\/div>\n\t\t\t\t<\/div>\n\t\t\t\t<\/div>\n\t\t\t\t<div class=\"elementor-element elementor-element-bcb9294 elementor-widget elementor-widget-image\" data-id=\"bcb9294\" data-element_type=\"widget\" data-widget_type=\"image.default\">\n\t\t\t\t<div class=\"elementor-widget-container\">\n\t\t\t\t\t\t\t\t\t\t<figure class=\"wp-caption\">\n\t\t\t\t\t\t\t\t\t\t\t<a href=\"https:\/\/doi.org\/10.1016\/C2020-0-00478-0\" target=\"_blank\">\n\t\t\t\t\t\t\t<img decoding=\"async\" src=\"https:\/\/sites.usp.br\/relab\/wp-content\/uploads\/sites\/1542\/elementor\/thumbs\/maintenance-scaled-qygbeuiowgxshi93mxgpvmyhxgwmxb3wkbniqm6oe0.jpg\" title=\"maintenance\" alt=\"maintenance\" loading=\"lazy\" \/>\t\t\t\t\t\t\t\t<\/a>\n\t\t\t\t\t\t\t\t\t\t\t<figcaption class=\"widget-image-caption wp-caption-text\">Proceso conceptual de planificaci\u00f3n del mantenimiento (Fuente: Souza et al., 2022)<\/figcaption>\n\t\t\t\t\t\t\t\t\t\t<\/figure>\n\t\t\t\t\t\t\t<\/div>\n\t\t\t\t<\/div>\n\t\t\t\t<div class=\"elementor-element elementor-element-988d35c elementor-widget elementor-widget-text-editor\" data-id=\"988d35c\" data-element_type=\"widget\" data-widget_type=\"text-editor.default\">\n\t\t\t\t<div class=\"elementor-widget-container\">\n\t\t\t\t\t\t\t<p>La gesti\u00f3n del mantenimiento es un pilar fundamental para garantizar el funcionamiento eficiente y seguro de los sistemas industriales. Implica la planificaci\u00f3n, ejecuci\u00f3n y seguimiento de las actividades de mantenimiento, siempre con el objetivo de minimizar costos, maximizar la disponibilidad de los equipos y evitar interrupciones inesperadas. Un sistema bien gestionado no s\u00f3lo previene fallas, sino que tambi\u00e9n promueve una mayor durabilidad de los activos y la optimizaci\u00f3n de los recursos operativos.<\/p><p>En el Laboratorio de Confiabilidad de la USP, nuestro objetivo es revolucionar la forma en que se gestiona el mantenimiento. Al analizar datos hist\u00f3ricos, es posible priorizar acciones, identificar equipos cr\u00edticos y desarrollar estrategias personalizadas para cada contexto industrial. Este enfoque permite tomar decisiones de forma m\u00e1s \u00e1gil e informada, aumentando la eficiencia y confiabilidad de los procesos productivos.<\/p><p>Nuestra investigaci\u00f3n en gesti\u00f3n del mantenimiento va m\u00e1s all\u00e1 de la automatizaci\u00f3n de procesos. Buscamos crear herramientas y metodolog\u00edas que integren tecnolog\u00eda y conocimiento humano, ofreciendo soluciones adaptables a diferentes sectores industriales. Promoviendo una gesti\u00f3n m\u00e1s estrat\u00e9gica contribuimos a reducir costes operativos, mejorar la seguridad del sistema e impulsar la sostenibilidad, alineando el mantenimiento con las demandas del futuro de la ingenier\u00eda.<\/p>\t\t\t\t\t\t<\/div>\n\t\t\t\t<\/div>\n\t\t\t\t\t<\/div>\n\t\t<\/div>\n\t\t\t\t\t<\/div>\n\t\t<\/section>\n\t\t\t\t<section class=\"elementor-section elementor-top-section elementor-element elementor-element-ef0929c elementor-section-boxed elementor-section-height-default elementor-section-height-default\" data-id=\"ef0929c\" data-element_type=\"section\" data-settings=\"{&quot;background_background&quot;:&quot;classic&quot;}\">\n\t\t\t\t\t\t<div class=\"elementor-container elementor-column-gap-default\">\n\t\t\t\t\t<div class=\"elementor-column elementor-col-100 elementor-top-column elementor-element elementor-element-a105c90\" data-id=\"a105c90\" data-element_type=\"column\">\n\t\t\t<div class=\"elementor-widget-wrap elementor-element-populated\">\n\t\t\t\t\t\t<div class=\"elementor-element elementor-element-048a7e9 elementor-widget elementor-widget-spacer\" data-id=\"048a7e9\" data-element_type=\"widget\" data-widget_type=\"spacer.default\">\n\t\t\t\t<div class=\"elementor-widget-container\">\n\t\t\t\t\t<div class=\"elementor-spacer\">\n\t\t\t<div class=\"elementor-spacer-inner\"><\/div>\n\t\t<\/div>\n\t\t\t\t<\/div>\n\t\t\t\t<\/div>\n\t\t\t\t<div class=\"elementor-element elementor-element-f96754b elementor-widget elementor-widget-heading\" data-id=\"f96754b\" data-element_type=\"widget\" data-widget_type=\"heading.default\">\n\t\t\t\t<div class=\"elementor-widget-container\">\n\t\t\t<h2 class=\"elementor-heading-title elementor-size-default\">DISE\u00d1O BASADO EN LA CONFIABILIDAD<\/h2>\t\t<\/div>\n\t\t\t\t<\/div>\n\t\t\t\t<div class=\"elementor-element elementor-element-3ff3618 elementor-widget elementor-widget-spacer\" data-id=\"3ff3618\" data-element_type=\"widget\" data-widget_type=\"spacer.default\">\n\t\t\t\t<div class=\"elementor-widget-container\">\n\t\t\t\t\t<div class=\"elementor-spacer\">\n\t\t\t<div class=\"elementor-spacer-inner\"><\/div>\n\t\t<\/div>\n\t\t\t\t<\/div>\n\t\t\t\t<\/div>\n\t\t\t\t<div class=\"elementor-element elementor-element-d91db65 elementor-widget elementor-widget-image\" data-id=\"d91db65\" data-element_type=\"widget\" data-widget_type=\"image.default\">\n\t\t\t\t<div class=\"elementor-widget-container\">\n\t\t\t\t\t\t\t\t\t\t<figure class=\"wp-caption\">\n\t\t\t\t\t\t\t\t\t\t\t<a href=\"https:\/\/doi.org\/10.1016\/C2020-0-00478-0\" target=\"_blank\">\n\t\t\t\t\t\t\t<img decoding=\"async\" src=\"https:\/\/sites.usp.br\/relab\/wp-content\/uploads\/sites\/1542\/elementor\/thumbs\/design-scaled-qygjh9piioi5o6ecryrzrumlebgc6n2a5s1brdkq84.jpg\" title=\"design\" alt=\"design\" loading=\"lazy\" \/>\t\t\t\t\t\t\t\t<\/a>\n\t\t\t\t\t\t\t\t\t\t\t<figcaption class=\"widget-image-caption wp-caption-text\">Diferentes configuraciones en sistemas de ingenier\u00eda (Fuente: Souza et al., 2022)<\/figcaption>\n\t\t\t\t\t\t\t\t\t\t<\/figure>\n\t\t\t\t\t\t\t<\/div>\n\t\t\t\t<\/div>\n\t\t\t\t<div class=\"elementor-element elementor-element-5ac8abc elementor-widget elementor-widget-text-editor\" data-id=\"5ac8abc\" data-element_type=\"widget\" data-widget_type=\"text-editor.default\">\n\t\t\t\t<div class=\"elementor-widget-container\">\n\t\t\t\t\t\t\t<p>El dise\u00f1o basado en confiabilidad es un enfoque innovador que busca incorporar la confiabilidad como un elemento central en el desarrollo de sistemas y equipos. Implica analizar fallos potenciales desde las primeras etapas del dise\u00f1o, garantizando que los productos est\u00e9n dise\u00f1ados para funcionar de forma segura, eficiente y duradera durante toda su vida \u00fatil. Esta metodolog\u00eda es esencial para reducir costos de mantenimiento y evitar fallas cr\u00edticas que puedan comprometer el funcionamiento de sistemas complejos.<\/p><p>En el Laboratorio de Confiabilidad de la USP, mejoramos el dise\u00f1o de sistemas industriales, ayudando a identificar puntos vulnerables y optimizar proyectos. Nuestro enfoque integra datos hist\u00f3ricos, modelos estad\u00edsticos y simulaciones para predecir el rendimiento de componentes y sistemas en diferentes condiciones operativas. Esto nos permite crear soluciones m\u00e1s robustas, seguras y adaptadas a las necesidades espec\u00edficas de cada sector industrial.<\/p><p>Adem\u00e1s de mejorar el rendimiento t\u00e9cnico de los proyectos, el dise\u00f1o basado en la confiabilidad tambi\u00e9n contribuye a la sostenibilidad y la eficiencia operativa. En el laboratorio, buscamos desarrollar herramientas y metodolog\u00edas que no s\u00f3lo aumenten la confiabilidad, sino que tambi\u00e9n promuevan la conservaci\u00f3n de recursos y la reducci\u00f3n del impacto ambiental. Con esta visi\u00f3n, posicionamos la confiabilidad como un diferenciador estrat\u00e9gico en el desarrollo de tecnolog\u00edas avanzadas y competitivas.<\/p>\t\t\t\t\t\t<\/div>\n\t\t\t\t<\/div>\n\t\t\t\t<div class=\"elementor-element elementor-element-f1cab1c elementor-widget elementor-widget-spacer\" data-id=\"f1cab1c\" data-element_type=\"widget\" data-widget_type=\"spacer.default\">\n\t\t\t\t<div class=\"elementor-widget-container\">\n\t\t\t\t\t<div class=\"elementor-spacer\">\n\t\t\t<div class=\"elementor-spacer-inner\"><\/div>\n\t\t<\/div>\n\t\t\t\t<\/div>\n\t\t\t\t<\/div>\n\t\t\t\t<div class=\"elementor-element elementor-element-0f0bcfe elementor-widget elementor-widget-spacer\" data-id=\"0f0bcfe\" data-element_type=\"widget\" data-widget_type=\"spacer.default\">\n\t\t\t\t<div class=\"elementor-widget-container\">\n\t\t\t\t\t<div class=\"elementor-spacer\">\n\t\t\t<div class=\"elementor-spacer-inner\"><\/div>\n\t\t<\/div>\n\t\t\t\t<\/div>\n\t\t\t\t<\/div>\n\t\t\t\t\t<\/div>\n\t\t<\/div>\n\t\t\t\t\t<\/div>\n\t\t<\/section>\n\t\t\t\t<\/div>\n\t\t","protected":false},"excerpt":{"rendered":"<p>L\u00cdNEAS DE INVESTIGACI\u00d3N DEL RELAB En el Laboratorio de Confiabilidad de la USP, nuestras principales l\u00edneas de investigaci\u00f3n son el Mantenimiento Predictivo apoyado en Inteligencia Artificial, la Gesti\u00f3n del Mantenimiento y el Dise\u00f1o basado en Confiabilidad. Estas \u00e1reas reflejan nuestra dedicaci\u00f3n a resolver desaf\u00edos cr\u00edticos de la industria combinando ingenier\u00eda e innovaci\u00f3n tecnol\u00f3gica. Cualquiera que [&hellip;]<\/p>\n","protected":false},"author":24311,"featured_media":0,"parent":0,"menu_order":0,"comment_status":"closed","ping_status":"closed","template":"elementor_header_footer","meta":{"_monsterinsights_skip_tracking":false,"_monsterinsights_sitenote_active":false,"_monsterinsights_sitenote_note":"","_monsterinsights_sitenote_category":0,"footnotes":"","_links_to":"","_links_to_target":""},"class_list":["post-3439","page","type-page","status-publish","hentry","entry"],"_links":{"self":[{"href":"https:\/\/sites.usp.br\/relab\/wp-json\/wp\/v2\/pages\/3439","targetHints":{"allow":["GET"]}}],"collection":[{"href":"https:\/\/sites.usp.br\/relab\/wp-json\/wp\/v2\/pages"}],"about":[{"href":"https:\/\/sites.usp.br\/relab\/wp-json\/wp\/v2\/types\/page"}],"author":[{"embeddable":true,"href":"https:\/\/sites.usp.br\/relab\/wp-json\/wp\/v2\/users\/24311"}],"replies":[{"embeddable":true,"href":"https:\/\/sites.usp.br\/relab\/wp-json\/wp\/v2\/comments?post=3439"}],"version-history":[{"count":4,"href":"https:\/\/sites.usp.br\/relab\/wp-json\/wp\/v2\/pages\/3439\/revisions"}],"predecessor-version":[{"id":3479,"href":"https:\/\/sites.usp.br\/relab\/wp-json\/wp\/v2\/pages\/3439\/revisions\/3479"}],"wp:attachment":[{"href":"https:\/\/sites.usp.br\/relab\/wp-json\/wp\/v2\/media?parent=3439"}],"curies":[{"name":"wp","href":"https:\/\/api.w.org\/{rel}","templated":true}]}}