{"id":1046,"date":"2018-11-28T12:27:53","date_gmt":"2018-11-28T14:27:53","guid":{"rendered":"http:\/\/sites.usp.br\/rema\/?page_id=1046"},"modified":"2018-11-28T12:27:53","modified_gmt":"2018-11-28T14:27:53","slug":"objetivos","status":"publish","type":"page","link":"https:\/\/sites.usp.br\/rema\/objetivos\/","title":{"rendered":"Objetivos"},"content":{"rendered":"<p style=\"text-align: left;\"><strong>OBJETIVOS<\/strong><\/p>\n<ul>\n<li style=\"text-align: left;\">Prestar assist\u00eancia integral a mulher com c\u00e2ncer mam\u00e1rio e seus familiares, estimulando seus pap\u00e9is e habilidades, dentro do seu contexto social;<\/li>\n<li style=\"text-align: left;\">Incrementar a forma\u00e7\u00e3o de uma equipe multidisciplinar para a assist\u00eancia integral \u00e0 mulher com c\u00e2ncer de mama;<\/li>\n<li style=\"text-align: left;\">Desenvolver pesquisa sobre c\u00e2ncer ginecol\u00f3gico e mam\u00e1rio;<\/li>\n<li style=\"text-align: left;\">Auxiliar no treinamento e capacita\u00e7\u00e3o de profissionais, alunos de gradua\u00e7\u00e3o e p\u00f3s-gradua\u00e7\u00e3o em enfermagem e outras \u00e1reas da sa\u00fade, para a assist\u00eancia integral \u00e0s mastectomizadas;<\/li>\n<li style=\"text-align: left;\">Prestar assessoria a outras institui\u00e7\u00f5es de sa\u00fade, na assist\u00eancia integral \u00e0s mastectomizadas;<\/li>\n<li style=\"text-align: left;\">Desenvolver programas de preven\u00e7\u00e3o e detec\u00e7\u00e3o do c\u00e2ncer ginecol\u00f3gico e mam\u00e1rio;<\/li>\n<\/ul>\n","protected":false},"excerpt":{"rendered":"<p>OBJETIVOS Prestar assist\u00eancia integral a mulher com c\u00e2ncer mam\u00e1rio e seus familiares, estimulando seus pap\u00e9is e habilidades, dentro do seu contexto social; Incrementar a forma\u00e7\u00e3o de uma equipe multidisciplinar para a assist\u00eancia integral \u00e0 mulher com c\u00e2ncer de mama; Desenvolver pesquisa sobre c\u00e2ncer ginecol\u00f3gico e mam\u00e1rio; Auxiliar no treinamento e capacita\u00e7\u00e3o de profissionais, alunos de gradua\u00e7\u00e3o e p\u00f3s-gradua\u00e7\u00e3o em enfermagem e outras \u00e1reas da sa\u00fade, para a assist\u00eancia integral \u00e0s mastectomizadas; Prestar assessoria a outras institui\u00e7\u00f5es de sa\u00fade, na assist\u00eancia integral \u00e0s mastectomizadas; Desenvolver programas de preven\u00e7\u00e3o e detec\u00e7\u00e3o do c\u00e2ncer ginecol\u00f3gico e mam\u00e1rio;<\/p>\n","protected":false},"author":779,"featured_media":0,"parent":0,"menu_order":0,"comment_status":"closed","ping_status":"closed","template":"","meta":{"_monsterinsights_skip_tracking":false,"_monsterinsights_sitenote_active":false,"_monsterinsights_sitenote_note":"","_monsterinsights_sitenote_category":0,"footnotes":"","_links_to":"","_links_to_target":""},"class_list":["post-1046","page","type-page","status-publish","hentry"],"_links":{"self":[{"href":"https:\/\/sites.usp.br\/rema\/wp-json\/wp\/v2\/pages\/1046","targetHints":{"allow":["GET"]}}],"collection":[{"href":"https:\/\/sites.usp.br\/rema\/wp-json\/wp\/v2\/pages"}],"about":[{"href":"https:\/\/sites.usp.br\/rema\/wp-json\/wp\/v2\/types\/page"}],"author":[{"embeddable":true,"href":"https:\/\/sites.usp.br\/rema\/wp-json\/wp\/v2\/users\/779"}],"replies":[{"embeddable":true,"href":"https:\/\/sites.usp.br\/rema\/wp-json\/wp\/v2\/comments?post=1046"}],"version-history":[{"count":1,"href":"https:\/\/sites.usp.br\/rema\/wp-json\/wp\/v2\/pages\/1046\/revisions"}],"predecessor-version":[{"id":1047,"href":"https:\/\/sites.usp.br\/rema\/wp-json\/wp\/v2\/pages\/1046\/revisions\/1047"}],"wp:attachment":[{"href":"https:\/\/sites.usp.br\/rema\/wp-json\/wp\/v2\/media?parent=1046"}],"curies":[{"name":"wp","href":"https:\/\/api.w.org\/{rel}","templated":true}]}}