{"id":927,"date":"2018-11-12T12:24:16","date_gmt":"2018-11-12T14:24:16","guid":{"rendered":"http:\/\/sites.usp.br\/rema\/?page_id=927"},"modified":"2019-02-19T22:41:51","modified_gmt":"2019-02-20T01:41:51","slug":"equipe-atual","status":"publish","type":"page","link":"https:\/\/sites.usp.br\/rema\/equipe-atual\/","title":{"rendered":"Equipe atual"},"content":{"rendered":"<p><strong>Equipe do REMA<\/strong><\/p>\n<p>Para o desenvolvimento das atividades de ensino, pesquisa e assist\u00eancia o n\u00facleo conta com uma equipe composta por uma equipe multiprofissional, enfermeiras, fisioterapeutas, psic\u00f3logos, alunos de gradua\u00e7\u00e3o e p\u00f3s-gradua\u00e7\u00e3o, n\u00edvel mestrado e doutorado. Al\u00e9m disso, o n\u00facleo serve como campo de est\u00e1gio para alunos de gradua\u00e7\u00e3o e p\u00f3s-gradua\u00e7\u00e3o em enfermagem, psicologia e fisioterapia e de treinamento de profissionais (enfermeiros, fisioterapeutas, nutricionistas, psic\u00f3logos).<\/p>\n<p>Atualmente a equipe de profissionais est\u00e1 composta pelos seguintes elementos:<\/p>\n<p><strong>Equipe:<\/strong><\/p>\n<p><img loading=\"lazy\" decoding=\"async\" class=\"\" src=\"http:\/\/servicosweb.cnpq.br\/wspessoa\/servletrecuperafoto?tipo=1&amp;id=K4792503D5\" width=\"130\" height=\"97\" \/><\/p>\n<p>Profa. Dra. Marislei Sanches Panobianco &#8211; (coordenadora)<br \/>\n&#8211; Enfermeira, docente do Departamento Enf. Materno-Infantil de Sa\u00fade P\u00fablica &#8211; EERP-USP.<\/p>\n<p><a href=\"http:\/\/sites.usp.br\/rema\/wp-content\/uploads\/sites\/436\/2018\/11\/Prof-Ana-Maria.jpg\"><img loading=\"lazy\" decoding=\"async\" class=\"alignnone wp-image-1041\" src=\"http:\/\/sites.usp.br\/rema\/wp-content\/uploads\/sites\/436\/2018\/11\/Prof-Ana-Maria-201x300.jpg\" alt=\"\" width=\"110\" height=\"165\" data-id=\"1041\" srcset=\"https:\/\/sites.usp.br\/rema\/wp-content\/uploads\/sites\/436\/2018\/11\/Prof-Ana-Maria-201x300.jpg 201w, https:\/\/sites.usp.br\/rema\/wp-content\/uploads\/sites\/436\/2018\/11\/Prof-Ana-Maria-768x1147.jpg 768w, https:\/\/sites.usp.br\/rema\/wp-content\/uploads\/sites\/436\/2018\/11\/Prof-Ana-Maria-685x1024.jpg 685w, https:\/\/sites.usp.br\/rema\/wp-content\/uploads\/sites\/436\/2018\/11\/Prof-Ana-Maria-400x598.jpg 400w\" sizes=\"auto, (max-width: 110px) 100vw, 110px\" \/><\/a><\/p>\n<p>Profa. Dra. Ana Maria de Almeida<br \/>\n&#8211; Enfermeira, docente do Departamento Enf. Materno-Infantil de Sa\u00fade P\u00fablica &#8211; EERP-USP.<\/p>\n<p><img loading=\"lazy\" decoding=\"async\" class=\"\" src=\"http:\/\/servicosweb.cnpq.br\/wspessoa\/servletrecuperafoto?tipo=1&amp;id=K4757756T5\" width=\"130\" height=\"116\" \/><\/p>\n<p>Profa. Dra. Thais de Oliveira Gozzo<br \/>\n&#8211; Enfermeira, docente do Departamento Enf. Materno-Infantil de Sa\u00fade P\u00fablica &#8211; EERP-USP.<\/p>\n<p><a href=\"http:\/\/sites.usp.br\/rema\/wp-content\/uploads\/sites\/436\/2018\/11\/Enf\u00aa-Maria-Antonieta.jpg\"><img loading=\"lazy\" decoding=\"async\" class=\"alignnone wp-image-1040\" src=\"http:\/\/sites.usp.br\/rema\/wp-content\/uploads\/sites\/436\/2018\/11\/Enf\u00aa-Maria-Antonieta-240x300.jpg\" alt=\"\" width=\"121\" height=\"152\" data-id=\"1040\" srcset=\"https:\/\/sites.usp.br\/rema\/wp-content\/uploads\/sites\/436\/2018\/11\/Enf\u00aa-Maria-Antonieta-240x300.jpg 240w, https:\/\/sites.usp.br\/rema\/wp-content\/uploads\/sites\/436\/2018\/11\/Enf\u00aa-Maria-Antonieta.jpg 326w\" sizes=\"auto, (max-width: 121px) 100vw, 121px\" \/><\/a><\/p>\n<p>Maria Antonieta Spinoso Prado<br \/>\n&#8211; Enfermeira &#8211; Especialista em Laborat\u00f3rio.<\/p>\n<p><strong>Parcerias:<\/strong><\/p>\n<p><img loading=\"lazy\" decoding=\"async\" class=\"\" src=\"http:\/\/servicosweb.cnpq.br\/wspessoa\/servletrecuperafoto?tipo=1&amp;id=K4782837A5\" alt=\"Foto do(a) Manoel Ant\u00c3\u00b4nio dos Santos\" width=\"120\" height=\"158\" \/><\/p>\n<p>Prof. Dr. Manoel Antonio dos Santos<br \/>\n&#8211; Psic\u00f3logo, docente da Faculdade de Filosofia Ci\u00eancia e Letras de Ribeir\u00e3o Preto\/USP<\/p>\n<p><img loading=\"lazy\" decoding=\"async\" class=\"\" src=\"http:\/\/servicosweb.cnpq.br\/wspessoa\/servletrecuperafoto?tipo=1&amp;id=K4777006E3\" alt=\"Foto do(a) Elaine Caldeira de Oliveira Guirro\" width=\"125\" height=\"131\" \/><\/p>\n<p>Profa. Dra. Elaine Caldeira de Oliveira Guirro<br \/>\n&#8211; Fisioterapeuta, docente da Faculdade de Medicina de Ribeir\u00e3o Preto\/USP<\/p>\n<p><img loading=\"lazy\" decoding=\"async\" class=\"\" src=\"http:\/\/servicosweb.cnpq.br\/wspessoa\/servletrecuperafoto?tipo=1&amp;id=K4799403A4\" alt=\"Foto do(a) Paula Garcia Chiarello\" width=\"121\" height=\"167\" \/><\/p>\n<p>Profa. Dra. Paula Garcia Chiarello<br \/>\n&#8211; Nutricionista, docente da Faculdade de Medicina de Ribeir\u00e3o Preto\/USP<\/p>\n<p><strong>Profissionais da equipe de resid\u00eancia:<\/strong> PROGRAMA DE RESID\u00caNCIA MULTIPROFISSIONAL EM\u00a0\u00a0ATEN\u00c7\u00c3O AO C\u00c2NCER\u00a0\u00a0DO HCFMRP-USP para fisioterapia e enfermagem.<\/p>\n<p><strong>P\u00f3s Graduandos:<\/strong>\u00a0alunos de mestrado e doutorado da enfermagem, fisioterapia e psicologia<\/p>\n<p><strong>Alunos de gradua\u00e7\u00e3o:<\/strong>\u00a0alunos da enfermagem, fisioterapia, psicologia e nutri\u00e7\u00e3o.<\/p>\n<p><strong>E profissionais volunt\u00e1rios.<\/strong><\/p>\n<p>&nbsp;<\/p>\n<ul>\n<li><strong>\u00a0 \u00a0 \u00a0Nossas equipes:<\/strong><\/li>\n<\/ul>\n<p style=\"padding-left: 60px;\">Enfermagem<\/p>\n<p>\u00a0 \u00a0\u00a0<a href=\"http:\/\/sites.usp.br\/rema\/equipe-atual\/aviary-image-1550611786752_1\/\" rel=\"attachment wp-att-1352\"><img loading=\"lazy\" decoding=\"async\" class=\"\" src=\"http:\/\/sites.usp.br\/rema\/wp-content\/uploads\/sites\/436\/2018\/11\/aviary-image-1550611786752_1-150x150.jpg\" alt=\"\" width=\"188\" height=\"188\" data-id=\"1352\" \/><\/a><\/p>\n<p>&nbsp;<\/p>\n<p style=\"padding-left: 60px;\">Fisioterapia<\/p>\n<p>\u00a0 \u00a0\u00a0<a href=\"http:\/\/sites.usp.br\/rema\/equipe-atual\/aviary-image-1550612530853\/\" rel=\"attachment wp-att-1354\"><img loading=\"lazy\" decoding=\"async\" class=\"\" src=\"http:\/\/sites.usp.br\/rema\/wp-content\/uploads\/sites\/436\/2018\/11\/aviary-image-1550612530853-150x150.jpeg\" alt=\"\" width=\"189\" height=\"189\" data-id=\"1354\" \/><\/a><\/p>\n<p>&nbsp;<\/p>\n<p style=\"padding-left: 60px;\">\u00a0Psicologia<\/p>\n<p>\u00a0 \u00a0\u00a0<a href=\"http:\/\/sites.usp.br\/rema\/equipe-atual\/aviary-image-1550612435494\/\" rel=\"attachment wp-att-1353\"><img loading=\"lazy\" decoding=\"async\" class=\"\" src=\"http:\/\/sites.usp.br\/rema\/wp-content\/uploads\/sites\/436\/2018\/11\/aviary-image-1550612435494-150x150.jpeg\" alt=\"\" width=\"189\" height=\"189\" data-id=\"1353\" \/><\/a><\/p>\n<p>&nbsp;<\/p>\n","protected":false},"excerpt":{"rendered":"<p>Equipe do REMA Para o desenvolvimento das atividades de ensino, pesquisa e assist\u00eancia o n\u00facleo conta com uma equipe composta por uma equipe multiprofissional, enfermeiras, fisioterapeutas, psic\u00f3logos, alunos de gradua\u00e7\u00e3o e p\u00f3s-gradua\u00e7\u00e3o, n\u00edvel mestrado e doutorado. Al\u00e9m disso, o n\u00facleo serve como campo de est\u00e1gio para alunos de gradua\u00e7\u00e3o e p\u00f3s-gradua\u00e7\u00e3o em enfermagem, psicologia e fisioterapia e de treinamento de profissionais (enfermeiros, fisioterapeutas, nutricionistas, psic\u00f3logos). Atualmente a equipe de profissionais est\u00e1 composta pelos seguintes elementos: Equipe: Profa. Dra. Marislei Sanches Panobianco &#8211; (coordenadora) &#8211; Enfermeira, docente do Departamento Enf. Materno-Infantil de Sa\u00fade P\u00fablica &#8211; EERP-USP. Profa. Dra. Ana Maria de Almeida &#8211; Enfermeira, docente do Departamento Enf. Materno-Infantil de Sa\u00fade P\u00fablica &#8211; EERP-USP. Profa. Dra. Thais de Oliveira Gozzo &#8211; Enfermeira, docente do Departamento Enf. Materno-Infantil de Sa\u00fade P\u00fablica &#8211; EERP-USP. Maria Antonieta Spinoso Prado &#8211; Enfermeira &#8211; Especialista em Laborat\u00f3rio. Parcerias: Prof. Dr. Manoel Antonio dos Santos &#8211; Psic\u00f3logo, docente da Faculdade de Filosofia Ci\u00eancia e Letras de Ribeir\u00e3o Preto\/USP Profa. Dra. Elaine Caldeira de Oliveira Guirro &#8211; Fisioterapeuta, docente da Faculdade de Medicina de Ribeir\u00e3o Preto\/USP Profa. Dra. Paula Garcia Chiarello &#8211; Nutricionista, docente da Faculdade de Medicina de Ribeir\u00e3o Preto\/USP Profissionais da equipe de resid\u00eancia: PROGRAMA DE [&#8230;]<\/p>\n","protected":false},"author":779,"featured_media":0,"parent":0,"menu_order":0,"comment_status":"closed","ping_status":"closed","template":"","meta":{"_monsterinsights_skip_tracking":false,"_monsterinsights_sitenote_active":false,"_monsterinsights_sitenote_note":"","_monsterinsights_sitenote_category":0,"footnotes":"","_links_to":"","_links_to_target":""},"class_list":["post-927","page","type-page","status-publish","hentry"],"_links":{"self":[{"href":"https:\/\/sites.usp.br\/rema\/wp-json\/wp\/v2\/pages\/927","targetHints":{"allow":["GET"]}}],"collection":[{"href":"https:\/\/sites.usp.br\/rema\/wp-json\/wp\/v2\/pages"}],"about":[{"href":"https:\/\/sites.usp.br\/rema\/wp-json\/wp\/v2\/types\/page"}],"author":[{"embeddable":true,"href":"https:\/\/sites.usp.br\/rema\/wp-json\/wp\/v2\/users\/779"}],"replies":[{"embeddable":true,"href":"https:\/\/sites.usp.br\/rema\/wp-json\/wp\/v2\/comments?post=927"}],"version-history":[{"count":4,"href":"https:\/\/sites.usp.br\/rema\/wp-json\/wp\/v2\/pages\/927\/revisions"}],"predecessor-version":[{"id":1356,"href":"https:\/\/sites.usp.br\/rema\/wp-json\/wp\/v2\/pages\/927\/revisions\/1356"}],"wp:attachment":[{"href":"https:\/\/sites.usp.br\/rema\/wp-json\/wp\/v2\/media?parent=927"}],"curies":[{"name":"wp","href":"https:\/\/api.w.org\/{rel}","templated":true}]}}