{"id":955,"date":"2018-11-19T10:04:13","date_gmt":"2018-11-19T12:04:13","guid":{"rendered":"http:\/\/sites.usp.br\/rema\/?page_id=955"},"modified":"2019-08-19T15:51:45","modified_gmt":"2019-08-19T18:51:45","slug":"automassagem-simplificada","status":"publish","type":"page","link":"https:\/\/sites.usp.br\/rema\/automassagem-simplificada\/","title":{"rendered":"Automassagem Simplificada"},"content":{"rendered":"<div align=\"center\">\n<p><i><b><span style=\"font-family: Arial, Helvetica, Geneva, Swiss, SunSans-Regular;\">Automassagem Simplificada<\/span><\/b><\/i><\/p>\n<\/div>\n<div align=\"left\">\n<p><span style=\"font-family: Arial, Helvetica, Geneva, Swiss, SunSans-Regular;\">Voc\u00ea poder\u00e1 fazer a automassagem nas posi\u00e7\u00f5es: deitada de costas, sentada ou em p\u00e9, sem usar nenhum tipo de \u00f3leo ou creme.<\/span><\/p>\n<p>&nbsp;<\/p>\n<p><span style=\"font-family: Arial, Helvetica, Geneva, Swiss, SunSans-Regular;\">Como fazer:<\/span><\/p>\n<p>&nbsp;<\/p>\n<p><span style=\"font-family: Arial, Helvetica, Geneva, Swiss, SunSans-Regular;\">1\u00ba Passo:<br \/>\n<\/span><\/p>\n<p><span style=\"font-family: Arial, Helvetica, Geneva, Swiss, SunSans-Regular;\">Realizar massagem na regi\u00e3o axilar do lado da mama n\u00e3o operada, com movimentos circulares lentos com press\u00e3o leve, mas suficiente para promover um deslocamento da pele.<br \/>\n<\/span><\/p>\n<\/div>\n<div align=\"center\">\n<p><a href=\"https:\/\/sites.usp.br\/rema\/wp-content\/uploads\/sites\/436\/2019\/08\/Fig_1.jpg-auto-massagem.jpg\"><img loading=\"lazy\" decoding=\"async\" class=\"alignnone wp-image-1478\" src=\"https:\/\/sites.usp.br\/rema\/wp-content\/uploads\/sites\/436\/2019\/08\/Fig_1.jpg-auto-massagem-150x150.jpg\" alt=\"\" width=\"188\" height=\"188\" data-id=\"1478\" srcset=\"https:\/\/sites.usp.br\/rema\/wp-content\/uploads\/sites\/436\/2019\/08\/Fig_1.jpg-auto-massagem-150x150.jpg 150w, https:\/\/sites.usp.br\/rema\/wp-content\/uploads\/sites\/436\/2019\/08\/Fig_1.jpg-auto-massagem-45x45.jpg 45w, https:\/\/sites.usp.br\/rema\/wp-content\/uploads\/sites\/436\/2019\/08\/Fig_1.jpg-auto-massagem-200x200.jpg 200w\" sizes=\"auto, (max-width: 188px) 100vw, 188px\" \/><\/a><\/p>\n<\/div>\n<div align=\"left\">\n<p><span style=\"font-family: Arial, Helvetica, Geneva, Swiss, SunSans-Regular;\">Fazer 10 a 20 movimentos circulares, utilizando os dedos da m\u00e3o espalmados na regi\u00e3o a ser massageada.<\/span><\/p>\n<p>&nbsp;<\/p>\n<p><span style=\"font-family: Arial, Helvetica, Geneva, Swiss, SunSans-Regular;\">2\u00ba Passo:<br \/>\n<\/span><\/p>\n<\/div>\n<div align=\"center\">\n<p><span style=\"font-family: Arial, Helvetica, Geneva, Swiss, SunSans-Regular;\">Realizar em seguida massagem na virilha do lado da mama operada. Fazer de 10 a 20 movimentos circulares lentos e com press\u00e3o leve utilizando os dedos da m\u00e3o espalmados.<\/span><\/p>\n<p><a href=\"https:\/\/sites.usp.br\/rema\/wp-content\/uploads\/sites\/436\/2019\/08\/Fig_2.jpgautomassagem.jpg\"><img loading=\"lazy\" decoding=\"async\" class=\"alignnone wp-image-1480\" src=\"https:\/\/sites.usp.br\/rema\/wp-content\/uploads\/sites\/436\/2019\/08\/Fig_2.jpgautomassagem-150x150.jpg\" alt=\"\" width=\"189\" height=\"189\" data-id=\"1480\" srcset=\"https:\/\/sites.usp.br\/rema\/wp-content\/uploads\/sites\/436\/2019\/08\/Fig_2.jpgautomassagem-150x150.jpg 150w, https:\/\/sites.usp.br\/rema\/wp-content\/uploads\/sites\/436\/2019\/08\/Fig_2.jpgautomassagem-45x45.jpg 45w, https:\/\/sites.usp.br\/rema\/wp-content\/uploads\/sites\/436\/2019\/08\/Fig_2.jpgautomassagem-200x200.jpg 200w\" sizes=\"auto, (max-width: 189px) 100vw, 189px\" \/><\/a><\/p>\n<\/div>\n<div align=\"left\">\n<p><span style=\"font-family: Arial, Helvetica, Geneva, Swiss, SunSans-Regular;\">3\u00ba Passo:<br \/>\n<\/span><\/p>\n<p><span style=\"font-family: Arial, Helvetica, Geneva, Swiss, SunSans-Regular;\">Realizar a massagem em semi c\u00edrculos (ou meia lua) com toda a m\u00e3o apoiada sobre a \u00e1rea a ser massageada.<br \/>\n<\/span><\/p>\n<p><span style=\"font-family: Arial, Helvetica, Geneva, Swiss, SunSans-Regular;\">Iniciar a massagem na regi\u00e3o da mama operada (tor\u00e1cica superior) indo em dire\u00e7\u00e3o da axila do lado n\u00e3o operado. Dividir o tronco em 3 ou mais partes conforme a figura. Fazer 5 vezes os movimentos em cada parte, seguindo a orienta\u00e7\u00e3o das flechas.<br \/>\n<\/span><\/p>\n<\/div>\n<div align=\"center\">\n<p><a href=\"https:\/\/sites.usp.br\/rema\/wp-content\/uploads\/sites\/436\/2019\/08\/Fig_3.jpgautomassagem.jpg\"><img loading=\"lazy\" decoding=\"async\" class=\"alignnone wp-image-1481\" src=\"https:\/\/sites.usp.br\/rema\/wp-content\/uploads\/sites\/436\/2019\/08\/Fig_3.jpgautomassagem-150x150.jpg\" alt=\"\" width=\"189\" height=\"189\" data-id=\"1481\" srcset=\"https:\/\/sites.usp.br\/rema\/wp-content\/uploads\/sites\/436\/2019\/08\/Fig_3.jpgautomassagem-150x150.jpg 150w, https:\/\/sites.usp.br\/rema\/wp-content\/uploads\/sites\/436\/2019\/08\/Fig_3.jpgautomassagem-45x45.jpg 45w, https:\/\/sites.usp.br\/rema\/wp-content\/uploads\/sites\/436\/2019\/08\/Fig_3.jpgautomassagem-200x200.jpg 200w\" sizes=\"auto, (max-width: 189px) 100vw, 189px\" \/><\/a><\/p>\n<\/div>\n<div align=\"left\">\n<p><span style=\"font-family: Arial, Helvetica, Geneva, Swiss, SunSans-Regular;\">Repetir a massagem durante 10 minutos.<br \/>\n<\/span><\/p>\n<p><span style=\"font-family: Arial, Helvetica, Geneva, Swiss, SunSans-Regular;\">Observa\u00e7\u00e3o: A partir da metade do t\u00f3rax pode trocar a m\u00e3o para facilitar a massagem.<br \/>\n<\/span><\/p>\n<p><span style=\"font-family: Arial, Helvetica, Geneva, Swiss, SunSans-Regular;\">4\u00ba Passo:<br \/>\n<\/span><\/p>\n<p><span style=\"font-family: Arial, Helvetica, Geneva, Swiss, SunSans-Regular;\">Repetir os movimentos da massagem anterior na regi\u00e3o lateral do tronco, do lado da mama operada, conforme a figura.<br \/>\n<\/span><\/p>\n<p><span style=\"font-family: Arial, Helvetica, Geneva, Swiss, SunSans-Regular;\">Iniciar a massagem a partir da axila do lado operado indo em dire\u00e7\u00e3o \u00e0 virilha.<br \/>\n<\/span><\/p>\n<p><span style=\"font-family: Arial, Helvetica, Geneva, Swiss, SunSans-Regular;\">Dividir a regi\u00e3o em 3 partes, conforme a figura. Fazer 5 vezes os movimentos em semi c\u00edrculos (ou meia lua) em cada parte, seguindo a orienta\u00e7\u00e3o das flechas.<\/span><\/p>\n<\/div>\n<div align=\"center\">\n<p><span style=\"font-family: Arial, Helvetica, Geneva, Swiss, SunSans-Regular;\"><br \/>\n<a href=\"https:\/\/sites.usp.br\/rema\/wp-content\/uploads\/sites\/436\/2019\/08\/Fig_4.jpgautomassagem.jpg\"><img loading=\"lazy\" decoding=\"async\" class=\"alignnone wp-image-1482\" src=\"https:\/\/sites.usp.br\/rema\/wp-content\/uploads\/sites\/436\/2019\/08\/Fig_4.jpgautomassagem-150x150.jpg\" alt=\"\" width=\"188\" height=\"188\" data-id=\"1482\" srcset=\"https:\/\/sites.usp.br\/rema\/wp-content\/uploads\/sites\/436\/2019\/08\/Fig_4.jpgautomassagem-150x150.jpg 150w, https:\/\/sites.usp.br\/rema\/wp-content\/uploads\/sites\/436\/2019\/08\/Fig_4.jpgautomassagem-45x45.jpg 45w, https:\/\/sites.usp.br\/rema\/wp-content\/uploads\/sites\/436\/2019\/08\/Fig_4.jpgautomassagem-200x200.jpg 200w\" sizes=\"auto, (max-width: 188px) 100vw, 188px\" \/><\/a><br \/>\n<\/span><\/p>\n<\/div>\n<div align=\"left\">\n<p><span style=\"font-family: Arial, Helvetica, Geneva, Swiss, SunSans-Regular;\">Repetir este procedimento durante 10 minutos<\/span><\/p>\n<p>&nbsp;<\/p>\n<p><span style=\"font-family: Arial, Helvetica, Geneva, Swiss, SunSans-Regular;\">Para finalizar a massagem repetir o 1\u00ba e 2\u00ba passos completando a auto drenagem.<\/span><\/p>\n<p>&nbsp;<\/p>\n<p><span style=\"font-family: Arial, Helvetica, Geneva, Swiss, SunSans-Regular;\">\u00c9 muito importante manter o ritmo e a dire\u00e7\u00e3o da massagem para um perfeito direcionamento do fluxo linf\u00e1tico.<br \/>\n<\/span><\/p>\n<\/div>\n","protected":false},"excerpt":{"rendered":"<p>Automassagem Simplificada Voc\u00ea poder\u00e1 fazer a automassagem nas posi\u00e7\u00f5es: deitada de costas, sentada ou em p\u00e9, sem usar nenhum tipo de \u00f3leo ou creme. &nbsp; Como fazer: &nbsp; 1\u00ba Passo: Realizar massagem na regi\u00e3o axilar do lado da mama n\u00e3o operada, com movimentos circulares lentos com press\u00e3o leve, mas suficiente para promover um deslocamento da pele. Fazer 10 a 20 movimentos circulares, utilizando os dedos da m\u00e3o espalmados na regi\u00e3o a ser massageada. &nbsp; 2\u00ba Passo: Realizar em seguida massagem na virilha do lado da mama operada. Fazer de 10 a 20 movimentos circulares lentos e com press\u00e3o leve utilizando os dedos da m\u00e3o espalmados. 3\u00ba Passo: Realizar a massagem em semi c\u00edrculos (ou meia lua) com toda a m\u00e3o apoiada sobre a \u00e1rea a ser massageada. Iniciar a massagem na regi\u00e3o da mama operada (tor\u00e1cica superior) indo em dire\u00e7\u00e3o da axila do lado n\u00e3o operado. Dividir o tronco em 3 ou mais partes conforme a figura. Fazer 5 vezes os movimentos em cada parte, seguindo a orienta\u00e7\u00e3o das flechas. Repetir a massagem durante 10 minutos. Observa\u00e7\u00e3o: A partir da metade do t\u00f3rax pode trocar a m\u00e3o para facilitar a massagem. 4\u00ba Passo: Repetir os movimentos da massagem anterior na [&#8230;]<\/p>\n","protected":false},"author":779,"featured_media":0,"parent":0,"menu_order":0,"comment_status":"closed","ping_status":"closed","template":"","meta":{"_monsterinsights_skip_tracking":false,"_monsterinsights_sitenote_active":false,"_monsterinsights_sitenote_note":"","_monsterinsights_sitenote_category":0,"footnotes":"","_links_to":"","_links_to_target":""},"class_list":["post-955","page","type-page","status-publish","hentry"],"_links":{"self":[{"href":"https:\/\/sites.usp.br\/rema\/wp-json\/wp\/v2\/pages\/955","targetHints":{"allow":["GET"]}}],"collection":[{"href":"https:\/\/sites.usp.br\/rema\/wp-json\/wp\/v2\/pages"}],"about":[{"href":"https:\/\/sites.usp.br\/rema\/wp-json\/wp\/v2\/types\/page"}],"author":[{"embeddable":true,"href":"https:\/\/sites.usp.br\/rema\/wp-json\/wp\/v2\/users\/779"}],"replies":[{"embeddable":true,"href":"https:\/\/sites.usp.br\/rema\/wp-json\/wp\/v2\/comments?post=955"}],"version-history":[{"count":3,"href":"https:\/\/sites.usp.br\/rema\/wp-json\/wp\/v2\/pages\/955\/revisions"}],"predecessor-version":[{"id":1483,"href":"https:\/\/sites.usp.br\/rema\/wp-json\/wp\/v2\/pages\/955\/revisions\/1483"}],"wp:attachment":[{"href":"https:\/\/sites.usp.br\/rema\/wp-json\/wp\/v2\/media?parent=955"}],"curies":[{"name":"wp","href":"https:\/\/api.w.org\/{rel}","templated":true}]}}